{"id":4923,"date":"2025-06-04T12:32:20","date_gmt":"2025-06-04T10:32:20","guid":{"rendered":"https:\/\/pragmatiq.pl\/zmianawarty\/?page_id=4923"},"modified":"2026-05-08T10:45:31","modified_gmt":"2026-05-08T08:45:31","slug":"pobierz-raport-sukcesja-2023-2025","status":"publish","type":"page","link":"https:\/\/pragmatiq.pl\/zmianawarty\/pobierz-raport-sukcesja-2023-2025\/","title":{"rendered":"Pobierz raport Sukcesja 2023-2025"},"content":{"rendered":"\t\t<div data-elementor-type=\"wp-page\" data-elementor-id=\"4923\" class=\"elementor elementor-4923\" data-elementor-post-type=\"page\">\n\t\t\t\t<div class=\"elementor-element elementor-element-1a79d564 e-flex e-con-boxed e-con e-parent\" data-id=\"1a79d564\" data-element_type=\"container\" data-e-type=\"container\">\n\t\t\t\t\t<div class=\"e-con-inner\">\n\t\t<div class=\"elementor-element elementor-element-74cc311 e-flex e-con-boxed e-con e-child\" data-id=\"74cc311\" data-element_type=\"container\" data-e-type=\"container\">\n\t\t\t\t\t<div class=\"e-con-inner\">\n\t\t\t\t<div class=\"elementor-element elementor-element-5990ad0 elementor-widget elementor-widget-image\" data-id=\"5990ad0\" data-element_type=\"widget\" data-e-type=\"widget\" data-widget_type=\"image.default\">\n\t\t\t\t<div class=\"elementor-widget-container\">\n\t\t\t\t\t\t\t\t\t\t\t\t\t\t\t<img decoding=\"async\" width=\"150\" height=\"150\" src=\"https:\/\/pragmatiq.pl\/zmianawarty\/wp-content\/uploads\/2025\/06\/w-srodku-150x150.png\" class=\"attachment-thumbnail size-thumbnail wp-image-4927\" alt=\"\" srcset=\"https:\/\/pragmatiq.pl\/zmianawarty\/wp-content\/uploads\/2025\/06\/w-srodku-150x150.png 150w, https:\/\/pragmatiq.pl\/zmianawarty\/wp-content\/uploads\/2025\/06\/w-srodku-300x300.png 300w, https:\/\/pragmatiq.pl\/zmianawarty\/wp-content\/uploads\/2025\/06\/w-srodku-1024x1024.png 1024w, https:\/\/pragmatiq.pl\/zmianawarty\/wp-content\/uploads\/2025\/06\/w-srodku-768x768.png 768w, https:\/\/pragmatiq.pl\/zmianawarty\/wp-content\/uploads\/2025\/06\/w-srodku-1536x1536.png 1536w, https:\/\/pragmatiq.pl\/zmianawarty\/wp-content\/uploads\/2025\/06\/w-srodku-2048x2048.png 2048w, https:\/\/pragmatiq.pl\/zmianawarty\/wp-content\/uploads\/2025\/06\/w-srodku-100x100.png 100w\" sizes=\"100vw\" \/>\t\t\t\t\t\t\t\t\t\t\t\t\t\t\t<\/div>\n\t\t\t\t<\/div>\n\t\t\t\t\t<\/div>\n\t\t\t\t<\/div>\n\t\t\t\t\t<\/div>\n\t\t\t\t<\/div>\n\t\t<div class=\"elementor-element elementor-element-358875c e-flex e-con-boxed e-con e-parent\" data-id=\"358875c\" data-element_type=\"container\" data-e-type=\"container\">\n\t\t\t\t\t<div class=\"e-con-inner\">\n\t\t\t\t<div class=\"elementor-element elementor-element-e9aa759 elementor-widget elementor-widget-heading\" data-id=\"e9aa759\" data-element_type=\"widget\" data-e-type=\"widget\" data-widget_type=\"heading.default\">\n\t\t\t\t<div class=\"elementor-widget-container\">\n\t\t\t\t\t<h2 class=\"elementor-heading-title elementor-size-default\">Pobierz raport <i>Sukcesja 2023-2025<\/i><\/h2>\t\t\t\t<\/div>\n\t\t\t\t<\/div>\n\t\t\t\t\t<\/div>\n\t\t\t\t<\/div>\n\t\t<div class=\"elementor-element elementor-element-2f62bda e-flex e-con-boxed e-con e-parent\" data-id=\"2f62bda\" data-element_type=\"container\" data-e-type=\"container\">\n\t\t\t\t\t<div class=\"e-con-inner\">\n\t\t\t\t<div class=\"elementor-element elementor-element-0b3e5bf elementor-widget elementor-widget-heading\" data-id=\"0b3e5bf\" data-element_type=\"widget\" data-e-type=\"widget\" data-widget_type=\"heading.default\">\n\t\t\t\t<div class=\"elementor-widget-container\">\n\t\t\t\t\t<h2 class=\"elementor-heading-title elementor-size-default\">i odkryj kluczowe fakty oraz ciekawostki <br>o przekazywaniu biznesu.<\/h2>\t\t\t\t<\/div>\n\t\t\t\t<\/div>\n\t\t\t\t\t<\/div>\n\t\t\t\t<\/div>\n\t\t<div class=\"elementor-element elementor-element-598e7d1 e-flex e-con-boxed e-con e-parent\" data-id=\"598e7d1\" data-element_type=\"container\" data-e-type=\"container\">\n\t\t\t\t\t<div class=\"e-con-inner\">\n\t\t\t\t<div class=\"elementor-element elementor-element-9d3ce16 elementor-widget elementor-widget-image\" data-id=\"9d3ce16\" data-element_type=\"widget\" data-e-type=\"widget\" data-widget_type=\"image.default\">\n\t\t\t\t<div class=\"elementor-widget-container\">\n\t\t\t\t\t\t\t\t\t\t\t\t\t\t\t<img fetchpriority=\"high\" decoding=\"async\" width=\"300\" height=\"300\" src=\"https:\/\/pragmatiq.pl\/zmianawarty\/wp-content\/uploads\/2025\/06\/raport-mockup-1-300x300.png\" class=\"attachment-medium size-medium wp-image-4929\" alt=\"\" srcset=\"https:\/\/pragmatiq.pl\/zmianawarty\/wp-content\/uploads\/2025\/06\/raport-mockup-1-300x300.png 300w, https:\/\/pragmatiq.pl\/zmianawarty\/wp-content\/uploads\/2025\/06\/raport-mockup-1-1024x1024.png 1024w, https:\/\/pragmatiq.pl\/zmianawarty\/wp-content\/uploads\/2025\/06\/raport-mockup-1-150x150.png 150w, https:\/\/pragmatiq.pl\/zmianawarty\/wp-content\/uploads\/2025\/06\/raport-mockup-1-768x768.png 768w, https:\/\/pragmatiq.pl\/zmianawarty\/wp-content\/uploads\/2025\/06\/raport-mockup-1-100x100.png 100w, https:\/\/pragmatiq.pl\/zmianawarty\/wp-content\/uploads\/2025\/06\/raport-mockup-1.png 1080w\" sizes=\"100vw\" \/>\t\t\t\t\t\t\t\t\t\t\t\t\t\t\t<\/div>\n\t\t\t\t<\/div>\n\t\t\t\t\t<\/div>\n\t\t\t\t<\/div>\n\t\t<div class=\"elementor-element elementor-element-0642877 e-flex e-con-boxed e-con e-parent\" data-id=\"0642877\" data-element_type=\"container\" data-e-type=\"container\">\n\t\t\t\t\t<div class=\"e-con-inner\">\n\t\t\t\t<div class=\"elementor-element elementor-element-38ee9e9 elementor-button-align-stretch elementor-widget elementor-widget-form\" data-id=\"38ee9e9\" data-element_type=\"widget\" data-e-type=\"widget\" data-settings=\"{&quot;step_next_label&quot;:&quot;Nast\\u0119pny&quot;,&quot;step_previous_label&quot;:&quot;Poprzedni&quot;,&quot;button_width&quot;:&quot;100&quot;,&quot;step_type&quot;:&quot;number_text&quot;,&quot;step_icon_shape&quot;:&quot;circle&quot;}\" data-widget_type=\"form.default\">\n\t\t\t\t<div class=\"elementor-widget-container\">\n\t\t\t\t\t\t\t<form class=\"elementor-form\" method=\"post\" id=\"newsletter_form\" name=\"newsletter\" aria-label=\"newsletter\">\n\t\t\t<input type=\"hidden\" name=\"post_id\" value=\"4923\"\/>\n\t\t\t<input type=\"hidden\" name=\"form_id\" value=\"38ee9e9\"\/>\n\t\t\t<input type=\"hidden\" name=\"referer_title\" value=\"Pobierz raport Sukcesja 2023-2025 - zmianawarty.pl\" \/>\n\n\t\t\t\t\t\t\t<input type=\"hidden\" name=\"queried_id\" value=\"4923\"\/>\n\t\t\t\n\t\t\t<div class=\"elementor-form-fields-wrapper elementor-labels-above\">\n\t\t\t\t\t\t\t\t<div class=\"elementor-field-type-email elementor-field-group elementor-column elementor-field-group-email elementor-col-100 elementor-field-required elementor-mark-required\">\n\t\t\t\t\t\t\t\t\t\t\t\t<label for=\"form-field-email\" class=\"elementor-field-label\">\n\t\t\t\t\t\t\t\tE-mail\t\t\t\t\t\t\t<\/label>\n\t\t\t\t\t\t\t\t\t\t\t\t\t\t<input size=\"1\" type=\"email\" name=\"form_fields[email]\" id=\"form-field-email\" class=\"elementor-field elementor-size-sm  elementor-field-textual\" placeholder=\"Wpisz sw\u00f3j adres email\" required=\"required\">\n\t\t\t\t\t\t\t\t\t\t\t<\/div>\n\t\t\t\t\t\t\t\t<div class=\"elementor-field-group elementor-column elementor-field-type-submit elementor-col-100 e-form__buttons\">\n\t\t\t\t\t<button class=\"elementor-button elementor-size-sm\" type=\"submit\">\n\t\t\t\t\t\t<span class=\"elementor-button-content-wrapper\">\n\t\t\t\t\t\t\t\t\t\t\t\t\t\t\t\t\t\t\t\t\t\t<span class=\"elementor-button-text\">Zapisuj\u0119 si\u0119 do newslettera i pobieram raport<\/span>\n\t\t\t\t\t\t\t\t\t\t\t\t\t<\/span>\n\t\t\t\t\t<\/button>\n\t\t\t\t<\/div>\n\t\t\t<\/div>\n\t\t<\/form>\n\t\t\t\t\t\t<\/div>\n\t\t\t\t<\/div>\n\t\t\t\t<div class=\"elementor-element elementor-element-38105c1 elementor-widget elementor-widget-text-editor\" data-id=\"38105c1\" data-element_type=\"widget\" data-e-type=\"widget\" data-widget_type=\"text-editor.default\">\n\t\t\t\t<div class=\"elementor-widget-container\">\n\t\t\t\t\t\t\t\t\t<h1 class=\"elementor-heading-title elementor-size-default elementor-inline-editing pen\" style=\"font-family: 'Inria Serif', sans-serif; font-weight: 600; font-size: 11px;\" data-elementor-setting-key=\"title\" data-pen-placeholder=\"Pisz tutaj...\">Administratorem Twoich danych osobowych jest PragmatIQ Kancelaria Prawna Szymkowiak S.K.A. Przeczytaj <a href=\"https:\/\/pragmatiq.pl\/mniejszosciowi\/wp-content\/uploads\/2021\/12\/Polityka-prywatnosci-www.mniejszosciowi.pl_.pdf\" target=\"_blank\" rel=\"noopener\">Polityk\u0119 prywatno\u015bci<\/a> i dowiedz si\u0119 wi\u0119cej o ochronie Twoich danych.<\/h1>\t\t\t\t\t\t\t\t<\/div>\n\t\t\t\t<\/div>\n\t\t\t\t\t<\/div>\n\t\t\t\t<\/div>\n\t\t\t\t<\/div>\n\t\t","protected":false},"excerpt":{"rendered":"<p>Pobierz raport Sukcesja 2023-2025 i odkryj kluczowe fakty oraz ciekawostki o przekazywaniu biznesu. Administratorem Twoich danych osobowych jest PragmatIQ Kancelaria Prawna Szymkowiak S.K.A. Przeczytaj Polityk\u0119 prywatno\u015bci i dowiedz si\u0119 wi\u0119cej o ochronie Twoich danych.<\/p>\n","protected":false},"author":36,"featured_media":0,"parent":0,"menu_order":0,"comment_status":"closed","ping_status":"closed","template":"","meta":{"footnotes":""},"class_list":["post-4923","page","type-page","status-publish","hentry"],"_links":{"self":[{"href":"https:\/\/pragmatiq.pl\/zmianawarty\/wp-json\/wp\/v2\/pages\/4923","targetHints":{"allow":["GET"]}}],"collection":[{"href":"https:\/\/pragmatiq.pl\/zmianawarty\/wp-json\/wp\/v2\/pages"}],"about":[{"href":"https:\/\/pragmatiq.pl\/zmianawarty\/wp-json\/wp\/v2\/types\/page"}],"author":[{"embeddable":true,"href":"https:\/\/pragmatiq.pl\/zmianawarty\/wp-json\/wp\/v2\/users\/36"}],"replies":[{"embeddable":true,"href":"https:\/\/pragmatiq.pl\/zmianawarty\/wp-json\/wp\/v2\/comments?post=4923"}],"version-history":[{"count":31,"href":"https:\/\/pragmatiq.pl\/zmianawarty\/wp-json\/wp\/v2\/pages\/4923\/revisions"}],"predecessor-version":[{"id":5116,"href":"https:\/\/pragmatiq.pl\/zmianawarty\/wp-json\/wp\/v2\/pages\/4923\/revisions\/5116"}],"wp:attachment":[{"href":"https:\/\/pragmatiq.pl\/zmianawarty\/wp-json\/wp\/v2\/media?parent=4923"}],"curies":[{"name":"wp","href":"https:\/\/api.w.org\/{rel}","templated":true}]}}