{"id":3346,"date":"2022-12-13T13:41:19","date_gmt":"2022-12-13T12:41:19","guid":{"rendered":"https:\/\/zmianawarty.pl\/?page_id=3346"},"modified":"2024-09-19T08:23:59","modified_gmt":"2024-09-19T06:23:59","slug":"kancelaria-sukcesyjna-pragmatiq","status":"publish","type":"page","link":"https:\/\/pragmatiq.pl\/zmianawarty\/kancelaria-sukcesyjna-pragmatiq\/","title":{"rendered":"Kancelaria sukcesyjna PragmatIQ"},"content":{"rendered":"\n<h1 class=\"wp-block-heading\">Kancelaria sukcesyjna PragmatIQ<\/h1>\n\n\n\n<p>W sytuacji \u015bmierci wsp\u00f3lnika sp\u00f3\u0142ki cywilnej lub w\u0142a\u015bciciela jednoosobowej dzia\u0142alno\u015bci gospodarczej mo\u017ce pojawi\u0107 si\u0119 bardzo wiele problem\u00f3w i niejasno\u015bci. Proces sukcesji firmy nie dotyczy jedynie jednego aspektu lecz bardzo wielu nak\u0142adaj\u0105cych si\u0119 kwestii prawnych tworz\u0105c nierzadko wieloaspektowy dylemat.<\/p>\n\n\n\n<h2 class=\"wp-block-heading\">Kancelaria prawna a kancelaria sukcesyjna<\/h2>\n\n\n\n<p>Problematyka ta mo\u017ce dotyczy\u0107 zar\u00f3wno spraw podatkowych, spor\u00f3w (nierzadko najbli\u017cszych os\u00f3b) dotycz\u0105cych dziedziczenia, problem\u00f3w zwi\u0105zanych z rozdzielno\u015bci\u0105 maj\u0105tkow\u0105 ma\u0142\u017conk\u00f3w. W procesie dotycz\u0105cym sukcesji powstaje wiele pyta\u0144. W szczeg\u00f3lno\u015bci w jaki spos\u00f3b zadba\u0107 najlepiej o interesy prowadzonej przez przedsi\u0119biorc\u0119 dzia\u0142alno\u015bci gospodarczej? Jaki plan przygotowa\u0107 aby w sytuacji kryzysowej nie ucierpia\u0142 maj\u0105tek firmy, a prowadzone w ramach przedsi\u0119biorstwa sprawy i zawarte umowy nie zosta\u0142y nagle zako\u0144czone? W jaki spos\u00f3b unikn\u0105\u0107 ewentualnych trudno\u015bci w kontynuacji prowadzonego biznesu?<\/p>\n\n\n\n<p>Dlatego te\u017c niezwykle wa\u017cne jest opracowanie wielu kluczowych spraw reguluj\u0105cych temat sukcesji jeszcze za \u017cycia przedsi\u0119biorcy, by wyeliminowa\u0107 w jak najszerszy mo\u017cliwy spos\u00f3b przysz\u0142e problemy swoich najbli\u017cszych zwi\u0105zane m. in. z podzia\u0142em spadku. Wa\u017cne, aby zabezpieczy\u0107 nie tylko interesy cz\u0142onk\u00f3w rodziny, a tak\u017ce bie\u017c\u0105ce i przysz\u0142e sprawy firmy.<\/p>\n\n\n\n<h2 class=\"wp-block-heading\">Sukcesja porady prawne<\/h2>\n\n\n\n<p>W zwi\u0105zku z wcze\u015bniej wspomnian\u0105, cz\u0119sto skomplikowan\u0105 i wielow\u0105tkow\u0105 materi\u0105 obejmuj\u0105c\u0105 sukcesj\u0119 firmy warto zadba\u0107 o to, aby zaj\u0119li si\u0119 ni\u0105 profesjonali\u015bci. Umo\u017cliwi to rodzinie i wsp\u00f3lnikom przedsi\u0119biorcy unikni\u0119cia wielu zmartwie\u0144 zwi\u0105zanych ze \u015bmierci\u0105 w\u0142a\u015bciciela przedsi\u0119biorstwa oraz przysz\u0142ych problem\u00f3w, kt\u00f3re mog\u0142yby pojawi\u0107 si\u0119 w trakcie dalszego funkcjonowania firmy, w szczeg\u00f3lno\u015bci zapobie\u017ceniu ewentualnych konsekwencji, r\u00f3wnie\u017c tych finansowych. Warto, aby tak wa\u017cnymi sprawami zaj\u0119\u0142a si\u0119 kancelaria sukcesyjna, kt\u00f3r\u0105 mo\u017cna obdarzy\u0107 pe\u0142nym zaufaniem.<\/p>\n\n\n\n<h2 class=\"wp-block-heading\">Kancelaria PragmatIQ<\/h2>\n\n\n\n<p>Kancelaria PragmatIQ to zesp\u00f3\u0142 wysoce wyspecjalizowanych prawnik\u00f3w z bogatym do\u015bwiadczeniem, w sprawach doradztwa prawnego skierowanym do w\u0142a\u015bcicieli jednoosobowych dzia\u0142alno\u015bci gospodarczych oraz wsp\u00f3lnik\u00f3w sp\u00f3\u0142ek cywilnych, w celu wskazania im w jak najlepszy spos\u00f3b rozwi\u0105za\u0144 w razie ewentualnej \u015bmierci przedsi\u0119biorcy oraz najbardziej odpowiednich plan\u00f3w dotycz\u0105cych sukcesji, zapis\u00f3w i rozporz\u0105dze\u0144, w tym rozporz\u0105dze\u0144 testamentu.<\/p>\n\n\n\n<p>Zesp\u00f3\u0142 prawnik\u00f3w dba o interesy rodziny i wsp\u00f3lnik\u00f3w w\u0142a\u015bciciela firmy po jego \u015bmierci reprezentuj\u0105c ich w ewentualnych sporach dotycz\u0105cych maj\u0105tku firmy, s\u0142u\u017c\u0105c rad\u0105 w zwi\u0105zku z kontynuacj\u0105 dzia\u0142alno\u015bci, a tak\u017ce pracuj\u0105c nad tym, aby rozwi\u0105za\u0107 wszelkie w\u0105tpliwo\u015bci, kt\u00f3re mog\u0105 powsta\u0107.<\/p>\n\n\n\n<p>Doradztwo Kancelarii zawsze jest \u015bci\u015ble sprofilowane w stosunku do potrzeb i wymaga\u0144 Klienta, kt\u00f3ry mo\u017ce liczy\u0107 na indywidualne podej\u015bcie do sprawy i pe\u0142ne zaanga\u017cowanie ka\u017cdej osoby z zespo\u0142u kancelarii sukcesyjnej.<\/p>\n\n\n\n<h3 class=\"wp-block-heading\">Lokalizacja Kancelarii<\/h3>\n\n\n\n<p>Biura Kancelarii znajduj\u0105 si\u0119 w Poznaniu oraz w Warszawie, jednak nie przeszkadza nam to w \u017caden spos\u00f3b obs\u0142ugiwa\u0107 Klient\u00f3w w ca\u0142ej Polsce. Posiadamy mobilny zesp\u00f3\u0142, dlatego te\u017c jeste\u015bmy gotowi pom\u00f3c naszym Klientom w ka\u017cdym miejscu w kraju, a tak\u017ce za granic\u0105.<\/p>\n","protected":false},"excerpt":{"rendered":"<p>Kancelaria sukcesyjna PragmatIQ W sytuacji \u015bmierci wsp\u00f3lnika sp\u00f3\u0142ki cywilnej lub w\u0142a\u015bciciela jednoosobowej dzia\u0142alno\u015bci gospodarczej mo\u017ce pojawi\u0107 si\u0119 bardzo wiele problem\u00f3w i niejasno\u015bci. Proces sukcesji firmy nie dotyczy jedynie jednego aspektu lecz bardzo wielu nak\u0142adaj\u0105cych si\u0119 kwestii prawnych tworz\u0105c nierzadko wieloaspektowy dylemat. Kancelaria prawna a kancelaria sukcesyjna Problematyka ta mo\u017ce dotyczy\u0107 zar\u00f3wno spraw podatkowych, spor\u00f3w (nierzadko &hellip; <\/p>\n<p class=\"link-more\"><a href=\"https:\/\/pragmatiq.pl\/zmianawarty\/kancelaria-sukcesyjna-pragmatiq\/\" class=\"more-link\">Continue reading<span class=\"screen-reader-text\"> &#8222;Kancelaria sukcesyjna PragmatIQ&#8221;<\/span><\/a><\/p>\n","protected":false},"author":27,"featured_media":0,"parent":0,"menu_order":0,"comment_status":"closed","ping_status":"closed","template":"","meta":{"footnotes":""},"class_list":["post-3346","page","type-page","status-publish","hentry"],"_links":{"self":[{"href":"https:\/\/pragmatiq.pl\/zmianawarty\/wp-json\/wp\/v2\/pages\/3346","targetHints":{"allow":["GET"]}}],"collection":[{"href":"https:\/\/pragmatiq.pl\/zmianawarty\/wp-json\/wp\/v2\/pages"}],"about":[{"href":"https:\/\/pragmatiq.pl\/zmianawarty\/wp-json\/wp\/v2\/types\/page"}],"author":[{"embeddable":true,"href":"https:\/\/pragmatiq.pl\/zmianawarty\/wp-json\/wp\/v2\/users\/27"}],"replies":[{"embeddable":true,"href":"https:\/\/pragmatiq.pl\/zmianawarty\/wp-json\/wp\/v2\/comments?post=3346"}],"version-history":[{"count":3,"href":"https:\/\/pragmatiq.pl\/zmianawarty\/wp-json\/wp\/v2\/pages\/3346\/revisions"}],"predecessor-version":[{"id":4341,"href":"https:\/\/pragmatiq.pl\/zmianawarty\/wp-json\/wp\/v2\/pages\/3346\/revisions\/4341"}],"wp:attachment":[{"href":"https:\/\/pragmatiq.pl\/zmianawarty\/wp-json\/wp\/v2\/media?parent=3346"}],"curies":[{"name":"wp","href":"https:\/\/api.w.org\/{rel}","templated":true}]}}