{"id":3327,"date":"2022-12-13T12:59:18","date_gmt":"2022-12-13T11:59:18","guid":{"rendered":"https:\/\/zmianawarty.pl\/?page_id=3327"},"modified":"2024-09-19T08:21:44","modified_gmt":"2024-09-19T06:21:44","slug":"doradzamy-w-procesie-prowadzenia-firmy-rodzinnej","status":"publish","type":"page","link":"https:\/\/pragmatiq.pl\/zmianawarty\/doradzamy-w-procesie-prowadzenia-firmy-rodzinnej\/","title":{"rendered":"Doradzamy w\u00a0procesie prowadzenia firmy rodzinnej"},"content":{"rendered":"\n<h1 class=\"wp-block-heading\">Doradzamy w&nbsp;procesie prowadzenia firmy rodzinnej<\/h1>\n\n\n\n<p>Sprawy korporacyjne wymagaj\u0105 nie&nbsp;tylko&nbsp;wiedzy zdobytej podczas edukacji prawnej, ale&nbsp;r\u00f3wnie\u017c do\u015bwiadczenia po&nbsp;stronie doradcy. Kancelaria PragmatIQ od&nbsp;lat wspomaga wiele sp\u00f3\u0142ek w&nbsp;prowadzeniu ich biznesu. Dzi\u0119ki temu sprawy korporacyjne to&nbsp;dziedzina, w&nbsp;kt\u00f3rej&nbsp;specjali\u015bci kancelarii PragmatIQ posiadaj\u0105 bogate do\u015bwiadczenie.<\/p>\n\n\n\n<figure class=\"wp-block-image size-large\"><img fetchpriority=\"high\" decoding=\"async\" width=\"1024\" height=\"683\" src=\"https:\/\/pragmatiq.pl\/zmianawarty\/wp-content\/uploads\/2022\/12\/8bee8dbc-7889-4b6d-8102-2cd0a6f59301-1024x683.png\" alt=\"\" class=\"wp-image-3328\" srcset=\"https:\/\/pragmatiq.pl\/zmianawarty\/wp-content\/uploads\/2022\/12\/8bee8dbc-7889-4b6d-8102-2cd0a6f59301-1024x683.png 1024w, https:\/\/pragmatiq.pl\/zmianawarty\/wp-content\/uploads\/2022\/12\/8bee8dbc-7889-4b6d-8102-2cd0a6f59301-300x200.png 300w, https:\/\/pragmatiq.pl\/zmianawarty\/wp-content\/uploads\/2022\/12\/8bee8dbc-7889-4b6d-8102-2cd0a6f59301-768x512.png 768w, https:\/\/pragmatiq.pl\/zmianawarty\/wp-content\/uploads\/2022\/12\/8bee8dbc-7889-4b6d-8102-2cd0a6f59301-1536x1024.png 1536w, https:\/\/pragmatiq.pl\/zmianawarty\/wp-content\/uploads\/2022\/12\/8bee8dbc-7889-4b6d-8102-2cd0a6f59301-2048x1365.png 2048w\" sizes=\"(max-width: 767px) 89vw, (max-width: 1000px) 54vw, (max-width: 1071px) 543px, 580px\" \/><\/figure>\n\n\n\n<h2 class=\"wp-block-heading\">Sprawy korporacyjne realizowane przez&nbsp;kancelari\u0119<\/h2>\n\n\n\n<h3 class=\"wp-block-heading\">Sporz\u0105dzanie tekst\u00f3w um\u00f3w sp\u00f3\u0142ek oraz&nbsp;rejestracj\u0119 sp\u00f3\u0142ek<\/h3>\n\n\n\n<p>W&nbsp;ramach obs\u0142ugi korporacyjnej kancelaria pomaga za\u0142o\u017cy\u0107 now\u0105 sp\u00f3\u0142k\u0119 oraz&nbsp;przygotowa\u0107 wymagan\u0105 dokumentacj\u0119, w&nbsp;tym np.&nbsp;umowy i&nbsp;regulaminy.<\/p>\n\n\n\n<p>Prawnicy kancelarii przeprowadz\u0105 sprawy korporacyjne tak, aby zako\u0144czy\u0142y si\u0119 w&nbsp;jak najkr\u00f3tszym czasie. W&nbsp;ramach us\u0142ugi realizowana jest tak\u017ce reprezentacja przed&nbsp;s\u0105dem rejestrowym.<\/p>\n\n\n\n<h3 class=\"wp-block-heading\">Pomoc prawna przy przekszta\u0142ceniu, podziale lub&nbsp;\u0142\u0105czeniu sp\u00f3\u0142ek<\/h3>\n\n\n\n<p>Kancelaria PragmatIQ specjalizuje si\u0119 w&nbsp;realizacji proces\u00f3w podzia\u0142u, \u0142\u0105czenia oraz&nbsp;przekszta\u0142cenia sp\u00f3\u0142ek. W\u0105ska specjalizacja sprawia, \u017ce&nbsp;kancelaria PragmatIQ jest jedn\u0105 z&nbsp;najlepszych specjalist\u00f3w w&nbsp;Polsce. To&nbsp;z&nbsp;kolei daje gwarancje, \u017ce&nbsp;sprawy korporacyjne zostaj\u0105 rozwi\u0105zane w&nbsp;najkr\u00f3tszym mo\u017cliwym terminie.<\/p>\n\n\n\n<h3 class=\"wp-block-heading\">Wsparcie i&nbsp;opiniowanie dzia\u0142a\u0144 sp\u00f3\u0142ki<\/h3>\n\n\n\n<p>PragmatIQ zapewnia klientom przygotowywanie dokumentacji wewn\u0119trznej zwi\u0105zanej z&nbsp;bie\u017c\u0105c\u0105 dzia\u0142alno\u015bci\u0105, takich jak regulaminy, protoko\u0142y i&nbsp;uchwa\u0142y podejmowane na&nbsp;posiedzeniach organ\u00f3w sp\u00f3\u0142ek.<\/p>\n\n\n\n<p>Nierzadko sprawy korporacyjne obejmuj\u0105 tak\u017ce wsparcie przy negocjowaniu um\u00f3w z&nbsp;podmiotami zewn\u0119trznymi (umowy o&nbsp;wsp\u00f3\u0142pracy, umowy inwestycyjne i&nbsp;inne).<\/p>\n\n\n\n<h3 class=\"wp-block-heading\">Sprzeda\u017c firmy<\/h3>\n\n\n\n<p>Sprawy korporacyjne obejmuj\u0105 tak\u017ce nierzadko zbycie firmy lub udzia\u0142\u00f3w. Kancelaria PragmatIQ udziela wsparcia w&nbsp;podj\u0119ciu, a&nbsp;tak\u017ce kompleksowym wykonaniu decyzji, kt\u00f3re musz\u0105 podj\u0105\u0107 osoby prowadz\u0105ce firm\u0119 rodzinn\u0105.<\/p>\n\n\n\n<figure class=\"wp-block-image size-large\"><img decoding=\"async\" width=\"1024\" height=\"683\" src=\"https:\/\/pragmatiq.pl\/zmianawarty\/wp-content\/uploads\/2022\/12\/06899022-a0d6-4b84-8bc5-99bf9b67eaa2-1024x683.png\" alt=\"\" class=\"wp-image-3321\" srcset=\"https:\/\/pragmatiq.pl\/zmianawarty\/wp-content\/uploads\/2022\/12\/06899022-a0d6-4b84-8bc5-99bf9b67eaa2-1024x683.png 1024w, https:\/\/pragmatiq.pl\/zmianawarty\/wp-content\/uploads\/2022\/12\/06899022-a0d6-4b84-8bc5-99bf9b67eaa2-300x200.png 300w, https:\/\/pragmatiq.pl\/zmianawarty\/wp-content\/uploads\/2022\/12\/06899022-a0d6-4b84-8bc5-99bf9b67eaa2-768x512.png 768w, https:\/\/pragmatiq.pl\/zmianawarty\/wp-content\/uploads\/2022\/12\/06899022-a0d6-4b84-8bc5-99bf9b67eaa2-1536x1024.png 1536w, https:\/\/pragmatiq.pl\/zmianawarty\/wp-content\/uploads\/2022\/12\/06899022-a0d6-4b84-8bc5-99bf9b67eaa2-2048x1365.png 2048w\" sizes=\"(max-width: 767px) 89vw, (max-width: 1000px) 54vw, (max-width: 1071px) 543px, 580px\" \/><\/figure>\n\n\n\n<h3 class=\"wp-block-heading\">Pomoc prawna w sukcesji biznesu<\/h3>\n\n\n\n<p>Polskie firmy rodzinne stoj\u0105 przed zadaniem &#8222;zmiany warty&#8221; u swoich ster\u00f3w. To z\u0142o\u017cony proces, w kt\u00f3rym niezb\u0119dna jest pomoc prawna oraz podatkowa. Kancelaria PragmatIQ pomo\u017ce w skutecznym i pewnym przekazaniu przedsi\u0119biorstwa kolejnemu pokoleniu rodziny.<\/p>\n\n\n\n<figure class=\"wp-block-image size-large\"><img decoding=\"async\" width=\"1024\" height=\"683\" src=\"https:\/\/pragmatiq.pl\/zmianawarty\/wp-content\/uploads\/2022\/12\/4390f68d-c075-4cdf-93ca-aa1b08792488-1024x683.png\" alt=\"\" class=\"wp-image-3329\" srcset=\"https:\/\/pragmatiq.pl\/zmianawarty\/wp-content\/uploads\/2022\/12\/4390f68d-c075-4cdf-93ca-aa1b08792488-1024x683.png 1024w, https:\/\/pragmatiq.pl\/zmianawarty\/wp-content\/uploads\/2022\/12\/4390f68d-c075-4cdf-93ca-aa1b08792488-300x200.png 300w, https:\/\/pragmatiq.pl\/zmianawarty\/wp-content\/uploads\/2022\/12\/4390f68d-c075-4cdf-93ca-aa1b08792488-768x512.png 768w, https:\/\/pragmatiq.pl\/zmianawarty\/wp-content\/uploads\/2022\/12\/4390f68d-c075-4cdf-93ca-aa1b08792488-1536x1024.png 1536w, https:\/\/pragmatiq.pl\/zmianawarty\/wp-content\/uploads\/2022\/12\/4390f68d-c075-4cdf-93ca-aa1b08792488-2048x1365.png 2048w\" sizes=\"(max-width: 767px) 89vw, (max-width: 1000px) 54vw, (max-width: 1071px) 543px, 580px\" \/><\/figure>\n\n\n\n<h2 class=\"wp-block-heading\">Nasze do\u015bwiadczenie<\/h2>\n\n\n\n<p>Kancelaria PragmatIQ prowadz\u0105c sprawy korporacyjne, gwarantuje sprawne i&nbsp;profesjonalne post\u0119powanie na&nbsp;wszystkich etapach realizacji us\u0142ugi.<\/p>\n\n\n\n<p>Przez ponad 10 lat dzia\u0142alno\u015bci Kancelaria przeprowadzi\u0142a z&nbsp;sukcesem 485 powa\u017cnych transakcji.<\/p>\n\n\n\n<p>Kancelaria za\u0142o\u017cy\u0142a&nbsp;ponad 900 sp\u00f3\u0142ek oraz zmieni\u0142a tryb dzia\u0142ania sp\u00f3\u0142ek 545 razy.<\/p>\n\n\n\n<p>A\u017c 595 razy Minister Finans\u00f3w potwierdzi\u0142 stanowisko Kancelarii zajmowane w sprawach podatkowych.<\/p>\n\n\n\n<p>Zesp\u00f3\u0142 PragmatIQ to ponad 50 do\u015bwiadczonych specjalist\u00f3w z zakresu prawa sp\u00f3\u0142ek i podatk\u00f3w, kt\u00f3rzy zajm\u0105 si\u0119 Twoimi sprawami z najwy\u017csz\u0105 dok\u0142adno\u015bci\u0105.<\/p>\n\n\n\n<p>Liczby nie k\u0142ami\u0105, dlatego zaufaj kancelarii PragmatIQ i&nbsp;ciesz si\u0119 skuteczno\u015bci\u0105 w prowadzeniu spraw korporacyjnych, tak&nbsp;jak dziesi\u0105tki innych zadowolonych klient\u00f3w.<\/p>\n\n\n\n<figure class=\"wp-block-image size-large\"><img loading=\"lazy\" decoding=\"async\" width=\"1024\" height=\"683\" src=\"https:\/\/pragmatiq.pl\/zmianawarty\/wp-content\/uploads\/2022\/07\/Pomoc-prawna-w-przeksztalceniach-spolek-prawa-handlowego-1024x683.jpg\" alt=\"\" class=\"wp-image-3225\"\/><\/figure>\n\n\n\n<h2 class=\"wp-block-heading\">Najwa\u017cniejsze elementy sukcesji firm rodzinnych<\/h2>\n\n\n\n<h3 class=\"wp-block-heading\"><strong>Planowanie \u2013 im&nbsp;wcze\u015bniej, tym lepiej<\/strong><\/h3>\n\n\n\n<p>Sukcesja, kt\u00f3ra&nbsp;spe\u0142ni oczekiwania zar\u00f3wno aktualnego w\u0142a\u015bciciela przedsi\u0119biorstwa, jak i&nbsp;przysz\u0142ych sukcesor\u00f3w, wymaga stworzenia \u201eskrojonej na&nbsp;miar\u0119\u201d strategii oraz&nbsp;odpowiedniego czasu na&nbsp;jej wdro\u017cenie. Nie&nbsp;zwlekaj \u2013 pomy\u015bl o&nbsp;przysz\u0142o\u015bci ju\u017c dzisiaj!<\/p>\n\n\n\n<figure class=\"wp-block-image size-large\"><img loading=\"lazy\" decoding=\"async\" width=\"1024\" height=\"683\" src=\"https:\/\/pragmatiq.pl\/zmianawarty\/wp-content\/uploads\/2022\/12\/ba411661-2c1c-460d-8cd5-7663eb1fe2ed-1024x683.png\" alt=\"\" class=\"wp-image-3330\" srcset=\"https:\/\/pragmatiq.pl\/zmianawarty\/wp-content\/uploads\/2022\/12\/ba411661-2c1c-460d-8cd5-7663eb1fe2ed-1024x683.png 1024w, https:\/\/pragmatiq.pl\/zmianawarty\/wp-content\/uploads\/2022\/12\/ba411661-2c1c-460d-8cd5-7663eb1fe2ed-300x200.png 300w, https:\/\/pragmatiq.pl\/zmianawarty\/wp-content\/uploads\/2022\/12\/ba411661-2c1c-460d-8cd5-7663eb1fe2ed-768x512.png 768w, https:\/\/pragmatiq.pl\/zmianawarty\/wp-content\/uploads\/2022\/12\/ba411661-2c1c-460d-8cd5-7663eb1fe2ed-1536x1024.png 1536w, https:\/\/pragmatiq.pl\/zmianawarty\/wp-content\/uploads\/2022\/12\/ba411661-2c1c-460d-8cd5-7663eb1fe2ed-2048x1365.png 2048w\" sizes=\"(max-width: 767px) 89vw, (max-width: 1000px) 54vw, (max-width: 1071px) 543px, 580px\" \/><\/figure>\n\n\n\n<h3 class=\"wp-block-heading\"><strong>Firma rodzinna \u2013 co&nbsp;tak&nbsp;naprawd\u0119 przekazujemy?<\/strong><\/h3>\n\n\n\n<p>Nale\u017cy dok\u0142adnie przeanalizowa\u0107, co&nbsp;tak&nbsp;naprawd\u0119 chcemy przekaza\u0107 nast\u0119pcom. W&nbsp;tym celu nale\u017cy przeprowadzi\u0107 audyt maj\u0105tku przedsi\u0119biorstwa, kt\u00f3ry&nbsp;pozwoli dok\u0142adnie okre\u015bli\u0107 posiadane aktywa i&nbsp;ryzyka sukcesyjne z&nbsp;nimi zwi\u0105zane. Przy okazji warto rozwa\u017cy\u0107 uproszczenie i&nbsp;uporz\u0105dkowanie struktury korporacyjnej prowadzonej dzia\u0142alno\u015bci gospodarczej.<\/p>\n\n\n\n<figure class=\"wp-block-image size-large\"><img loading=\"lazy\" decoding=\"async\" width=\"1024\" height=\"683\" src=\"https:\/\/pragmatiq.pl\/zmianawarty\/wp-content\/uploads\/2022\/12\/9ce575e2-e086-4a1f-9aff-4ea7a90d4fda-1024x683.png\" alt=\"\" class=\"wp-image-3331\" srcset=\"https:\/\/pragmatiq.pl\/zmianawarty\/wp-content\/uploads\/2022\/12\/9ce575e2-e086-4a1f-9aff-4ea7a90d4fda-1024x683.png 1024w, https:\/\/pragmatiq.pl\/zmianawarty\/wp-content\/uploads\/2022\/12\/9ce575e2-e086-4a1f-9aff-4ea7a90d4fda-300x200.png 300w, https:\/\/pragmatiq.pl\/zmianawarty\/wp-content\/uploads\/2022\/12\/9ce575e2-e086-4a1f-9aff-4ea7a90d4fda-768x512.png 768w, https:\/\/pragmatiq.pl\/zmianawarty\/wp-content\/uploads\/2022\/12\/9ce575e2-e086-4a1f-9aff-4ea7a90d4fda-1536x1024.png 1536w, https:\/\/pragmatiq.pl\/zmianawarty\/wp-content\/uploads\/2022\/12\/9ce575e2-e086-4a1f-9aff-4ea7a90d4fda-2048x1365.png 2048w\" sizes=\"(max-width: 767px) 89vw, (max-width: 1000px) 54vw, (max-width: 1071px) 543px, 580px\" \/><\/figure>\n\n\n\n<h3 class=\"wp-block-heading\"><strong>Komu&nbsp;przekaza\u0107 biznes?<\/strong><\/h3>\n\n\n\n<p>Niezwykle istotne jest, aby z&nbsp;odpowiednim wyprzedzeniem dokona\u0107 wyboru przysz\u0142ych sukcesor\u00f3w, od&nbsp;kt\u00f3rych&nbsp;zale\u017ce\u0107 b\u0119dzie dalszy rozw\u00f3j biznesu, a&nbsp;tak\u017ce odpowiednio ich przygotowa\u0107 do&nbsp;roli, kt\u00f3r\u0105 maj\u0105 pe\u0142ni\u0107 w&nbsp;przysz\u0142o\u015bci.<\/p>\n\n\n\n<h3 class=\"wp-block-heading\"><strong>Zgoda w&nbsp;rodzinie<\/strong><\/h3>\n\n\n\n<p>Wyb\u00f3r sukcesor\u00f3w oraz&nbsp;wskazanie lidera spo\u015br\u00f3d nich, to&nbsp;jedna z&nbsp;najtrudniejszych i&nbsp;najbardziej odpowiedzialnych decyzji, kt\u00f3ra powinna by\u0107 dokonana w porozumieniu z cz\u0142onkami rodziny. Wa\u017cne jest okre\u015blenie roli oraz&nbsp;uprawnie\u0144 pozosta\u0142ych cz\u0142onk\u00f3w rodziny tak, aby nie&nbsp;dochodzi\u0142o w&nbsp;niej do&nbsp;konflikt\u00f3w, a&nbsp;firma rodzinna sprawnie funkcjonowa\u0142a. Pom\u00f3c mo\u017ce w&nbsp;tym stworzenie konstytucji rodzinnej.<\/p>\n\n\n\n<figure class=\"wp-block-image size-large\"><img loading=\"lazy\" decoding=\"async\" width=\"1024\" height=\"683\" src=\"https:\/\/pragmatiq.pl\/zmianawarty\/wp-content\/uploads\/2022\/07\/Pomoc-prawna-w-zakladaniu-spolek-prawa-handlowego-1024x683.jpg\" alt=\"\" class=\"wp-image-3228\"\/><\/figure>\n\n\n\n<h3 class=\"wp-block-heading\"><strong>Brak naturalnych sukcesor\u00f3w?<\/strong><\/h3>\n\n\n\n<p>Firmy rodzinne cz\u0119sto stoj\u0105 przed problemem braku nast\u0119pc\u00f3w. Co&nbsp;zrobi\u0107 w&nbsp;sytuacji, gdy&nbsp;cz\u0142onkowie rodziny nie&nbsp;s\u0105 zainteresowani prowadzeniem rodzinnego przedsi\u0119biorstwa?<\/p>\n\n\n\n<p>W\u00f3wczas nale\u017cy rozwa\u017cy\u0107 inne mo\u017cliwo\u015bci, np.:<\/p>\n\n\n\n<ul class=\"wp-block-list\">\n<li>sprzeda\u017c firmy zewn\u0119trznemu inwestorowi,<\/li>\n\n\n\n<li>wykup dokonany przez&nbsp;grup\u0119 mened\u017cersk\u0105 niezwi\u0105zan\u0105 do&nbsp;tej&nbsp;pory z&nbsp;firm\u0105 i&nbsp;maj\u0105c\u0105 na&nbsp;celu jej przej\u0119cie oraz&nbsp;p\u00f3\u017aniejsze ni\u0105 zarz\u0105dzanie (MBI \u2014&nbsp;management buy-in),<\/li>\n\n\n\n<li>wykup przez&nbsp;osoby dotychczas dzia\u0142aj\u0105ce w firmie rodzinnej &#8211; samodzielnie lub&nbsp;we&nbsp;wsp\u00f3\u0142pracy z&nbsp;wybranym partnerem kapita\u0142owym, np.&nbsp;z&nbsp;funduszem private equity, kt\u00f3re staj\u0105 si\u0119 w\u0142a\u015bcicielem najwi\u0119kszego pakietu akcji\/udzia\u0142\u00f3w (MBO \u2014&nbsp;<em>management buy-out<\/em>)<\/li>\n\n\n\n<li>zachowanie w\u0142asno\u015bci bez&nbsp;aktywnego udzia\u0142u w&nbsp;zarz\u0105dzaniu.<\/li>\n<\/ul>\n\n\n\n<figure class=\"wp-block-image size-large\"><img loading=\"lazy\" decoding=\"async\" width=\"1024\" height=\"683\" src=\"https:\/\/pragmatiq.pl\/zmianawarty\/wp-content\/uploads\/2022\/12\/254de999-b92e-4805-826b-4ddd5ad7e69f-1024x683.png\" alt=\"\" class=\"wp-image-3332\"\/><\/figure>\n\n\n\n<h3 class=\"wp-block-heading\"><strong>Porz\u0105dek w&nbsp;kwestiach prawnych<\/strong><\/h3>\n\n\n\n<p>Uporz\u0105dkowanie wszelkich kwestii prawnych przed&nbsp;przekazaniem firmy sukcesorom pozwoli im&nbsp;skoncentrowa\u0107 si\u0119 na&nbsp;rozwoju firmy. W&nbsp;tym celu nale\u017cy uregulowa\u0107 kwestie zwi\u0105zane ze&nbsp;spadkobraniem, czy&nbsp;to&nbsp;w&nbsp;oparciu o&nbsp;polski system prawny, czy&nbsp;te\u017c korzystaj\u0105c z&nbsp;regulacji oferowanych przez&nbsp;inne pa\u0144stwa (np.&nbsp;fundacje prywatne, wykorzystanie struktur powierniczych, itp.). Warto r\u00f3wnie\u017c zawczasu zorientowa\u0107 si\u0119, z&nbsp;jakimi procedurami b\u0119d\u0105 musieli zmierzy\u0107 si\u0119 spadkobiercy, obejmuj\u0105c dziedziczony maj\u0105tek rodzinny.<\/p>\n\n\n\n<h3 class=\"wp-block-heading\"><strong>Podatki<\/strong><\/h3>\n\n\n\n<p>Uporz\u0105dkowanie kwestii podatkowych oraz&nbsp;poprawno\u015bci rozlicze\u0144 podatkowych pozwoli na&nbsp;efektywne przeprowadzenie procesu sukcesji zar\u00f3wno po&nbsp;stronie w\u0142a\u015bciciela, jak i&nbsp;sukcesor\u00f3w.<\/p>\n\n\n\n<h3 class=\"wp-block-heading\"><strong>Finanse<\/strong><\/h3>\n\n\n\n<p>Uporz\u0105dkowanie kwestii finansowych, w&nbsp;tym zwi\u0105zanych z&nbsp;zewn\u0119trznym finansowaniem firmy oraz&nbsp;struktur\u0105 jej zad\u0142u\u017cenia, w&nbsp;znacznym stopniu upro\u015bci proces przekazania biznesu nast\u0119pcy.<\/p>\n\n\n\n<figure class=\"wp-block-image size-large\"><img loading=\"lazy\" decoding=\"async\" width=\"1024\" height=\"683\" src=\"https:\/\/pragmatiq.pl\/zmianawarty\/wp-content\/uploads\/2022\/12\/d18bb34c-5c3a-4c0d-8e74-020e4a399f37-1024x683.png\" alt=\"\" class=\"wp-image-3333\" srcset=\"https:\/\/pragmatiq.pl\/zmianawarty\/wp-content\/uploads\/2022\/12\/d18bb34c-5c3a-4c0d-8e74-020e4a399f37-1024x683.png 1024w, https:\/\/pragmatiq.pl\/zmianawarty\/wp-content\/uploads\/2022\/12\/d18bb34c-5c3a-4c0d-8e74-020e4a399f37-300x200.png 300w, https:\/\/pragmatiq.pl\/zmianawarty\/wp-content\/uploads\/2022\/12\/d18bb34c-5c3a-4c0d-8e74-020e4a399f37-768x512.png 768w, https:\/\/pragmatiq.pl\/zmianawarty\/wp-content\/uploads\/2022\/12\/d18bb34c-5c3a-4c0d-8e74-020e4a399f37-1536x1024.png 1536w, https:\/\/pragmatiq.pl\/zmianawarty\/wp-content\/uploads\/2022\/12\/d18bb34c-5c3a-4c0d-8e74-020e4a399f37-2048x1365.png 2048w\" sizes=\"(max-width: 767px) 89vw, (max-width: 1000px) 54vw, (max-width: 1071px) 543px, 580px\" \/><\/figure>\n\n\n\n<h2 class=\"wp-block-heading\">Pomoc prawna w prowadzeniu firmy rodzinnej<\/h2>\n\n\n\n<p>Za\u0142o\u017ceniem procesu sukcesji jest&nbsp;<strong>zapewnienie przedsi\u0119biorstwu trwa\u0142o\u015bci&nbsp;<\/strong>w&nbsp;obliczu trudnych i&nbsp;nieuniknionych zmian pokoleniowych oraz&nbsp;<strong>zabezpieczenie przysz\u0142o\u015bci rodziny w&nbsp;oparciu o&nbsp;zgromadzony maj\u0105tek<\/strong>.<\/p>\n\n\n\n<p>Trwa\u0142e rozwi\u0105zania mog\u0105 by\u0107 budowane wy\u0142\u0105cznie na&nbsp;solidnych fundamentach. Nie&nbsp;inaczej jest z&nbsp;sukcesj\u0105. Wymaga ona starannego zaplanowania oraz&nbsp;dobrania narz\u0119dzi zabezpieczaj\u0105cych interesy wszystkich stron, ale&nbsp;tak\u017ce przygotowania planu awaryjnego na&nbsp;wypadek nieprzewidzianych zdarze\u0144.<\/p>\n\n\n\n<p>Uwarunkowania rodzinne i&nbsp;maj\u0105tkowe, r\u00f3\u017cne formy prowadzenia dzia\u0142alno\u015bci gospodarczej, czy&nbsp;te\u017c specyficzne cele i&nbsp;za\u0142o\u017cenia powoduj\u0105, \u017ce&nbsp;plan sukcesji zawsze musi by\u0107 \u201eszyty na&nbsp;miar\u0119\u201d. Bez&nbsp;tego nie&nbsp;b\u0119dzie mo\u017cliwe wprowadzenie rozwi\u0105za\u0144, kt\u00f3re zapewni\u0105 w&nbsp;przysz\u0142o\u015bci ochron\u0119 dw\u00f3ch najcenniejszych warto\u015bci: dobra i&nbsp;bezpiecze\u0144stwa rodziny oraz&nbsp;kontynuacji dzia\u0142alno\u015bci firmy.<\/p>\n\n\n\n<p>Naszym Klientom zapewniamy profesjonalne wsparcie dedykowanego zespo\u0142u doradc\u00f3w, kt\u00f3ry&nbsp;zapoznaj\u0105c si\u0119 z&nbsp;sytuacj\u0105 osobist\u0105 i&nbsp;biznesow\u0105 nestor\u00f3w i&nbsp;sukcesor\u00f3w, a&nbsp;tak\u017ce celami, kt\u00f3re chc\u0105 osi\u0105gn\u0105\u0107, zapewni odpowiedni\u0105 pomoc i&nbsp;przeprowadzi przez&nbsp;trudny proces sukcesji krok po&nbsp;kroku.<\/p>\n\n\n\n<figure class=\"wp-block-image size-large\"><img loading=\"lazy\" decoding=\"async\" width=\"1024\" height=\"683\" src=\"https:\/\/pragmatiq.pl\/zmianawarty\/wp-content\/uploads\/2022\/12\/feec0558-e166-4a9e-bfb9-574782c45aa6-1024x683.png\" alt=\"\" class=\"wp-image-3334\" srcset=\"https:\/\/pragmatiq.pl\/zmianawarty\/wp-content\/uploads\/2022\/12\/feec0558-e166-4a9e-bfb9-574782c45aa6-1024x683.png 1024w, https:\/\/pragmatiq.pl\/zmianawarty\/wp-content\/uploads\/2022\/12\/feec0558-e166-4a9e-bfb9-574782c45aa6-300x200.png 300w, https:\/\/pragmatiq.pl\/zmianawarty\/wp-content\/uploads\/2022\/12\/feec0558-e166-4a9e-bfb9-574782c45aa6-768x512.png 768w, https:\/\/pragmatiq.pl\/zmianawarty\/wp-content\/uploads\/2022\/12\/feec0558-e166-4a9e-bfb9-574782c45aa6-1536x1024.png 1536w, https:\/\/pragmatiq.pl\/zmianawarty\/wp-content\/uploads\/2022\/12\/feec0558-e166-4a9e-bfb9-574782c45aa6-2048x1365.png 2048w\" sizes=\"(max-width: 767px) 89vw, (max-width: 1000px) 54vw, (max-width: 1071px) 543px, 580px\" \/><\/figure>\n\n\n\n<h2 class=\"wp-block-heading\">Prowadzenie firmy rodzinnej &#8211; sprawd\u017a jak mo\u017cemy Ci pom\u00f3c<\/h2>\n\n\n\n<p>Nasz Zesp\u00f3\u0142&nbsp;to do\u015bwiadczeni prawnicy oraz&nbsp;doradcy podatkowi, kt\u00f3rzy&nbsp;zapewniaj\u0105 kompleksowe wsparcie prawno-podatkowe na&nbsp;ka\u017cdym etapie procesu sukcesyjnego.<\/p>\n\n\n\n<p>Wspieramy naszych Klient\u00f3w w&nbsp;nast\u0119puj\u0105cych obszarach:<\/p>\n\n\n\n<ul class=\"wp-block-list\">\n<li>doradztwo w zakresie maj\u0105tku oraz&nbsp;inwestycji rodzinnych, zwi\u0105zany z&nbsp;ich transferem, r\u00f3wnie\u017c w&nbsp;przypadku braku ustalonego planu sukcesji lub&nbsp;spisanego testamentu;<\/li>\n\n\n\n<li>doradztwo w zakresie dzia\u0142alno\u015bci gospodarczej lub&nbsp;sp\u00f3\u0142ki prawa handlowego w tym audyt okre\u015blaj\u0105cy ryzyka zwi\u0105zane ze&nbsp;\u015bmierci\u0105 w\u0142a\u015bciciela lub&nbsp;d\u0142ugotrwa\u0142\u0105 niezdolno\u015bci\u0105 do&nbsp;pe\u0142nienia obowi\u0105zk\u00f3w zarz\u0105dczych;<\/li>\n\n\n\n<li>pomoc prawna w zakresie struktury rodzinnej z&nbsp;uwzgl\u0119dnieniem plan\u00f3w sukcesyjnych, w&nbsp;tym potencjalnych roszcze\u0144 spadkowych;<\/li>\n\n\n\n<li>doradztwo w zakresie ubezpiecze\u0144 lub&nbsp;polis na&nbsp;\u017cycie w&nbsp;zakresie os\u00f3b uposa\u017conych i&nbsp;procedur uruchomienia wyp\u0142aty \u015bwiadcze\u0144;<\/li>\n\n\n\n<li>konsultacje prawne i&nbsp;podatkowe propozycji w&nbsp;sferze zarz\u0105dzania maj\u0105tkiem rodzinnym;<\/li>\n\n\n\n<li>doradztwo w zakresie \u201eplanu sukcesji\u201d dostosowanego do&nbsp;indywidualnych potrzeb i&nbsp;oczekiwa\u0144;<\/li>\n\n\n\n<li>pomoc prawna w zakresie planu sukcesji gwarantuj\u0105cy w&nbsp;spos\u00f3b bezpieczny i&nbsp;optymalny przekazanie maj\u0105tku rodzinnego lub&nbsp;przedsi\u0119biorstwa, albo&nbsp;ich wybranych sk\u0142adnik\u00f3w, w&nbsp;tym poprzez: sporz\u0105dzenie testament\u00f3w, konstytucji rodzinnej, umowy maj\u0105tkowej ma\u0142\u017ce\u0144skiej (intercyzy) albo&nbsp;umowy partnerskiej;<\/li>\n\n\n\n<li>wydzielenie dzia\u0142alno\u015bci pod&nbsp;planowan\u0105 sukcesj\u0119 mi\u0119dzypokoleniow\u0105 (tj.&nbsp;rozdzielenie maj\u0105tku prywatnego od&nbsp;maj\u0105tku firmowego) zapewniaj\u0105ca kontynuacj\u0119 dzia\u0142alno\u015bci przedsi\u0119biorstwa w&nbsp;okoliczno\u015bciach, kt\u00f3rych&nbsp;nie&nbsp;da si\u0119 przewidzie\u0107.<\/li>\n<\/ul>\n\n\n\n<p>Nie wahaj si\u0119 skorzysta\u0107 z pomocy radcy prawnego lub doradcy podatkowego i skontaktuj si\u0119 z nami ju\u017c dzi\u015b!<\/p>\n","protected":false},"excerpt":{"rendered":"<p>Doradzamy w&nbsp;procesie prowadzenia firmy rodzinnej Sprawy korporacyjne wymagaj\u0105 nie&nbsp;tylko&nbsp;wiedzy zdobytej podczas edukacji prawnej, ale&nbsp;r\u00f3wnie\u017c do\u015bwiadczenia po&nbsp;stronie doradcy. Kancelaria PragmatIQ od&nbsp;lat wspomaga wiele sp\u00f3\u0142ek w&nbsp;prowadzeniu ich biznesu. Dzi\u0119ki temu sprawy korporacyjne to&nbsp;dziedzina, w&nbsp;kt\u00f3rej&nbsp;specjali\u015bci kancelarii PragmatIQ posiadaj\u0105 bogate do\u015bwiadczenie. Sprawy korporacyjne realizowane przez&nbsp;kancelari\u0119 Sporz\u0105dzanie tekst\u00f3w um\u00f3w sp\u00f3\u0142ek oraz&nbsp;rejestracj\u0119 sp\u00f3\u0142ek W&nbsp;ramach obs\u0142ugi korporacyjnej kancelaria pomaga za\u0142o\u017cy\u0107 now\u0105 sp\u00f3\u0142k\u0119 &hellip; <\/p>\n<p class=\"link-more\"><a href=\"https:\/\/pragmatiq.pl\/zmianawarty\/doradzamy-w-procesie-prowadzenia-firmy-rodzinnej\/\" class=\"more-link\">Continue reading<span class=\"screen-reader-text\"> &#8222;Doradzamy w\u00a0procesie prowadzenia firmy rodzinnej&#8221;<\/span><\/a><\/p>\n","protected":false},"author":27,"featured_media":0,"parent":0,"menu_order":0,"comment_status":"closed","ping_status":"closed","template":"","meta":{"footnotes":""},"class_list":["post-3327","page","type-page","status-publish","hentry"],"_links":{"self":[{"href":"https:\/\/pragmatiq.pl\/zmianawarty\/wp-json\/wp\/v2\/pages\/3327","targetHints":{"allow":["GET"]}}],"collection":[{"href":"https:\/\/pragmatiq.pl\/zmianawarty\/wp-json\/wp\/v2\/pages"}],"about":[{"href":"https:\/\/pragmatiq.pl\/zmianawarty\/wp-json\/wp\/v2\/types\/page"}],"author":[{"embeddable":true,"href":"https:\/\/pragmatiq.pl\/zmianawarty\/wp-json\/wp\/v2\/users\/27"}],"replies":[{"embeddable":true,"href":"https:\/\/pragmatiq.pl\/zmianawarty\/wp-json\/wp\/v2\/comments?post=3327"}],"version-history":[{"count":3,"href":"https:\/\/pragmatiq.pl\/zmianawarty\/wp-json\/wp\/v2\/pages\/3327\/revisions"}],"predecessor-version":[{"id":3898,"href":"https:\/\/pragmatiq.pl\/zmianawarty\/wp-json\/wp\/v2\/pages\/3327\/revisions\/3898"}],"wp:attachment":[{"href":"https:\/\/pragmatiq.pl\/zmianawarty\/wp-json\/wp\/v2\/media?parent=3327"}],"curies":[{"name":"wp","href":"https:\/\/api.w.org\/{rel}","templated":true}]}}