{"id":3323,"date":"2022-08-17T12:09:00","date_gmt":"2022-08-17T10:09:00","guid":{"rendered":"https:\/\/zmianawarty.pl\/?page_id=3323"},"modified":"2024-09-19T08:19:46","modified_gmt":"2024-09-19T06:19:46","slug":"doradzamy-w-podatkach-analizy-i-planowanie-podatkowe","status":"publish","type":"page","link":"https:\/\/pragmatiq.pl\/zmianawarty\/doradzamy-w-podatkach-analizy-i-planowanie-podatkowe\/","title":{"rendered":"Doradzamy w podatkach (analizy i planowanie podatkowe)"},"content":{"rendered":"\n<h1 class=\"wp-block-heading\">Doradca podatkowy<\/h1>\n\n\n\n<p>Doradca podatkowy to&nbsp;w&nbsp;Polsce jeden z&nbsp;zawod\u00f3w zaufania publicznego. Dziedzina ta wymaga ci\u0105g\u0142ego podnoszenia kwalifikacji i&nbsp;monitorowania kolejnych zmian w&nbsp;prawie. Kancelaria PragmatIQ wyspecjalizowa\u0142a si\u0119 w&nbsp;\u015bwiadczeniu us\u0142ug jako doradca podatkowy. Wychodzimy bowiem z&nbsp;za\u0142o\u017cenia, \u017ce&nbsp;nale\u017cy p\u0142aci\u0107 tylko&nbsp;takie podatki, jakie s\u0105 niezb\u0119dne.<\/p>\n\n\n\n<p>Kancelarie doradcy podatkowego powstaj\u0105 cz\u0119sto obok kancelarii prawnych. Takie rozwi\u0105zanie wdro\u017cyli\u015bmy, powo\u0142uj\u0105c do&nbsp;\u017cycia PragmatIQ. Dzi\u0119ki temu kancelaria, kt\u00f3ra posiada ponadto kompetencje jako doradca podatkowy pozostaje wci\u0105\u017c na&nbsp;bie\u017c\u0105co nie tylko&nbsp;ze&nbsp;zmianami w&nbsp;prawie podatkowym, ale&nbsp;tak\u017ce innymi ga\u0142\u0119ziami prawa, z kt\u00f3rymi jest ono \u015bci\u015ble zwi\u0105zane.<\/p>\n\n\n\n<figure class=\"wp-block-image size-large\"><img fetchpriority=\"high\" decoding=\"async\" width=\"1024\" height=\"683\" src=\"https:\/\/pragmatiq.pl\/zmianawarty\/wp-content\/uploads\/2022\/12\/125e2cad-2bd2-45a0-9b33-d4241ad44d14-1024x683.png\" alt=\"\" class=\"wp-image-3324\" srcset=\"https:\/\/pragmatiq.pl\/zmianawarty\/wp-content\/uploads\/2022\/12\/125e2cad-2bd2-45a0-9b33-d4241ad44d14-1024x683.png 1024w, https:\/\/pragmatiq.pl\/zmianawarty\/wp-content\/uploads\/2022\/12\/125e2cad-2bd2-45a0-9b33-d4241ad44d14-300x200.png 300w, https:\/\/pragmatiq.pl\/zmianawarty\/wp-content\/uploads\/2022\/12\/125e2cad-2bd2-45a0-9b33-d4241ad44d14-768x512.png 768w, https:\/\/pragmatiq.pl\/zmianawarty\/wp-content\/uploads\/2022\/12\/125e2cad-2bd2-45a0-9b33-d4241ad44d14-1536x1024.png 1536w, https:\/\/pragmatiq.pl\/zmianawarty\/wp-content\/uploads\/2022\/12\/125e2cad-2bd2-45a0-9b33-d4241ad44d14-2048x1365.png 2048w\" sizes=\"(max-width: 767px) 89vw, (max-width: 1000px) 54vw, (max-width: 1071px) 543px, 580px\" \/><\/figure>\n\n\n\n<h2 class=\"wp-block-heading\">Kancelaria PragmatIQ &#8211; doradztwo podatkowe<\/h2>\n\n\n\n<p>Kancelaria PragmatIQ jako doradca podatkowy oferuje przedsi\u0119biorstwom oraz&nbsp;osobom fizycznym kompleksowe wsparcie podatkowe na&nbsp;zasadzie sta\u0142ej wsp\u00f3\u0142pracy, a&nbsp;tak\u017ce dora\u017an\u0105 pomoc zwi\u0105zan\u0105 z doradztwem podatkowym.<\/p>\n\n\n\n<p>Kancelaria PragmatIQ jako doradca podatkowy jest w&nbsp;stanie zapewni\u0107 Pa\u0144stwu bie\u017c\u0105ce doradztwo podatkowe dotycz\u0105ce <a target=\"_blank\" rel=\"noreferrer noopener\" href=\"http:\/\/m.in\">m.in<\/a>.:<\/p>\n\n\n\n<ul class=\"wp-block-list\">\n<li>doradztwo podatkowe, opiniowanie i&nbsp;wyja\u015bnianie przepis\u00f3w prawa podatkowego (w&nbsp;tym PIT, CIT, VAT, c\u0142o, akcyza, ceny transferowe i&nbsp;inne);<\/li>\n\n\n\n<li>d\u0142ugofalowe planowanie podatkowe dotycz\u0105ce optymalizacji przysz\u0142ych przedsi\u0119wzi\u0119\u0107;<\/li>\n\n\n\n<li>przygotowanie interpretacji przepis\u00f3w prawa podatkowego;<\/li>\n\n\n\n<li>reprezentacji jako pe\u0142nomocnik (doradca podatkowy, radca prawny) przed&nbsp;instytucjami finansowymi, organami skarbowymi oraz&nbsp;s\u0105dami administracyjnymi, tak\u017ce w toku kontroli podatkowych;<\/li>\n\n\n\n<li>sporz\u0105dzanie skarg, za\u017cale\u0144 i&nbsp;odwo\u0142a\u0144 od&nbsp;decyzji ww. podmiot\u00f3w<\/li>\n\n\n\n<li>dostarczenie wskaz\u00f3wek i informacji obejmuj\u0105cych wszelkie istotne planowane zmiany<\/li>\n\n\n\n<li>w\u0142a\u015bciwego rozliczania podatku z przychod\u00f3w osi\u0105ganych w czasie prowadzenia dzia\u0142alno\u015bci gospodarczej<\/li>\n\n\n\n<li>wskazywanie mo\u017cliwych ulg podatkowych<\/li>\n<\/ul>\n\n\n\n<p>Wiemy, \u017ce&nbsp;doradztwo podatkowe powinno cechowa\u0107 si\u0119 profesjonalizmem, bezpiecze\u0144stwem oraz&nbsp;terminowo\u015bci\u0105. Zapraszamy do&nbsp;skontaktowania si\u0119 z&nbsp;kancelari\u0105 telefonicznie, za po\u015brednictwem adresu e-mail lub poprzez&nbsp;odwiedzenie <a target=\"_blank\" rel=\"noreferrer noopener\" href=\"https:\/\/pragmatiq.pl\/\">strony kancelarii PragmatIQ<\/a>, gdzie r\u00f3wnie\u017c mo\u017cna dowiedzie\u0107 si\u0119 jak konkretnie wspieramy klient\u00f3w.<\/p>\n\n\n\n<h2 class=\"wp-block-heading\">Doradztwo podatkowe<\/h2>\n\n\n\n<p>Problem dotycz\u0105cy podatk\u00f3w jest immamentnie zwi\u0105zany z prowadzeniem dzia\u0142alno\u015bci gospodarczej zar\u00f3wno przez osoby prawne jak i osoby fizyczne. Post\u0119powanie podatkowe wi\u0105\u017ce si\u0119 zar\u00f3wno z zakupem nieruchomo\u015bci, rozliczeniem wszelkich towar\u00f3w i us\u0142ug, zarobk\u00f3w na rzecz pracownik\u00f3w i cz\u0142onk\u00f3w zarz\u0105du, nie wspominaj\u0105c nawet problematyki podatkowej obejmuj\u0105cej proces restrukturyzacji jak r\u00f3wnie\u017c wieloma innymi sprawami.<\/p>\n\n\n\n<p>Dlatego te\u017c, wa\u017cne jest unikni\u0119cie niepotrzebnych koszt\u00f3w podatkowych, a tak\u017ce zadbanie o to, aby problemem przedsi\u0119biorcy nie sta\u0142 si\u0119 r\u00f3wnie\u017c przeciwnie &#8211; nadp\u0142acony podatek, nie zapominaj\u0105c o mo\u017cliwych problemach zwi\u0105zanych z zaleg\u0142o\u015bciami podatkowymi, co mo\u017ce prowadzi\u0107 do powa\u017cnej odpowiedzialno\u015bci, \u0142\u0105cznie z odpowiedzialno\u015bci\u0105 karn\u0105 skarbow\u0105 przedsi\u0119biorc\u00f3w lub cz\u0142onk\u00f3w zarz\u0105du.<\/p>\n\n\n\n<h2 class=\"wp-block-heading\"><br>Zawi\u0142o\u015bci i pu\u0142apki prawa podatkowego<\/h2>\n\n\n\n<p>W zwi\u0105zku z przyst\u0105pieniem Polski do Unii europejskiej nale\u017cy r\u00f3wnie\u017c pami\u0119ta\u0107 o tym, \u017ce nie wy\u0142\u0105cznie mi\u0119dzynarodowa korporacja, ale r\u00f3wnie\u017c polska sp\u00f3\u0142ka ma obowi\u0105zek \u015bledzi\u0107 nie tylko polskie przepisy prawa podatkowego, lecz tak\u017ce przepisy Unii europejskiej, kt\u00f3rych naruszenie r\u00f3wnie\u017c mo\u017ce zosta\u0107 zarzucone w toku kontroli podatkowych. Przyczynia si\u0119 to do jeszcze wi\u0119kszego skomplikowania prawa podatkowego dla przedsi\u0119biorc\u00f3w, kt\u00f3rzy s\u0105 zobligowani do \u015bledzenia, wielu, sformu\u0142owanych nierzadko w zupe\u0142nie inny spos\u00f3b regulacji podatkowych zawartych w r\u00f3\u017cnorakich przepisach podatkowych, nawet w przypadku prowadzenia niewielkiej dzia\u0142alno\u015bci gospodarczej.<\/p>\n\n\n\n<p>Przepisy podatkowe w Polsce s\u0105 niezwykle obszerne, a tak\u017ce podlegaj\u0105 wielu i niestety r\u00f3wnie\u017c cz\u0119stym zmianom dla kt\u00f3rych zrozumienia niezb\u0119dne s\u0105 nierzadko skomplikowane analizy prawne. Niemo\u017cliwym jest, aby przedsi\u0119biorcy indywidualni, ale tak\u017ce osoby zasiadaj\u0105ce w zarz\u0105dach sp\u00f3\u0142ek by\u0142y w stanie zaj\u0105\u0107 si\u0119 same wszelkimi regulacjami zawartymi w przepisach podatkowych, szczeg\u00f3lnie, gdy nawet najmniejsze b\u0142\u0119dy mog\u0105 okaza\u0107 si\u0119 niezwykle kosztowne w toku kontroli podatkowych poci\u0105gaj\u0105c za sob\u0105 zbi\u00f3r nieprzyjemnych konsekwencji, zwi\u0105zanych ze znacznym ryzykiem podatkowym.<\/p>\n\n\n\n<figure class=\"wp-block-image size-large\"><img decoding=\"async\" width=\"1024\" height=\"683\" src=\"https:\/\/pragmatiq.pl\/zmianawarty\/wp-content\/uploads\/2022\/12\/718ca336-8ae4-4ec0-a743-d0eff0c9f52f-1024x683.png\" alt=\"\" class=\"wp-image-3325\" srcset=\"https:\/\/pragmatiq.pl\/zmianawarty\/wp-content\/uploads\/2022\/12\/718ca336-8ae4-4ec0-a743-d0eff0c9f52f-1024x683.png 1024w, https:\/\/pragmatiq.pl\/zmianawarty\/wp-content\/uploads\/2022\/12\/718ca336-8ae4-4ec0-a743-d0eff0c9f52f-300x200.png 300w, https:\/\/pragmatiq.pl\/zmianawarty\/wp-content\/uploads\/2022\/12\/718ca336-8ae4-4ec0-a743-d0eff0c9f52f-768x512.png 768w, https:\/\/pragmatiq.pl\/zmianawarty\/wp-content\/uploads\/2022\/12\/718ca336-8ae4-4ec0-a743-d0eff0c9f52f-1536x1024.png 1536w, https:\/\/pragmatiq.pl\/zmianawarty\/wp-content\/uploads\/2022\/12\/718ca336-8ae4-4ec0-a743-d0eff0c9f52f-2048x1365.png 2048w\" sizes=\"(max-width: 767px) 89vw, (max-width: 1000px) 54vw, (max-width: 1071px) 543px, 580px\" \/><\/figure>\n\n\n\n<h2 class=\"wp-block-heading\">Oszcz\u0119dno\u015b\u0107 w firmie &#8211; doradztwo podatkowe!<\/h2>\n\n\n\n<p>St\u0105d, znalezieniem oszcz\u0119dno\u015bci w firmie, niejednokrotnie mo\u017ce by\u0107 paradoksalnie zlecenie us\u0142ugi doradztwa podatkowego, a nie rezygnacja z pomocy doradcy podatkowego. W\u0142a\u015bciwe us\u0142ugi doradztwa podatkowego pomog\u0105 unikn\u0105\u0107 niepotrzebnych obci\u0105\u017ce\u0144 podatkowych dotycz\u0105cych zar\u00f3wno os\u00f3b fizycznych jak i podmiot\u00f3w gospodarczych. Ju\u017c na pocz\u0105tku wsp\u00f3\u0142pracy doradca podatkowy mo\u017ce przeprowadzi\u0107 post\u0119powania podatkowe dotycz\u0105ce chocia\u017cby przygotowania takich czynno\u015bci jak audyt podatkowy ograniczaj\u0105cy ryzyko podatkowe przedsi\u0119biorc\u00f3w w przysz\u0142o\u015bci, a tak\u017ce rozwi\u0105zuj\u0105cy lub znajduj\u0105cy mo\u017cliwe dotychczasowe zaniedbania, b\u0105d\u017a pomagaj\u0105cy odzyska\u0107 nadp\u0142acony podatek. Fachowe us\u0142ugi obejmuj\u0105 tak\u017ce kompleksowe doradztwo zwi\u0105zane z wyszukaniem ulg podatkowych, oraz prawid\u0142owym rozliczaniem dochod\u00f3w sp\u00f3\u0142ki.<\/p>\n\n\n\n<h3 class=\"wp-block-heading\">Polski \u0142ad<\/h3>\n\n\n\n<p>W najlepszy spos\u00f3b stopie\u0144 skomplikowania przepis\u00f3w podatkowych mo\u017ce uzmys\u0142owi\u0107 ostatnie zamieszanie wywo\u0142ane polskim \u0142adem, kt\u00f3rego regulacje wprowadzi\u0142y ogromn\u0105 dezorientacj\u0119 niejednego przedsi\u0119biorcy. Niejednemu przedsi\u0119biorcy polski \u0142ad, a tak naprawd\u0119 zwi\u0105zane z polskim \u0142adem zmiany, kt\u00f3re nawet przed jego wej\u015bciem w \u017cycie by\u0142y kilkukrotnie, ponownie modyfikowane mog\u0142y ca\u0142kowicie zaburzy\u0107 planowanie podatkowe przedsi\u0119biorc\u00f3w, nie wspominaj\u0105c nawet o stopniu skomplikowania wprowadzonych tam regulacji, za kt\u00f3rymi potrafili nad\u0105\u017cy\u0107 jedynie najbardziej do\u015bwiadczeni doradcy, zajmuj\u0105cy si\u0119 doradztwem podatkowym od wielu lat.<\/p>\n\n\n\n<p>W zwi\u0105zku z powy\u017cszym, konieczne jest zadbanie o wyr\u00f3\u017cniaj\u0105c\u0105 si\u0119 niezwyk\u0142\u0105 fachowo\u015bci\u0105 obs\u0142ug\u0119 obejmuj\u0105c\u0105 kompleksowe doradztwo podatkowe, zapewniaj\u0105c\u0105 przedsi\u0119biorcom pomoc w post\u0119powaniach podatkowych dotycz\u0105cych szeroko znanych podatk\u00f3w jak chocia\u017cby podatku od towar\u00f3w i us\u0142ugi w zakresie podatku dochodowego, ale tak\u017ce innych spraw w gdzie konieczna b\u0119dzie szeroka analiza podatkowa.<\/p>\n\n\n\n<p>Fachowy doradca podatkowy przypomni swoim klientom tak\u017ce o regulacjach, kt\u00f3re s\u0105 niezwykle istotne, jednak nie tak popularne jak wspomniane wcze\u015bniej. S\u0105 to chocia\u017cby regulacje obejmuj\u0105ce ceny transferowe i podatki po\u015brednie, tak cz\u0119sto zapominane w razie rozlicze\u0144 podatkowych. Dzi\u0119ki kompleksowej us\u0142udze, nasze doradztwo podatkowe b\u0119dzie obejmowa\u0142o aktualne sprawy i regulacje, co sprawi, \u017ce przedsi\u0119biorcy zlecaj\u0105cy us\u0142ugi b\u0119d\u0105 ci\u0105gle na bie\u017c\u0105co zyskuj\u0105c coraz to nowe usprawnienia oraz unikaj\u0105c przeoczenia nowych przepis\u00f3w nak\u0142adaj\u0105cych nowe obowi\u0105zki.<\/p>\n\n\n\n<h2 class=\"wp-block-heading\">Bie\u017c\u0105ce doradztwo podatkowe<\/h2>\n\n\n\n<p>Je\u017celi jednak przedsi\u0119biorcy nie interesuje kompleksowe doradztwo podatkowe, a jest zainteresowany raczej doradztwem podatkowym w konkretnych sprawach, wspieramy klient\u00f3w r\u00f3wnie\u017c w zakresie obejmuj\u0105cym pojedyncze post\u0119powania podatkowe lub analizy prawne.<\/p>\n\n\n\n<h2 class=\"wp-block-heading\">Wspieramy klient\u00f3w tak\u017ce w sprawach indywidualnych<\/h2>\n\n\n\n<p>Posi\u0142kuj\u0105c si\u0119 konkretnym przyk\u0142adem z wykorzystaniem prawdziwej historii przedsi\u0119biorcy, warto wspomnie\u0107, o hipotetycznym problemie pojawiaj\u0105cym si\u0119 w trakcie prowadzenia firmy np. przez cz\u0142onk\u00f3w zarz\u0105du:<\/p>\n\n\n\n<p>Pani X zajmuje si\u0119 prowadzeniem niewielkiej sp\u00f3\u0142ki z ograniczon\u0105 odpowiedzialno\u015bci\u0105 w roli Prezesa Zarz\u0105du sp\u00f3\u0142ki twierdz\u0105c, \u017ce sta\u0142e, kompleksowe doradztwo podatkowe jest jej niepotrzebne, szczeg\u00f3lnie ze wzgl\u0119du na nieliczne sprawy, kt\u00f3rymi zajmuje si\u0119 sp\u00f3\u0142ka.<br>Pani X planuje jednak w najbli\u017cszym czasie sprzeda\u0107 nieruchomo\u015b\u0107 nale\u017c\u0105c\u0105 do sp\u00f3\u0142ki orientuj\u0105c si\u0119 jedynie w podstawowym zakresie na temat podatku dochodowego od os\u00f3b prawnych, podatku od towar\u00f3w i us\u0142ug, a tak\u017ce zastanawiaj\u0105c si\u0119 nad ewentualn\u0105 konieczno\u015bci\u0105 rozliczenia innych dochod\u00f3w dotycz\u0105cych ewentualnego opodatkowania w zwi\u0105zku z dotychczasowym prowadzeniem dzia\u0142alno\u015bci w miejscu sprzedawanej nieruchomo\u015bci oraz pobieranymi korzy\u015bciami maj\u0105tkowymi przez sp\u00f3\u0142k\u0119 wynikaj\u0105cymi z wynajmowania tam lokali.<\/p>\n\n\n\n<p>Nawet z tak prostej z pozoru czynno\u015bci mo\u017ce wynikn\u0105\u0107 wiele problem\u00f3w podatkowych, kt\u00f3rych lepiej nie rozwi\u0105zywa\u0107 posi\u0142kuj\u0105c si\u0119 jedynie podstawow\u0105 wiedz\u0105, lecz chocia\u017cby w tym konkretnym przypadku skorzysta\u0107 z us\u0142ugi doradztwa podatkowego, i w konsekwencji unikn\u0105\u0107 odpowiedzialno\u015bci w zakresie niezrozumienia regulacji dotycz\u0105cej nawet jednego podatku.<\/p>\n\n\n\n<p>Profesjonalny doradca podatkowy w przedstawionej sytuacji zajmie si\u0119 przedstawieniem w jasny i klarowny spos\u00f3b podatek dochodowy, wyja\u015bni oraz wska\u017ce wszelkie obowi\u0105zki na potrzeby podatku vat, wyka\u017ce wszelkie ewentualne podatki po\u015brednie zwi\u0105zane z transakcj\u0105, a tak\u017ce zwr\u00f3ci uwag\u0119 na kwesti\u0119 takie jak chocia\u017cby ceny transferowe, je\u015bli transakcja zosta\u0142aby zawarta z podmiotem powi\u0105zanym.<\/p>\n\n\n\n<p>Ponadto, doradca podatkowy wska\u017ce Pani X r\u00f3wnie\u017c wszelkie uwagi w zakresie ewentualnych kwestii zwi\u0105zanych z ryzykiem podatkowym oraz pomo\u017ce znale\u017a\u0107 kwestie dotycz\u0105ce ulg podatkowych.<\/p>\n\n\n\n<h2 class=\"wp-block-heading\">Oszcz\u0119dno\u015b\u0107 czasu<\/h2>\n\n\n\n<p>Nie nale\u017cy r\u00f3wnie\u017c obawia\u0107 si\u0119 skomplikowanych i d\u0142ugich rozm\u00f3w z doradc\u0105 podatkowym, gdy\u017c sw\u00f3j problem wystarczy zasygnalizowa\u0107 nam jedynie w postaci np. kontaktu za pomoc\u0105 adresu e-mail, a my odezwiemy si\u0119 ze wsparciem w zakresie ka\u017cdego podatku, kt\u00f3rego analiza b\u0119dzie wymagana w toku wsparcia klienta w przypadku ka\u017cdej, indywidualnej sprawy.<\/p>\n","protected":false},"excerpt":{"rendered":"<p>Doradca podatkowy Doradca podatkowy to&nbsp;w&nbsp;Polsce jeden z&nbsp;zawod\u00f3w zaufania publicznego. Dziedzina ta wymaga ci\u0105g\u0142ego podnoszenia kwalifikacji i&nbsp;monitorowania kolejnych zmian w&nbsp;prawie. Kancelaria PragmatIQ wyspecjalizowa\u0142a si\u0119 w&nbsp;\u015bwiadczeniu us\u0142ug jako doradca podatkowy. Wychodzimy bowiem z&nbsp;za\u0142o\u017cenia, \u017ce&nbsp;nale\u017cy p\u0142aci\u0107 tylko&nbsp;takie podatki, jakie s\u0105 niezb\u0119dne. Kancelarie doradcy podatkowego powstaj\u0105 cz\u0119sto obok kancelarii prawnych. Takie rozwi\u0105zanie wdro\u017cyli\u015bmy, powo\u0142uj\u0105c do&nbsp;\u017cycia PragmatIQ. Dzi\u0119ki temu kancelaria, &hellip; <\/p>\n<p class=\"link-more\"><a href=\"https:\/\/pragmatiq.pl\/zmianawarty\/doradzamy-w-podatkach-analizy-i-planowanie-podatkowe\/\" class=\"more-link\">Continue reading<span class=\"screen-reader-text\"> &#8222;Doradzamy w podatkach (analizy i planowanie podatkowe)&#8221;<\/span><\/a><\/p>\n","protected":false},"author":27,"featured_media":0,"parent":0,"menu_order":0,"comment_status":"closed","ping_status":"closed","template":"","meta":{"footnotes":""},"class_list":["post-3323","page","type-page","status-publish","hentry"],"_links":{"self":[{"href":"https:\/\/pragmatiq.pl\/zmianawarty\/wp-json\/wp\/v2\/pages\/3323","targetHints":{"allow":["GET"]}}],"collection":[{"href":"https:\/\/pragmatiq.pl\/zmianawarty\/wp-json\/wp\/v2\/pages"}],"about":[{"href":"https:\/\/pragmatiq.pl\/zmianawarty\/wp-json\/wp\/v2\/types\/page"}],"author":[{"embeddable":true,"href":"https:\/\/pragmatiq.pl\/zmianawarty\/wp-json\/wp\/v2\/users\/27"}],"replies":[{"embeddable":true,"href":"https:\/\/pragmatiq.pl\/zmianawarty\/wp-json\/wp\/v2\/comments?post=3323"}],"version-history":[{"count":3,"href":"https:\/\/pragmatiq.pl\/zmianawarty\/wp-json\/wp\/v2\/pages\/3323\/revisions"}],"predecessor-version":[{"id":4340,"href":"https:\/\/pragmatiq.pl\/zmianawarty\/wp-json\/wp\/v2\/pages\/3323\/revisions\/4340"}],"wp:attachment":[{"href":"https:\/\/pragmatiq.pl\/zmianawarty\/wp-json\/wp\/v2\/media?parent=3323"}],"curies":[{"name":"wp","href":"https:\/\/api.w.org\/{rel}","templated":true}]}}