{"id":3320,"date":"2022-08-17T11:48:00","date_gmt":"2022-08-17T09:48:00","guid":{"rendered":"https:\/\/zmianawarty.pl\/?page_id=3320"},"modified":"2024-09-19T08:16:12","modified_gmt":"2024-09-19T06:16:12","slug":"doradzamy-przy-inwestycjach-transakcjach-nabywania-firmy-a-takze-prowadzimy-operacje-przeksztalcen-i-polaczen","status":"publish","type":"page","link":"https:\/\/pragmatiq.pl\/zmianawarty\/doradzamy-przy-inwestycjach-transakcjach-nabywania-firmy-a-takze-prowadzimy-operacje-przeksztalcen-i-polaczen\/","title":{"rendered":"Doradzamy przy inwestycjach, transakcjach nabywania firmy, a tak\u017ce prowadzimy operacj\u0119 przekszta\u0142ce\u0144 i po\u0142\u0105cze\u0144"},"content":{"rendered":"\n<h1 class=\"wp-block-heading\">Doradzamy przy inwestycjach, transakcjach nabywania firmy, a tak\u017ce prowadzimy operacj\u0119 przekszta\u0142ce\u0144 i po\u0142\u0105cze\u0144<\/h1>\n\n\n\n<h2 class=\"wp-block-heading\">Przekszta\u0142canie sp\u00f3\u0142ek<\/h2>\n\n\n\n<p>\u015aledz\u0105c kolejne zmiany przepis\u00f3w, szczeg\u00f3lnie podatkowych, a tak\u017ce w toku rozwoju prowadzonego biznesu lub zmiany jego charakteru zastanawiamy si\u0119 niejednokrotnie nad przekszta\u0142ceniem prowadzonej przez nas dzia\u0142alno\u015bci gospodarczej.<\/p>\n\n\n\n<figure class=\"wp-block-image size-large\"><img fetchpriority=\"high\" decoding=\"async\" width=\"1024\" height=\"683\" src=\"https:\/\/pragmatiq.pl\/zmianawarty\/wp-content\/uploads\/2022\/07\/Pomoc-prawna-w-zakladaniu-spolek-prawa-handlowego-1024x683.jpg\" alt=\"\" class=\"wp-image-3228\"\/><\/figure>\n\n\n\n<p>Procedur\u0119 t\u0119 reguluje w szczeg\u00f3lno\u015bci kodeks sp\u00f3\u0142ek handlowych, ale r\u00f3wnie\u017c wiele przepis\u00f3w podatkowych. Przekszta\u0142cenie sp\u00f3\u0142ki kapita\u0142owej jak r\u00f3wnie\u017c osobowej oraz umowy cywilnej wymaga zapoznania si\u0119 z wieloma r\u00f3\u017cnymi regulacjami, co sprawia, \u017ce przy tej procedurze nale\u017cy dochowa\u0107 szczeg\u00f3lnej ostro\u017cno\u015bci oraz zachowa\u0107 ponadprzeci\u0119tn\u0105 precyzj\u0119, gdy\u017c nawet najdrobniejsze niedopatrzenia mog\u0105 wi\u0105za\u0107 si\u0119 ze znaczn\u0105, czasem nawet nieodwracaln\u0105 szkod\u0105. Samo przekszta\u0142cenie, kt\u00f3re z pozoru mog\u0142o wydawa\u0107 si\u0119 niezwykle op\u0142acalne, mo\u017ce w konsekwencji zamieni\u0107 si\u0119 w przynosz\u0105cy znaczn\u0105 strat\u0119 koszmar.<\/p>\n\n\n\n<p>Przekszta\u0142cenie sp\u00f3\u0142ek mo\u017ce by\u0107 szans\u0105 na&nbsp;optymalizacj\u0119 dzia\u0142alno\u015bci przedsi\u0119biorcy. Dlatego wdra\u017caj\u0105c koncepcje przekszta\u0142cenia sp\u00f3\u0142ki nale\u017cy bra\u0107 pod&nbsp;uwag\u0119 tak\u017ce oczekiwane skutki na&nbsp;gruncie prawa podatkowego.<\/p>\n\n\n\n<figure class=\"wp-block-image size-large\"><img decoding=\"async\" width=\"1024\" height=\"683\" src=\"https:\/\/pragmatiq.pl\/zmianawarty\/wp-content\/uploads\/2022\/07\/Pomoc-prawna-w-przeksztalceniach-spolek-prawa-handlowego-1024x683.jpg\" alt=\"\" class=\"wp-image-3225\"\/><\/figure>\n\n\n\n<h2 class=\"wp-block-heading\">Forma dzia\u0142alno\u015bci gospodarczej<\/h2>\n\n\n\n<p>Zar\u00f3wno, gdy planujemy przekszta\u0142cenie sp\u00f3\u0142ki cywilnej, a tak\u017ce gdy interesuje nas sp\u00f3\u0142ka kapita\u0142owa, czy sp\u00f3\u0142ka osobowa musimy by\u0107 pewni, \u017ce wybrana przez nas forma prawna firmy przekszta\u0142canej jest najlepsz\u0105 i najbardziej op\u0142acaln\u0105 do prowadzenia przez nas dzia\u0142alno\u015bci gospodarczej i nie wi\u0105\u017ce si\u0119 mi\u0119dzy innymi ze znacznymi obci\u0105\u017ceniami podatkowymi, kt\u00f3re mog\u0105 wp\u0142ywa\u0107 w znaczny spos\u00f3b na negatywne obowi\u0105zki sp\u00f3\u0142ki przekszta\u0142canej.<\/p>\n\n\n\n<p>Warto pami\u0119ta\u0107 o tym, \u017ce wyb\u00f3r konkretnej struktury organizacyjnej wi\u0105\u017ce si\u0119 niekiedy z konieczno\u015bci\u0105 poinformowania kontrahent\u00f3w b\u0105d\u017a niekt\u00f3rych organ\u00f3w, co mo\u017ce wynika\u0107 ze szczeg\u00f3lnych postanowie\u0144 umownych lub przepis\u00f3w prawa.<\/p>\n\n\n\n<p>Co ciekawe, mo\u017cliwe jest przekszta\u0142cenie sp\u00f3\u0142ki osobowej zar\u00f3wno w sp\u00f3\u0142k\u0119 kapita\u0142ow\u0105 jak i przekszta\u0142cenie sp\u00f3\u0142ki osobowej w inn\u0105 sp\u00f3\u0142k\u0119 osobow\u0105.<\/p>\n\n\n\n<figure class=\"wp-block-image size-large\"><img decoding=\"async\" width=\"1024\" height=\"683\" src=\"https:\/\/pragmatiq.pl\/zmianawarty\/wp-content\/uploads\/2022\/07\/Pomoc-prawna-w-przeksztalceniach-spolek-prawa-handlowego_2-1024x683.jpg\" alt=\"\" class=\"wp-image-3226\"\/><\/figure>\n\n\n\n<h3 class=\"wp-block-heading\">W\u0142a\u015bciwe zadbanie o posiadane koncesje, licencje<\/h3>\n\n\n\n<p>W wi\u0119kszo\u015bci przypadk\u00f3w obowi\u0105zki przedsi\u0119biorcy przekszta\u0142canego, zobowi\u0105zania sp\u00f3\u0142ki, koncesje oraz licencje uzyskane dotychczas przez firm\u0119 przechodz\u0105 na sp\u00f3\u0142k\u0119 przekszta\u0142con\u0105, jednak\u017ce w\u0142a\u015bciwe organy sp\u00f3\u0142ki powinny nale\u017cycie zainteresowa\u0107 si\u0119 tym tematem, gdy\u017c utrata licencji, kt\u00f3re zosta\u0142y przyznane sp\u00f3\u0142ce, w zwi\u0105zku ze zmian\u0105 formy prawnej dzia\u0142alno\u015bci gospodarczej, mog\u0105 zosta\u0107 utracone.<\/p>\n\n\n\n<p>Mo\u017ce przyczyni\u0107 si\u0119 to do utraty maj\u0105tku sp\u00f3\u0142ki, gdy brak konkretnej licencji lub koncesji uniemo\u017cliwia sp\u00f3\u0142ce przekszta\u0142conej wykonywanie dotychczasowej aktywno\u015bci.<\/p>\n\n\n\n<p>Podsumowuj\u0105c, co do zasady sp\u00f3\u0142ka przekszta\u0142cona pozostaje podmiotem dotychczasowych praw i obowi\u0105zk\u00f3w, jednak nale\u017cy to zweryfikowa\u0107, w ka\u017cdym indywidualnym przypadku.<\/p>\n\n\n\n<h2 class=\"wp-block-heading\">Nowa nazwa przekszta\u0142canej sp\u00f3\u0142ki<\/h2>\n\n\n\n<p>Tak\u017ce zmiana firmy posiadanej przez nas dzia\u0142alno\u015bci mo\u017ce okaza\u0107 si\u0119 bardziej skomplikowana ni\u017c mog\u0142oby si\u0119 wydawa\u0107. W niekt\u00f3rych przypadkach wi\u0105\u017ce si\u0119 ona ze szczeg\u00f3ln\u0105 odpowiedzialno\u015bci\u0105 wsp\u00f3lnik\u00f3w (jest to bardzo wa\u017cne, gdy przekszta\u0142camy sp\u00f3\u0142k\u0119 komandytow\u0105 &#8211; o tym, jak\u0105 nazw\u0119 powinna mie\u0107 sp\u00f3\u0142ka komandytowa mo\u017cna przeczyta\u0107 w <a target=\"_blank\" rel=\"noreferrer noopener\" href=\"https:\/\/www.doradzamy.to\/artykuly\/jak-powinna-byc-skonstruowana-firma-spolki-komandytowej\">niniejszym poradniku<\/a>), jednak co do zasady mo\u017ce ona pozosta\u0107 zmieniona tylko o now\u0105 form\u0119 prawn\u0105.<\/p>\n\n\n\n<p>Warto pami\u0119ta\u0107, aby nazwa nie by\u0142a za d\u0142uga lub zbyt skomplikowana, poniewa\u017c mo\u017ce to utrudnia\u0107 p\u00f3\u017aniej w\u0142a\u015bciwe funkcjonowanie sp\u00f3\u0142ce przekszta\u0142conej.<\/p>\n\n\n\n<figure class=\"wp-block-image size-large\"><img loading=\"lazy\" decoding=\"async\" width=\"1024\" height=\"683\" src=\"https:\/\/pragmatiq.pl\/zmianawarty\/wp-content\/uploads\/2022\/07\/Pomoc-prawna-w-transakcjach-kupna-i-sprzedazy-firmy-1024x683.jpg\" alt=\"\" class=\"wp-image-3229\"\/><\/figure>\n\n\n\n<h2 class=\"wp-block-heading\">Plan przekszta\u0142cenia<\/h2>\n\n\n\n<p>Kolejnym etapem w toku procedury przekszta\u0142cenia sp\u00f3\u0142ki jest w\u0142a\u015bciwe przygotowanie planu przekszta\u0142cenia. Niezwykle wa\u017cne jest, aby przygotowa\u0107 go w spos\u00f3b jak najbardziej fachowy, czytelny i dok\u0142adny, tak, \u017ceby przedstawienie wsp\u00f3lnikom planu przekszta\u0142cenia nie wi\u0105za\u0142o si\u0119 z dodatkowym stresem albo tym gorzej &#8211; nie wywo\u0142a\u0142o u nich obawy lub niech\u0119ci do przekszta\u0142cenia sp\u00f3\u0142ki. Nale\u017cy r\u00f3wnie\u017c sprawdzi\u0107 w jakiej formie powinien by\u0107 on przygotowany oraz co dok\u0142adnie musi zawiera\u0107.<\/p>\n\n\n\n<h3 class=\"wp-block-heading\">Wyb\u00f3r bieg\u0142ego rewidenta<\/h3>\n\n\n\n<p>Cho\u0107 dzi\u0119ki zmianom przepis\u00f3w w 2020 roku kontrola przez bieg\u0142ego rewidenta planu przekszta\u0142cenia sta\u0142a si\u0119 wyj\u0105tkiem, to jednak istniej\u0105 pewne okoliczno\u015bci, o kt\u00f3rych warto wiedzie\u0107, gdy\u017c kontrola jest wymagana:<\/p>\n\n\n\n<ul class=\"wp-block-list\">\n<li>gdy przedsi\u0119biorca jednoosobowy dokonuje przekszta\u0142cenia dzia\u0142alno\u015bci w sp\u00f3\u0142k\u0119 z ograniczon\u0105 odpowiedzialno\u015bci\u0105 lub d\u0105\u017cy, aby jego dzia\u0142alno\u015b\u0107 zosta\u0142a przekszta\u0142cona w form\u0119 prawn\u0105 sp\u00f3\u0142ki akcyjnej<\/li>\n\n\n\n<li>w obliczu przekszta\u0142cenia jakiejkolwiek sp\u00f3\u0142ki w form\u0119 prawn\u0105 sp\u00f3\u0142ki akcyjnej.<\/li>\n<\/ul>\n\n\n\n<p>Dlatego te\u017c, gdy oka\u017ce si\u0119, \u017ce w przypadku przeprowadzanego przez nas przekszta\u0142cenia udzia\u0142 rewidenta jest wymagany to niezwykle przydatne okaza\u0107 si\u0119 mo\u017ce wskazanie we wniosku do s\u0105du rejestrowego pro\u015bby o wyznaczenie konkretnego, znanego ju\u017c wcze\u015bniej bieg\u0142ego, kt\u00f3remu mo\u017cna zaufa\u0107, gdy\u017c np. wsp\u00f3\u0142pracowa\u0142 z nami ju\u017c wcze\u015bniej b\u0105d\u017a s\u0142yszeli\u015bmy o jego fachowo\u015bci.<\/p>\n\n\n\n<p>S\u0105d nie jest zwi\u0105zany naszym wskazaniem, jednak z praktyki wynika, \u017ce najcz\u0119\u015bciej przychyla si\u0119 do wyznaczenia wybranego bieg\u0142ego.<\/p>\n\n\n\n<figure class=\"wp-block-image size-large\"><img loading=\"lazy\" decoding=\"async\" width=\"1024\" height=\"683\" src=\"https:\/\/pragmatiq.pl\/zmianawarty\/wp-content\/uploads\/2022\/07\/Pomoc-prawna-w-rozwiazaniu-i-likwidacji-spolki_2-1024x683.jpg\" alt=\"\" class=\"wp-image-3227\"\/><\/figure>\n\n\n\n<h2 class=\"wp-block-heading\">Sprawne przeprowadzenie procedury przekszta\u0142cenia<\/h2>\n\n\n\n<p>W toku przekszta\u0142cenia istnieje czasem mo\u017cliwo\u015b\u0107 skr\u00f3cenia procedury nawet o dwa miesi\u0105ce, je\u017celi tylko zastosujemy w toku post\u0119powania <a target=\"_blank\" rel=\"noreferrer noopener\" href=\"https:\/\/www.doradzamy.to\/artykuly\/przeksztalcenie-uproszczone-kiedy-mozliwe-ile-trwa\">przekszta\u0142cenie uproszczone<\/a>.<\/p>\n\n\n\n<p>Niestety, nie mo\u017cemy zastosowa\u0107 go zawsze, dlatego te\u017c warto przygotowa\u0107 uchwa\u0142\u0119 zawart\u0105 przez zgromadzenie wsp\u00f3lnik\u00f3w o przekszta\u0142ceniu tak, aby niekonieczne sta\u0142o si\u0119 na przyk\u0142ad dwukrotne zawiadomienie wsp\u00f3lnik\u00f3w, co r\u00f3wnie\u017c mo\u017ce skr\u00f3ci\u0107 trwaj\u0105c\u0105 procedur\u0119 &#8211; w tym przypadku nawet o miesi\u0105c.<\/p>\n\n\n\n<h2 class=\"wp-block-heading\">Przygotowanie umowy b\u0105d\u017a statutu sp\u00f3\u0142ki<\/h2>\n\n\n\n<p>Bior\u0105c pod uwag\u0119, i\u017c zmiana umowy lub statutu sp\u00f3\u0142ki wi\u0105\u017ce si\u0119 najcz\u0119\u015bciej z wizyt\u0105 u notariusza, co tak\u017ce generuje znaczne koszty, warto przygotowa\u0107 prawid\u0142owe postanowienia ju\u017c za pierwszym razem.<\/p>\n\n\n\n<p>Sp\u00f3\u0142ka przekszta\u0142cona pozostaje podmiotem, kt\u00f3ry jak wskaza\u0142em wcze\u015bniej, przejmuje dotychczasowe prawa i obowi\u0105zki sp\u00f3\u0142ki przekszta\u0142canej, dlatego te\u017c nale\u017cy pami\u0119ta\u0107 aby postanowienia umowy by\u0142y w\u0142a\u015bciwie dopasowane do nowej formy prawnej sp\u00f3\u0142ki. Nieodpowiednie skonstruowanie statutu sp\u00f3\u0142ki b\u0105d\u017a jej umowy mo\u017ce prowadzi\u0107 do wielu negatywnych konsekwencji, stanowi\u0105cych znaczn\u0105 przeszkod\u0119 w dalszej, w\u0142a\u015bciwej dzia\u0142alno\u015bci, niezale\u017cnie, czy w wyniku przekszta\u0142cenia powstanie prosta sp\u00f3\u0142ka akcyjna, sp\u00f3\u0142ka akcyjna, czy te\u017c sp\u00f3\u0142ka komandytowa.<\/p>\n\n\n\n<h2 class=\"wp-block-heading\">Data wpisu<\/h2>\n\n\n\n<p>Finalnie, nie mniej wa\u017cna mo\u017ce okaza\u0107 si\u0119 mo\u017ce tak b\u0142aha sprawa jak data wpisu przekszta\u0142conej sp\u00f3\u0142ki. Ze wzgl\u0119d\u00f3w ksi\u0119gowych nale\u017cy dopilnowa\u0107, aby wpis zosta\u0142 dokonany pierwszego dnia miesi\u0105ca, o co pro\u015bb\u0119 nale\u017cy zg\u0142osi\u0107 do s\u0105du rejestrowego prowadz\u0105cego rejestr dotycz\u0105cy sp\u00f3\u0142ki.<\/p>\n\n\n\n<h2 class=\"wp-block-heading\">Pomoc prawna w przekszta\u0142ceniach sp\u00f3\u0142ek<\/h2>\n\n\n\n<p>Jak wida\u0107 powy\u017cej, procedura przekszta\u0142cenia sp\u00f3\u0142ki kapita\u0142owej, ale te\u017c osobowej, a nawet przekszta\u0142cenie jednoosobowej dzia\u0142alno\u015bci gospodarczej nie nale\u017cy do najprostszych czynno\u015bci.<\/p>\n\n\n\n<p>W zwi\u0105zku z tym, nie warto ryzykowa\u0107, a najbardziej racjonalne wydaje si\u0119 skorzystanie z fachowej pomocy prawnej.<\/p>\n\n\n\n<p>Kancelaria PragmatIQ specjalizuje si\u0119 w&nbsp;realizacji proces\u00f3w po\u0142\u0105czenia oraz przekszta\u0142cenia sp\u00f3\u0142ek. W\u0105ska specjalizacja sprawia, \u017ce&nbsp;w&nbsp;dziedzinie przekszta\u0142ce\u0144 sp\u00f3\u0142ek kancelaria jest jednym z&nbsp;najlepszych specjalist\u00f3w w Polsce.<\/p>\n\n\n\n<p>W&nbsp;ramach przekszta\u0142cenia sp\u00f3\u0142ki kancelaria \u015bwiadczy najcz\u0119\u015bciej nast\u0119puj\u0105ce us\u0142ugi:<\/p>\n\n\n\n<ul class=\"wp-block-list\">\n<li>opracowanie strategii na&nbsp;przekszta\u0142cenie sp\u00f3\u0142ki;<\/li>\n\n\n\n<li>opracowanie harmonogramu przekszta\u0142cenia sp\u00f3\u0142ki;<\/li>\n\n\n\n<li>sporz\u0105dzenie projektu planu przekszta\u0142cenia sp\u00f3\u0142ki;<\/li>\n\n\n\n<li>konsultacje prawne w&nbsp;zakresie bie\u017c\u0105cych czynno\u015bci oraz&nbsp;koordynacj\u0119 dzia\u0142a\u0144 dotycz\u0105cych przekszta\u0142cenia sp\u00f3\u0142ki;<\/li>\n\n\n\n<li>wsparcie w kontakcie z&nbsp;podmiotami uczestnicz\u0105cymi w&nbsp;procesie przekszta\u0142cenia sp\u00f3\u0142ki np. bieg\u0142ym rewidentem, notariuszem;<\/li>\n\n\n\n<li>pomoc w przygotowaniu dokument\u00f3w w&nbsp;trakcie procesu przekszta\u0142cenia sp\u00f3\u0142ki np. zawiadomie\u0144 kontrahent\u00f3w, pracownik\u00f3w o&nbsp;planowanym przekszta\u0142ceniu;<\/li>\n\n\n\n<li>przygotowanie statutu lub umowy sp\u00f3\u0142ki powsta\u0142ej w&nbsp;wyniku przekszta\u0142cenia;<\/li>\n\n\n\n<li>przygotowanie projektu dokument\u00f3w oraz&nbsp;wniosk\u00f3w do&nbsp;Krajowego Rejestru S\u0105dowego oraz&nbsp;organ\u00f3w administracji.<\/li>\n<\/ul>\n\n\n\n<p>Specjali\u015bci z kancelarii opr\u00f3cz wsparcia w&nbsp;podejmowanych czynno\u015bciach dotycz\u0105cych przekszta\u0142cenia sp\u00f3\u0142ki mog\u0105 zapewni\u0107 ponadto pe\u0142n\u0105 reprezentacj\u0119 organ\u00f3w sp\u00f3\u0142ek uczestnicz\u0105cych w&nbsp;procesie przekszta\u0142cenia.&nbsp;<\/p>\n\n\n\n<p>Nasze do\u015bwiadczenie pozwala na&nbsp;sprawne przeprowadzenie nawet najbardziej skomplikowanych proces\u00f3w przekszta\u0142ce\u0144 sp\u00f3\u0142ek oraz&nbsp;zaproponowanie klientowi jak najkorzystniejszych rozwi\u0105za\u0144.<\/p>\n\n\n\n<p>Ju\u017c w 2013 roku dokonali\u015bmy ponad 30 przekszta\u0142ce\u0144 i&nbsp;po\u0142\u0105cze\u0144 sp\u00f3\u0142ek. Do\u015bwiadczenie zdobyte do&nbsp;tej&nbsp;pory przez&nbsp;kancelari\u0119 PragmatIQ w&nbsp;zakresie proces\u00f3w przekszta\u0142cenia sp\u00f3\u0142ek pozwala unikn\u0105\u0107 wielu niepotrzebnych b\u0142\u0119d\u00f3w mog\u0105cych przed\u0142u\u017cy\u0107 ca\u0142\u0105 procedur\u0119.<\/p>\n\n\n\n<p>Je\u015bli zastanawiasz si\u0119 nad&nbsp;przekszta\u0142ceniem swojej sp\u00f3\u0142ki \u2013 skontaktuj si\u0119 z&nbsp;nami! Nasza wiedza i&nbsp;do\u015bwiadczenie pozwoli Ci ustrzec si\u0119 cz\u0119sto pope\u0142nianych b\u0142\u0119d\u00f3w i zapewni sprawne przeprowadzenie procesu przekszta\u0142cenia sp\u00f3\u0142ki.<\/p>\n\n\n\n<h2 class=\"wp-block-heading\">Po\u0142\u0105czenia sp\u00f3\u0142ek<\/h2>\n\n\n\n<p>W przypadku po\u0142\u0105czenia sp\u00f3\u0142ek podobnie jak w przekszta\u0142ceniu sp\u00f3\u0142ki nale\u017cy w spos\u00f3b szczeg\u00f3lnie uwa\u017cny przeanalizowa\u0107, czy realizacja takiej nierzadko skomplikowanej procedury faktycznie oka\u017ce si\u0119 korzystna i nie wi\u0105\u017ce si\u0119 z ryzykiem przewy\u017cszaj\u0105cym ewentualne zyski.<\/p>\n\n\n\n<p>Z samego po\u0142\u0105czenia sp\u00f3\u0142ki nie zawsze wynika zawi\u0105zanie nowej sp\u00f3\u0142ki, lecz taka procedura dotyczy\u0107 mo\u017ce tak\u017ce sytuacji, w kt\u00f3rej podwy\u017csza si\u0119 kapita\u0142 zak\u0142adowy sp\u00f3\u0142ki przejmuj\u0105cej w wyniku czego w dniu po\u0142\u0105czenia sp\u00f3\u0142ka przejmuj\u0105ca posiada nowe udzia\u0142y lub akcje, jednocze\u015bnie doprowadzaj\u0105c do wykre\u015blenia z rejestru sp\u00f3\u0142ki przejmowanej.<\/p>\n\n\n\n<p>Co ciekawe, sp\u00f3\u0142ki kapita\u0142owe mog\u0105 zosta\u0107 po\u0142\u0105czone nawet bez powzi\u0119cia uchwa\u0142y o po\u0142\u0105czeniu, gdy przejmuj\u0105ca sp\u00f3\u0142ka kapita\u0142owa posiada udzia\u0142y lub akcje sp\u00f3\u0142ek przejmuj\u0105cych o warto\u015bci nominalnej nie ni\u017cszej ni\u017c 90%.<\/p>\n\n\n\n<p>Zawi\u0105zanie nowych sp\u00f3\u0142ek mo\u017ce wi\u0105za\u0107 si\u0119 z wi\u0119kszym skomplikowaniem oraz mniej korzystnym sfinalizowaniem procedury w por\u00f3wnaniu do po\u0142\u0105czenia dw\u00f3ch lub wi\u0119kszej ilo\u015bci firm w jedn\u0105 istniej\u0105c\u0105 sp\u00f3\u0142k\u0119.<\/p>\n\n\n\n<p>W niekt\u00f3rych przypadkach to rozwi\u0105zanie mo\u017ce okaza\u0107 si\u0119 jednak bardziej korzystne, dlatego warto, bior\u0105c pod uwag\u0119 wiele czynnik\u00f3w, wnikliwie zbada\u0107 wszystkie wady i zalety, analizuj\u0105c przede wszystkim poszczeg\u00f3lne regulacje prawne, aby podj\u0105\u0107 jak najlepsz\u0105 decyzj\u0119 i nie narazi\u0107 si\u0119 na zb\u0119dne straty.<\/p>\n\n\n\n<h2 class=\"wp-block-heading\">Plan Po\u0142\u0105czenia<\/h2>\n\n\n\n<p>Przygotowanie po\u0142\u0105czenia wi\u0105\u017ce si\u0119 r\u00f3wnie\u017c ze sporz\u0105dzeniem planu po\u0142\u0105czenia sp\u00f3\u0142ek, czyli jednego z najwa\u017cniejszych dokument\u00f3w tworzonego w trakcie procesu \u0142\u0105czenia si\u0119 sp\u00f3\u0142ek. Podlega on r\u00f3wnie\u017c badaniu przez bieg\u0142ego rewidenta, kt\u00f3rego jak w przypadku przekszta\u0142cenia mo\u017cemy wskaza\u0107 we wniosku.<\/p>\n\n\n\n<p>Przygotowanie dokumentu jest cz\u0119sto niezwykle skomplikowane, jednak istniej\u0105 sytuacje, w kt\u00f3rych mo\u017cemy unikn\u0105\u0107 tego obowi\u0105zku &#8211; tak dzieje si\u0119 chocia\u017cby w przypadku po\u0142\u0105cze\u0144 niekt\u00f3rych sp\u00f3\u0142ek osobowych.<\/p>\n\n\n\n<h2 class=\"wp-block-heading\">Obowi\u0105zki zarz\u0105du<\/h2>\n\n\n\n<p>Ponadto, zarz\u0105d ka\u017cdej ze sp\u00f3\u0142ek jest zobowi\u0105zany ustali\u0107 stosunek wymiany udzia\u0142\u00f3w lub akcji sp\u00f3\u0142ek przejmuj\u0105cych oraz uzasadni\u0107 podstawy prawne i ekonomiczne \u0142\u0105czenia si\u0119 sp\u00f3\u0142ek. O planowanym po\u0142\u0105czeniu nale\u017cy te\u017c powiadomi\u0107 wszystkich wsp\u00f3lnik\u00f3w \u0142\u0105cz\u0105cych si\u0119 sp\u00f3\u0142ek, a gdy wszyscy wsp\u00f3lnicy wyrazili zgod\u0119 na zaproponowan\u0105 procedur\u0119 mo\u017cna odst\u0105pi\u0107 od:<\/p>\n\n\n\n<ul class=\"wp-block-list\">\n<li>sporz\u0105dzenia sprawozdania<\/li>\n\n\n\n<li>badania planu po\u0142\u0105czenia przez bieg\u0142ego i jego opinii<\/li>\n<\/ul>\n\n\n\n<p>co niezaprzeczalnie przyczyni si\u0119 do oszcz\u0119dno\u015bci tak cennego czasu.<\/p>\n\n\n\n<p>Nie nale\u017cy zapomnie\u0107 r\u00f3wnie\u017c, \u017ce proces po\u0142\u0105czenia wymaga r\u00f3wnie\u017c wielu obowi\u0105zk\u00f3w informacyjnych oraz przygotowania obszernej dokumentacji, o czym mo\u017cemy przeczyta\u0107 w artykule &#8211;<a target=\"_blank\" rel=\"noreferrer noopener\" href=\"https:\/\/www.doradzamy.to\/artykuly\/polaczenie-spolek-jak-wyglada-procedura\">Po\u0142\u0105czenie sp\u00f3\u0142ek &#8211; jak wygl\u0105da procedura?<\/a><\/p>\n\n\n\n<h3 class=\"wp-block-heading\">Obowi\u0105zki podatkowe zwi\u0105zane z po\u0142\u0105czeniem<\/h3>\n\n\n\n<p>Niezale\u017cnie, czy po\u0142\u0105czenie odbywa si\u0119 w ramach grupy kapita\u0142owej, czy przyznania udzia\u0142\u00f3w w sp\u00f3\u0142kach przejmuj\u0105cych lub sp\u00f3\u0142kach nowo zawi\u0105zanych dokonuje si\u0119 w stosunku do wsp\u00f3lnik\u00f3w sp\u00f3\u0142ek niepowi\u0105zanych, z procedur\u0105 po\u0142\u0105czenia wi\u0105\u017ce si\u0119 wiele r\u00f3\u017cnych obowi\u0105zk\u00f3w podatkowych.<\/p>\n\n\n\n<p>Dlatego te\u017c, aby unikn\u0105\u0107 odpowiedzialno\u015bci karno-skarbowej nale\u017cy skrupulatnie zaplanowa\u0107 po\u0142\u0105czenie sp\u00f3\u0142ki r\u00f3wnie\u017c w kontek\u015bcie regulacji podatkowych.<\/p>\n\n\n\n<p>Pomijaj\u0105c kwestie odpowiedzialno\u015bci nale\u017cy r\u00f3wnie\u017c rozwa\u017cy\u0107, jak na obci\u0105\u017cenia podatkowe wp\u0142ynie fakt chocia\u017cby podwy\u017cszenia kapita\u0142u zak\u0142adowego, przeniesienie cz\u0119\u015bci maj\u0105tku sp\u00f3\u0142ki, a tak\u017ce dodatkowe akcje nowych sp\u00f3\u0142ek oraz oczywi\u015bcie samo powi\u0119kszenie dotychczasowego przedsi\u0119biorstwa.<\/p>\n\n\n\n<h2 class=\"wp-block-heading\">Pomoc prawna w trakcie po\u0142\u0105czenia<\/h2>\n\n\n\n<p>Po\u0142\u0105czenia oraz podzia\u0142y sp\u00f3\u0142ek to&nbsp;procesy wymagaj\u0105ce wiedzy oraz&nbsp;do\u015bwiadczenia kancelarii.<\/p>\n\n\n\n<p>Kancelaria PragmatIQ specjalizuje si\u0119 w&nbsp;realizacji tych proces\u00f3w. W ramach dzia\u0142alno\u015bci kancelarii PragmatIQ z&nbsp;siedzib\u0105 w&nbsp;Poznaniu procesy po\u0142\u0105czenia sp\u00f3\u0142ek by\u0142y wielokrotnie przeprowadzane z&nbsp;sukcesem. Sp\u00f3\u0142ki podlegaj\u0105ce \u0142\u0105czeniu mia\u0142y siedziby na&nbsp;terenie Polski. Po\u0142\u0105czenia oraz&nbsp;podzia\u0142y sp\u00f3\u0142ek dotyczy\u0142y zar\u00f3wno ma\u0142ych rodzinnych firm, jak r\u00f3wnie\u017c grup kapita\u0142owych.<\/p>\n\n\n\n<h3 class=\"wp-block-heading\">Kancelaria PragmatIQ &#8211; specjalizacja i do\u015bwiadczenie<\/h3>\n\n\n\n<p>Do\u015bwiadczenie zdobyte do&nbsp;tej&nbsp;pory przez&nbsp;kancelari\u0119 PragmatIQ z&nbsp;siedzib\u0105 w&nbsp;Poznaniu w&nbsp;zakresie proces\u00f3w po\u0142\u0105czenia oraz&nbsp;podzia\u0142\u00f3w pozwala unikn\u0105\u0107 wielu niepotrzebnych b\u0142\u0119d\u00f3w mog\u0105cych przed\u0142u\u017cy\u0107 ca\u0142\u0105 procedur\u0119.<\/p>\n\n\n\n<p>Przyk\u0142adowo proces po\u0142\u0105czenia sp\u00f3\u0142ek kancelaria przeprowadza poprzez:<\/p>\n\n\n\n<ul class=\"wp-block-list\">\n<li>opracowanie strategii po\u0142\u0105czenia sp\u00f3\u0142ek;<\/li>\n\n\n\n<li>opracowanie harmonogramu po\u0142\u0105czenia sp\u00f3\u0142ek;<\/li>\n\n\n\n<li>sporz\u0105dzenie projektu planu po\u0142\u0105czenia sp\u00f3\u0142ek;<\/li>\n\n\n\n<li>przygotowanie statutu lub umowy sp\u00f3\u0142ki powsta\u0142ej w&nbsp;wyniku po\u0142\u0105czenia;<\/li>\n\n\n\n<li>doradztwo prawne w&nbsp;zakresie czynno\u015bci oraz&nbsp;wsparcie dzia\u0142a\u0144 zwi\u0105zanych z&nbsp;po\u0142\u0105czeniem sp\u00f3\u0142ek;<\/li>\n\n\n\n<li>pomoc w przygotowaniu dokument\u00f3w w&nbsp;trakcie procesu po\u0142\u0105czenia sp\u00f3\u0142ek;<\/li>\n\n\n\n<li>wsparcie w kontaktach z&nbsp;podmiotami uczestnicz\u0105cymi w&nbsp;procesie po\u0142\u0105czenia sp\u00f3\u0142ek np. bieg\u0142ym rewidentem, notariuszem;<\/li>\n\n\n\n<li>przygotowanie projektu dokument\u00f3w oraz&nbsp;wniosk\u00f3w do&nbsp;Krajowego Rejestru S\u0105dowego oraz&nbsp;organ\u00f3w administracji.<\/li>\n\n\n\n<li>analiz\u0119 i zaproponowanie skorzystania z ulg przypadaj\u0105cych sp\u00f3\u0142kom przejmuj\u0105cym<\/li>\n<\/ul>\n\n\n\n<figure class=\"wp-block-image size-large\"><img loading=\"lazy\" decoding=\"async\" width=\"1024\" height=\"683\" src=\"https:\/\/pragmatiq.pl\/zmianawarty\/wp-content\/uploads\/2022\/12\/06899022-a0d6-4b84-8bc5-99bf9b67eaa2-1024x683.png\" alt=\"\" class=\"wp-image-3321\" srcset=\"https:\/\/pragmatiq.pl\/zmianawarty\/wp-content\/uploads\/2022\/12\/06899022-a0d6-4b84-8bc5-99bf9b67eaa2-1024x683.png 1024w, https:\/\/pragmatiq.pl\/zmianawarty\/wp-content\/uploads\/2022\/12\/06899022-a0d6-4b84-8bc5-99bf9b67eaa2-300x200.png 300w, https:\/\/pragmatiq.pl\/zmianawarty\/wp-content\/uploads\/2022\/12\/06899022-a0d6-4b84-8bc5-99bf9b67eaa2-768x512.png 768w, https:\/\/pragmatiq.pl\/zmianawarty\/wp-content\/uploads\/2022\/12\/06899022-a0d6-4b84-8bc5-99bf9b67eaa2-1536x1024.png 1536w, https:\/\/pragmatiq.pl\/zmianawarty\/wp-content\/uploads\/2022\/12\/06899022-a0d6-4b84-8bc5-99bf9b67eaa2-2048x1365.png 2048w\" sizes=\"(max-width: 767px) 89vw, (max-width: 1000px) 54vw, (max-width: 1071px) 543px, 580px\" \/><\/figure>\n\n\n\n<p>Specjali\u015bci z kancelarii PragmatIQ opr\u00f3cz wsparcia w&nbsp;podejmowanych czynno\u015bciach dotycz\u0105cych mog\u0105 zapewni\u0107 ponadto reprezentacj\u0119 organ\u00f3w sp\u00f3\u0142ek uczestnicz\u0105cych w&nbsp;procesie po\u0142\u0105czenia lub podziale.<\/p>\n\n\n\n<p>Je\u015bli zatem chcesz w&nbsp;spos\u00f3b sprawny dokona\u0107 po\u0142\u0105czenia lub podzia\u0142u sp\u00f3\u0142ek, skontaktuj si\u0119 z&nbsp;kancelari\u0105 PragmatIQ, kt\u00f3ra przeprowadzi za&nbsp;Ciebie ten proces. Nie b\u0119dziesz w tym przypadku martwi\u0142 si\u0119 ani o ewentualn\u0105 odpowiedzialno\u015b\u0107 wsp\u00f3lnik\u00f3w ani o przysz\u0142e problemy sp\u00f3\u0142ek \u0142\u0105cz\u0105cych.<\/p>\n","protected":false},"excerpt":{"rendered":"<p>Doradzamy przy inwestycjach, transakcjach nabywania firmy, a tak\u017ce prowadzimy operacj\u0119 przekszta\u0142ce\u0144 i po\u0142\u0105cze\u0144 Przekszta\u0142canie sp\u00f3\u0142ek \u015aledz\u0105c kolejne zmiany przepis\u00f3w, szczeg\u00f3lnie podatkowych, a tak\u017ce w toku rozwoju prowadzonego biznesu lub zmiany jego charakteru zastanawiamy si\u0119 niejednokrotnie nad przekszta\u0142ceniem prowadzonej przez nas dzia\u0142alno\u015bci gospodarczej. Procedur\u0119 t\u0119 reguluje w szczeg\u00f3lno\u015bci kodeks sp\u00f3\u0142ek handlowych, ale r\u00f3wnie\u017c wiele przepis\u00f3w podatkowych. &hellip; <\/p>\n<p class=\"link-more\"><a href=\"https:\/\/pragmatiq.pl\/zmianawarty\/doradzamy-przy-inwestycjach-transakcjach-nabywania-firmy-a-takze-prowadzimy-operacje-przeksztalcen-i-polaczen\/\" class=\"more-link\">Continue reading<span class=\"screen-reader-text\"> &#8222;Doradzamy przy inwestycjach, transakcjach nabywania firmy, a tak\u017ce prowadzimy operacj\u0119 przekszta\u0142ce\u0144 i po\u0142\u0105cze\u0144&#8221;<\/span><\/a><\/p>\n","protected":false},"author":27,"featured_media":0,"parent":0,"menu_order":0,"comment_status":"closed","ping_status":"closed","template":"","meta":{"footnotes":""},"class_list":["post-3320","page","type-page","status-publish","hentry"],"_links":{"self":[{"href":"https:\/\/pragmatiq.pl\/zmianawarty\/wp-json\/wp\/v2\/pages\/3320","targetHints":{"allow":["GET"]}}],"collection":[{"href":"https:\/\/pragmatiq.pl\/zmianawarty\/wp-json\/wp\/v2\/pages"}],"about":[{"href":"https:\/\/pragmatiq.pl\/zmianawarty\/wp-json\/wp\/v2\/types\/page"}],"author":[{"embeddable":true,"href":"https:\/\/pragmatiq.pl\/zmianawarty\/wp-json\/wp\/v2\/users\/27"}],"replies":[{"embeddable":true,"href":"https:\/\/pragmatiq.pl\/zmianawarty\/wp-json\/wp\/v2\/comments?post=3320"}],"version-history":[{"count":2,"href":"https:\/\/pragmatiq.pl\/zmianawarty\/wp-json\/wp\/v2\/pages\/3320\/revisions"}],"predecessor-version":[{"id":3901,"href":"https:\/\/pragmatiq.pl\/zmianawarty\/wp-json\/wp\/v2\/pages\/3320\/revisions\/3901"}],"wp:attachment":[{"href":"https:\/\/pragmatiq.pl\/zmianawarty\/wp-json\/wp\/v2\/media?parent=3320"}],"curies":[{"name":"wp","href":"https:\/\/api.w.org\/{rel}","templated":true}]}}