{"id":2002,"date":"2019-10-21T13:25:14","date_gmt":"2019-10-21T11:25:14","guid":{"rendered":"https:\/\/zmianawarty.pl\/?page_id=2002"},"modified":"2024-09-19T08:25:11","modified_gmt":"2024-09-19T06:25:11","slug":"oferta","status":"publish","type":"page","link":"https:\/\/pragmatiq.pl\/zmianawarty\/oferta\/","title":{"rendered":"Oferta"},"content":{"rendered":"\n<h1 class=\"wp-block-heading\">Oferta kancelarii<\/h1>\n\n\n\n<p><strong>Potrafimy skutecznie zabezpieczy\u0107 firm\u0119 i maj\u0105tek w ramach planowania spadkowego. Wiemy, jak zarz\u0105dza\u0107 procesem sukcesji mi\u0119dzypokoleniowej w rodzinie i biznesie. Pomagamy zastosowa\u0107 pragmatyczne rozwi\u0105zania.\u00a0<\/strong><\/p>\n\n\n\n<p>Zapewniamy\npe\u0142n\u0105 ochron\u0119 prawn\u0105, w tym prowadzenie z\u0142o\u017conych spraw osobistych i\nfinansowo-podatkowych. Ofert\u0119 przygotowali\u015bmy wychodz\u0105c naprzeciw potrzebom\nos\u00f3b o ustabilizowanej sytuacji finansowej, przedsi\u0119biorc\u00f3w prowadz\u0105cych firmy\nrodzinne, menad\u017cer\u00f3w, cz\u0142onk\u00f3w zarz\u0105d\u00f3w i rad nadzorczych, os\u00f3b publicznych.\nOpiekujemy si\u0119 od \u201eA do Z\u201d sprawami firm rodzinnych (sukcesja, spadki, spory),\ndoradzamy w zarz\u0105dzaniu maj\u0105tkiem (planowanie podatkowe, inwestycje),\nprowadzimy sprawy prywatne (rozwody i zwi\u0105zane z nimi podzia\u0142y maj\u0105tku). Wspieramy\nw zakresie ochrony prywatno\u015bci i wizerunku.<\/p>\n\n\n\n<h2 class=\"wp-block-heading\">Sukcesja prowadzonej dzia\u0142alno\u015bci gospodarczej<\/h2>\n\n\n\n<p>Nasze\ndoradztwo jest zawsze dostosowane do sytuacji rodzinnej i biznesowej naszych\nKlient\u00f3w. To ona determinuje model sukcesji, kt\u00f3ry rekomendujemy naszym Klientom\na nast\u0119pnie kompleksowo wdra\u017camy. Stosujemy rozwi\u0105zania, kt\u00f3re s\u0105 bezpieczne\nzar\u00f3wno dla przedsi\u0119biorcy wycofuj\u0105cego si\u0119 z biznesu, jak i jego rodziny oraz\nfirmy. Nasze wsparcie obejmuje ca\u0142y proces przeprowadzenia sukcesji &#8211; od wyboru\nmodelu sukcesji, przez odpowiednie przygotowanie firmy na \u201ezmian\u0119 warty\u201d, a\u017c do\njej ostatecznego przekazania i&nbsp;wyj\u015bcia z biznesu.<\/p>\n\n\n\n<h2 class=\"wp-block-heading\">1. Doradzamy przy inwestycjach, transakcjach nabywania firmy, w tak\u017ce\nprowadzimy operacj\u0119 przekszta\u0142ce\u0144 i po\u0142\u0105cze\u0144<\/h2>\n\n\n\n<h3 class=\"wp-block-heading\">Przekszta\u0142cenie sp\u00f3\u0142ki kancelaria<\/h3>\n\n\n\n<p>Przekszta\u0142cenie\nsp\u00f3\u0142ek mo\u017ce by\u0107 szans\u0105 na optymalizacj\u0119 dzia\u0142alno\u015bci przedsi\u0119biorcy. Dlatego\nwdra\u017caj\u0105c koncepcje przekszta\u0142cenia sp\u00f3\u0142ki nale\u017cy bra\u0107 pod uwag\u0119 tak\u017ce\noczekiwane skutki na gruncie prawa podatkowego.<\/p>\n\n\n\n<p>Kancelaria\nPragmatIQ specjalizuje si\u0119 w realizacji proces\u00f3w po\u0142\u0105czenia oraz\nprzekszta\u0142cenia sp\u00f3\u0142ek. W\u0105ska specjalizacja sprawia, \u017ce w dziedzinie\nprzekszta\u0142ce\u0144 sp\u00f3\u0142ek kancelaria jest jednym z najlepszych specjalist\u00f3w w\nPolsce. <\/p>\n\n\n\n<p>Nasze\ndo\u015bwiadczenie pozwala na sprawne przeprowadzenie nawet najbardziej\nskomplikowanych proces\u00f3w przekszta\u0142ce\u0144 sp\u00f3\u0142ek oraz zaproponowanie klientowi jak\nnajkorzystniejszych rozwi\u0105za\u0144. <\/p>\n\n\n\n<p>Ju\u017c w\n2013 roku dokonali\u015bmy ponad 30 przekszta\u0142ce\u0144 i po\u0142\u0105cze\u0144 sp\u00f3\u0142ek. Do\u015bwiadczenie\nzdobyte do tej pory przez kancelari\u0119 PragmatIQ w zakresie proces\u00f3w\nprzekszta\u0142cenia sp\u00f3\u0142ek pozwala unikn\u0105\u0107 wielu niepotrzebnych b\u0142\u0119d\u00f3w mog\u0105cych\nprzed\u0142u\u017cy\u0107 ca\u0142\u0105 procedur\u0119.<\/p>\n\n\n\n<p>W ramach\nprzekszta\u0142cenia sp\u00f3\u0142ki kancelaria \u015bwiadczy najcz\u0119\u015bciej nast\u0119puj\u0105ce us\u0142ugi:<\/p>\n\n\n\n<ul class=\"wp-block-list\">\n<li>opracowanie\nstrategii na przekszta\u0142cenie sp\u00f3\u0142ki;<\/li>\n\n\n\n<li>opracowanie\nharmonogramu przekszta\u0142cenia sp\u00f3\u0142ki;<\/li>\n\n\n\n<li>sporz\u0105dzenie\nprojektu planu przekszta\u0142cenia sp\u00f3\u0142ki; <\/li>\n\n\n\n<li>konsultacje\nprawne w zakresie bie\u017c\u0105cych czynno\u015bci oraz koordynacj\u0119 dzia\u0142a\u0144 dotycz\u0105cych\nprzekszta\u0142cenia sp\u00f3\u0142ki;<\/li>\n\n\n\n<li>wsparcie\nw kontakcie z podmiotami uczestnicz\u0105cymi w procesie przekszta\u0142cenia sp\u00f3\u0142ki np.\nbieg\u0142ym rewidentem, notariuszem;<\/li>\n\n\n\n<li>pomoc\nw przygotowaniu dokument\u00f3w w trakcie procesu przekszta\u0142cenia sp\u00f3\u0142ki np.\nzawiadomie\u0144 kontrahent\u00f3w, pracownik\u00f3w o planowanym przekszta\u0142ceniu; <\/li>\n\n\n\n<li>przygotowanie\nstatutu lub umowy sp\u00f3\u0142ki powsta\u0142ej w wyniku przekszta\u0142cenia;<\/li>\n\n\n\n<li>przygotowanie\nprojektu dokument\u00f3w oraz wniosk\u00f3w do Krajowego Rejestru S\u0105dowego oraz organ\u00f3w\nadministracji.<\/li>\n<\/ul>\n\n\n\n<p>Specjali\u015bci\nz kancelarii opr\u00f3cz wsparcia w podejmowanych czynno\u015bciach dotycz\u0105cych\nprzekszta\u0142cenia sp\u00f3\u0142ki mog\u0105 zapewni\u0107 ponadto pe\u0142n\u0105 reprezentacj\u0119 organ\u00f3w sp\u00f3\u0142ek\nuczestnicz\u0105cych w procesie przekszta\u0142cenia.&nbsp;\n<\/p>\n\n\n\n<p>Je\u015bli\nzastanawiasz si\u0119 nad przekszta\u0142ceniem swojej sp\u00f3\u0142ki \u2013 skontaktuj si\u0119 z nami!\nNasza wiedza i do\u015bwiadczenie pozwoli Ci ustrzec si\u0119 cz\u0119sto pope\u0142nianych b\u0142\u0119d\u00f3w\ni zapewni sprawne przeprowadzenie procesu przekszta\u0142cenia sp\u00f3\u0142ki.<\/p>\n\n\n\n<h3 class=\"wp-block-heading\">Po\u0142\u0105czenia oraz podzia\u0142y sp\u00f3\u0142ek <\/h3>\n\n\n\n<p>Po\u0142\u0105czenia\noraz podzia\u0142y sp\u00f3\u0142ek to procesy wymagaj\u0105ce wiedzy oraz do\u015bwiadczenia\nkancelarii. Kancelaria PragmatIQ specjalizuje si\u0119 w realizacji tych proces\u00f3w. W\nramach dzia\u0142alno\u015bci kancelarii PragmatIQ z siedzib\u0105 w Poznaniu procesy\npo\u0142\u0105czenia sp\u00f3\u0142ek by\u0142y wielokrotnie przeprowadzane z sukcesem. Sp\u00f3\u0142ki podlegaj\u0105ce\n\u0142\u0105czeniu mia\u0142y siedziby na terenie Polski. Po\u0142\u0105czenia oraz podzia\u0142y sp\u00f3\u0142ek\ndotyczy\u0142y zar\u00f3wno ma\u0142ych rodzinnych firm, jak r\u00f3wnie\u017c grup kapita\u0142owych.<\/p>\n\n\n\n<p>Do\u015bwiadczenie\nzdobyte do tej pory przez kancelari\u0119 PragmatIQ z siedzib\u0105 w Poznaniu w zakresie\nproces\u00f3w po\u0142\u0105czenia oraz podzia\u0142\u00f3w pozwala unikn\u0105\u0107 wielu niepotrzebnych b\u0142\u0119d\u00f3w\nmog\u0105cych przed\u0142u\u017cy\u0107 ca\u0142\u0105 procedur\u0119.<\/p>\n\n\n\n<p>Przyk\u0142adowo\nproces po\u0142\u0105czenia sp\u00f3\u0142ek kancelaria przeprowadza poprzez:<\/p>\n\n\n\n<ul class=\"wp-block-list\">\n<li>opracowanie\nstrategii po\u0142\u0105czenia sp\u00f3\u0142ek;<\/li>\n\n\n\n<li>opracowanie\nharmonogramu po\u0142\u0105czenia sp\u00f3\u0142ek;<\/li>\n\n\n\n<li>sporz\u0105dzenie\nprojektu planu po\u0142\u0105czenia sp\u00f3\u0142ek; <\/li>\n\n\n\n<li>przygotowanie\nstatutu lub umowy sp\u00f3\u0142ki powsta\u0142ej w wyniku po\u0142\u0105czenia;<\/li>\n\n\n\n<li>doradztwo\nprawne w zakresie czynno\u015bci oraz wsparcie dzia\u0142a\u0144 zwi\u0105zanych z po\u0142\u0105czeniem\nsp\u00f3\u0142ek;<\/li>\n\n\n\n<li>pomoc\nw przygotowaniu dokument\u00f3w w trakcie procesu po\u0142\u0105czenia sp\u00f3\u0142ek; <\/li>\n\n\n\n<li>wsparcie\nw kontaktach z podmiotami uczestnicz\u0105cymi w procesie po\u0142\u0105czenia sp\u00f3\u0142ek np.\nbieg\u0142ym rewidentem, notariuszem;<\/li>\n\n\n\n<li>przygotowanie\nprojektu dokument\u00f3w oraz wniosk\u00f3w do Krajowego Rejestru S\u0105dowego oraz organ\u00f3w\nadministracji.<\/li>\n<\/ul>\n\n\n\n<p>Specjali\u015bci\nz kancelarii PragmatIQ opr\u00f3cz wsparcia w podejmowanych czynno\u015bciach dotycz\u0105cych\nmog\u0105 zapewni\u0107 ponadto reprezentacj\u0119 organ\u00f3w sp\u00f3\u0142ek uczestnicz\u0105cych w procesie\npo\u0142\u0105czenia lub podziale.<\/p>\n\n\n\n<p>Je\u015bli\nzatem chcesz w spos\u00f3b sprawny dokona\u0107 po\u0142\u0105czenia lub podzia\u0142u sp\u00f3\u0142ek,\nskontaktuj si\u0119 z kancelari\u0105 PragmatIQ, kt\u00f3ra za Ciebie przeprowadzi ten proces.<\/p>\n\n\n\n<h2 class=\"wp-block-heading\">2. Przeprowadzamy analizy i planowanie podatkowe<\/h2>\n\n\n\n<p>Doradca\npodatkowy to w Polsce jeden z zawod\u00f3w zaufania publicznego. Dziedzina ta wymaga\nci\u0105g\u0142ego podnoszenia kwalifikacji i monitorowania kolejnych zmian w prawie.\nKancelaria PragmatIQ wyspecjalizowa\u0142a si\u0119 w \u015bwiadczeniu us\u0142ug jako doradca\npodatkowy. Wychodzimy bowiem z za\u0142o\u017cenia, \u017ce nale\u017cy p\u0142aci\u0107 tylko takie podatki,\njakie s\u0105 niezb\u0119dne. <\/p>\n\n\n\n<p>Kancelarie\ndoradcy podatkowego powstaj\u0105 cz\u0119sto obok kancelarii prawnych. Takie rozwi\u0105zanie\nwdro\u017cyli\u015bmy, powo\u0142uj\u0105c do \u017cycia PragmatIQ. Dzi\u0119ki temu kancelaria, kt\u00f3ra\nposiada ponadto kompetencje jako doradca podatkowy pozostaje wci\u0105\u017c na bie\u017c\u0105co\nnie tylko ze zmianami w prawie podatkowym, ale tak\u017ce innymi ga\u0142\u0119ziami prawa, z\nkt\u00f3rymi jest ono \u015bci\u015ble zwi\u0105zane.<\/p>\n\n\n\n<p>Kancelaria\nPragmatIQ jako doradca podatkowy oferuje przedsi\u0119biorstwom oraz osobom\nfizycznym kompleksowe wsparcie podatkowe na zasadzie sta\u0142ej wsp\u00f3\u0142pracy, a tak\u017ce\ndora\u017an\u0105 pomoc jako doradca podatkowy. <\/p>\n\n\n\n<p>Kancelaria PragmatIQ jako doradca podatkowy jest w stanie\nzapewni\u0107 Pa\u0144stwu m.in.:<\/p>\n\n\n\n<ul class=\"wp-block-list\">\n<li>doradztwo,\nopiniowanie i wyja\u015bnianie przepis\u00f3w prawa podatkowego (w tym PIT, CIT, VAT,\nc\u0142o, akcyza i inne);<\/li>\n\n\n\n<li>d\u0142ugofalowe\nplanowanie optymalizacji podatkowej przysz\u0142ych przedsi\u0119wzi\u0119\u0107;<\/li>\n\n\n\n<li>przygotowanie\ninterpretacji przepis\u00f3w prawa podatkowego;<\/li>\n\n\n\n<li>reprezentacje\njako pe\u0142nomocnik (doradca podatkowy, radca prawny) przed instytucjami finansowymi,\norganami skarbowymi oraz s\u0105dami administracyjnymi;<\/li>\n\n\n\n<li>sporz\u0105dzanie\nskarg, za\u017cale\u0144 i odwo\u0142a\u0144 od decyzji ww. podmiot\u00f3w<\/li>\n<\/ul>\n\n\n\n<p>Wiemy, \u017ce doradca podatkowy powinien zapewni\u0107\nprofesjonalizm, bezpiecze\u0144stwo oraz terminowo\u015b\u0107. Zapraszamy do skontaktowania\nsi\u0119 z kancelari\u0105 telefonicznie, e-mailowo lub do odwiedzenia strony kancelarii\nPragmatIQ. <\/p>\n\n\n\n<h2 class=\"wp-block-heading\">3. Doradzamy w procesie prowadzenia firmy rodzinnej<\/h2>\n\n\n\n<p>Sprawy\nkorporacyjne wymagaj\u0105 nie tylko wiedzy ale r\u00f3wnie\u017c do\u015bwiadczenia po stronie\ndoradcy. Kancelaria PragmatIQ od lat wspomaga wiele sp\u00f3\u0142ek w prowadzeniu ich\nbiznesu. Dzi\u0119ki temu sprawy korporacyjne to dziedzina, w kt\u00f3rej specjali\u015bci\nkancelarii PragmatIQ posiadaj\u0105 bogate do\u015bwiadczenie. <\/p>\n\n\n\n<p>Sprawy\nkorporacyjne realizowane przez kancelari\u0119 obejmuj\u0105 w szczeg\u00f3lno\u015bci:<\/p>\n\n\n\n<ul class=\"wp-block-list\">\n<li>sporz\u0105dzanie tekst\u00f3w um\u00f3w sp\u00f3\u0142ek oraz rejestracj\u0119 sp\u00f3\u0142ek &#8211; w ramach obs\u0142ugi korporacyjnej kancelaria pomaga za\u0142o\u017cy\u0107 now\u0105 sp\u00f3\u0142k\u0119 oraz przygotowa\u0107 wymagan\u0105 dokumentacj\u0119, w tym np. umowy i regulaminy. Prawnicy kancelarii przeprowadz\u0105 sprawy korporacyjne tak, aby zako\u0144czy\u0142y si\u0119 w jak najkr\u00f3tszym czasie. W ramach us\u0142ugi mo\u017cliwa jest tak\u017ce reprezentacja przed s\u0105dem rejestracyjnym;<\/li>\n\n\n\n<li>przekszta\u0142cenia, podzia\u0142y i \u0142\u0105czenia sp\u00f3\u0142ek &#8211; kancelaria PragmatIQ specjalizuje si\u0119 w realizacji proces\u00f3w po\u0142\u0105czenia oraz przekszta\u0142cenia sp\u00f3\u0142ek. W\u0105ska specjalizacja sprawia, \u017ce kancelaria PragmatIQ jest jedn\u0105 z najlepszych specjalist\u00f3w w Polsce. To z kolei daje gwarancje, \u017ce sprawy korporacyjne zostaj\u0105 rozwi\u0105zane w najkr\u00f3tszym mo\u017cliwym terminie;<\/li>\n\n\n\n<li>wsparcie i opiniowanie w zakresie jakim wymaga tego sytuacja sp\u00f3\u0142ki \u2013 kancelaria zapewnia klientom przygotowywanie dokumentacji wewn\u0119trznej zwi\u0105zanej z bie\u017c\u0105c\u0105 dzia\u0142alno\u015bci\u0105, takich jak regulaminy, protoko\u0142y i uchwa\u0142y podejmowane na posiedzeniach organ\u00f3w sp\u00f3\u0142ek.<\/li>\n<\/ul>\n\n\n\n<p>Nierzadko sprawy korporacyjne obejmuj\u0105 tak\u017ce wsparcie przy negocjowaniu um\u00f3w z podmiotami zewn\u0119trznymi (umowy o wsp\u00f3\u0142pracy, umowy inwestycyjne i inne).<\/p>\n\n\n\n<p>Sprawy korporacyjne obejmuj\u0105 tak\u017ce zbycie firmy lub udzia\u0142\u00f3w. Kancelaria PragmatIQ udziela wsparcia w podj\u0119ciu, a tak\u017ce kompleksowym wykonaniu decyzji, kt\u00f3re musz\u0105 podj\u0105\u0107 osoby prowadz\u0105ce sw\u00f3j biznes.<\/p>\n\n\n\n<p>Kancelaria\nPragmatIQ prowadz\u0105c sprawy korporacyjne gwarantuje sprawne i profesjonalne\npost\u0119powanie na wszystkich etapach realizacji. Ju\u017c w 2013 kancelaria\nprzeprowadzi\u0142a z sukcesem nast\u0119puj\u0105ce sprawy korporacyjne: ok. 450 post\u0119powa\u0144\nprzed KRS oraz ponad 50 sp\u00f3\u0142ek. <\/p>\n\n\n\n<p>Liczby\nnie k\u0142ami\u0105, dlatego zaufaj kancelarii PragmatIQ i ciesz si\u0119 skuteczno\u015bci\u0105 w\nprowadzeniu spraw korporacyjnych tak jak dziesi\u0105tki innych zadowolonych\nklient\u00f3w.<\/p>\n\n\n\n<h2 class=\"wp-block-heading\"><br>\n4. Chronimy, ale tak\u017ce reprezentujemy klient\u00f3w w sporach s\u0105dowych<\/h2>\n\n\n\n<p>Spory\nkorporacyjne zdarzaj\u0105 si\u0119 niemal w ka\u017cdej sp\u00f3\u0142ce. Kancelaria PragmatIQ\nkompleksowo pomaga wsp\u00f3lnikom w prowadzeniu spor\u00f3w korporacyjnych z pozosta\u0142ymi\nwsp\u00f3lnikami lub organami sp\u00f3\u0142ki.<\/p>\n\n\n\n<p>Dotychczas\nkancelaria PragmatIQ z powodzeniem prowadzi\u0142a:<\/p>\n\n\n\n<ul class=\"wp-block-list\">\n<li>spory\nkorporacyjne dotycz\u0105ce zaskar\u017cania okre\u015blonych uchwa\u0142 wsp\u00f3lnik\u00f3w, zw\u0142aszcza\ndotycz\u0105cych braku wyp\u0142aty wsp\u00f3lnikom dywidendy, jak r\u00f3wnie\u017c innych krzywdz\u0105cych\nwsp\u00f3lnika dzia\u0142a\u0144 pozosta\u0142ych wsp\u00f3lnik\u00f3w lub zarz\u0105du sp\u00f3\u0142ki;<\/li>\n\n\n\n<li>spory\nkorporacyjne wynikaj\u0105ce z&nbsp;wzajemnych um\u00f3w oraz rozlicze\u0144 pomi\u0119dzy\nwsp\u00f3lnikami albo akcjonariuszami;<\/li>\n\n\n\n<li>spory\nkorporacyjne zwi\u0105zane z&nbsp;odpowiedzialno\u015bci\u0105 cz\u0142onk\u00f3w zarz\u0105du za\nzobowi\u0105zania sp\u00f3\u0142ki;&nbsp;<\/li>\n\n\n\n<li>spory\nkorporacyjne o&nbsp;wy\u0142\u0105czenie wsp\u00f3lnika oraz o&nbsp;rozwi\u0105zanie sp\u00f3\u0142ki;<\/li>\n\n\n\n<li>spory\nkorporacyjne wynikaj\u0105ce z&nbsp;naruszenia zakazu konkurencji;<\/li>\n\n\n\n<li>spory\nkorporacyjne mi\u0119dzy wsp\u00f3lnikami wi\u0119kszo\u015bciowymi i mniejszo\u015bciowymi dotycz\u0105ce\nrealizacji uprawnie\u0144;<\/li>\n\n\n\n<li>spory\nkorporacyjne wsp\u00f3lnik\u00f3w albo akcjonariuszy za szkody wyrz\u0105dzone sp\u00f3\u0142ce;<\/li>\n\n\n\n<li>spory\nkorporacyjne zwi\u0105zane z ochron\u0105 szczeg\u00f3lnych warto\u015bci takich jak renoma czy\ndobre imi\u0119 sp\u00f3\u0142ki.<\/li>\n<\/ul>\n\n\n\n<p>Prawnicy z kancelarii PragmatIQ dbaj\u0105 o\nto by spory korporacyjne rozwi\u0105zywane by\u0142y poza sal\u0105 s\u0105dow\u0105. Cz\u0142onkowie\nkancelarii s\u0105 tak\u017ce merytorycznie przygotowani i do\u015bwiadczeni by broni\u0107 praw\nklient\u00f3w i reprezentowa\u0107 ich interesy w sporze korporacyjnym przed s\u0105dem.\nKancelaria gwarantuje poufno\u015b\u0107 oraz strategiczne doradztwo przewiduj\u0105c mo\u017cliwe\nspory korporacyjne. <\/p>\n\n\n\n<h2 class=\"wp-block-heading\">5. Pomagamy przy sprzeda\u017cy firmy lub udzia\u0142\u00f3w <\/h2>\n\n\n\n<h3 class=\"wp-block-heading\">Sprzeda\u017cy firmy<\/h3>\n\n\n\n<p>Sprzeda\u017cy\nfirmy jest jedn\u0105 z najtrudniejszych decyzji, jak\u0105 musz\u0105 podj\u0105\u0107 osoby prowadz\u0105ce\nsw\u00f3j biznes. Sprzeda\u017c firmy to wieloetapowy proces, do kt\u00f3rego warto jest\nrzetelnie si\u0119 przygotowa\u0107. W\u0142a\u015bciwie zrealizowany plan pozwoli unikn\u0105\u0107 b\u0142\u0119d\u00f3w,\nkt\u00f3re mog\u0105 wp\u0142yn\u0105\u0107 na powodzenie transakcji lub wysoko\u015b\u0107 ceny, jak\u0105 uda si\u0119\nuzyska\u0107 ze sprzeda\u017cy.<\/p>\n\n\n\n<p>Kancelaria\nPragmatIQ \u015bwiadczy kompleksowe us\u0142ugi do kt\u00f3rych nale\u017c\u0105 w szczeg\u00f3lno\u015bci: <\/p>\n\n\n\n<ul class=\"wp-block-list\">\n<li>przygotowanie przez kancelari\u0119 planu na sprzeda\u017c firmy;<\/li>\n\n\n\n<li>weryfikacja przez kancelari\u0119 wyceny na sprzeda\u017c firmy;<\/li>\n\n\n\n<li>pomoc w poszukiwaniu nabywcy;<\/li>\n\n\n\n<li>wsparcie w wyborze formy prawnej sprzeda\u017cy firmy;<\/li>\n\n\n\n<li>doradztwo kancelarii przy podj\u0119ciu decyzji o sprzeda\u017cy firmy lub jej cz\u0119\u015bci;<\/li>\n\n\n\n<li>analiza podatkowa kancelarii w celu wyboru optymalnej formy na sprzeda\u017c firmy;<\/li>\n\n\n\n<li>wsparcie w przygotowaniu firmy na sprzeda\u017c<\/li>\n\n\n\n<li>udzia\u0142 w negocjacjach sprzeda\u017cy firmy;<\/li>\n\n\n\n<li>zabezpieczenie p\u0142atno\u015bci zwi\u0105zanych ze sprzeda\u017c\u0105 firmy. <\/li>\n<\/ul>\n\n\n\n<p>Prowadz\u0105c\nsprzeda\u017c firmy kancelaria PragmatIQ gwarantuje sprawne i profesjonalne\npost\u0119powanie na wszystkich etapach transakcji. Je\u015bli chcesz aby sprzeda\u017c firmy\nprzebieg\u0142a bez niepotrzebnych zmartwie\u0144 skontaktuj si\u0119 z kancelari\u0105 PragmatIQ i\nciesz si\u0119 skuteczno\u015bci\u0105 przeprowadzonej transakcji.<strong>&nbsp;<\/strong><\/p>\n\n\n\n<h3 class=\"wp-block-heading\">Sprzeda\u017c udzia\u0142\u00f3w<\/h3>\n\n\n\n<p>Sprzeda\u017c\nudzia\u0142\u00f3w jest zawsze skomplikowan\u0105 transakcj\u0105, kt\u00f3ra niesie za sob\u0105 bardzo\npowa\u017cne konsekwencje zar\u00f3wno dla sprzedaj\u0105cego jak i kupuj\u0105cego.&nbsp;<\/p>\n\n\n\n<p>Sprzeda\u017c\nudzia\u0142\u00f3w to zagadnienie, w kt\u00f3rym prawnicy Kancelarii PragmatIQ posiadaj\u0105\nbogate do\u015bwiadczenie. Kancelaria pomog\u0142a wielu klientom w transakcjach\nsprzeda\u017cy udzia\u0142\u00f3w lub akcji, dotycz\u0105cych sp\u00f3\u0142ek, a czynno\u015bci obejmowa\u0142y m.in.:<\/p>\n\n\n\n<ul class=\"wp-block-list\">\n<li>pomoc\nw ustaleniu ceny sprzeda\u017cy udzia\u0142\u00f3w;<\/li>\n\n\n\n<li>doradztwo\nkancelarii w procesie audytu sp\u00f3\u0142ki (<em>due diligence<\/em>) w tym ocen\u0119 zagro\u017ce\u0144\njak i korzy\u015bci zwi\u0105zanych ze sprzeda\u017c\u0105 udzia\u0142\u00f3w;<\/li>\n\n\n\n<li>negocjowanie\nprzez kancelari\u0119 warunk\u00f3w i ceny sprzeda\u017cy udzia\u0142\u00f3w;<\/li>\n\n\n\n<li>przygotowanie przez kancelari\u0119 listu intencyjnego\nlub term sheet na sprzeda\u017c udzia\u0142\u00f3w;<\/li>\n\n\n\n<li>przygotowanie\nprzez kancelari\u0119 umowy\nprzedwst\u0119pnej sprzeda\u017cy udzia\u0142\u00f3w;<\/li>\n\n\n\n<li>przygotowywanie\nprzez kancelari\u0119 oraz\nopiniowanie dokument\u00f3w w ca\u0142ym procesie transakcyjnym obejmuj\u0105cym sprzeda\u017c\nudzia\u0142\u00f3w;<\/li>\n\n\n\n<li>wsparcie\nw kontaktach z podmiotami, w tym organami administracji publicznej w zakresie\nspe\u0142nienia wymaganych obowi\u0105zk\u00f3w dotycz\u0105cych sprzeda\u017cy udzia\u0142\u00f3w;<\/li>\n\n\n\n<li>doradztwo\nkancelarii w zakresie zabezpieczenia transakcji sprzeda\u017cy udzia\u0142\u00f3w.<\/li>\n<\/ul>\n\n\n\n<p>Powierzaj\u0105c\nkancelarii PragmatIQ sprzeda\u017c udzia\u0142\u00f3w masz pewno\u015b\u0107, \u017ce transakcja przebiegnie\nw pe\u0142ni pomy\u015blnie. Kancelaria gwarantuje sprawne i profesjonalne post\u0119powanie\nna wszystkich etapach transakcji sprzeda\u017cy udzia\u0142\u00f3w. <\/p>\n","protected":false},"excerpt":{"rendered":"<p>Oferta kancelarii Potrafimy skutecznie zabezpieczy\u0107 firm\u0119 i maj\u0105tek w ramach planowania spadkowego. Wiemy, jak zarz\u0105dza\u0107 procesem sukcesji mi\u0119dzypokoleniowej w rodzinie i biznesie. Pomagamy zastosowa\u0107 pragmatyczne rozwi\u0105zania.\u00a0 Zapewniamy pe\u0142n\u0105 ochron\u0119 prawn\u0105, w tym prowadzenie z\u0142o\u017conych spraw osobistych i finansowo-podatkowych. Ofert\u0119 przygotowali\u015bmy wychodz\u0105c naprzeciw potrzebom os\u00f3b o ustabilizowanej sytuacji finansowej, przedsi\u0119biorc\u00f3w prowadz\u0105cych firmy rodzinne, menad\u017cer\u00f3w, cz\u0142onk\u00f3w zarz\u0105d\u00f3w &hellip; <\/p>\n<p class=\"link-more\"><a href=\"https:\/\/pragmatiq.pl\/zmianawarty\/oferta\/\" class=\"more-link\">Continue reading<span class=\"screen-reader-text\"> &#8222;Oferta&#8221;<\/span><\/a><\/p>\n","protected":false},"author":27,"featured_media":0,"parent":0,"menu_order":0,"comment_status":"closed","ping_status":"closed","template":"","meta":{"footnotes":""},"class_list":["post-2002","page","type-page","status-publish","hentry"],"_links":{"self":[{"href":"https:\/\/pragmatiq.pl\/zmianawarty\/wp-json\/wp\/v2\/pages\/2002","targetHints":{"allow":["GET"]}}],"collection":[{"href":"https:\/\/pragmatiq.pl\/zmianawarty\/wp-json\/wp\/v2\/pages"}],"about":[{"href":"https:\/\/pragmatiq.pl\/zmianawarty\/wp-json\/wp\/v2\/types\/page"}],"author":[{"embeddable":true,"href":"https:\/\/pragmatiq.pl\/zmianawarty\/wp-json\/wp\/v2\/users\/27"}],"replies":[{"embeddable":true,"href":"https:\/\/pragmatiq.pl\/zmianawarty\/wp-json\/wp\/v2\/comments?post=2002"}],"version-history":[{"count":5,"href":"https:\/\/pragmatiq.pl\/zmianawarty\/wp-json\/wp\/v2\/pages\/2002\/revisions"}],"predecessor-version":[{"id":4339,"href":"https:\/\/pragmatiq.pl\/zmianawarty\/wp-json\/wp\/v2\/pages\/2002\/revisions\/4339"}],"wp:attachment":[{"href":"https:\/\/pragmatiq.pl\/zmianawarty\/wp-json\/wp\/v2\/media?parent=2002"}],"curies":[{"name":"wp","href":"https:\/\/api.w.org\/{rel}","templated":true}]}}