{"id":2,"date":"2017-05-02T09:31:49","date_gmt":"2017-05-02T07:31:49","guid":{"rendered":"http:\/\/powiazane.tarexperts.net\/?page_id=2"},"modified":"2024-02-28T15:28:51","modified_gmt":"2024-02-28T14:28:51","slug":"oferta","status":"publish","type":"page","link":"https:\/\/pragmatiq.pl\/ulgidlainnowacji\/oferta\/","title":{"rendered":"Oferta"},"content":{"rendered":"<p><span class=\"ui-provider ed bjt bfy cif cig cih cii cij cik cil cim cin cio cip ciq cir cis cit ciu civ ciw cix ciy ciz cja cjb cjc cjd cje cjf cjg cjh cji cjj cjk\" dir=\"ltr\">Ka\u017cda firma kryje w sobie potencja\u0142 do innowacji, a odpowiednie zastosowanie ulg podatkowych mo\u017ce znacz\u0105co wspom\u00f3c rozw\u00f3j Twojego przedsi\u0119biorstwa\u00a0 i zmniejszy\u0107 jego obci\u0105\u017cenia finansowe.\u00a0 <\/span><\/p>\n<p><span class=\"ui-provider ed bjt bfy cif cig cih cii cij cik cil cim cin cio cip ciq cir cis cit ciu civ ciw cix ciy ciz cja cjb cjc cjd cje cjf cjg cjh cji cjj cjk\" dir=\"ltr\">Oferujemy kompleksowe wsparcie we wdro\u017ceniu strategii pozwalaj\u0105cych\u00a0 na skorzystanie nie tylko z popularnych\u00a0ulg B+R oraz IP BOX, ale r\u00f3wnie\u017c z innych dost\u0119pnych ulg podatkowych wspieraj\u0105cych innowacyjno\u015b\u0107.\u00a0 Nie przegap okazji do optymalizacji koszt\u00f3w i rozwijaj sw\u00f3j biznes z nasz\u0105 pomoc\u0105!<\/span><\/p>\n","protected":false},"excerpt":{"rendered":"<p>Ka\u017cda firma kryje w sobie potencja\u0142 do innowacji, a odpowiednie zastosowanie ulg podatkowych mo\u017ce znacz\u0105co wspom\u00f3c rozw\u00f3j Twojego przedsi\u0119biorstwa\u00a0 i zmniejszy\u0107 jego obci\u0105\u017cenia finansowe.\u00a0 Oferujemy kompleksowe wsparcie we wdro\u017ceniu strategii pozwalaj\u0105cych\u00a0 na skorzystanie nie tylko z popularnych\u00a0ulg B+R oraz IP BOX, ale r\u00f3wnie\u017c z innych dost\u0119pnych ulg podatkowych wspieraj\u0105cych innowacyjno\u015b\u0107.\u00a0 Nie przegap okazji do optymalizacji&hellip;<\/p>\n","protected":false},"author":3,"featured_media":0,"parent":0,"menu_order":0,"comment_status":"closed","ping_status":"open","template":"page-templates\/offer.php","meta":{"footnotes":""},"class_list":["post-2","page","type-page","status-publish","hentry"],"yoast_head":"<!-- This site is optimized with the Yoast SEO plugin v22.9 - https:\/\/yoast.com\/wordpress\/plugins\/seo\/ -->\n<title>Oferta - Ulgi dla innowacji | PragmatIQ<\/title>\n<meta name=\"robots\" content=\"index, follow, max-snippet:-1, max-image-preview:large, max-video-preview:-1\" \/>\n<link rel=\"canonical\" href=\"https:\/\/pragmatiq.pl\/ulgidlainnowacji\/oferta\/\" \/>\n<meta property=\"og:locale\" content=\"pl_PL\" \/>\n<meta property=\"og:type\" content=\"article\" \/>\n<meta property=\"og:title\" content=\"Oferta - Ulgi dla innowacji | PragmatIQ\" \/>\n<meta property=\"og:description\" content=\"Ka\u017cda firma kryje w sobie potencja\u0142 do innowacji, a odpowiednie zastosowanie ulg podatkowych mo\u017ce znacz\u0105co wspom\u00f3c rozw\u00f3j Twojego przedsi\u0119biorstwa\u00a0 i zmniejszy\u0107 jego obci\u0105\u017cenia finansowe.\u00a0 Oferujemy kompleksowe wsparcie we wdro\u017ceniu strategii pozwalaj\u0105cych\u00a0 na skorzystanie nie tylko z popularnych\u00a0ulg B+R oraz IP BOX, ale r\u00f3wnie\u017c z innych dost\u0119pnych ulg podatkowych wspieraj\u0105cych innowacyjno\u015b\u0107.\u00a0 Nie przegap okazji do optymalizacji&hellip;\" \/>\n<meta property=\"og:url\" content=\"https:\/\/pragmatiq.pl\/ulgidlainnowacji\/oferta\/\" \/>\n<meta property=\"og:site_name\" content=\"Ulgi dla innowacji | PragmatIQ\" \/>\n<meta property=\"article:modified_time\" content=\"2024-02-28T14:28:51+00:00\" \/>\n<meta name=\"twitter:card\" content=\"summary_large_image\" \/>\n<script type=\"application\/ld+json\" class=\"yoast-schema-graph\">{\"@context\":\"https:\/\/schema.org\",\"@graph\":[{\"@type\":\"WebPage\",\"@id\":\"https:\/\/pragmatiq.pl\/ulgidlainnowacji\/oferta\/\",\"url\":\"https:\/\/pragmatiq.pl\/ulgidlainnowacji\/oferta\/\",\"name\":\"Oferta - Ulgi dla innowacji | PragmatIQ\",\"isPartOf\":{\"@id\":\"https:\/\/pragmatiq.pl\/ulgidlainnowacji\/#website\"},\"datePublished\":\"2017-05-02T07:31:49+00:00\",\"dateModified\":\"2024-02-28T14:28:51+00:00\",\"breadcrumb\":{\"@id\":\"https:\/\/pragmatiq.pl\/ulgidlainnowacji\/oferta\/#breadcrumb\"},\"inLanguage\":\"pl-PL\",\"potentialAction\":[{\"@type\":\"ReadAction\",\"target\":[\"https:\/\/pragmatiq.pl\/ulgidlainnowacji\/oferta\/\"]}]},{\"@type\":\"BreadcrumbList\",\"@id\":\"https:\/\/pragmatiq.pl\/ulgidlainnowacji\/oferta\/#breadcrumb\",\"itemListElement\":[{\"@type\":\"ListItem\",\"position\":1,\"name\":\"Strona g\u0142\u00f3wna\",\"item\":\"https:\/\/pragmatiq.pl\/ulgidlainnowacji\/\"},{\"@type\":\"ListItem\",\"position\":2,\"name\":\"Oferta\"}]},{\"@type\":\"WebSite\",\"@id\":\"https:\/\/pragmatiq.pl\/ulgidlainnowacji\/#website\",\"url\":\"https:\/\/pragmatiq.pl\/ulgidlainnowacji\/\",\"name\":\"Ulgi dla innowacji | PragmatIQ\",\"description\":\"\",\"potentialAction\":[{\"@type\":\"SearchAction\",\"target\":{\"@type\":\"EntryPoint\",\"urlTemplate\":\"https:\/\/pragmatiq.pl\/ulgidlainnowacji\/?s={search_term_string}\"},\"query-input\":\"required name=search_term_string\"}],\"inLanguage\":\"pl-PL\"}]}<\/script>\n<!-- \/ Yoast SEO plugin. -->","yoast_head_json":{"title":"Oferta - Ulgi dla innowacji | PragmatIQ","robots":{"index":"index","follow":"follow","max-snippet":"max-snippet:-1","max-image-preview":"max-image-preview:large","max-video-preview":"max-video-preview:-1"},"canonical":"https:\/\/pragmatiq.pl\/ulgidlainnowacji\/oferta\/","og_locale":"pl_PL","og_type":"article","og_title":"Oferta - Ulgi dla innowacji | PragmatIQ","og_description":"Ka\u017cda firma kryje w sobie potencja\u0142 do innowacji, a odpowiednie zastosowanie ulg podatkowych mo\u017ce znacz\u0105co wspom\u00f3c rozw\u00f3j Twojego przedsi\u0119biorstwa\u00a0 i zmniejszy\u0107 jego obci\u0105\u017cenia finansowe.\u00a0 Oferujemy kompleksowe wsparcie we wdro\u017ceniu strategii pozwalaj\u0105cych\u00a0 na skorzystanie nie tylko z popularnych\u00a0ulg B+R oraz IP BOX, ale r\u00f3wnie\u017c z innych dost\u0119pnych ulg podatkowych wspieraj\u0105cych innowacyjno\u015b\u0107.\u00a0 Nie przegap okazji do optymalizacji&hellip;","og_url":"https:\/\/pragmatiq.pl\/ulgidlainnowacji\/oferta\/","og_site_name":"Ulgi dla innowacji | PragmatIQ","article_modified_time":"2024-02-28T14:28:51+00:00","twitter_card":"summary_large_image","schema":{"@context":"https:\/\/schema.org","@graph":[{"@type":"WebPage","@id":"https:\/\/pragmatiq.pl\/ulgidlainnowacji\/oferta\/","url":"https:\/\/pragmatiq.pl\/ulgidlainnowacji\/oferta\/","name":"Oferta - Ulgi dla innowacji | PragmatIQ","isPartOf":{"@id":"https:\/\/pragmatiq.pl\/ulgidlainnowacji\/#website"},"datePublished":"2017-05-02T07:31:49+00:00","dateModified":"2024-02-28T14:28:51+00:00","breadcrumb":{"@id":"https:\/\/pragmatiq.pl\/ulgidlainnowacji\/oferta\/#breadcrumb"},"inLanguage":"pl-PL","potentialAction":[{"@type":"ReadAction","target":["https:\/\/pragmatiq.pl\/ulgidlainnowacji\/oferta\/"]}]},{"@type":"BreadcrumbList","@id":"https:\/\/pragmatiq.pl\/ulgidlainnowacji\/oferta\/#breadcrumb","itemListElement":[{"@type":"ListItem","position":1,"name":"Strona g\u0142\u00f3wna","item":"https:\/\/pragmatiq.pl\/ulgidlainnowacji\/"},{"@type":"ListItem","position":2,"name":"Oferta"}]},{"@type":"WebSite","@id":"https:\/\/pragmatiq.pl\/ulgidlainnowacji\/#website","url":"https:\/\/pragmatiq.pl\/ulgidlainnowacji\/","name":"Ulgi dla innowacji | PragmatIQ","description":"","potentialAction":[{"@type":"SearchAction","target":{"@type":"EntryPoint","urlTemplate":"https:\/\/pragmatiq.pl\/ulgidlainnowacji\/?s={search_term_string}"},"query-input":"required name=search_term_string"}],"inLanguage":"pl-PL"}]}},"_links":{"self":[{"href":"https:\/\/pragmatiq.pl\/ulgidlainnowacji\/wp-json\/wp\/v2\/pages\/2","targetHints":{"allow":["GET"]}}],"collection":[{"href":"https:\/\/pragmatiq.pl\/ulgidlainnowacji\/wp-json\/wp\/v2\/pages"}],"about":[{"href":"https:\/\/pragmatiq.pl\/ulgidlainnowacji\/wp-json\/wp\/v2\/types\/page"}],"author":[{"embeddable":true,"href":"https:\/\/pragmatiq.pl\/ulgidlainnowacji\/wp-json\/wp\/v2\/users\/3"}],"replies":[{"embeddable":true,"href":"https:\/\/pragmatiq.pl\/ulgidlainnowacji\/wp-json\/wp\/v2\/comments?post=2"}],"version-history":[{"count":17,"href":"https:\/\/pragmatiq.pl\/ulgidlainnowacji\/wp-json\/wp\/v2\/pages\/2\/revisions"}],"predecessor-version":[{"id":982,"href":"https:\/\/pragmatiq.pl\/ulgidlainnowacji\/wp-json\/wp\/v2\/pages\/2\/revisions\/982"}],"wp:attachment":[{"href":"https:\/\/pragmatiq.pl\/ulgidlainnowacji\/wp-json\/wp\/v2\/media?parent=2"}],"curies":[{"name":"wp","href":"https:\/\/api.w.org\/{rel}","templated":true}]}}