{"id":21242,"date":"2026-04-22T14:04:13","date_gmt":"2026-04-22T12:04:13","guid":{"rendered":"https:\/\/pragmatiq.pl\/sklep\/?post_type=product&#038;p=21242"},"modified":"2026-04-22T14:08:23","modified_gmt":"2026-04-22T12:08:23","slug":"przedsprzedaz-zmiana-warty-praktycznie-o-sukcesji-w-twojej-firmie-wydanie-iv-ebook-pdf-epub-mobi","status":"publish","type":"product","link":"https:\/\/pragmatiq.pl\/sklep\/produkt\/przedsprzedaz-zmiana-warty-praktycznie-o-sukcesji-w-twojej-firmie-wydanie-iv-ebook-pdf-epub-mobi\/","title":{"rendered":"PRZEDSPRZEDA\u017b :\u201eZmiana warty &#8211; praktycznie o sukcesji w Twojej firmie&#8221; Wydanie IV Ebook (PDF, EPUB, MOBI)"},"content":{"rendered":"<p>Jedyne na\u00a0rynku praktyczne kompendium wiedzy o\u00a0biznesowej sukcesji, poparte wieloletnim do\u015bwiadczeniem prawnik\u00f3w i\u00a0doradc\u00f3w podatkowych. Wiemy, jakie kwestie s\u0105\u00a0najistotniejsze dla przygotowuj\u0105cych si\u0119 do\u00a0przekazania zar\u00f3wno w\u0142adzy w\u00a0firmie jak i\u00a0jej maj\u0105tku.<\/p>\n<div class=\"elementor-element elementor-element-bc78c38 elementor-widget elementor-widget-text-editor\" data-id=\"bc78c38\" data-element_type=\"widget\" data-widget_type=\"text-editor.default\">\n<div class=\"elementor-widget-container\">\n<p><strong>474 pyta\u0144 i odpowiedzi, w tym dotycz\u0105ce fundacji rodzinnej.<br \/>\n200 przyk\u0142ad\u00f3w, ponad 700 stron, aktualny stan prawny na 1.04.2026\u00a0<\/strong><\/p>\n<\/div>\n<\/div>\n<div class=\"elementor-element elementor-element-8c43f87 e-con-boxed e-con\" data-id=\"8c43f87\" data-element_type=\"container\" data-settings=\"{&quot;content_width&quot;:&quot;boxed&quot;}\">\n<div class=\"e-con-inner\">\n<div class=\"elementor-element elementor-element-e58e418 elementor-align-left elementor-widget__width-initial elementor-widget elementor-widget-button\" data-id=\"e58e418\" data-element_type=\"widget\" data-widget_type=\"button.default\">\n<div class=\"elementor-button-wrapper\">\n<div class=\"elementor-element elementor-element-2ee5c2a e-con-boxed e-con\" data-id=\"2ee5c2a\" data-element_type=\"container\" data-settings=\"{&quot;content_width&quot;:&quot;boxed&quot;}\">\n<div class=\"e-con-inner\">\n<div class=\"elementor-element elementor-element-7f1a41f elementor-widget elementor-widget-text-editor\" data-id=\"7f1a41f\" data-element_type=\"widget\" data-widget_type=\"text-editor.default\">\n<div class=\"elementor-widget-container\">\n<h2>Najnowsze wydanie \u201cZmiany warty\u201d zawiera aktualne tre\u015bci dotycz\u0105ce fundacji rodzinnej<\/h2>\n<\/div>\n<\/div>\n<\/div>\n<\/div>\n<div class=\"elementor-element elementor-element-68055d4 e-con-boxed e-con\" data-id=\"68055d4\" data-element_type=\"container\" data-settings=\"{&quot;content_width&quot;:&quot;boxed&quot;}\">\n<div class=\"e-con-inner\">\n<div class=\"elementor-element elementor-element-c7d36aa elementor-widget elementor-widget-text-editor\" data-id=\"c7d36aa\" data-element_type=\"widget\" data-widget_type=\"text-editor.default\">\n<div class=\"elementor-widget-container\">\n<p>Powo\u0142anie do\u00a0\u017cycia polskiej fundacji rodzinnej wychodzi naprzeciw oczekiwaniom wielu przedsi\u0119biorc\u00f3w prowadz\u0105cych \u015brednie i\u00a0du\u017ce firmy rodzinne, kt\u00f3rzy\u00a0chc\u0105 zabezpieczy\u0107 zgromadzony przez\u00a0lata maj\u0105tek i\u00a0przeprowadzi\u0107 jego sukcesj\u0119 w\u00a0spos\u00f3b przemy\u015blany i\u00a0zorganizowany.<\/p>\n<p>Maj\u0105tek rodzinny kt\u00f3rym\u00a0zarz\u0105dzaj\u0105 przedsi\u0119biorcy, dzi\u0119ki rozwi\u0105zaniom fundacji mo\u017ce by\u0107 przekazany nast\u0119pnym pokoleniom bez\u00a0obaw o\u00a0jego rozdrobnienie, czy\u00a0rozpad rodzinnej firmy prowadzonej od\u00a0wielu lat.<\/p>\n<h2><strong>Nasza publikacja jest efektem wielu lat wsp\u00f3\u0142pracy z\u00a0przedsi\u0119biorcami.<\/strong><\/h2>\n<p>Na\u00a0podstawie zdobytych do\u015bwiadcze\u0144 przygotowali\u015bmy zbi\u00f3r praktycznych pyta\u0144 i\u00a0odpowiedzi, kt\u00f3re dostarczaj\u0105 szerokiej wiedzy na\u00a0temat dziedziczenia biznesu.<\/p>\n<p>Zdajemy sobie te\u017c spraw\u0119, \u017ce\u00a0kluczow\u0105 spraw\u0105 jest ch\u0119\u0107 zabezpieczenia finansowego najbli\u017cszych i\u00a0jednocze\u015bnie przyj\u0119cie rozwi\u0105zania, kt\u00f3re pozwoli \u2013 nierzadko za\u00a0wszelk\u0105 cen\u0119 \u2013 unikn\u0105\u0107 w\u00a0przysz\u0142o\u015bci jakichkolwiek nieporozumie\u0144 w\u015br\u00f3d nast\u0119pc\u00f3w.<\/p>\n<\/div>\n<p>EBOOK jest dost\u0119pny w formatach PDF, EPUB i MOBI.<\/p>\n<\/div>\n<\/div>\n<\/div>\n<\/div>\n<\/div>\n<\/div>\n<\/div>\n","protected":false},"excerpt":{"rendered":"<p>Jedyne na\u00a0rynku praktyczne kompendium wiedzy o\u00a0biznesowej sukcesji, poparte wieloletnim do\u015bwiadczeniem prawnik\u00f3w i\u00a0doradc\u00f3w podatkowych. Wiemy, jakie kwestie s\u0105\u00a0najistotniejsze dla przygotowuj\u0105cych si\u0119 do\u00a0przekazania zar\u00f3wno w\u0142adzy w\u00a0firmie jak i\u00a0jej maj\u0105tku. 474 pyta\u0144 i odpowiedzi, w tym dotycz\u0105ce fundacji rodzinnej. 200 przyk\u0142ad\u00f3w, ponad 700 stron, aktualny stan prawny na 1.04.2026\u00a0 Najnowsze wydanie \u201cZmiany warty\u201d zawiera aktualne tre\u015bci dotycz\u0105ce fundacji [&hellip;]<\/p>\n","protected":false},"featured_media":21077,"template":"","meta":{"_acf_changed":false,"site-sidebar-layout":"default","site-content-layout":"default","ast-site-content-layout":"default","site-content-style":"default","site-sidebar-style":"default","ast-global-header-display":"","ast-banner-title-visibility":"","ast-main-header-display":"","ast-hfb-above-header-display":"","ast-hfb-below-header-display":"","ast-hfb-mobile-header-display":"","site-post-title":"","ast-breadcrumbs-content":"","ast-featured-img":"","footer-sml-layout":"","ast-disable-related-posts":"","theme-transparent-header-meta":"default","adv-header-id-meta":"","stick-header-meta":"","header-above-stick-meta":"","header-main-stick-meta":"","header-below-stick-meta":"","astra-migrate-meta-layouts":"set","ast-page-background-enabled":"default","ast-page-background-meta":{"desktop":{"background-color":"var(--ast-global-color-4)","background-image":"","background-repeat":"repeat","background-position":"center center","background-size":"auto","background-attachment":"scroll","background-type":"","background-media":"","overlay-type":"","overlay-color":"","overlay-opacity":"","overlay-gradient":""},"tablet":{"background-color":"","background-image":"","background-repeat":"repeat","background-position":"center center","background-size":"auto","background-attachment":"scroll","background-type":"","background-media":"","overlay-type":"","overlay-color":"","overlay-opacity":"","overlay-gradient":""},"mobile":{"background-color":"","background-image":"","background-repeat":"repeat","background-position":"center center","background-size":"auto","background-attachment":"scroll","background-type":"","background-media":"","overlay-type":"","overlay-color":"","overlay-opacity":"","overlay-gradient":""}},"ast-content-background-meta":{"desktop":{"background-color":"var(--ast-global-color-5)","background-image":"","background-repeat":"repeat","background-position":"center center","background-size":"auto","background-attachment":"scroll","background-type":"","background-media":"","overlay-type":"","overlay-color":"","overlay-opacity":"","overlay-gradient":""},"tablet":{"background-color":"var(--ast-global-color-5)","background-image":"","background-repeat":"repeat","background-position":"center center","background-size":"auto","background-attachment":"scroll","background-type":"","background-media":"","overlay-type":"","overlay-color":"","overlay-opacity":"","overlay-gradient":""},"mobile":{"background-color":"var(--ast-global-color-5)","background-image":"","background-repeat":"repeat","background-position":"center center","background-size":"auto","background-attachment":"scroll","background-type":"","background-media":"","overlay-type":"","overlay-color":"","overlay-opacity":"","overlay-gradient":""}}},"product_brand":[],"product_cat":[30],"product_tag":[],"class_list":{"0":"post-21242","1":"product","2":"type-product","3":"status-publish","4":"has-post-thumbnail","6":"product_cat-ebooki","7":"desktop-align-left","8":"tablet-align-left","9":"mobile-align-left","11":"first","12":"onbackorder","13":"virtual","14":"taxable","15":"purchasable","16":"product-type-simple"},"acf":[],"_links":{"self":[{"href":"https:\/\/pragmatiq.pl\/sklep\/wp-json\/wp\/v2\/product\/21242","targetHints":{"allow":["GET"]}}],"collection":[{"href":"https:\/\/pragmatiq.pl\/sklep\/wp-json\/wp\/v2\/product"}],"about":[{"href":"https:\/\/pragmatiq.pl\/sklep\/wp-json\/wp\/v2\/types\/product"}],"wp:featuredmedia":[{"embeddable":true,"href":"https:\/\/pragmatiq.pl\/sklep\/wp-json\/wp\/v2\/media\/21077"}],"wp:attachment":[{"href":"https:\/\/pragmatiq.pl\/sklep\/wp-json\/wp\/v2\/media?parent=21242"}],"wp:term":[{"taxonomy":"product_brand","embeddable":true,"href":"https:\/\/pragmatiq.pl\/sklep\/wp-json\/wp\/v2\/product_brand?post=21242"},{"taxonomy":"product_cat","embeddable":true,"href":"https:\/\/pragmatiq.pl\/sklep\/wp-json\/wp\/v2\/product_cat?post=21242"},{"taxonomy":"product_tag","embeddable":true,"href":"https:\/\/pragmatiq.pl\/sklep\/wp-json\/wp\/v2\/product_tag?post=21242"}],"curies":[{"name":"wp","href":"https:\/\/api.w.org\/{rel}","templated":true}]}}