{"id":21162,"date":"2026-05-11T11:05:54","date_gmt":"2026-05-11T09:05:54","guid":{"rendered":"https:\/\/pragmatiq.pl\/sklep\/produkt\/pakiet-sp-z-o-o-tom-i-tom-ii\/"},"modified":"2026-05-13T13:31:02","modified_gmt":"2026-05-13T11:31:02","slug":"pakiet-sp-z-o-o-tom-i-tom-ii","status":"publish","type":"product","link":"https:\/\/pragmatiq.pl\/sklep\/produkt\/pakiet-sp-z-o-o-tom-i-tom-ii\/","title":{"rendered":"Pakiet ksi\u0105\u017cek \u201eSp\u00f3\u0142ka z o.o. w pytaniach i odpowiedziach\u201d Tom I + Tom II (wersja papierowa)"},"content":{"rendered":"<p>Zestaw zawiera: SPZOO1 + SPZOO2. Produkt handlowy w WooCommerce. BaseLinker powinien rozbi\u0107 zam\u00f3wienie na sk\u0142adniki: SPZOO1 x1 + SPZOO2 x1.<\/p>\n","protected":false},"excerpt":{"rendered":"<p>Pakiet obejmuje dwa tomy publikacji przygotowanych przez ekspert\u00f3w Kancelarii Prawnej PragmatIQ. To praktyczne kompendium dla os\u00f3b, kt\u00f3re chc\u0105 mie\u0107 pod r\u0119k\u0105 uporz\u0105dkowan\u0105 wiedz\u0119 o sp\u00f3\u0142ce z o.o. od jej za\u0142o\u017cenia a\u017c po bardziej zaawansowane decyzje dotycz\u0105ce zmian, finansowania i zako\u0144czenia dzia\u0142alno\u015bci.<\/p>\n","protected":false},"featured_media":21521,"template":"","meta":{"_acf_changed":false,"site-sidebar-layout":"default","site-content-layout":"","ast-site-content-layout":"default","site-content-style":"default","site-sidebar-style":"default","ast-global-header-display":"","ast-banner-title-visibility":"","ast-main-header-display":"","ast-hfb-above-header-display":"","ast-hfb-below-header-display":"","ast-hfb-mobile-header-display":"","site-post-title":"","ast-breadcrumbs-content":"","ast-featured-img":"","footer-sml-layout":"","ast-disable-related-posts":"","theme-transparent-header-meta":"default","adv-header-id-meta":"","stick-header-meta":"","header-above-stick-meta":"","header-main-stick-meta":"","header-below-stick-meta":"","astra-migrate-meta-layouts":"set","ast-page-background-enabled":"default","ast-page-background-meta":{"desktop":{"background-color":"var(--ast-global-color-4)","background-image":"","background-repeat":"repeat","background-position":"center center","background-size":"auto","background-attachment":"scroll","background-type":"","background-media":"","overlay-type":"","overlay-color":"","overlay-opacity":"","overlay-gradient":""},"tablet":{"background-color":"","background-image":"","background-repeat":"repeat","background-position":"center center","background-size":"auto","background-attachment":"scroll","background-type":"","background-media":"","overlay-type":"","overlay-color":"","overlay-opacity":"","overlay-gradient":""},"mobile":{"background-color":"","background-image":"","background-repeat":"repeat","background-position":"center center","background-size":"auto","background-attachment":"scroll","background-type":"","background-media":"","overlay-type":"","overlay-color":"","overlay-opacity":"","overlay-gradient":""}},"ast-content-background-meta":{"desktop":{"background-color":"var(--ast-global-color-5)","background-image":"","background-repeat":"repeat","background-position":"center center","background-size":"auto","background-attachment":"scroll","background-type":"","background-media":"","overlay-type":"","overlay-color":"","overlay-opacity":"","overlay-gradient":""},"tablet":{"background-color":"var(--ast-global-color-5)","background-image":"","background-repeat":"repeat","background-position":"center center","background-size":"auto","background-attachment":"scroll","background-type":"","background-media":"","overlay-type":"","overlay-color":"","overlay-opacity":"","overlay-gradient":""},"mobile":{"background-color":"var(--ast-global-color-5)","background-image":"","background-repeat":"repeat","background-position":"center center","background-size":"auto","background-attachment":"scroll","background-type":"","background-media":"","overlay-type":"","overlay-color":"","overlay-opacity":"","overlay-gradient":""}}},"product_brand":[],"product_cat":[33],"product_tag":[41],"class_list":{"0":"post-21162","1":"product","2":"type-product","3":"status-publish","4":"has-post-thumbnail","6":"product_cat-zestawy","7":"product_tag-zestaw-papier-tom-i-ii","8":"desktop-align-left","9":"tablet-align-left","10":"mobile-align-left","12":"first","13":"instock","14":"featured","15":"taxable","16":"shipping-taxable","17":"purchasable","18":"product-type-simple"},"acf":[],"_links":{"self":[{"href":"https:\/\/pragmatiq.pl\/sklep\/wp-json\/wp\/v2\/product\/21162","targetHints":{"allow":["GET"]}}],"collection":[{"href":"https:\/\/pragmatiq.pl\/sklep\/wp-json\/wp\/v2\/product"}],"about":[{"href":"https:\/\/pragmatiq.pl\/sklep\/wp-json\/wp\/v2\/types\/product"}],"wp:featuredmedia":[{"embeddable":true,"href":"https:\/\/pragmatiq.pl\/sklep\/wp-json\/wp\/v2\/media\/21521"}],"wp:attachment":[{"href":"https:\/\/pragmatiq.pl\/sklep\/wp-json\/wp\/v2\/media?parent=21162"}],"wp:term":[{"taxonomy":"product_brand","embeddable":true,"href":"https:\/\/pragmatiq.pl\/sklep\/wp-json\/wp\/v2\/product_brand?post=21162"},{"taxonomy":"product_cat","embeddable":true,"href":"https:\/\/pragmatiq.pl\/sklep\/wp-json\/wp\/v2\/product_cat?post=21162"},{"taxonomy":"product_tag","embeddable":true,"href":"https:\/\/pragmatiq.pl\/sklep\/wp-json\/wp\/v2\/product_tag?post=21162"}],"curies":[{"name":"wp","href":"https:\/\/api.w.org\/{rel}","templated":true}]}}