{"id":20869,"date":"2026-02-04T15:13:25","date_gmt":"2026-02-04T14:13:25","guid":{"rendered":"https:\/\/pragmatiq.pl\/sklep\/?post_type=product&#038;p=20869"},"modified":"2026-04-08T10:23:04","modified_gmt":"2026-04-08T08:23:04","slug":"spolka-z-o-o-w-pytaniach-i-odpowiedziach-tom-ii-wydanie-ii-ebook-pdf-epub-mobi","status":"publish","type":"product","link":"https:\/\/pragmatiq.pl\/sklep\/produkt\/spolka-z-o-o-w-pytaniach-i-odpowiedziach-tom-ii-wydanie-ii-ebook-pdf-epub-mobi\/","title":{"rendered":"\u201eSp\u00f3\u0142ka z o.o. w pytaniach i odpowiedziach\u201d Tom II Wydanie II EBOOK (PDF, EPUB, MOBI)"},"content":{"rendered":"<div class=\"elementor-element elementor-element-c45350f elementor-widget elementor-widget-heading\" data-id=\"c45350f\" data-element_type=\"widget\" data-widget_type=\"heading.default\">\n<div class=\"elementor-widget-container\">\n<h2 class=\"elementor-heading-title elementor-size-default\">TOM II:<br \/>\nJak finansowa\u0107 sp\u00f3\u0142k\u0119 i dokonywa\u0107 w niej zmian?<\/h2>\n<\/div>\n<\/div>\n<div class=\"elementor-element elementor-element-dcb24df elementor-widget elementor-widget-text-editor\" data-id=\"dcb24df\" data-element_type=\"widget\" data-widget_type=\"text-editor.default\">\n<div class=\"elementor-widget-container\">\n<p>&nbsp;<\/p>\n<p>Druga ksi\u0105\u017cka z serii jest praktycznym przewodnikiem po kwestiach szczeg\u00f3lnie wa\u017cnych dla ju\u017c funkcjonuj\u0105cej sp\u00f3\u0142ki z o.o.<\/p>\n<p>Zosta\u0142y tu om\u00f3wione wszelkie zagadnienia zwi\u0105zane z finansowaniem sp\u00f3\u0142ki, zmianami umowy oraz sk\u0142adu jej wsp\u00f3lnik\u00f3w, a tak\u017ce zako\u0144czeniem prowadzenia dzia\u0142alno\u015bci w formie sp\u00f3\u0142ki z o.o. w wyniku przekszta\u0142ce\u0144 czy likwidacji. Ponadto w ksi\u0105\u017cce poruszono zagadnienia dotycz\u0105ce ostatniej nowelizacji Kodeksu sp\u00f3\u0142ek handlowych w zakresie prawa holdingowego, uwzgl\u0119dniono r\u00f3wnie\u017c zmiany podatkowe obj\u0119te tzw. Polskim \u0141adem.<\/p>\n<ul>\n<li>421 pytania i odpowiedzi<\/li>\n<li>432 stron<\/li>\n<li>16 rozdzia\u0142\u00f3w<\/li>\n<li>63 przyk\u0142ady<\/li>\n<li>wydanie II, stan prawny na 2026 r.<\/li>\n<li>uwzgl\u0119dnia Polski \u0141ad<\/li>\n<\/ul>\n<p>Ebook dost\u0119pny jest w formatach PDF, EPUB i MOBI<\/p>\n<\/div>\n<\/div>\n","protected":false},"excerpt":{"rendered":"<p>TOM II: Jak finansowa\u0107 sp\u00f3\u0142k\u0119 i dokonywa\u0107 w niej zmian? &nbsp; Druga ksi\u0105\u017cka z serii jest praktycznym przewodnikiem po kwestiach szczeg\u00f3lnie wa\u017cnych dla ju\u017c funkcjonuj\u0105cej sp\u00f3\u0142ki z o.o. Zosta\u0142y tu om\u00f3wione wszelkie zagadnienia zwi\u0105zane z finansowaniem sp\u00f3\u0142ki, zmianami umowy oraz sk\u0142adu jej wsp\u00f3lnik\u00f3w, a tak\u017ce zako\u0144czeniem prowadzenia dzia\u0142alno\u015bci w formie sp\u00f3\u0142ki z o.o. w wyniku [&hellip;]<\/p>\n","protected":false},"featured_media":21059,"template":"","meta":{"_acf_changed":false,"site-sidebar-layout":"default","site-content-layout":"default","ast-site-content-layout":"default","site-content-style":"default","site-sidebar-style":"default","ast-global-header-display":"","ast-banner-title-visibility":"","ast-main-header-display":"","ast-hfb-above-header-display":"","ast-hfb-below-header-display":"","ast-hfb-mobile-header-display":"","site-post-title":"","ast-breadcrumbs-content":"","ast-featured-img":"","footer-sml-layout":"","ast-disable-related-posts":"","theme-transparent-header-meta":"default","adv-header-id-meta":"","stick-header-meta":"","header-above-stick-meta":"","header-main-stick-meta":"","header-below-stick-meta":"","astra-migrate-meta-layouts":"set","ast-page-background-enabled":"default","ast-page-background-meta":{"desktop":{"background-color":"var(--ast-global-color-4)","background-image":"","background-repeat":"repeat","background-position":"center center","background-size":"auto","background-attachment":"scroll","background-type":"","background-media":"","overlay-type":"","overlay-color":"","overlay-opacity":"","overlay-gradient":""},"tablet":{"background-color":"","background-image":"","background-repeat":"repeat","background-position":"center center","background-size":"auto","background-attachment":"scroll","background-type":"","background-media":"","overlay-type":"","overlay-color":"","overlay-opacity":"","overlay-gradient":""},"mobile":{"background-color":"","background-image":"","background-repeat":"repeat","background-position":"center center","background-size":"auto","background-attachment":"scroll","background-type":"","background-media":"","overlay-type":"","overlay-color":"","overlay-opacity":"","overlay-gradient":""}},"ast-content-background-meta":{"desktop":{"background-color":"var(--ast-global-color-5)","background-image":"","background-repeat":"repeat","background-position":"center center","background-size":"auto","background-attachment":"scroll","background-type":"","background-media":"","overlay-type":"","overlay-color":"","overlay-opacity":"","overlay-gradient":""},"tablet":{"background-color":"var(--ast-global-color-5)","background-image":"","background-repeat":"repeat","background-position":"center center","background-size":"auto","background-attachment":"scroll","background-type":"","background-media":"","overlay-type":"","overlay-color":"","overlay-opacity":"","overlay-gradient":""},"mobile":{"background-color":"var(--ast-global-color-5)","background-image":"","background-repeat":"repeat","background-position":"center center","background-size":"auto","background-attachment":"scroll","background-type":"","background-media":"","overlay-type":"","overlay-color":"","overlay-opacity":"","overlay-gradient":""}}},"product_brand":[],"product_cat":[30],"product_tag":[],"class_list":{"0":"post-20869","1":"product","2":"type-product","3":"status-publish","4":"has-post-thumbnail","6":"product_cat-ebooki","7":"desktop-align-left","8":"tablet-align-left","9":"mobile-align-left","11":"first","12":"instock","13":"downloadable","14":"virtual","15":"taxable","16":"purchasable","17":"product-type-simple"},"acf":[],"_links":{"self":[{"href":"https:\/\/pragmatiq.pl\/sklep\/wp-json\/wp\/v2\/product\/20869","targetHints":{"allow":["GET"]}}],"collection":[{"href":"https:\/\/pragmatiq.pl\/sklep\/wp-json\/wp\/v2\/product"}],"about":[{"href":"https:\/\/pragmatiq.pl\/sklep\/wp-json\/wp\/v2\/types\/product"}],"wp:featuredmedia":[{"embeddable":true,"href":"https:\/\/pragmatiq.pl\/sklep\/wp-json\/wp\/v2\/media\/21059"}],"wp:attachment":[{"href":"https:\/\/pragmatiq.pl\/sklep\/wp-json\/wp\/v2\/media?parent=20869"}],"wp:term":[{"taxonomy":"product_brand","embeddable":true,"href":"https:\/\/pragmatiq.pl\/sklep\/wp-json\/wp\/v2\/product_brand?post=20869"},{"taxonomy":"product_cat","embeddable":true,"href":"https:\/\/pragmatiq.pl\/sklep\/wp-json\/wp\/v2\/product_cat?post=20869"},{"taxonomy":"product_tag","embeddable":true,"href":"https:\/\/pragmatiq.pl\/sklep\/wp-json\/wp\/v2\/product_tag?post=20869"}],"curies":[{"name":"wp","href":"https:\/\/api.w.org\/{rel}","templated":true}]}}