{"id":20820,"date":"2026-02-02T12:52:25","date_gmt":"2026-02-02T11:52:25","guid":{"rendered":"https:\/\/pragmatiq.pl\/sklep\/?post_type=product&#038;p=20820"},"modified":"2026-04-08T10:33:02","modified_gmt":"2026-04-08T08:33:02","slug":"talizman-zza-wielkiej-wody-marta-matyszczak","status":"publish","type":"product","link":"https:\/\/pragmatiq.pl\/sklep\/produkt\/talizman-zza-wielkiej-wody-marta-matyszczak\/","title":{"rendered":"Talizman zza wielkiej wody &#8211; Marta Matyszczak"},"content":{"rendered":"<h4 style=\"text-align: left;\"><span data-teams=\"true\"><strong>Ksi\u0105\u017cka powsta\u0142a jako wsp\u00f3lny projekt wydawniczy Marty Matyszczak oraz PragmatIQ Kancelaria Prawna. Jej g\u0142\u00f3wnym celem jest popularyzacja oraz edukacja w zakresie sukcesji, a tak\u017ce promowanie czytania jako formy \u015bwiadomego kontaktu z literatur\u0105, kt\u00f3ra nie tylko dostarcza emocji, ale r\u00f3wnie\u017c wiedzy i refleksji &#8211; tak, by czytanie nie zanikn\u0119\u0142o, lecz pozosta\u0142o naturaln\u0105 cz\u0119\u015bci\u0105 codzienno\u015bci.<\/strong><\/span><\/h4>\n<p>&nbsp;<\/p>\n<p>Co by by\u0142o, gdyby o losach ca\u0142ej rodziny &#8211; i ogromnego maj\u0105tku &#8211; zadecydowa\u0142 niepozorny banknot? A gdyby najwi\u0119ksze dramaty nie rozgrywa\u0142y si\u0119 w s\u0105dzie, lecz przy stole, w ciszy przerywanej niedopowiedzeniami i skrywanymi urazami?<strong><br \/>\n<\/strong><br \/>\nW centrum opowie\u015bci znajduje si\u0119 rodzina Jareckich. Tragiczny wypadek samochodowy odbiera \u017cycie rodzicom i uruchamia lawin\u0119 zdarze\u0144, kt\u00f3re szybko pokazuj\u0105, \u017ce \u015bmier\u0107 to dopiero pocz\u0105tek problem\u00f3w. Testament &#8211; a w\u0142a\u015bciwie testamenty &#8211; staj\u0105 si\u0119 zarzewiem konfliktu, w kt\u00f3rym rodze\u0144stwo staje po przeciwnych stronach, a dawne relacje p\u0119kaj\u0105 pod ci\u0119\u017carem ambicji, \u017calu i poczucia krzywdy.<\/p>\n<p>R\u00f3wnolegle czytelnik zostaje cofni\u0119ty w czasie do prze\u0142omu lat osiemdziesi\u0105tych i dziewi\u0119\u0107dziesi\u0105tych &#8211; momentu, gdy wszystko si\u0119 zacz\u0119\u0142o. To wtedy do r\u0105k m\u0142odego ma\u0142\u017ce\u0144stwa trafiaj\u0105 dwie tajemnicze dwudolar\u00f3wki, przywiezione zza wielkiej wody. Banknoty, kt\u00f3re maj\u0105 przynosi\u0107 szcz\u0119\u015bcie. Przez lata zdaj\u0105 si\u0119 by\u0107 niemym \u015bwiadkiem spektakularnego sukcesu, trafnych decyzji i biznesowego rozkwitu. Czy to przypadek? A mo\u017ce jednak talizman?<\/p>\n<p>Autorka z precyzj\u0105 buduje napi\u0119cie, prowadz\u0105c czytelnika przez rodzinne sekrety, moralne dylematy i kulisy decyzji prawnych, kt\u00f3re w rzeczywisto\u015bci dotykaj\u0105 niemal ka\u017cdego &#8211; cho\u0107 rzadko chcemy o nich my\u015ble\u0107 zawczasu. Sukcesja, dziedziczenie, odpowiedzialno\u015b\u0107 za \u00a0przysz\u0142o\u015b\u0107 bliskich przestaj\u0105 by\u0107 abstrakcyjnymi poj\u0119ciami, a zaczynaj\u0105 realnie wp\u0142ywa\u0107 na losy bohater\u00f3w.<\/p>\n<p>\u201eTalizman zza wielkiej wody\u201d to historia o tym, jak cienka jest granica mi\u0119dzy szcz\u0119\u015bciem a katastrof\u0105, jak \u0142atwo przeoczy\u0107 moment, w kt\u00f3rym nale\u017ca\u0142o zada\u0107 w\u0142a\u015bciwe pytania &#8211; i jak wysok\u0105 cen\u0119 mo\u017cna zap\u0142aci\u0107 za ich brak. To opowie\u015b\u0107, kt\u00f3ra bawi, wci\u0105ga i niepostrze\u017cenie edukuje, zostawiaj\u0105c czytelnika z refleksj\u0105: czy na pewno wiemy, co stanie si\u0119 z tym, co budujemy przez ca\u0142e \u017cycie?<\/p>\n<p>Liczba stron: 132<\/p>\n","protected":false},"excerpt":{"rendered":"<p>Ksi\u0105\u017cka powsta\u0142a jako wsp\u00f3lny projekt wydawniczy Marty Matyszczak oraz PragmatIQ Kancelaria Prawna. Jej g\u0142\u00f3wnym celem jest popularyzacja oraz edukacja w zakresie sukcesji, a tak\u017ce promowanie czytania jako formy \u015bwiadomego kontaktu z literatur\u0105, kt\u00f3ra nie tylko dostarcza emocji, ale r\u00f3wnie\u017c wiedzy i refleksji &#8211; tak, by czytanie nie zanikn\u0119\u0142o, lecz pozosta\u0142o naturaln\u0105 cz\u0119\u015bci\u0105 codzienno\u015bci. &nbsp; Co [&hellip;]<\/p>\n","protected":false},"featured_media":21065,"template":"","meta":{"_acf_changed":false,"site-sidebar-layout":"default","site-content-layout":"","ast-site-content-layout":"default","site-content-style":"default","site-sidebar-style":"default","ast-global-header-display":"","ast-banner-title-visibility":"","ast-main-header-display":"","ast-hfb-above-header-display":"","ast-hfb-below-header-display":"","ast-hfb-mobile-header-display":"","site-post-title":"","ast-breadcrumbs-content":"","ast-featured-img":"","footer-sml-layout":"","ast-disable-related-posts":"","theme-transparent-header-meta":"default","adv-header-id-meta":"","stick-header-meta":"","header-above-stick-meta":"","header-main-stick-meta":"","header-below-stick-meta":"","astra-migrate-meta-layouts":"set","ast-page-background-enabled":"default","ast-page-background-meta":{"desktop":{"background-color":"var(--ast-global-color-4)","background-image":"","background-repeat":"repeat","background-position":"center center","background-size":"auto","background-attachment":"scroll","background-type":"","background-media":"","overlay-type":"","overlay-color":"","overlay-opacity":"","overlay-gradient":""},"tablet":{"background-color":"","background-image":"","background-repeat":"repeat","background-position":"center center","background-size":"auto","background-attachment":"scroll","background-type":"","background-media":"","overlay-type":"","overlay-color":"","overlay-opacity":"","overlay-gradient":""},"mobile":{"background-color":"","background-image":"","background-repeat":"repeat","background-position":"center center","background-size":"auto","background-attachment":"scroll","background-type":"","background-media":"","overlay-type":"","overlay-color":"","overlay-opacity":"","overlay-gradient":""}},"ast-content-background-meta":{"desktop":{"background-color":"var(--ast-global-color-5)","background-image":"","background-repeat":"repeat","background-position":"center center","background-size":"auto","background-attachment":"scroll","background-type":"","background-media":"","overlay-type":"","overlay-color":"","overlay-opacity":"","overlay-gradient":""},"tablet":{"background-color":"var(--ast-global-color-5)","background-image":"","background-repeat":"repeat","background-position":"center center","background-size":"auto","background-attachment":"scroll","background-type":"","background-media":"","overlay-type":"","overlay-color":"","overlay-opacity":"","overlay-gradient":""},"mobile":{"background-color":"var(--ast-global-color-5)","background-image":"","background-repeat":"repeat","background-position":"center center","background-size":"auto","background-attachment":"scroll","background-type":"","background-media":"","overlay-type":"","overlay-color":"","overlay-opacity":"","overlay-gradient":""}}},"product_brand":[],"product_cat":[17],"product_tag":[],"class_list":{"0":"post-20820","1":"product","2":"type-product","3":"status-publish","4":"has-post-thumbnail","6":"product_cat-ksiazki","7":"desktop-align-left","8":"tablet-align-left","9":"mobile-align-left","11":"first","12":"instock","13":"taxable","14":"shipping-taxable","15":"purchasable","16":"product-type-simple"},"acf":[],"_links":{"self":[{"href":"https:\/\/pragmatiq.pl\/sklep\/wp-json\/wp\/v2\/product\/20820","targetHints":{"allow":["GET"]}}],"collection":[{"href":"https:\/\/pragmatiq.pl\/sklep\/wp-json\/wp\/v2\/product"}],"about":[{"href":"https:\/\/pragmatiq.pl\/sklep\/wp-json\/wp\/v2\/types\/product"}],"wp:featuredmedia":[{"embeddable":true,"href":"https:\/\/pragmatiq.pl\/sklep\/wp-json\/wp\/v2\/media\/21065"}],"wp:attachment":[{"href":"https:\/\/pragmatiq.pl\/sklep\/wp-json\/wp\/v2\/media?parent=20820"}],"wp:term":[{"taxonomy":"product_brand","embeddable":true,"href":"https:\/\/pragmatiq.pl\/sklep\/wp-json\/wp\/v2\/product_brand?post=20820"},{"taxonomy":"product_cat","embeddable":true,"href":"https:\/\/pragmatiq.pl\/sklep\/wp-json\/wp\/v2\/product_cat?post=20820"},{"taxonomy":"product_tag","embeddable":true,"href":"https:\/\/pragmatiq.pl\/sklep\/wp-json\/wp\/v2\/product_tag?post=20820"}],"curies":[{"name":"wp","href":"https:\/\/api.w.org\/{rel}","templated":true}]}}