{"id":19956,"date":"2025-04-03T15:23:50","date_gmt":"2025-04-03T13:23:50","guid":{"rendered":"https:\/\/pragmatiq.pl\/sklep\/?post_type=product&#038;p=19956"},"modified":"2026-05-05T09:52:01","modified_gmt":"2026-05-05T07:52:01","slug":"spolka-z-o-o-w-pytaniach-i-odpowiedziach-tom-i-wydanie-iii-zaktualizowane-wersja-papierowa","status":"publish","type":"product","link":"https:\/\/pragmatiq.pl\/sklep\/produkt\/spolka-z-o-o-w-pytaniach-i-odpowiedziach-tom-i-wydanie-iii-zaktualizowane-wersja-papierowa\/","title":{"rendered":"\u201eSp\u00f3\u0142ka z o.o. w pytaniach i odpowiedziach\u201d Tom I Wydanie III &#8211; zaktualizowane (wersja papierowa)"},"content":{"rendered":"<div class=\"elementor-element elementor-element-6241a013 elementor-widget elementor-widget-heading\" data-id=\"6241a013\" data-element_type=\"widget\" data-widget_type=\"heading.default\">\n<div class=\"elementor-widget-container\">\n<h2 class=\"elementor-heading-title elementor-size-default\">TOM I:<br \/>\nJak za\u0142o\u017cy\u0107 i dobrze zorganizowa\u0107 sp\u00f3\u0142k\u0119?<\/h2>\n<\/div>\n<\/div>\n<div class=\"elementor-element elementor-element-50f97e48 elementor-widget elementor-widget-text-editor\" data-id=\"50f97e48\" data-element_type=\"widget\" data-widget_type=\"text-editor.default\">\n<div class=\"elementor-widget-container\">\n<p>Pierwsza ksi\u0105\u017cka z serii stanowi praktyczny przewodnik po tym, co szczeg\u00f3lnie wa\u017cne zw\u0142aszcza na pocz\u0105tku przygody ze sp\u00f3\u0142k\u0105 z o.o.<\/p>\n<p>Obejmuje ona zagadnienia dotycz\u0105ce powstania sp\u00f3\u0142ki z o.o., w tym dotycz\u0105ce przekszta\u0142cenia innej formy dzia\u0142alno\u015bci w ten rodzaj sp\u00f3\u0142ki, omawia kwestie jej organizacji i bie\u017c\u0105cych rozlicze\u0144 podatkowych, jak r\u00f3wnie\u017c problemy zwi\u0105zanie z podzia\u0142em zysku lub pokryciem straty.<\/p>\n<p><strong>Stan prawny na 2026 r.\u00a0<\/strong><\/p>\n<ul>\n<li class=\"elementor-icon-list-item\"><span class=\"elementor-icon-list-text\">588 pyta\u0144 i odpowiedzi (33 nowe pytania)<br \/>\n<\/span><\/li>\n<li class=\"elementor-icon-list-item\"><span class=\"elementor-icon-list-text\">558 stron<\/span><\/li>\n<li class=\"elementor-icon-list-item\"><span class=\"elementor-icon-list-text\">18 rozdzia\u0142\u00f3w<\/span><\/li>\n<li class=\"elementor-icon-list-item\"><span class=\"elementor-icon-list-text\">108 przyk\u0142ad\u00f3w<\/span><\/li>\n<li class=\"elementor-icon-list-item\"><span class=\"elementor-icon-list-text\">uwzgl\u0119dnia Polski \u0141ad<\/span><\/li>\n<\/ul>\n<p>Jest to ksi\u0105\u017cka papierowa, wysy\u0142ana kurierem Inpost lub poprzez Paczkomaty<\/p>\n<h2 class=\"elementor-heading-title elementor-size-default\">Co zyskasz kupuj\u0105c Sp\u00f3\u0142k\u0119 z o.o. w pytaniach i odpowiedziach?<\/h2>\n<div class=\"flex flex-grow flex-col gap-3 max-w-full\">\n<div class=\"min-h-[20px] flex flex-col items-start gap-3 whitespace-pre-wrap break-words overflow-x-auto\">\n<div class=\"markdown prose w-full break-words dark:prose-invert light\">\n<ul>\n<li><strong>Odkryj sekret oszcz\u0119dzania tysi\u0119cy z\u0142otych na poradach prawnych!<\/strong> Ta ksi\u0105\u017cka jest Twoim kluczem do niezmierzonej wiedzy, za kt\u00f3r\u0105 zwykle p\u0142aci si\u0119 fortun\u0119.<\/li>\n<li><strong>Powiedz &#8222;do\u015b\u0107!&#8221; godzinom sp\u0119dzonym na przeszukiwaniu Internetu!<\/strong> Ta ksi\u0105\u017cka jest Twoim latarnikiem w morzu chaotycznych informacji, oferuj\u0105c kompleksowe i wiarygodne rozwi\u0105zania dla Twojej sp\u00f3\u0142ki z o.o.<\/li>\n<li><strong>Przeistocz si\u0119 w eksperta od sp\u00f3\u0142ek z o.o. w mgnieniu oka!<\/strong> Nasza unikalna formu\u0142a pyta\u0144 i odpowiedzi pozwala przyswoi\u0107 wiedz\u0119 szybciej ni\u017c kiedykolwiek.<\/li>\n<li><strong>Nigdy wi\u0119cej nie poczujesz si\u0119 zagubiony w temacie sp\u00f3\u0142ki z o.o.!<\/strong> Sta\u0144 si\u0119 mistrzem dyskusji, zawsze o krok przed innymi.<\/li>\n<li><strong>Zg\u0142\u0119b tajniki sp\u00f3\u0142ki z o.o., bez b\u00f3lu g\u0142owy zwi\u0105zanego z przepisami!<\/strong> Prezentujemy wiedz\u0119 w przyst\u0119pny spos\u00f3b, unikaj\u0105c prawniczego \u017cargonu. Twoja \u015bcie\u017cka do bycia guru w dziedzinie sp\u00f3\u0142ki z o.o. zaczyna si\u0119 tutaj!<\/li>\n<\/ul>\n<div class=\"flex flex-grow flex-col gap-3 max-w-full\">\n<div class=\"min-h-[20px] flex flex-col items-start gap-3 whitespace-pre-wrap break-words overflow-x-auto\">\n<div class=\"markdown prose w-full break-words dark:prose-invert light\">\n<h2>Ta ksi\u0105\u017cka jest dedykowana dla:<\/h2>\n<ul>\n<li>Przedsi\u0119biorc\u00f3w pragn\u0105cych rozwija\u0107 swoj\u0105 wiedz\u0119 oraz os\u00f3b z aspiracjami do wej\u015bcia w \u015bwiat biznesu,<\/li>\n<li>wsp\u00f3lnik\u00f3w sp\u00f3\u0142ek z o.o., szukaj\u0105cych przewodnika po skomplikowanym terenie korporacyjnym,<\/li>\n<li>cz\u0142onk\u00f3w zarz\u0105du i rad nadzorczych sp\u00f3\u0142ek z o.o., kt\u00f3rzy chc\u0105 doskonali\u0107 swoje strategie zarz\u0105dzania,<\/li>\n<li>dyrektor\u00f3w finansowych sp\u00f3\u0142ek z o.o., poszukuj\u0105cych g\u0142\u0119bszego zrozumienia finans\u00f3w korporacyjnych,<\/li>\n<li>os\u00f3b na etapie rozwa\u017ca\u0144 o za\u0142o\u017ceniu sp\u00f3\u0142ki z o.o. lub pragn\u0105cych przekszta\u0142ci\u0107 istniej\u0105c\u0105 dzia\u0142alno\u015b\u0107 w t\u0119 form\u0119 prawn\u0105,<\/li>\n<li>ksi\u0119gowych, kt\u00f3rzy chc\u0105 pog\u0142\u0119bi\u0107 swoj\u0105 wiedz\u0119 o specyfice finansowej sp\u00f3\u0142ek z o.o.,<\/li>\n<li>prawnik\u00f3w i doradc\u00f3w podatkowych, potrzebuj\u0105cych aktualnych informacji o zmieniaj\u0105cych si\u0119 przepisach i praktykach,<\/li>\n<li>bieg\u0142ych rewident\u00f3w, pragn\u0105cych poszerzy\u0107 swoje kompetencje i zrozumienie finans\u00f3w sp\u00f3\u0142ek z o.o.<\/li>\n<\/ul>\n<p>Je\u015bli widzisz siebie w kt\u00f3rymkolwiek z tych punkt\u00f3w, ta ksi\u0105\u017cka jest w\u0142a\u015bnie dla Ciebie!<\/p>\n<\/div>\n<\/div>\n<\/div>\n<\/div>\n<\/div>\n<\/div>\n<\/div>\n<\/div>\n","protected":false},"excerpt":{"rendered":"<p>TOM I: Jak za\u0142o\u017cy\u0107 i dobrze zorganizowa\u0107 sp\u00f3\u0142k\u0119? Pierwsza ksi\u0105\u017cka z serii stanowi praktyczny przewodnik po tym, co szczeg\u00f3lnie wa\u017cne zw\u0142aszcza na pocz\u0105tku przygody ze sp\u00f3\u0142k\u0105 z o.o. Obejmuje ona zagadnienia dotycz\u0105ce powstania sp\u00f3\u0142ki z o.o., w tym dotycz\u0105ce przekszta\u0142cenia innej formy dzia\u0142alno\u015bci w ten rodzaj sp\u00f3\u0142ki, omawia kwestie jej organizacji i bie\u017c\u0105cych rozlicze\u0144 podatkowych, [&hellip;]<\/p>\n","protected":false},"featured_media":21067,"template":"","meta":{"_acf_changed":false,"site-sidebar-layout":"default","site-content-layout":"default","ast-site-content-layout":"default","site-content-style":"default","site-sidebar-style":"default","ast-global-header-display":"","ast-banner-title-visibility":"","ast-main-header-display":"","ast-hfb-above-header-display":"","ast-hfb-below-header-display":"","ast-hfb-mobile-header-display":"","site-post-title":"","ast-breadcrumbs-content":"","ast-featured-img":"","footer-sml-layout":"","ast-disable-related-posts":"","theme-transparent-header-meta":"default","adv-header-id-meta":"","stick-header-meta":"","header-above-stick-meta":"","header-main-stick-meta":"","header-below-stick-meta":"","astra-migrate-meta-layouts":"set","ast-page-background-enabled":"default","ast-page-background-meta":{"desktop":{"background-color":"var(--ast-global-color-4)","background-image":"","background-repeat":"repeat","background-position":"center center","background-size":"auto","background-attachment":"scroll","background-type":"","background-media":"","overlay-type":"","overlay-color":"","overlay-opacity":"","overlay-gradient":""},"tablet":{"background-color":"","background-image":"","background-repeat":"repeat","background-position":"center center","background-size":"auto","background-attachment":"scroll","background-type":"","background-media":"","overlay-type":"","overlay-color":"","overlay-opacity":"","overlay-gradient":""},"mobile":{"background-color":"","background-image":"","background-repeat":"repeat","background-position":"center center","background-size":"auto","background-attachment":"scroll","background-type":"","background-media":"","overlay-type":"","overlay-color":"","overlay-opacity":"","overlay-gradient":""}},"ast-content-background-meta":{"desktop":{"background-color":"var(--ast-global-color-5)","background-image":"","background-repeat":"repeat","background-position":"center center","background-size":"auto","background-attachment":"scroll","background-type":"","background-media":"","overlay-type":"","overlay-color":"","overlay-opacity":"","overlay-gradient":""},"tablet":{"background-color":"var(--ast-global-color-5)","background-image":"","background-repeat":"repeat","background-position":"center center","background-size":"auto","background-attachment":"scroll","background-type":"","background-media":"","overlay-type":"","overlay-color":"","overlay-opacity":"","overlay-gradient":""},"mobile":{"background-color":"var(--ast-global-color-5)","background-image":"","background-repeat":"repeat","background-position":"center center","background-size":"auto","background-attachment":"scroll","background-type":"","background-media":"","overlay-type":"","overlay-color":"","overlay-opacity":"","overlay-gradient":""}}},"product_brand":[],"product_cat":[17],"product_tag":[],"class_list":{"0":"post-19956","1":"product","2":"type-product","3":"status-publish","4":"has-post-thumbnail","6":"product_cat-ksiazki","7":"desktop-align-left","8":"tablet-align-left","9":"mobile-align-left","11":"first","12":"instock","13":"taxable","14":"shipping-taxable","15":"purchasable","16":"product-type-simple"},"acf":[],"_links":{"self":[{"href":"https:\/\/pragmatiq.pl\/sklep\/wp-json\/wp\/v2\/product\/19956","targetHints":{"allow":["GET"]}}],"collection":[{"href":"https:\/\/pragmatiq.pl\/sklep\/wp-json\/wp\/v2\/product"}],"about":[{"href":"https:\/\/pragmatiq.pl\/sklep\/wp-json\/wp\/v2\/types\/product"}],"wp:featuredmedia":[{"embeddable":true,"href":"https:\/\/pragmatiq.pl\/sklep\/wp-json\/wp\/v2\/media\/21067"}],"wp:attachment":[{"href":"https:\/\/pragmatiq.pl\/sklep\/wp-json\/wp\/v2\/media?parent=19956"}],"wp:term":[{"taxonomy":"product_brand","embeddable":true,"href":"https:\/\/pragmatiq.pl\/sklep\/wp-json\/wp\/v2\/product_brand?post=19956"},{"taxonomy":"product_cat","embeddable":true,"href":"https:\/\/pragmatiq.pl\/sklep\/wp-json\/wp\/v2\/product_cat?post=19956"},{"taxonomy":"product_tag","embeddable":true,"href":"https:\/\/pragmatiq.pl\/sklep\/wp-json\/wp\/v2\/product_tag?post=19956"}],"curies":[{"name":"wp","href":"https:\/\/api.w.org\/{rel}","templated":true}]}}