{"id":19932,"date":"2025-04-03T10:32:31","date_gmt":"2025-04-03T08:32:31","guid":{"rendered":"https:\/\/pragmatiq.pl\/sklep\/?post_type=product&#038;p=19932"},"modified":"2026-04-08T10:43:46","modified_gmt":"2026-04-08T08:43:46","slug":"spolka-z-o-o-w-pytaniach-i-odpowiedziach-tom-i-wydanie-iii-zaktualizowane-ebook-pdf-epub-mobi","status":"publish","type":"product","link":"https:\/\/pragmatiq.pl\/sklep\/produkt\/spolka-z-o-o-w-pytaniach-i-odpowiedziach-tom-i-wydanie-iii-zaktualizowane-ebook-pdf-epub-mobi\/","title":{"rendered":"\u201eSp\u00f3\u0142ka z o.o. w pytaniach i odpowiedziach\u201d Tom I Wydanie III &#8211; zaktualizowane &#8211; EBOOK (PDF, EPUB, MOBI)"},"content":{"rendered":"<div class=\"elementor-element elementor-element-6241a013 elementor-widget elementor-widget-heading\" data-id=\"6241a013\" data-element_type=\"widget\" data-widget_type=\"heading.default\">\n<div class=\"elementor-widget-container\">\n<h2 class=\"elementor-heading-title elementor-size-default\">TOM I:<br \/>\nJak za\u0142o\u017cy\u0107 i dobrze zorganizowa\u0107 sp\u00f3\u0142k\u0119?<\/h2>\n<\/div>\n<\/div>\n<div class=\"elementor-element elementor-element-50f97e48 elementor-widget elementor-widget-text-editor\" data-id=\"50f97e48\" data-element_type=\"widget\" data-widget_type=\"text-editor.default\">\n<div class=\"elementor-widget-container\">\n<p>Pierwsza ksi\u0105\u017cka z serii stanowi praktyczny przewodnik po tym, co szczeg\u00f3lnie wa\u017cne zw\u0142aszcza na pocz\u0105tku przygody ze sp\u00f3\u0142k\u0105 z o.o.<\/p>\n<p>Obejmuje ona zagadnienia dotycz\u0105ce powstania sp\u00f3\u0142ki z o.o., w tym dotycz\u0105ce przekszta\u0142cenia innej formy dzia\u0142alno\u015bci w ten rodzaj sp\u00f3\u0142ki, omawia kwestie jej organizacji i bie\u017c\u0105cych rozlicze\u0144 podatkowych, jak r\u00f3wnie\u017c problemy zwi\u0105zanie z podzia\u0142em zysku lub pokryciem straty.<\/p>\n<p><strong>Aktualny stan prawny (2025)<\/strong><\/p>\n<ul>\n<li class=\"elementor-icon-list-item\"><span class=\"elementor-icon-list-text\">588 pyta\u0144 i odpowiedzi (33 nowe pytania)<br \/>\n<\/span><\/li>\n<li class=\"elementor-icon-list-item\"><span class=\"elementor-icon-list-text\">558 stron<\/span><\/li>\n<li class=\"elementor-icon-list-item\"><span class=\"elementor-icon-list-text\">18 rozdzia\u0142\u00f3w<\/span><\/li>\n<li class=\"elementor-icon-list-item\"><span class=\"elementor-icon-list-text\">108 przyk\u0142ad\u00f3w<\/span><\/li>\n<li class=\"elementor-icon-list-item\"><span class=\"elementor-icon-list-text\">uwzgl\u0119dnia Polski \u0141ad<\/span><\/li>\n<\/ul>\n<p>EBOOK dost\u0119pny w PDF, EPUB oraz MOBI!<\/p>\n<\/div>\n<\/div>\n","protected":false},"excerpt":{"rendered":"<p>TOM I: Jak za\u0142o\u017cy\u0107 i dobrze zorganizowa\u0107 sp\u00f3\u0142k\u0119? Pierwsza ksi\u0105\u017cka z serii stanowi praktyczny przewodnik po tym, co szczeg\u00f3lnie wa\u017cne zw\u0142aszcza na pocz\u0105tku przygody ze sp\u00f3\u0142k\u0105 z o.o. Obejmuje ona zagadnienia dotycz\u0105ce powstania sp\u00f3\u0142ki z o.o., w tym dotycz\u0105ce przekszta\u0142cenia innej formy dzia\u0142alno\u015bci w ten rodzaj sp\u00f3\u0142ki, omawia kwestie jej organizacji i bie\u017c\u0105cych rozlicze\u0144 podatkowych, [&hellip;]<\/p>\n","protected":false},"featured_media":21069,"template":"","meta":{"_acf_changed":false,"site-sidebar-layout":"default","site-content-layout":"default","ast-site-content-layout":"default","site-content-style":"default","site-sidebar-style":"default","ast-global-header-display":"","ast-banner-title-visibility":"","ast-main-header-display":"","ast-hfb-above-header-display":"","ast-hfb-below-header-display":"","ast-hfb-mobile-header-display":"","site-post-title":"","ast-breadcrumbs-content":"","ast-featured-img":"","footer-sml-layout":"","ast-disable-related-posts":"","theme-transparent-header-meta":"default","adv-header-id-meta":"","stick-header-meta":"","header-above-stick-meta":"","header-main-stick-meta":"","header-below-stick-meta":"","astra-migrate-meta-layouts":"set","ast-page-background-enabled":"default","ast-page-background-meta":{"desktop":{"background-color":"var(--ast-global-color-4)","background-image":"","background-repeat":"repeat","background-position":"center center","background-size":"auto","background-attachment":"scroll","background-type":"","background-media":"","overlay-type":"","overlay-color":"","overlay-opacity":"","overlay-gradient":""},"tablet":{"background-color":"","background-image":"","background-repeat":"repeat","background-position":"center center","background-size":"auto","background-attachment":"scroll","background-type":"","background-media":"","overlay-type":"","overlay-color":"","overlay-opacity":"","overlay-gradient":""},"mobile":{"background-color":"","background-image":"","background-repeat":"repeat","background-position":"center center","background-size":"auto","background-attachment":"scroll","background-type":"","background-media":"","overlay-type":"","overlay-color":"","overlay-opacity":"","overlay-gradient":""}},"ast-content-background-meta":{"desktop":{"background-color":"var(--ast-global-color-5)","background-image":"","background-repeat":"repeat","background-position":"center center","background-size":"auto","background-attachment":"scroll","background-type":"","background-media":"","overlay-type":"","overlay-color":"","overlay-opacity":"","overlay-gradient":""},"tablet":{"background-color":"var(--ast-global-color-5)","background-image":"","background-repeat":"repeat","background-position":"center center","background-size":"auto","background-attachment":"scroll","background-type":"","background-media":"","overlay-type":"","overlay-color":"","overlay-opacity":"","overlay-gradient":""},"mobile":{"background-color":"var(--ast-global-color-5)","background-image":"","background-repeat":"repeat","background-position":"center center","background-size":"auto","background-attachment":"scroll","background-type":"","background-media":"","overlay-type":"","overlay-color":"","overlay-opacity":"","overlay-gradient":""}}},"product_brand":[],"product_cat":[30],"product_tag":[],"class_list":{"0":"post-19932","1":"product","2":"type-product","3":"status-publish","4":"has-post-thumbnail","6":"product_cat-ebooki","7":"desktop-align-left","8":"tablet-align-left","9":"mobile-align-left","11":"first","12":"instock","13":"downloadable","14":"virtual","15":"taxable","16":"purchasable","17":"product-type-simple"},"acf":[],"_links":{"self":[{"href":"https:\/\/pragmatiq.pl\/sklep\/wp-json\/wp\/v2\/product\/19932","targetHints":{"allow":["GET"]}}],"collection":[{"href":"https:\/\/pragmatiq.pl\/sklep\/wp-json\/wp\/v2\/product"}],"about":[{"href":"https:\/\/pragmatiq.pl\/sklep\/wp-json\/wp\/v2\/types\/product"}],"wp:featuredmedia":[{"embeddable":true,"href":"https:\/\/pragmatiq.pl\/sklep\/wp-json\/wp\/v2\/media\/21069"}],"wp:attachment":[{"href":"https:\/\/pragmatiq.pl\/sklep\/wp-json\/wp\/v2\/media?parent=19932"}],"wp:term":[{"taxonomy":"product_brand","embeddable":true,"href":"https:\/\/pragmatiq.pl\/sklep\/wp-json\/wp\/v2\/product_brand?post=19932"},{"taxonomy":"product_cat","embeddable":true,"href":"https:\/\/pragmatiq.pl\/sklep\/wp-json\/wp\/v2\/product_cat?post=19932"},{"taxonomy":"product_tag","embeddable":true,"href":"https:\/\/pragmatiq.pl\/sklep\/wp-json\/wp\/v2\/product_tag?post=19932"}],"curies":[{"name":"wp","href":"https:\/\/api.w.org\/{rel}","templated":true}]}}