{"id":16599,"date":"2023-10-10T11:54:09","date_gmt":"2023-10-10T09:54:09","guid":{"rendered":"https:\/\/pragmatiq.pl\/sklep\/?post_type=product&#038;p=16599"},"modified":"2026-04-08T10:47:01","modified_gmt":"2026-04-08T08:47:01","slug":"komandytowa-w-pytaniach-i-odpowiedziach-wydanie-v-ebook-pdf-epub-mobi","status":"publish","type":"product","link":"https:\/\/pragmatiq.pl\/sklep\/produkt\/komandytowa-w-pytaniach-i-odpowiedziach-wydanie-v-ebook-pdf-epub-mobi\/","title":{"rendered":"\u201eKomandytowa w pytaniach i odpowiedziach\u201d Wydanie V EBOOK (PDF, EPUB, MOBI)"},"content":{"rendered":"<div class=\"elementor-element elementor-element-c45350f elementor-widget elementor-widget-heading\" data-id=\"c45350f\" data-element_type=\"widget\" data-widget_type=\"heading.default\">\n<div class=\"elementor-widget-container\">\n<h2 class=\"elementor-heading-title elementor-size-default\">600 pyta\u0144 i odpowiedzi, w tym dotycz\u0105cych sp\u00f3\u0142ki komandytowo-akcyjnej.<\/h2>\n<\/div>\n<\/div>\n<div class=\"elementor-element elementor-element-dcb24df elementor-widget elementor-widget-text-editor\" data-id=\"dcb24df\" data-element_type=\"widget\" data-widget_type=\"text-editor.default\">\n<div class=\"elementor-widget-container\">\n<p>Jedyne na rynku praktyczne kompendium wiedzy o sp\u00f3\u0142ce komandytowej jako podatniku CIT, poparte wieloletnim do\u015bwiadczeniem w obs\u0142udze prawnej, podatkowej i ksi\u0119gowej sp\u00f3\u0142ek komandytowych.<\/p>\n<h2><strong>Nasza publikacja jest efektem wielu lat wsp\u00f3\u0142pracy z osobami, kt\u00f3re wykorzystywa\u0142y w swojej dzia\u0142alno\u015bci sp\u00f3\u0142ki komandytowe.<\/strong><\/h2>\n<p>Na podstawie zdobytych do\u015bwiadcze\u0144 przygotowali\u015bmy zbi\u00f3r praktycznych pyta\u0144 i odpowiedzi, kt\u00f3re dostarczaj\u0105 szerokiej wiedzy na temat funkcjonowania sp\u00f3\u0142ki komandytowej oraz poruszaj\u0105 problemy z zakresu prawa handlowego, prawa podatkowego i rachunkowo\u015bci.<\/p>\n<p><strong>Najnowsze wydanie zosta\u0142o tak\u017ce poszerzone o tematyk\u0119 zwi\u0105zan\u0105 ze sp\u00f3\u0142k\u0105 komandytowo-akcyjn\u0105.<\/strong><\/p>\n<p>Ebook dost\u0119pny jest w formatach PDF, EPUB i MOBI<\/p>\n<\/div>\n<\/div>\n","protected":false},"excerpt":{"rendered":"<p>600 pyta\u0144 i odpowiedzi, w tym dotycz\u0105cych sp\u00f3\u0142ki komandytowo-akcyjnej. Jedyne na rynku praktyczne kompendium wiedzy o sp\u00f3\u0142ce komandytowej jako podatniku CIT, poparte wieloletnim do\u015bwiadczeniem w obs\u0142udze prawnej, podatkowej i ksi\u0119gowej sp\u00f3\u0142ek komandytowych. Nasza publikacja jest efektem wielu lat wsp\u00f3\u0142pracy z osobami, kt\u00f3re wykorzystywa\u0142y w swojej dzia\u0142alno\u015bci sp\u00f3\u0142ki komandytowe. Na podstawie zdobytych do\u015bwiadcze\u0144 przygotowali\u015bmy zbi\u00f3r praktycznych [&hellip;]<\/p>\n","protected":false},"featured_media":21071,"template":"","meta":{"_acf_changed":false,"site-sidebar-layout":"default","site-content-layout":"default","ast-site-content-layout":"default","site-content-style":"default","site-sidebar-style":"default","ast-global-header-display":"","ast-banner-title-visibility":"","ast-main-header-display":"","ast-hfb-above-header-display":"","ast-hfb-below-header-display":"","ast-hfb-mobile-header-display":"","site-post-title":"","ast-breadcrumbs-content":"","ast-featured-img":"","footer-sml-layout":"","ast-disable-related-posts":"","theme-transparent-header-meta":"default","adv-header-id-meta":"","stick-header-meta":"","header-above-stick-meta":"","header-main-stick-meta":"","header-below-stick-meta":"","astra-migrate-meta-layouts":"set","ast-page-background-enabled":"default","ast-page-background-meta":{"desktop":{"background-color":"var(--ast-global-color-4)","background-image":"","background-repeat":"repeat","background-position":"center center","background-size":"auto","background-attachment":"scroll","background-type":"","background-media":"","overlay-type":"","overlay-color":"","overlay-opacity":"","overlay-gradient":""},"tablet":{"background-color":"","background-image":"","background-repeat":"repeat","background-position":"center center","background-size":"auto","background-attachment":"scroll","background-type":"","background-media":"","overlay-type":"","overlay-color":"","overlay-opacity":"","overlay-gradient":""},"mobile":{"background-color":"","background-image":"","background-repeat":"repeat","background-position":"center center","background-size":"auto","background-attachment":"scroll","background-type":"","background-media":"","overlay-type":"","overlay-color":"","overlay-opacity":"","overlay-gradient":""}},"ast-content-background-meta":{"desktop":{"background-color":"var(--ast-global-color-5)","background-image":"","background-repeat":"repeat","background-position":"center center","background-size":"auto","background-attachment":"scroll","background-type":"","background-media":"","overlay-type":"","overlay-color":"","overlay-opacity":"","overlay-gradient":""},"tablet":{"background-color":"var(--ast-global-color-5)","background-image":"","background-repeat":"repeat","background-position":"center center","background-size":"auto","background-attachment":"scroll","background-type":"","background-media":"","overlay-type":"","overlay-color":"","overlay-opacity":"","overlay-gradient":""},"mobile":{"background-color":"var(--ast-global-color-5)","background-image":"","background-repeat":"repeat","background-position":"center center","background-size":"auto","background-attachment":"scroll","background-type":"","background-media":"","overlay-type":"","overlay-color":"","overlay-opacity":"","overlay-gradient":""}}},"product_brand":[],"product_cat":[30],"product_tag":[],"class_list":{"0":"post-16599","1":"product","2":"type-product","3":"status-publish","4":"has-post-thumbnail","6":"product_cat-ebooki","7":"desktop-align-left","8":"tablet-align-left","9":"mobile-align-left","11":"first","12":"instock","13":"downloadable","14":"virtual","15":"taxable","16":"purchasable","17":"product-type-simple"},"acf":[],"_links":{"self":[{"href":"https:\/\/pragmatiq.pl\/sklep\/wp-json\/wp\/v2\/product\/16599","targetHints":{"allow":["GET"]}}],"collection":[{"href":"https:\/\/pragmatiq.pl\/sklep\/wp-json\/wp\/v2\/product"}],"about":[{"href":"https:\/\/pragmatiq.pl\/sklep\/wp-json\/wp\/v2\/types\/product"}],"wp:featuredmedia":[{"embeddable":true,"href":"https:\/\/pragmatiq.pl\/sklep\/wp-json\/wp\/v2\/media\/21071"}],"wp:attachment":[{"href":"https:\/\/pragmatiq.pl\/sklep\/wp-json\/wp\/v2\/media?parent=16599"}],"wp:term":[{"taxonomy":"product_brand","embeddable":true,"href":"https:\/\/pragmatiq.pl\/sklep\/wp-json\/wp\/v2\/product_brand?post=16599"},{"taxonomy":"product_cat","embeddable":true,"href":"https:\/\/pragmatiq.pl\/sklep\/wp-json\/wp\/v2\/product_cat?post=16599"},{"taxonomy":"product_tag","embeddable":true,"href":"https:\/\/pragmatiq.pl\/sklep\/wp-json\/wp\/v2\/product_tag?post=16599"}],"curies":[{"name":"wp","href":"https:\/\/api.w.org\/{rel}","templated":true}]}}