{"id":143,"date":"2023-06-20T13:41:23","date_gmt":"2023-06-20T11:41:23","guid":{"rendered":"https:\/\/pragmatiq.pl\/sklep\/?post_type=product&#038;p=143"},"modified":"2026-04-08T10:59:27","modified_gmt":"2026-04-08T08:59:27","slug":"prawie-bajki-twarde-prawo-ale-prawo","status":"publish","type":"product","link":"https:\/\/pragmatiq.pl\/sklep\/produkt\/prawie-bajki-twarde-prawo-ale-prawo\/","title":{"rendered":"Prawie Bajki: Twarde prawo, ale prawo"},"content":{"rendered":"<section class=\"container header\">Co to znaczy by\u0107 prawnikiem?Kiedy zawiera si\u0119 umow\u0119?Czy z prawem maj\u0105 do czynienia tylko doro\u015bli?<\/p>\n<\/section>\n<section class=\"container full\">Naprzeciw tym pytaniom wyszli pomys\u0142odawcy serii ksi\u0105\u017cek <br class=\"desktopOnly\" \/>Prawie bajki. Ksi\u0105\u017cki, kt\u00f3re bawi\u0105 i ucz\u0105, sta\u0142y si\u0119 te\u017c <br class=\"desktopOnly\" \/>doskona\u0142ym pretekstem do dyskusji z dzie\u0107mi na temat <br class=\"desktopOnly\" \/>prawa w codziennym \u017cyciu.Ksi\u0105\u017cki rekomendowane przez prawnik\u00f3w, <br class=\"desktopOnly\" \/>rodzic\u00f3w, pedagog\u00f3w i dzieci.<\/p>\n<h2 class=\"title\">\u201cTwarde prawo, ale prawo\u201d<\/h2>\n<section class=\"quote\">\n<p class=\"p1\"><span class=\"s1\"><em>Kto odpowiada za wyrz\u0105dzenie szkody &#8211; dziecko czy rodzice?<\/em><\/span><\/p>\n<p class=\"p1\"><span class=\"s1\"><em>Kiedy nie wystarczy powiedzie\u0107 \u201eprzepraszam\u201d?<\/em><\/span><\/p>\n<p class=\"p1\"><span class=\"s1\"><em>Czy \u201epolisa\u201d i \u201epolicja\u201d to to samo?<\/em><\/span><\/p>\n<\/section>\n<section class=\"fragment desktopOnly\">Rodzice Emilki od miesi\u0119cy zbierali pieni\u0105dze na wymarzone wakacje. Ju\u017c mieli kupowa\u0107 bilety lotnicze, gdy ich c\u00f3rka spowodowa\u0142a wypadek i zniszczy\u0142a drogie auto. Kto powinien zap\u0142aci\u0107 za szkody? Czy urlop da si\u0119 jeszcze uratowa\u0107?<\/section>\n<\/section>\n","protected":false},"excerpt":{"rendered":"<p>Co to znaczy by\u0107 prawnikiem?Kiedy zawiera si\u0119 umow\u0119?Czy z prawem maj\u0105 do czynienia tylko doro\u015bli? Naprzeciw tym pytaniom wyszli pomys\u0142odawcy serii ksi\u0105\u017cek Prawie bajki. Ksi\u0105\u017cki, kt\u00f3re bawi\u0105 i ucz\u0105, sta\u0142y si\u0119 te\u017c doskona\u0142ym pretekstem do dyskusji z dzie\u0107mi na temat prawa w codziennym \u017cyciu.Ksi\u0105\u017cki rekomendowane przez prawnik\u00f3w, rodzic\u00f3w, pedagog\u00f3w i dzieci. \u201cTwarde prawo, ale prawo\u201d [&hellip;]<\/p>\n","protected":false},"featured_media":21076,"template":"","meta":{"_acf_changed":false,"site-sidebar-layout":"default","site-content-layout":"default","ast-site-content-layout":"default","site-content-style":"default","site-sidebar-style":"default","ast-global-header-display":"","ast-banner-title-visibility":"","ast-main-header-display":"","ast-hfb-above-header-display":"","ast-hfb-below-header-display":"","ast-hfb-mobile-header-display":"","site-post-title":"","ast-breadcrumbs-content":"","ast-featured-img":"","footer-sml-layout":"","ast-disable-related-posts":"","theme-transparent-header-meta":"default","adv-header-id-meta":"","stick-header-meta":"","header-above-stick-meta":"","header-main-stick-meta":"","header-below-stick-meta":"","astra-migrate-meta-layouts":"set","ast-page-background-enabled":"default","ast-page-background-meta":{"desktop":{"background-color":"var(--ast-global-color-4)","background-image":"","background-repeat":"repeat","background-position":"center center","background-size":"auto","background-attachment":"scroll","background-type":"","background-media":"","overlay-type":"","overlay-color":"","overlay-opacity":"","overlay-gradient":""},"tablet":{"background-color":"","background-image":"","background-repeat":"repeat","background-position":"center center","background-size":"auto","background-attachment":"scroll","background-type":"","background-media":"","overlay-type":"","overlay-color":"","overlay-opacity":"","overlay-gradient":""},"mobile":{"background-color":"","background-image":"","background-repeat":"repeat","background-position":"center center","background-size":"auto","background-attachment":"scroll","background-type":"","background-media":"","overlay-type":"","overlay-color":"","overlay-opacity":"","overlay-gradient":""}},"ast-content-background-meta":{"desktop":{"background-color":"var(--ast-global-color-5)","background-image":"","background-repeat":"repeat","background-position":"center center","background-size":"auto","background-attachment":"scroll","background-type":"","background-media":"","overlay-type":"","overlay-color":"","overlay-opacity":"","overlay-gradient":""},"tablet":{"background-color":"var(--ast-global-color-5)","background-image":"","background-repeat":"repeat","background-position":"center center","background-size":"auto","background-attachment":"scroll","background-type":"","background-media":"","overlay-type":"","overlay-color":"","overlay-opacity":"","overlay-gradient":""},"mobile":{"background-color":"var(--ast-global-color-5)","background-image":"","background-repeat":"repeat","background-position":"center center","background-size":"auto","background-attachment":"scroll","background-type":"","background-media":"","overlay-type":"","overlay-color":"","overlay-opacity":"","overlay-gradient":""}}},"product_brand":[],"product_cat":[17],"product_tag":[],"class_list":{"0":"post-143","1":"product","2":"type-product","3":"status-publish","4":"has-post-thumbnail","6":"product_cat-ksiazki","7":"desktop-align-left","8":"tablet-align-left","9":"mobile-align-left","11":"first","12":"instock","13":"taxable","14":"shipping-taxable","15":"purchasable","16":"product-type-simple"},"acf":[],"_links":{"self":[{"href":"https:\/\/pragmatiq.pl\/sklep\/wp-json\/wp\/v2\/product\/143","targetHints":{"allow":["GET"]}}],"collection":[{"href":"https:\/\/pragmatiq.pl\/sklep\/wp-json\/wp\/v2\/product"}],"about":[{"href":"https:\/\/pragmatiq.pl\/sklep\/wp-json\/wp\/v2\/types\/product"}],"wp:featuredmedia":[{"embeddable":true,"href":"https:\/\/pragmatiq.pl\/sklep\/wp-json\/wp\/v2\/media\/21076"}],"wp:attachment":[{"href":"https:\/\/pragmatiq.pl\/sklep\/wp-json\/wp\/v2\/media?parent=143"}],"wp:term":[{"taxonomy":"product_brand","embeddable":true,"href":"https:\/\/pragmatiq.pl\/sklep\/wp-json\/wp\/v2\/product_brand?post=143"},{"taxonomy":"product_cat","embeddable":true,"href":"https:\/\/pragmatiq.pl\/sklep\/wp-json\/wp\/v2\/product_cat?post=143"},{"taxonomy":"product_tag","embeddable":true,"href":"https:\/\/pragmatiq.pl\/sklep\/wp-json\/wp\/v2\/product_tag?post=143"}],"curies":[{"name":"wp","href":"https:\/\/api.w.org\/{rel}","templated":true}]}}