{"id":2,"date":"2017-05-02T09:31:49","date_gmt":"2017-05-02T07:31:49","guid":{"rendered":"http:\/\/powiazane.tarexperts.net\/?page_id=2"},"modified":"2019-05-07T11:55:45","modified_gmt":"2019-05-07T09:55:45","slug":"oferta","status":"publish","type":"page","link":"https:\/\/pragmatiq.pl\/powiazane\/oferta\/","title":{"rendered":"Oferta"},"content":{"rendered":"<p>Od lat doradzamy firmom przy <strong>istotnych<\/strong> i <strong>strategicznych<\/strong> transakcjach. Nierzadko zdarza si\u0119, \u017ce wymagaj\u0105 one sporz\u0105dzenia dokumentacji cen transferowych. Dostarczamy nie tylko <strong>profesjonaln\u0105 obs\u0142ug\u0119<\/strong>, ale przede wszystkim <strong>kompleksowe<\/strong>, w pe\u0142ni <strong>bezpieczne<\/strong> i <strong>zindywidualizowane rozwi\u0105zania<\/strong>.<\/p>\n<p>Nasze dzia\u0142ania nie tylko wi\u0105\u017c\u0105 si\u0119 z przygotowaniem dokumentacji podatkowej, ale przede wszystkim zwi\u0105zane s\u0105 z <strong>zarz\u0105dzaniem ryzykiem cen transferowych<\/strong> i odpowiednim planowaniem poszczeg\u00f3lnych transakcji.<\/p>\n","protected":false},"excerpt":{"rendered":"<p>Od lat doradzamy firmom przy istotnych i strategicznych transakcjach. Nierzadko zdarza si\u0119, \u017ce wymagaj\u0105 one sporz\u0105dzenia dokumentacji cen transferowych. Dostarczamy nie tylko profesjonaln\u0105 obs\u0142ug\u0119, ale przede wszystkim kompleksowe, w pe\u0142ni bezpieczne i zindywidualizowane rozwi\u0105zania. Nasze dzia\u0142ania nie tylko wi\u0105\u017c\u0105 si\u0119 z przygotowaniem dokumentacji podatkowej, ale przede wszystkim zwi\u0105zane s\u0105 z zarz\u0105dzaniem ryzykiem cen transferowych i&hellip;<\/p>\n","protected":false},"author":4,"featured_media":0,"parent":0,"menu_order":0,"comment_status":"closed","ping_status":"open","template":"page-templates\/offer.php","meta":{"footnotes":""},"class_list":["post-2","page","type-page","status-publish","hentry"],"yoast_head":"<!-- This site is optimized with the Yoast SEO plugin v22.8 - https:\/\/yoast.com\/wordpress\/plugins\/seo\/ -->\n<title>Oferta - Powiazane.pl<\/title>\n<meta name=\"robots\" content=\"index, follow, max-snippet:-1, max-image-preview:large, max-video-preview:-1\" \/>\n<link rel=\"canonical\" href=\"https:\/\/pragmatiq.pl\/powiazane\/oferta\/\" \/>\n<meta property=\"og:locale\" content=\"pl_PL\" \/>\n<meta property=\"og:type\" content=\"article\" \/>\n<meta property=\"og:title\" content=\"Oferta - Powiazane.pl\" \/>\n<meta property=\"og:description\" content=\"Od lat doradzamy firmom przy istotnych i strategicznych transakcjach. Nierzadko zdarza si\u0119, \u017ce wymagaj\u0105 one sporz\u0105dzenia dokumentacji cen transferowych. Dostarczamy nie tylko profesjonaln\u0105 obs\u0142ug\u0119, ale przede wszystkim kompleksowe, w pe\u0142ni bezpieczne i zindywidualizowane rozwi\u0105zania. Nasze dzia\u0142ania nie tylko wi\u0105\u017c\u0105 si\u0119 z przygotowaniem dokumentacji podatkowej, ale przede wszystkim zwi\u0105zane s\u0105 z zarz\u0105dzaniem ryzykiem cen transferowych i&hellip;\" \/>\n<meta property=\"og:url\" content=\"https:\/\/pragmatiq.pl\/powiazane\/oferta\/\" \/>\n<meta property=\"og:site_name\" content=\"Powiazane.pl\" \/>\n<meta property=\"article:modified_time\" content=\"2019-05-07T09:55:45+00:00\" \/>\n<meta name=\"twitter:card\" content=\"summary_large_image\" \/>\n<script type=\"application\/ld+json\" class=\"yoast-schema-graph\">{\"@context\":\"https:\/\/schema.org\",\"@graph\":[{\"@type\":\"WebPage\",\"@id\":\"https:\/\/pragmatiq.pl\/powiazane\/oferta\/\",\"url\":\"https:\/\/pragmatiq.pl\/powiazane\/oferta\/\",\"name\":\"Oferta - Powiazane.pl\",\"isPartOf\":{\"@id\":\"https:\/\/pragmatiq.pl\/powiazane\/#website\"},\"datePublished\":\"2017-05-02T07:31:49+00:00\",\"dateModified\":\"2019-05-07T09:55:45+00:00\",\"breadcrumb\":{\"@id\":\"https:\/\/pragmatiq.pl\/powiazane\/oferta\/#breadcrumb\"},\"inLanguage\":\"pl-PL\",\"potentialAction\":[{\"@type\":\"ReadAction\",\"target\":[\"https:\/\/pragmatiq.pl\/powiazane\/oferta\/\"]}]},{\"@type\":\"BreadcrumbList\",\"@id\":\"https:\/\/pragmatiq.pl\/powiazane\/oferta\/#breadcrumb\",\"itemListElement\":[{\"@type\":\"ListItem\",\"position\":1,\"name\":\"Strona g\u0142\u00f3wna\",\"item\":\"https:\/\/pragmatiq.pl\/powiazane\/\"},{\"@type\":\"ListItem\",\"position\":2,\"name\":\"Oferta\"}]},{\"@type\":\"WebSite\",\"@id\":\"https:\/\/pragmatiq.pl\/powiazane\/#website\",\"url\":\"https:\/\/pragmatiq.pl\/powiazane\/\",\"name\":\"Powiazane.pl\",\"description\":\"\",\"potentialAction\":[{\"@type\":\"SearchAction\",\"target\":{\"@type\":\"EntryPoint\",\"urlTemplate\":\"https:\/\/pragmatiq.pl\/powiazane\/?s={search_term_string}\"},\"query-input\":\"required name=search_term_string\"}],\"inLanguage\":\"pl-PL\"}]}<\/script>\n<!-- \/ Yoast SEO plugin. -->","yoast_head_json":{"title":"Oferta - Powiazane.pl","robots":{"index":"index","follow":"follow","max-snippet":"max-snippet:-1","max-image-preview":"max-image-preview:large","max-video-preview":"max-video-preview:-1"},"canonical":"https:\/\/pragmatiq.pl\/powiazane\/oferta\/","og_locale":"pl_PL","og_type":"article","og_title":"Oferta - Powiazane.pl","og_description":"Od lat doradzamy firmom przy istotnych i strategicznych transakcjach. Nierzadko zdarza si\u0119, \u017ce wymagaj\u0105 one sporz\u0105dzenia dokumentacji cen transferowych. Dostarczamy nie tylko profesjonaln\u0105 obs\u0142ug\u0119, ale przede wszystkim kompleksowe, w pe\u0142ni bezpieczne i zindywidualizowane rozwi\u0105zania. Nasze dzia\u0142ania nie tylko wi\u0105\u017c\u0105 si\u0119 z przygotowaniem dokumentacji podatkowej, ale przede wszystkim zwi\u0105zane s\u0105 z zarz\u0105dzaniem ryzykiem cen transferowych i&hellip;","og_url":"https:\/\/pragmatiq.pl\/powiazane\/oferta\/","og_site_name":"Powiazane.pl","article_modified_time":"2019-05-07T09:55:45+00:00","twitter_card":"summary_large_image","schema":{"@context":"https:\/\/schema.org","@graph":[{"@type":"WebPage","@id":"https:\/\/pragmatiq.pl\/powiazane\/oferta\/","url":"https:\/\/pragmatiq.pl\/powiazane\/oferta\/","name":"Oferta - Powiazane.pl","isPartOf":{"@id":"https:\/\/pragmatiq.pl\/powiazane\/#website"},"datePublished":"2017-05-02T07:31:49+00:00","dateModified":"2019-05-07T09:55:45+00:00","breadcrumb":{"@id":"https:\/\/pragmatiq.pl\/powiazane\/oferta\/#breadcrumb"},"inLanguage":"pl-PL","potentialAction":[{"@type":"ReadAction","target":["https:\/\/pragmatiq.pl\/powiazane\/oferta\/"]}]},{"@type":"BreadcrumbList","@id":"https:\/\/pragmatiq.pl\/powiazane\/oferta\/#breadcrumb","itemListElement":[{"@type":"ListItem","position":1,"name":"Strona g\u0142\u00f3wna","item":"https:\/\/pragmatiq.pl\/powiazane\/"},{"@type":"ListItem","position":2,"name":"Oferta"}]},{"@type":"WebSite","@id":"https:\/\/pragmatiq.pl\/powiazane\/#website","url":"https:\/\/pragmatiq.pl\/powiazane\/","name":"Powiazane.pl","description":"","potentialAction":[{"@type":"SearchAction","target":{"@type":"EntryPoint","urlTemplate":"https:\/\/pragmatiq.pl\/powiazane\/?s={search_term_string}"},"query-input":"required name=search_term_string"}],"inLanguage":"pl-PL"}]}},"_links":{"self":[{"href":"https:\/\/pragmatiq.pl\/powiazane\/wp-json\/wp\/v2\/pages\/2","targetHints":{"allow":["GET"]}}],"collection":[{"href":"https:\/\/pragmatiq.pl\/powiazane\/wp-json\/wp\/v2\/pages"}],"about":[{"href":"https:\/\/pragmatiq.pl\/powiazane\/wp-json\/wp\/v2\/types\/page"}],"author":[{"embeddable":true,"href":"https:\/\/pragmatiq.pl\/powiazane\/wp-json\/wp\/v2\/users\/4"}],"replies":[{"embeddable":true,"href":"https:\/\/pragmatiq.pl\/powiazane\/wp-json\/wp\/v2\/comments?post=2"}],"version-history":[{"count":16,"href":"https:\/\/pragmatiq.pl\/powiazane\/wp-json\/wp\/v2\/pages\/2\/revisions"}],"predecessor-version":[{"id":761,"href":"https:\/\/pragmatiq.pl\/powiazane\/wp-json\/wp\/v2\/pages\/2\/revisions\/761"}],"wp:attachment":[{"href":"https:\/\/pragmatiq.pl\/powiazane\/wp-json\/wp\/v2\/media?parent=2"}],"curies":[{"name":"wp","href":"https:\/\/api.w.org\/{rel}","templated":true}]}}