{"id":774,"date":"2023-08-10T16:55:35","date_gmt":"2023-08-10T14:55:35","guid":{"rendered":"https:\/\/mniejszosciowi.pl\/?page_id=774"},"modified":"2023-08-11T09:43:26","modified_gmt":"2023-08-11T07:43:26","slug":"spory-spadkobiercow","status":"publish","type":"page","link":"https:\/\/pragmatiq.pl\/mniejszosciowi\/spory-spadkobiercow\/","title":{"rendered":"Spory Spadkobierc\u00f3w"},"content":{"rendered":"      <div id=\"post-grid-lazy-786\" class=\"post-grid-lazy\"><img decoding=\"async\" alt=\"\" src=\"\" \/><\/div>\n    <script>\n      jQuery('#post-grid-lazy-786').ready(function($) {\n        $('#post-grid-lazy-786').fadeOut();\n        $('#post-grid-786   ').fadeIn();\n      })\n    <\/script>\n    <style type=\"text\/css\">\n      #post-grid-786 {\n        display: none;\n      }\n\n      .post-grid-lazy {\n        text-align: center;\n      }\n    <\/style>\n    <div data-options='{&quot;id&quot;:&quot;786&quot;,&quot;lazy_load&quot;:&quot;yes&quot;,&quot;masonry_enable&quot;:&quot;no&quot;,&quot;view_type&quot;:&quot;grid&quot;}' id=\"post-grid-786\" class=\"post-grid grid\">\n    \n\n\n    <div class=\"grid-items\">\n      <div class=\"item item-759 skin flat even 0 \">\n        <div class=\"layer-wrapper layout-452\">\n          <div class=\"element element_1633520871153  thumb \">\r\n                    <a target=\"_blank\" href=\"https:\/\/pragmatiq.pl\/mniejszosciowi\/jak-umowy-i-statuty-wplywaja-na-dziedziczenie\/\"><img decoding=\"async\" alt=\"php\"\r\n                    src=\"https:\/\/pragmatiq.pl\/mniejszosciowi\/wp-content\/uploads\/2018\/10\/mniejszosciowi_grafika_artyku\u0142-15.png\" alt=\"Wp\u0142yw akcjonariuszy mniejszo\u015bciowych na porz\u0105dek obrad walnego zgromadzenia\"><\/a>\r\n            <\/div>\r\n    <div class=\"element element_1633520878540  title \">\r\n                    <a target=\"_blank\"\r\n                href=\"https:\/\/pragmatiq.pl\/mniejszosciowi\/jak-umowy-i-statuty-wplywaja-na-dziedziczenie\/\">Jak umowy i statuty wp\u0142ywaj\u0105 na dziedziczenie?<\/a>\r\n            <\/div>\r\n            <a class=\"element element_1691739945191  read_more \"\r\n            target=\"_blank\"\r\n            href=\"https:\/\/pragmatiq.pl\/mniejszosciowi\/jak-umowy-i-statuty-wplywaja-na-dziedziczenie\/\">Czytaj artyku\u0142<\/a>\r\n        <\/div>\n  <\/div><div class=\"item item-754 skin flat odd 1 \">\n        <div class=\"layer-wrapper layout-452\">\n          <div class=\"element element_1633520871153  thumb \">\r\n                    <a target=\"_blank\" href=\"https:\/\/pragmatiq.pl\/mniejszosciowi\/jak-wykazac-w-spolce-ze-jest-sie-spadkobierca-wspolnika\/\"><img decoding=\"async\" alt=\"php\"\r\n                    src=\"https:\/\/pragmatiq.pl\/mniejszosciowi\/wp-content\/uploads\/2019\/05\/udzia\u0142y.png\" alt=\"Sprzeda\u017c (zbycie) udzia\u0142\u00f3w w sp\u00f3\u0142ce z o.o.\"><\/a>\r\n            <\/div>\r\n    <div class=\"element element_1633520878540  title \">\r\n                    <a target=\"_blank\"\r\n                href=\"https:\/\/pragmatiq.pl\/mniejszosciowi\/jak-wykazac-w-spolce-ze-jest-sie-spadkobierca-wspolnika\/\">Jak wykaza\u0107 w sp\u00f3\u0142ce, \u017ce jest si\u0119 spadkobierc\u0105 wsp\u00f3lnika?<\/a>\r\n            <\/div>\r\n            <a class=\"element element_1691739945191  read_more \"\r\n            target=\"_blank\"\r\n            href=\"https:\/\/pragmatiq.pl\/mniejszosciowi\/jak-wykazac-w-spolce-ze-jest-sie-spadkobierca-wspolnika\/\">Czytaj artyku\u0142<\/a>\r\n        <\/div>\n  <\/div><div class=\"item item-749 skin flat even 2 \">\n        <div class=\"layer-wrapper layout-452\">\n          <div class=\"element element_1633520871153  thumb \">\r\n                    <a target=\"_blank\" href=\"https:\/\/pragmatiq.pl\/mniejszosciowi\/przeksztalcenie-spolki-jawnej-na-zadanie-spadkobiercy\/\"><img decoding=\"async\" alt=\"php\"\r\n                    src=\"https:\/\/pragmatiq.pl\/mniejszosciowi\/wp-content\/uploads\/2018\/08\/mniejszosciowi_grafika_artyku\u0142-10.jpg\" alt=\"\"><\/a>\r\n            <\/div>\r\n    <div class=\"element element_1633520878540  title \">\r\n                    <a target=\"_blank\"\r\n                href=\"https:\/\/pragmatiq.pl\/mniejszosciowi\/przeksztalcenie-spolki-jawnej-na-zadanie-spadkobiercy\/\">Przekszta\u0142cenie sp\u00f3\u0142ki jawnej na \u017c\u0105danie spadkobiercy<\/a>\r\n            <\/div>\r\n            <a class=\"element element_1691739945191  read_more \"\r\n            target=\"_blank\"\r\n            href=\"https:\/\/pragmatiq.pl\/mniejszosciowi\/przeksztalcenie-spolki-jawnej-na-zadanie-spadkobiercy\/\">Czytaj artyku\u0142<\/a>\r\n        <\/div>\n  <\/div><div class=\"item item-747 skin flat odd 3 \">\n        <div class=\"layer-wrapper layout-452\">\n          <div class=\"element element_1633520871153  thumb \">\r\n                    <a target=\"_blank\" href=\"https:\/\/pragmatiq.pl\/mniejszosciowi\/wylaczenie-wstapienia-spadkobiercow-do-spolki-skutki-dla-spolki-i-wspolnikow\/\"><img decoding=\"async\" alt=\"php\"\r\n                    src=\"https:\/\/pragmatiq.pl\/mniejszosciowi\/wp-content\/uploads\/2018\/06\/mniejszosciowi_grafika_artyku\u0142-10.png\" alt=\"Sprzeda\u017c udzia\u0142\u00f3w bez zgody sp\u00f3\u0142ki \u2013 jakie rodzi konsekwencje?\"><\/a>\r\n            <\/div>\r\n    <div class=\"element element_1633520878540  title \">\r\n                    <a target=\"_blank\"\r\n                href=\"https:\/\/pragmatiq.pl\/mniejszosciowi\/wylaczenie-wstapienia-spadkobiercow-do-spolki-skutki-dla-spolki-i-wspolnikow\/\">Wy\u0142\u0105czenie wst\u0105pienia spadkobierc\u00f3w do sp\u00f3\u0142ki \u2013 skutki dla sp\u00f3\u0142ki i wsp\u00f3lnik\u00f3w<\/a>\r\n            <\/div>\r\n            <a class=\"element element_1691739945191  read_more \"\r\n            target=\"_blank\"\r\n            href=\"https:\/\/pragmatiq.pl\/mniejszosciowi\/wylaczenie-wstapienia-spadkobiercow-do-spolki-skutki-dla-spolki-i-wspolnikow\/\">Czytaj artyku\u0142<\/a>\r\n        <\/div>\n  <\/div><div class=\"item item-742 skin flat even 4 \">\n        <div class=\"layer-wrapper layout-452\">\n          <div class=\"element element_1633520871153  thumb \">\r\n                    <a target=\"_blank\" href=\"https:\/\/pragmatiq.pl\/mniejszosciowi\/smierc-wspolnika-spolki-osobowej-skutki-dla-spolki\/\"><img decoding=\"async\" alt=\"php\"\r\n                    src=\"https:\/\/pragmatiq.pl\/mniejszosciowi\/wp-content\/uploads\/2018\/08\/mniejszosciowi_grafika_artyku\u0142-14-1.jpg\" alt=\"Dost\u0119p do dokument\u00f3w sp\u00f3\u0142ki z o.o. \u2013 narz\u0119dzie kontroli dla mniejszo\u015bciowego wsp\u00f3lnika\"><\/a>\r\n            <\/div>\r\n    <div class=\"element element_1633520878540  title \">\r\n                    <a target=\"_blank\"\r\n                href=\"https:\/\/pragmatiq.pl\/mniejszosciowi\/smierc-wspolnika-spolki-osobowej-skutki-dla-spolki\/\">\u015amier\u0107 wsp\u00f3lnika sp\u00f3\u0142ki osobowej \u2013 skutki dla sp\u00f3\u0142ki<\/a>\r\n            <\/div>\r\n            <a class=\"element element_1691739945191  read_more \"\r\n            target=\"_blank\"\r\n            href=\"https:\/\/pragmatiq.pl\/mniejszosciowi\/smierc-wspolnika-spolki-osobowej-skutki-dla-spolki\/\">Czytaj artyku\u0142<\/a>\r\n        <\/div>\n  <\/div><div class=\"item item-739 skin flat odd 5 \">\n        <div class=\"layer-wrapper layout-452\">\n          <div class=\"element element_1633520871153  thumb \">\r\n                    <a target=\"_blank\" href=\"https:\/\/pragmatiq.pl\/mniejszosciowi\/wspolny-przedstawiciel-spadkobiercow-czyli-jak-spadkobiercy-zmarlego-wspolnika-wykonuja-prawa-w-spolce\/\"><img decoding=\"async\" alt=\"php\"\r\n                    src=\"https:\/\/pragmatiq.pl\/mniejszosciowi\/wp-content\/uploads\/2018\/06\/mniejszosciowi_grafika_artyku\u0142-10.png\" alt=\"Sprzeda\u017c udzia\u0142\u00f3w bez zgody sp\u00f3\u0142ki \u2013 jakie rodzi konsekwencje?\"><\/a>\r\n            <\/div>\r\n    <div class=\"element element_1633520878540  title \">\r\n                    <a target=\"_blank\"\r\n                href=\"https:\/\/pragmatiq.pl\/mniejszosciowi\/wspolny-przedstawiciel-spadkobiercow-czyli-jak-spadkobiercy-zmarlego-wspolnika-wykonuja-prawa-w-spolce\/\">Dziedziczenie w sp\u00f3\u0142ce osobowej \u2013 wsp\u00f3lny przedstawiciel spadkobierc\u00f3w wsp\u00f3lnika<\/a>\r\n            <\/div>\r\n            <a class=\"element element_1691739945191  read_more \"\r\n            target=\"_blank\"\r\n            href=\"https:\/\/pragmatiq.pl\/mniejszosciowi\/wspolny-przedstawiciel-spadkobiercow-czyli-jak-spadkobiercy-zmarlego-wspolnika-wykonuja-prawa-w-spolce\/\">Czytaj artyku\u0142<\/a>\r\n        <\/div>\n  <\/div><div class=\"item item-737 skin flat even 6 \">\n        <div class=\"layer-wrapper layout-452\">\n          <div class=\"element element_1633520871153  thumb \">\r\n                    <a target=\"_blank\" href=\"https:\/\/pragmatiq.pl\/mniejszosciowi\/smierc-wspolnika-spolki-z-o-o-jak-zabezpieczyc-spolke-na-wypadek-konfliktu-spadkobiercow\/\"><img decoding=\"async\" alt=\"php\"\r\n                    src=\"https:\/\/pragmatiq.pl\/mniejszosciowi\/wp-content\/uploads\/2020\/09\/mniejszosciowi.png\" alt=\"\"><\/a>\r\n            <\/div>\r\n    <div class=\"element element_1633520878540  title \">\r\n                    <a target=\"_blank\"\r\n                href=\"https:\/\/pragmatiq.pl\/mniejszosciowi\/smierc-wspolnika-spolki-z-o-o-jak-zabezpieczyc-spolke-na-wypadek-konfliktu-spadkobiercow\/\">\u015amier\u0107 wsp\u00f3lnika sp\u00f3\u0142ki z o.o. - jak zabezpieczy\u0107 sp\u00f3\u0142k\u0119 na wypadek konfliktu spadkobierc\u00f3w?<\/a>\r\n            <\/div>\r\n            <a class=\"element element_1691739945191  read_more \"\r\n            target=\"_blank\"\r\n            href=\"https:\/\/pragmatiq.pl\/mniejszosciowi\/smierc-wspolnika-spolki-z-o-o-jak-zabezpieczyc-spolke-na-wypadek-konfliktu-spadkobiercow\/\">Czytaj artyku\u0142<\/a>\r\n        <\/div>\n  <\/div><div class=\"item item-729 skin flat odd 7 \">\n        <div class=\"layer-wrapper layout-452\">\n          <div class=\"element element_1633520871153  thumb \">\r\n                    <a target=\"_blank\" href=\"https:\/\/pragmatiq.pl\/mniejszosciowi\/dziedziczenie-udzialow-w-spolce-osobowej-przez-kilku-spadkobiercow\/\"><img decoding=\"async\" alt=\"php\"\r\n                    src=\"https:\/\/pragmatiq.pl\/mniejszosciowi\/wp-content\/uploads\/2018\/06\/mniejszosciowi_grafika_artyku\u0142-9-2.png\" alt=\"Wycena sp\u00f3\u0142ki \u2013 podstawa do ustalenia strategii w sporze ze wsp\u00f3lnikiem\"><\/a>\r\n            <\/div>\r\n    <div class=\"element element_1633520878540  title \">\r\n                    <a target=\"_blank\"\r\n                href=\"https:\/\/pragmatiq.pl\/mniejszosciowi\/dziedziczenie-udzialow-w-spolce-osobowej-przez-kilku-spadkobiercow\/\">Dziedziczenie udzia\u0142\u00f3w w sp\u00f3\u0142ce osobowej przez kilku spadkobierc\u00f3w<\/a>\r\n            <\/div>\r\n            <a class=\"element element_1691739945191  read_more \"\r\n            target=\"_blank\"\r\n            href=\"https:\/\/pragmatiq.pl\/mniejszosciowi\/dziedziczenie-udzialow-w-spolce-osobowej-przez-kilku-spadkobiercow\/\">Czytaj artyku\u0142<\/a>\r\n        <\/div>\n  <\/div>    <\/div>\n      <style type=\"text\/css\">\r\n        .layout-452 .element_1633520871153 {\r\n            overflow: hidden;\r\n                    }\r\n\r\n        .layout-452 .element_1633520871153 img {\r\n            max-width: 100%;\r\n            height: auto;\r\n        }\r\n\r\n        @media only screen and (min-width: 1024px) {\r\n            .layout-452 .element_1633520871153 {\r\n                            }\r\n        }\r\n\r\n        @media only screen and (min-width: 768px) and (max-width: 1023px) {\r\n            .layout-452 .element_1633520871153 {\r\n                            }\r\n        }\r\n\r\n        @media only screen and (min-width: 0px) and (max-width: 767px) {\r\n            .layout-452 .element_1633520871153 {\r\n                            }\r\n        }\r\n    <\/style>\r\n    <style type=\"text\/css\">\r\n        .layout-452 .element_1633520878540 {\r\n            font-size: 20px;\r\n            margin: 10px 5px;\r\n            text-align: left;\r\n                    }\r\n\r\n        .layout-452 .element_1633520878540 a {\r\n            font-size: 20px;\r\n            margin: 10px 5px;\r\n            text-align: left;\r\n                    }\r\n    <\/style>\r\n    <style type=\"text\/css\">\r\n        .layout-452 .element_1691739945191 {\r\n            text-align: left;\r\n                    }\r\n\r\n        .layout-452 .element_1691739945191 a {\r\n                    }\r\n    <\/style>\r\n        <style type=\"text\/css\">\n      height: 260px;    <\/style>\n    <script>\n          <\/script>\n    <style type=\"text\/css\">\n    #post-grid-786 {\n      padding: 10px;\n          }\n\n    #post-grid-786 .item {\n      padding: 0px;\n      background: #fff;\n          }\n\n    #post-grid-786 .item .layer-media {\n      height:auto;    }\n\n    @media only screen and (min-width: 0px) and (max-width: 767px) {\n      #post-grid-786 .grid-items {\n        display: grid;\n        grid-template-columns: 1fr ;\n        column-gap: 10px;\n        row-gap: 10px;\n              }\n\n      #post-grid-786 .item {\n        height:260px;      }\n    }\n\n    @media only screen and (min-width: 768px) and (max-width: 1023px) {\n      #post-grid-786 .grid-items {\n        display: grid;\n        grid-template-columns: 1fr 1fr ;\n        column-gap: 10px;\n        row-gap: 10px;\n              }\n\n      #post-grid-786 .item {\n        max-height:auto;      }\n    }\n\n    @media only screen and (min-width: 1024px) {\n      #post-grid-786 .grid-items {\n        display: grid;\n        grid-template-columns: 1fr 1fr 1fr ;\n        column-gap: 10px;\n        row-gap: 10px;\n              }\n\n      #post-grid-786 .item {\n        height:260px;      }\n    }\n\n      <\/style>\n  <\/div>\n\n\n\n\n<p><\/p>\n","protected":false},"excerpt":{"rendered":"","protected":false},"author":9,"featured_media":0,"parent":0,"menu_order":0,"comment_status":"closed","ping_status":"closed","template":"","meta":{"_acf_changed":false,"footnotes":""},"class_list":["post-774","page","type-page","status-publish","hentry"],"acf":[],"yoast_head":"<!-- This site is optimized with the Yoast SEO plugin v27.3 - https:\/\/yoast.com\/product\/yoast-seo-wordpress\/ -->\n<title>Spory Spadkobierc\u00f3w | mniejszosciowi.pl<\/title>\n<meta name=\"robots\" content=\"index, follow, max-snippet:-1, max-image-preview:large, max-video-preview:-1\" \/>\n<link rel=\"canonical\" href=\"https:\/\/pragmatiq.pl\/mniejszosciowi\/spory-spadkobiercow\/\" \/>\n<meta property=\"og:locale\" content=\"pl_PL\" \/>\n<meta property=\"og:type\" content=\"article\" \/>\n<meta property=\"og:title\" content=\"Spory Spadkobierc\u00f3w | mniejszosciowi.pl\" \/>\n<meta property=\"og:url\" content=\"https:\/\/pragmatiq.pl\/mniejszosciowi\/spory-spadkobiercow\/\" \/>\n<meta property=\"og:site_name\" content=\"Mniejszo\u015bciowi\" \/>\n<meta property=\"article:modified_time\" content=\"2023-08-11T07:43:26+00:00\" \/>\n<meta name=\"twitter:card\" content=\"summary_large_image\" \/>\n<script type=\"application\/ld+json\" class=\"yoast-schema-graph\">{\"@context\":\"https:\\\/\\\/schema.org\",\"@graph\":[{\"@type\":\"WebPage\",\"@id\":\"https:\\\/\\\/pragmatiq.pl\\\/mniejszosciowi\\\/spory-spadkobiercow\\\/\",\"url\":\"https:\\\/\\\/pragmatiq.pl\\\/mniejszosciowi\\\/spory-spadkobiercow\\\/\",\"name\":\"Spory Spadkobierc\u00f3w | mniejszosciowi.pl\",\"isPartOf\":{\"@id\":\"https:\\\/\\\/pragmatiq.pl\\\/mniejszosciowi\\\/#website\"},\"datePublished\":\"2023-08-10T14:55:35+00:00\",\"dateModified\":\"2023-08-11T07:43:26+00:00\",\"breadcrumb\":{\"@id\":\"https:\\\/\\\/pragmatiq.pl\\\/mniejszosciowi\\\/spory-spadkobiercow\\\/#breadcrumb\"},\"inLanguage\":\"pl-PL\",\"potentialAction\":[{\"@type\":\"ReadAction\",\"target\":[\"https:\\\/\\\/pragmatiq.pl\\\/mniejszosciowi\\\/spory-spadkobiercow\\\/\"]}]},{\"@type\":\"BreadcrumbList\",\"@id\":\"https:\\\/\\\/pragmatiq.pl\\\/mniejszosciowi\\\/spory-spadkobiercow\\\/#breadcrumb\",\"itemListElement\":[{\"@type\":\"ListItem\",\"position\":1,\"name\":\"Strona g\u0142\u00f3wna\",\"item\":\"https:\\\/\\\/pragmatiq.pl\\\/mniejszosciowi\\\/\"},{\"@type\":\"ListItem\",\"position\":2,\"name\":\"Spory Spadkobierc\u00f3w\"}]},{\"@type\":\"WebSite\",\"@id\":\"https:\\\/\\\/pragmatiq.pl\\\/mniejszosciowi\\\/#website\",\"url\":\"https:\\\/\\\/pragmatiq.pl\\\/mniejszosciowi\\\/\",\"name\":\"Mniejszo\u015bciowi\",\"description\":\"\",\"publisher\":{\"@id\":\"https:\\\/\\\/pragmatiq.pl\\\/mniejszosciowi\\\/#organization\"},\"potentialAction\":[{\"@type\":\"SearchAction\",\"target\":{\"@type\":\"EntryPoint\",\"urlTemplate\":\"https:\\\/\\\/pragmatiq.pl\\\/mniejszosciowi\\\/?s={search_term_string}\"},\"query-input\":{\"@type\":\"PropertyValueSpecification\",\"valueRequired\":true,\"valueName\":\"search_term_string\"}}],\"inLanguage\":\"pl-PL\"},{\"@type\":\"Organization\",\"@id\":\"https:\\\/\\\/pragmatiq.pl\\\/mniejszosciowi\\\/#organization\",\"name\":\"Mniejszo\u015bciowi\",\"url\":\"https:\\\/\\\/pragmatiq.pl\\\/mniejszosciowi\\\/\",\"logo\":{\"@type\":\"ImageObject\",\"inLanguage\":\"pl-PL\",\"@id\":\"https:\\\/\\\/pragmatiq.pl\\\/mniejszosciowi\\\/#\\\/schema\\\/logo\\\/image\\\/\",\"url\":\"https:\\\/\\\/pragmatiq.pl\\\/mniejszosciowi\\\/wp-content\\\/uploads\\\/2018\\\/05\\\/cropped-logo.png\",\"contentUrl\":\"https:\\\/\\\/pragmatiq.pl\\\/mniejszosciowi\\\/wp-content\\\/uploads\\\/2018\\\/05\\\/cropped-logo.png\",\"width\":952,\"height\":250,\"caption\":\"Mniejszo\u015bciowi\"},\"image\":{\"@id\":\"https:\\\/\\\/pragmatiq.pl\\\/mniejszosciowi\\\/#\\\/schema\\\/logo\\\/image\\\/\"}}]}<\/script>\n<!-- \/ Yoast SEO plugin. -->","yoast_head_json":{"title":"Spory Spadkobierc\u00f3w | mniejszosciowi.pl","robots":{"index":"index","follow":"follow","max-snippet":"max-snippet:-1","max-image-preview":"max-image-preview:large","max-video-preview":"max-video-preview:-1"},"canonical":"https:\/\/pragmatiq.pl\/mniejszosciowi\/spory-spadkobiercow\/","og_locale":"pl_PL","og_type":"article","og_title":"Spory Spadkobierc\u00f3w | mniejszosciowi.pl","og_url":"https:\/\/pragmatiq.pl\/mniejszosciowi\/spory-spadkobiercow\/","og_site_name":"Mniejszo\u015bciowi","article_modified_time":"2023-08-11T07:43:26+00:00","twitter_card":"summary_large_image","schema":{"@context":"https:\/\/schema.org","@graph":[{"@type":"WebPage","@id":"https:\/\/pragmatiq.pl\/mniejszosciowi\/spory-spadkobiercow\/","url":"https:\/\/pragmatiq.pl\/mniejszosciowi\/spory-spadkobiercow\/","name":"Spory Spadkobierc\u00f3w | mniejszosciowi.pl","isPartOf":{"@id":"https:\/\/pragmatiq.pl\/mniejszosciowi\/#website"},"datePublished":"2023-08-10T14:55:35+00:00","dateModified":"2023-08-11T07:43:26+00:00","breadcrumb":{"@id":"https:\/\/pragmatiq.pl\/mniejszosciowi\/spory-spadkobiercow\/#breadcrumb"},"inLanguage":"pl-PL","potentialAction":[{"@type":"ReadAction","target":["https:\/\/pragmatiq.pl\/mniejszosciowi\/spory-spadkobiercow\/"]}]},{"@type":"BreadcrumbList","@id":"https:\/\/pragmatiq.pl\/mniejszosciowi\/spory-spadkobiercow\/#breadcrumb","itemListElement":[{"@type":"ListItem","position":1,"name":"Strona g\u0142\u00f3wna","item":"https:\/\/pragmatiq.pl\/mniejszosciowi\/"},{"@type":"ListItem","position":2,"name":"Spory Spadkobierc\u00f3w"}]},{"@type":"WebSite","@id":"https:\/\/pragmatiq.pl\/mniejszosciowi\/#website","url":"https:\/\/pragmatiq.pl\/mniejszosciowi\/","name":"Mniejszo\u015bciowi","description":"","publisher":{"@id":"https:\/\/pragmatiq.pl\/mniejszosciowi\/#organization"},"potentialAction":[{"@type":"SearchAction","target":{"@type":"EntryPoint","urlTemplate":"https:\/\/pragmatiq.pl\/mniejszosciowi\/?s={search_term_string}"},"query-input":{"@type":"PropertyValueSpecification","valueRequired":true,"valueName":"search_term_string"}}],"inLanguage":"pl-PL"},{"@type":"Organization","@id":"https:\/\/pragmatiq.pl\/mniejszosciowi\/#organization","name":"Mniejszo\u015bciowi","url":"https:\/\/pragmatiq.pl\/mniejszosciowi\/","logo":{"@type":"ImageObject","inLanguage":"pl-PL","@id":"https:\/\/pragmatiq.pl\/mniejszosciowi\/#\/schema\/logo\/image\/","url":"https:\/\/pragmatiq.pl\/mniejszosciowi\/wp-content\/uploads\/2018\/05\/cropped-logo.png","contentUrl":"https:\/\/pragmatiq.pl\/mniejszosciowi\/wp-content\/uploads\/2018\/05\/cropped-logo.png","width":952,"height":250,"caption":"Mniejszo\u015bciowi"},"image":{"@id":"https:\/\/pragmatiq.pl\/mniejszosciowi\/#\/schema\/logo\/image\/"}}]}},"_links":{"self":[{"href":"https:\/\/pragmatiq.pl\/mniejszosciowi\/wp-json\/wp\/v2\/pages\/774","targetHints":{"allow":["GET"]}}],"collection":[{"href":"https:\/\/pragmatiq.pl\/mniejszosciowi\/wp-json\/wp\/v2\/pages"}],"about":[{"href":"https:\/\/pragmatiq.pl\/mniejszosciowi\/wp-json\/wp\/v2\/types\/page"}],"author":[{"embeddable":true,"href":"https:\/\/pragmatiq.pl\/mniejszosciowi\/wp-json\/wp\/v2\/users\/9"}],"replies":[{"embeddable":true,"href":"https:\/\/pragmatiq.pl\/mniejszosciowi\/wp-json\/wp\/v2\/comments?post=774"}],"version-history":[{"count":6,"href":"https:\/\/pragmatiq.pl\/mniejszosciowi\/wp-json\/wp\/v2\/pages\/774\/revisions"}],"predecessor-version":[{"id":790,"href":"https:\/\/pragmatiq.pl\/mniejszosciowi\/wp-json\/wp\/v2\/pages\/774\/revisions\/790"}],"wp:attachment":[{"href":"https:\/\/pragmatiq.pl\/mniejszosciowi\/wp-json\/wp\/v2\/media?parent=774"}],"curies":[{"name":"wp","href":"https:\/\/api.w.org\/{rel}","templated":true}]}}