{"id":645,"date":"2022-09-27T14:07:53","date_gmt":"2022-09-27T12:07:53","guid":{"rendered":"https:\/\/mniejszosciowi.pl\/?page_id=645"},"modified":"2022-09-27T14:18:58","modified_gmt":"2022-09-27T12:18:58","slug":"przygotowanie-rozwiazan-regulujacych-zasady-rozejscia-sie-wspolnikow-na-wypadek-wystapienia-konfliktu-i-powstania-pata-decyzyjnego-w-ramach-spolki","status":"publish","type":"page","link":"https:\/\/pragmatiq.pl\/mniejszosciowi\/przygotowanie-rozwiazan-regulujacych-zasady-rozejscia-sie-wspolnikow-na-wypadek-wystapienia-konfliktu-i-powstania-pata-decyzyjnego-w-ramach-spolki\/","title":{"rendered":"Przygotowanie rozwi\u0105za\u0144 reguluj\u0105cych zasady rozej\u015bcia si\u0119 wsp\u00f3lnik\u00f3w na wypadek wyst\u0105pienia konfliktu i powstania pata decyzyjnego w ramach sp\u00f3\u0142ki"},"content":{"rendered":"\n<div id=\"ez-toc-container\" class=\"ez-toc-v2_0_82_2 counter-hierarchy ez-toc-counter ez-toc-grey ez-toc-container-direction\">\n<nav><ul class='ez-toc-list ez-toc-list-level-1 ' ><li class='ez-toc-page-1 ez-toc-heading-level-2'><a class=\"ez-toc-link ez-toc-heading-1\" href=\"https:\/\/pragmatiq.pl\/mniejszosciowi\/przygotowanie-rozwiazan-regulujacych-zasady-rozejscia-sie-wspolnikow-na-wypadek-wystapienia-konfliktu-i-powstania-pata-decyzyjnego-w-ramach-spolki\/#Zabezpieczenie_przed_sporem_wspolnikow\" >Zabezpieczenie przed sporem wsp\u00f3lnik\u00f3w<\/a><\/li><li class='ez-toc-page-1 ez-toc-heading-level-2'><a class=\"ez-toc-link ez-toc-heading-2\" href=\"https:\/\/pragmatiq.pl\/mniejszosciowi\/przygotowanie-rozwiazan-regulujacych-zasady-rozejscia-sie-wspolnikow-na-wypadek-wystapienia-konfliktu-i-powstania-pata-decyzyjnego-w-ramach-spolki\/#Wspolna_inwestycja_%E2%80%93_o_czym_warto_pamietac\" >Wsp\u00f3lna inwestycja \u2013 o czym warto pami\u0119ta\u0107?<\/a><\/li><li class='ez-toc-page-1 ez-toc-heading-level-2'><a class=\"ez-toc-link ez-toc-heading-3\" href=\"https:\/\/pragmatiq.pl\/mniejszosciowi\/przygotowanie-rozwiazan-regulujacych-zasady-rozejscia-sie-wspolnikow-na-wypadek-wystapienia-konfliktu-i-powstania-pata-decyzyjnego-w-ramach-spolki\/#Sprawa_ktora_zakonczylismy_z_sukcesem\" >Sprawa, kt\u00f3r\u0105 zako\u0144czyli\u015bmy z sukcesem<\/a><\/li><li class='ez-toc-page-1 ez-toc-heading-level-2'><a class=\"ez-toc-link ez-toc-heading-4\" href=\"https:\/\/pragmatiq.pl\/mniejszosciowi\/przygotowanie-rozwiazan-regulujacych-zasady-rozejscia-sie-wspolnikow-na-wypadek-wystapienia-konfliktu-i-powstania-pata-decyzyjnego-w-ramach-spolki\/#Skontaktuj_sie_z_nami\" >Skontaktuj si\u0119 z nami<\/a><\/li><\/ul><\/nav><\/div>\n<h2 class=\"wp-block-heading\"><span class=\"ez-toc-section\" id=\"Zabezpieczenie_przed_sporem_wspolnikow\"><\/span>Zabezpieczenie przed sporem wsp\u00f3lnik\u00f3w<span class=\"ez-toc-section-end\"><\/span><\/h2>\n\n\n\n<p>Przed skutkami konfliktu wsp\u00f3lnik\u00f3w mo\u017cna si\u0119 zabezpieczy\u0107, nale\u017cy jednak o tym pomy\u015ble\u0107 ju\u017c na etapie zak\u0142adania sp\u00f3\u0142ki lub rozpoczynania okre\u015blonego projektu. Zapobieganie sporom jest rozwi\u0105zaniem du\u017co pewniejszym ni\u017c ich rozwi\u0105zywanie, gdy ju\u017c wybuchn\u0105. Do umowy sp\u00f3\u0142ki lub porozumienia wsp\u00f3lnik\u00f3w mo\u017cna wprowadzi\u0107 mechanizmy, kt\u00f3re pozwol\u0105 na zabezpieczenie pozycji wsp\u00f3lnika w sp\u00f3\u0142ce, a w przypadku powstania sporu \u2013 na jego sprawne rozwi\u0105zanie.<\/p>\n\n\n\n<h2 class=\"wp-block-heading\"><span class=\"ez-toc-section\" id=\"Wspolna_inwestycja_%E2%80%93_o_czym_warto_pamietac\"><\/span>Wsp\u00f3lna inwestycja \u2013 o czym warto pami\u0119ta\u0107?<span class=\"ez-toc-section-end\"><\/span><\/h2>\n\n\n\n<p>Jeden z naszych Klient\u00f3w planowa\u0142 za\u0142o\u017cenie sp\u00f3\u0142ki, kt\u00f3rej celem mia\u0142o by\u0107 przeprowadzenie du\u017cej inwestycji \u2013 wybudowanie biurowca, a nast\u0119pnie jego sprzeda\u017c, rozwi\u0105zanie sp\u00f3\u0142ki i podzia\u0142 uzyskanych zysk\u00f3w. Nasz klient mia\u0142 wnie\u015b\u0107 do sp\u00f3\u0142ki \u015brodki na sfinansowanie inwestycji. Drugi wsp\u00f3lnik mia\u0142 natomiast wnie\u015b\u0107 know-how umo\u017cliwiaj\u0105cy skuteczn\u0105 realizacj\u0119 projektu.<\/p>\n\n\n\n<p>Nasz Klient chcia\u0142 zagwarantowa\u0107 sobie mo\u017cliwo\u015b\u0107 opuszczenia sp\u00f3\u0142ki w sytuacji zaistnienia okoliczno\u015bci, kt\u00f3re wstrzyma\u0142yby rozw\u00f3j inwestycji. Jednym z takich ryzyk by\u0142 ewentualny konflikt wsp\u00f3lnik\u00f3w i zwi\u0105zany z nim pat decyzyjny uniemo\u017cliwiaj\u0105cy prowadzenie przez sp\u00f3\u0142k\u0119 dzia\u0142alno\u015bci. W zwi\u0105zku z tym, przed za\u0142o\u017ceniem sp\u00f3\u0142ki przysz\u0142y wsp\u00f3lnik zwr\u00f3ci\u0142 si\u0119 do nas o pomoc w prawid\u0142owym zabezpieczeniu swoich interes\u00f3w. Z uwagi na wieloletnie do\u015bwiadczenie w prowadzeniu spraw zwi\u0105zanych ze sporami wsp\u00f3lnik\u00f3w wiemy jak prawid\u0142owo skonstruowa\u0107 umow\u0119 sp\u00f3\u0142ki, by przewidywa\u0142a odpowiednie rozwi\u0105zania na wypadek konfliktu, pata decyzyjnego czy innych trudnych sytuacji.<\/p>\n\n\n\n<figure class=\"wp-block-image size-medium\"><img loading=\"lazy\" decoding=\"async\" width=\"300\" height=\"200\" src=\"https:\/\/pragmatiq.pl\/mniejszosciowi\/wp-content\/uploads\/2022\/09\/Pomoc-prawna-w-przeksztalceniach-spolek-prawa-handlowego_2-3-300x200.jpg\" alt=\"Zabezpieczenie przed sporem wsp\u00f3lnik\u00f3w\" class=\"wp-image-612\"\/><\/figure>\n\n\n\n<p>Zaproponowane przez nas rozwi\u0105zania zagwarantowa\u0142y naszemu Klientowi mo\u017cliwo\u015b\u0107 wycofania si\u0119 ze sp\u00f3\u0142ki m.in. gdyby dosz\u0142o w niej do pata decyzyjnego uniemo\u017cliwiaj\u0105cego dzia\u0142alno\u015b\u0107 sp\u00f3\u0142ki i hamuj\u0105cego realizacj\u0119 inwestycji. Jednocze\u015bnie, w porozumieniu wsp\u00f3lnik\u00f3w uregulowali\u015bmy zasady sp\u0142aty zainwestowanych przez niego \u015brodk\u00f3w.<\/p>\n\n\n\n<p>Nie zawsze umowa sp\u00f3\u0142ki zawiera postanowienia na wypadek konfliktu wsp\u00f3lnik\u00f3w, a gdy ten ju\u017c wyst\u0105pi najcz\u0119\u015bciej niemo\u017cliwa jest jej zmiana. O tym jak poradzi\u0107 sobie w razie nieporozumie\u0144 w sp\u00f3\u0142ce piszemy w artykule <em><a rel=\"noreferrer noopener\" href=\"https:\/\/www.doradzamy.to\/artykuly\/spor-wspolnikow-o-tym-nie-mozesz-zapomniec\" data-type=\"URL\" data-id=\"https:\/\/www.doradzamy.to\/artykuly\/spor-wspolnikow-o-tym-nie-mozesz-zapomniec\" target=\"_blank\">Sp\u00f3r wsp\u00f3lnik\u00f3w \u2013 o tym nie mo\u017cesz zapomnie\u0107!<\/a><\/em>  na naszym portalu <a rel=\"noreferrer noopener\" href=\"https:\/\/www.doradzamy.to\/\" data-type=\"URL\" data-id=\"https:\/\/www.doradzamy.to\/\" target=\"_blank\">Doradzamy.to<\/a>.<\/p>\n\n\n\n<p>Je\u015bli przyst\u0119pujesz do sp\u00f3\u0142ki jako wsp\u00f3lnik mniejszo\u015bciowy, skontaktuj si\u0119 z nami. Zabezpieczymy Twoje prawa i uregulujemy zasady uczestnictwa w sp\u00f3\u0142ce.<\/p>\n\n\n\n<h2 class=\"wp-block-heading\"><span class=\"ez-toc-section\" id=\"Sprawa_ktora_zakonczylismy_z_sukcesem\"><\/span>Sprawa, kt\u00f3r\u0105 zako\u0144czyli\u015bmy z sukcesem<span class=\"ez-toc-section-end\"><\/span><\/h2>\n\n\n\n<ul class=\"wp-block-list\"><li>wsp\u00f3lnicy planowali wsp\u00f3lne prowadzenie inwestycji polegaj\u0105cej na&nbsp;budowie biurowca i&nbsp;jego p\u00f3\u017aniejszej sprzeda\u017cy, przy czym nasz Klient mia\u0142 wnie\u015b\u0107 do&nbsp;sp\u00f3\u0142ki \u015brodki pieni\u0119\u017cne, a&nbsp;drugi wsp\u00f3lnik posiada\u0142 niezb\u0119dny know-how,<\/li><li>naszemu Klientowi zale\u017ca\u0142o na&nbsp;zabezpieczeniu mo\u017cliwo\u015bci wycofania si\u0119 przez&nbsp;niego ze&nbsp;sp\u00f3\u0142ki w&nbsp;sytuacji wyst\u0105pienia w&nbsp;sp\u00f3\u0142ce konfliktu lub pata decyzyjnego,<\/li><li>zaproponowane przez&nbsp;nas postanowienia zagwarantowa\u0142y naszemu Klientowi mo\u017cliwo\u015b\u0107 wycofania si\u0119 ze&nbsp;sp\u00f3\u0142ki, przy jednoczesnym zwrocie zainwestowanych \u015brodk\u00f3w.<\/li><\/ul>\n\n\n\n<h2 class=\"wp-block-heading\"><span class=\"ez-toc-section\" id=\"Skontaktuj_sie_z_nami\"><\/span>Skontaktuj si\u0119 z nami<span class=\"ez-toc-section-end\"><\/span><\/h2>\n\n\n\n<div class=\"wp-block-columns is-layout-flex wp-container-core-columns-is-layout-9d6595d7 wp-block-columns-is-layout-flex\">\n<div class=\"wp-block-column is-vertically-aligned-center is-layout-flow wp-block-column-is-layout-flow\" style=\"flex-basis:33.33%\">\n<div class=\"wp-block-image is-style-rounded\"><figure class=\"aligncenter size-thumbnail\"><img loading=\"lazy\" decoding=\"async\" width=\"150\" height=\"150\" src=\"https:\/\/pragmatiq.pl\/mniejszosciowi\/wp-content\/uploads\/2019\/11\/man-150x150.png\" alt=\"\" class=\"wp-image-320\" srcset=\"https:\/\/pragmatiq.pl\/mniejszosciowi\/wp-content\/uploads\/2019\/11\/man-150x150.png 150w, https:\/\/pragmatiq.pl\/mniejszosciowi\/wp-content\/uploads\/2019\/11\/man-100x100.png 100w\" sizes=\"auto, (max-width: 150px) 100vw, 150px\" \/><\/figure><\/div>\n<\/div>\n\n\n\n<div class=\"wp-block-column is-layout-flow wp-block-column-is-layout-flow\" style=\"flex-basis:66.66%\">\n<h3 class=\"wp-block-heading\"><strong>Tomasz Rutkowski<\/strong><\/h3>\n\n\n\n<p>Radca prawny<br>Specjalizacja: prawo sp\u00f3\u0142ek, spory korporacyjne i prawo cywilne<\/p>\n\n\n\n<p>Tomasz zajmuje si\u0119 doradztwem przy rozwi\u0105zywaniu spor\u00f3w korporacyjnych. Reprezentuje wsp\u00f3lnik\u00f3w w negocjacjach tocz\u0105cych si\u0119 w ramach spor\u00f3w wsp\u00f3lnik\u00f3w, na zgromadzeniach wsp\u00f3lnik\u00f3w oraz w post\u0119powaniach s\u0105dowych. Doradza przy opracowywaniu strategii rozwi\u0105zywania konflikt\u00f3w korporacyjnych.<\/p>\n\n\n\n<p>Napisz wiadomo\u015b\u0107 mailow\u0105 na: <a href=\"mailto:mniejszosciowi@pragmatiq.pl\">mniejszosciowi@pragmatiq.pl<\/a><\/p>\n\n\n\n<p>lub zadzwo\u0144: 61 8 618 000<\/p>\n<\/div>\n<\/div>\n\n\n\n<p>Miko\u0142aj Stacherski, Martyna Kunke<\/p>\n","protected":false},"excerpt":{"rendered":"<p>Zabezpieczenie przed sporem wsp\u00f3lnik\u00f3w Przed skutkami konfliktu wsp\u00f3lnik\u00f3w mo\u017cna si\u0119 zabezpieczy\u0107, nale\u017cy jednak o tym pomy\u015ble\u0107 ju\u017c na etapie zak\u0142adania sp\u00f3\u0142ki lub rozpoczynania okre\u015blonego projektu. Zapobieganie sporom jest rozwi\u0105zaniem du\u017co pewniejszym ni\u017c ich rozwi\u0105zywanie, gdy ju\u017c wybuchn\u0105. Do umowy sp\u00f3\u0142ki lub porozumienia wsp\u00f3lnik\u00f3w mo\u017cna wprowadzi\u0107 mechanizmy, kt\u00f3re pozwol\u0105 na zabezpieczenie pozycji wsp\u00f3lnika w sp\u00f3\u0142ce, a &hellip; <\/p>\n<p class=\"link-more\"><a href=\"https:\/\/pragmatiq.pl\/mniejszosciowi\/przygotowanie-rozwiazan-regulujacych-zasady-rozejscia-sie-wspolnikow-na-wypadek-wystapienia-konfliktu-i-powstania-pata-decyzyjnego-w-ramach-spolki\/\" class=\"more-link\">Continue reading<span class=\"screen-reader-text\"> &#8222;Przygotowanie rozwi\u0105za\u0144 reguluj\u0105cych zasady rozej\u015bcia si\u0119 wsp\u00f3lnik\u00f3w na wypadek wyst\u0105pienia konfliktu i powstania pata decyzyjnego w ramach sp\u00f3\u0142ki&#8221;<\/span><\/a><\/p>\n","protected":false},"author":9,"featured_media":0,"parent":0,"menu_order":0,"comment_status":"closed","ping_status":"closed","template":"","meta":{"_acf_changed":false,"footnotes":""},"class_list":["post-645","page","type-page","status-publish","hentry"],"acf":[],"yoast_head":"<!-- This site is optimized with the Yoast SEO plugin v27.3 - https:\/\/yoast.com\/product\/yoast-seo-wordpress\/ -->\n<title>Przygotowanie rozwi\u0105za\u0144 reguluj\u0105cych zasady rozej\u015bcia si\u0119 wsp\u00f3lnik\u00f3w na wypadek wyst\u0105pienia konfliktu i powstania pata decyzyjnego w ramach sp\u00f3\u0142ki | mniejszosciowi.pl<\/title>\n<meta name=\"robots\" content=\"index, follow, max-snippet:-1, max-image-preview:large, max-video-preview:-1\" \/>\n<link rel=\"canonical\" href=\"https:\/\/pragmatiq.pl\/mniejszosciowi\/przygotowanie-rozwiazan-regulujacych-zasady-rozejscia-sie-wspolnikow-na-wypadek-wystapienia-konfliktu-i-powstania-pata-decyzyjnego-w-ramach-spolki\/\" \/>\n<meta property=\"og:locale\" content=\"pl_PL\" \/>\n<meta property=\"og:type\" content=\"article\" \/>\n<meta property=\"og:title\" content=\"Przygotowanie rozwi\u0105za\u0144 reguluj\u0105cych zasady rozej\u015bcia si\u0119 wsp\u00f3lnik\u00f3w na wypadek wyst\u0105pienia konfliktu i powstania pata decyzyjnego w ramach sp\u00f3\u0142ki | mniejszosciowi.pl\" \/>\n<meta property=\"og:description\" content=\"Zabezpieczenie przed sporem wsp\u00f3lnik\u00f3w Przed skutkami konfliktu wsp\u00f3lnik\u00f3w mo\u017cna si\u0119 zabezpieczy\u0107, nale\u017cy jednak o tym pomy\u015ble\u0107 ju\u017c na etapie zak\u0142adania sp\u00f3\u0142ki lub rozpoczynania okre\u015blonego projektu. Zapobieganie sporom jest rozwi\u0105zaniem du\u017co pewniejszym ni\u017c ich rozwi\u0105zywanie, gdy ju\u017c wybuchn\u0105. Do umowy sp\u00f3\u0142ki lub porozumienia wsp\u00f3lnik\u00f3w mo\u017cna wprowadzi\u0107 mechanizmy, kt\u00f3re pozwol\u0105 na zabezpieczenie pozycji wsp\u00f3lnika w sp\u00f3\u0142ce, a &hellip; Continue reading &quot;Przygotowanie rozwi\u0105za\u0144 reguluj\u0105cych zasady rozej\u015bcia si\u0119 wsp\u00f3lnik\u00f3w na wypadek wyst\u0105pienia konfliktu i powstania pata decyzyjnego w ramach sp\u00f3\u0142ki&quot;\" \/>\n<meta property=\"og:url\" content=\"https:\/\/pragmatiq.pl\/mniejszosciowi\/przygotowanie-rozwiazan-regulujacych-zasady-rozejscia-sie-wspolnikow-na-wypadek-wystapienia-konfliktu-i-powstania-pata-decyzyjnego-w-ramach-spolki\/\" \/>\n<meta property=\"og:site_name\" content=\"Mniejszo\u015bciowi\" \/>\n<meta property=\"article:modified_time\" content=\"2022-09-27T12:18:58+00:00\" \/>\n<meta property=\"og:image\" content=\"https:\/\/pragmatiq.pl\/mniejszosciowi\/wp-content\/uploads\/2022\/09\/Pomoc-prawna-w-przeksztalceniach-spolek-prawa-handlowego_2-3-300x200.jpg\" \/>\n<meta name=\"twitter:card\" content=\"summary_large_image\" \/>\n<meta name=\"twitter:label1\" content=\"Szacowany czas czytania\" \/>\n\t<meta name=\"twitter:data1\" content=\"3 minuty\" \/>\n<script type=\"application\/ld+json\" class=\"yoast-schema-graph\">{\"@context\":\"https:\\\/\\\/schema.org\",\"@graph\":[{\"@type\":\"WebPage\",\"@id\":\"https:\\\/\\\/pragmatiq.pl\\\/mniejszosciowi\\\/przygotowanie-rozwiazan-regulujacych-zasady-rozejscia-sie-wspolnikow-na-wypadek-wystapienia-konfliktu-i-powstania-pata-decyzyjnego-w-ramach-spolki\\\/\",\"url\":\"https:\\\/\\\/pragmatiq.pl\\\/mniejszosciowi\\\/przygotowanie-rozwiazan-regulujacych-zasady-rozejscia-sie-wspolnikow-na-wypadek-wystapienia-konfliktu-i-powstania-pata-decyzyjnego-w-ramach-spolki\\\/\",\"name\":\"Przygotowanie rozwi\u0105za\u0144 reguluj\u0105cych zasady rozej\u015bcia si\u0119 wsp\u00f3lnik\u00f3w na wypadek wyst\u0105pienia konfliktu i powstania pata decyzyjnego w ramach sp\u00f3\u0142ki | mniejszosciowi.pl\",\"isPartOf\":{\"@id\":\"https:\\\/\\\/pragmatiq.pl\\\/mniejszosciowi\\\/#website\"},\"primaryImageOfPage\":{\"@id\":\"https:\\\/\\\/pragmatiq.pl\\\/mniejszosciowi\\\/przygotowanie-rozwiazan-regulujacych-zasady-rozejscia-sie-wspolnikow-na-wypadek-wystapienia-konfliktu-i-powstania-pata-decyzyjnego-w-ramach-spolki\\\/#primaryimage\"},\"image\":{\"@id\":\"https:\\\/\\\/pragmatiq.pl\\\/mniejszosciowi\\\/przygotowanie-rozwiazan-regulujacych-zasady-rozejscia-sie-wspolnikow-na-wypadek-wystapienia-konfliktu-i-powstania-pata-decyzyjnego-w-ramach-spolki\\\/#primaryimage\"},\"thumbnailUrl\":\"https:\\\/\\\/pragmatiq.pl\\\/mniejszosciowi\\\/wp-content\\\/uploads\\\/2022\\\/09\\\/Pomoc-prawna-w-przeksztalceniach-spolek-prawa-handlowego_2-3-300x200.jpg\",\"datePublished\":\"2022-09-27T12:07:53+00:00\",\"dateModified\":\"2022-09-27T12:18:58+00:00\",\"breadcrumb\":{\"@id\":\"https:\\\/\\\/pragmatiq.pl\\\/mniejszosciowi\\\/przygotowanie-rozwiazan-regulujacych-zasady-rozejscia-sie-wspolnikow-na-wypadek-wystapienia-konfliktu-i-powstania-pata-decyzyjnego-w-ramach-spolki\\\/#breadcrumb\"},\"inLanguage\":\"pl-PL\",\"potentialAction\":[{\"@type\":\"ReadAction\",\"target\":[\"https:\\\/\\\/pragmatiq.pl\\\/mniejszosciowi\\\/przygotowanie-rozwiazan-regulujacych-zasady-rozejscia-sie-wspolnikow-na-wypadek-wystapienia-konfliktu-i-powstania-pata-decyzyjnego-w-ramach-spolki\\\/\"]}]},{\"@type\":\"ImageObject\",\"inLanguage\":\"pl-PL\",\"@id\":\"https:\\\/\\\/pragmatiq.pl\\\/mniejszosciowi\\\/przygotowanie-rozwiazan-regulujacych-zasady-rozejscia-sie-wspolnikow-na-wypadek-wystapienia-konfliktu-i-powstania-pata-decyzyjnego-w-ramach-spolki\\\/#primaryimage\",\"url\":\"https:\\\/\\\/pragmatiq.pl\\\/mniejszosciowi\\\/wp-content\\\/uploads\\\/2022\\\/09\\\/Pomoc-prawna-w-przeksztalceniach-spolek-prawa-handlowego_2-3-300x200.jpg\",\"contentUrl\":\"https:\\\/\\\/pragmatiq.pl\\\/mniejszosciowi\\\/wp-content\\\/uploads\\\/2022\\\/09\\\/Pomoc-prawna-w-przeksztalceniach-spolek-prawa-handlowego_2-3-300x200.jpg\"},{\"@type\":\"BreadcrumbList\",\"@id\":\"https:\\\/\\\/pragmatiq.pl\\\/mniejszosciowi\\\/przygotowanie-rozwiazan-regulujacych-zasady-rozejscia-sie-wspolnikow-na-wypadek-wystapienia-konfliktu-i-powstania-pata-decyzyjnego-w-ramach-spolki\\\/#breadcrumb\",\"itemListElement\":[{\"@type\":\"ListItem\",\"position\":1,\"name\":\"Strona g\u0142\u00f3wna\",\"item\":\"https:\\\/\\\/pragmatiq.pl\\\/mniejszosciowi\\\/\"},{\"@type\":\"ListItem\",\"position\":2,\"name\":\"Przygotowanie rozwi\u0105za\u0144 reguluj\u0105cych zasady rozej\u015bcia si\u0119 wsp\u00f3lnik\u00f3w na&nbsp;wypadek wyst\u0105pienia konfliktu i&nbsp;powstania pata decyzyjnego w&nbsp;ramach sp\u00f3\u0142ki\"}]},{\"@type\":\"WebSite\",\"@id\":\"https:\\\/\\\/pragmatiq.pl\\\/mniejszosciowi\\\/#website\",\"url\":\"https:\\\/\\\/pragmatiq.pl\\\/mniejszosciowi\\\/\",\"name\":\"Mniejszo\u015bciowi\",\"description\":\"\",\"publisher\":{\"@id\":\"https:\\\/\\\/pragmatiq.pl\\\/mniejszosciowi\\\/#organization\"},\"potentialAction\":[{\"@type\":\"SearchAction\",\"target\":{\"@type\":\"EntryPoint\",\"urlTemplate\":\"https:\\\/\\\/pragmatiq.pl\\\/mniejszosciowi\\\/?s={search_term_string}\"},\"query-input\":{\"@type\":\"PropertyValueSpecification\",\"valueRequired\":true,\"valueName\":\"search_term_string\"}}],\"inLanguage\":\"pl-PL\"},{\"@type\":\"Organization\",\"@id\":\"https:\\\/\\\/pragmatiq.pl\\\/mniejszosciowi\\\/#organization\",\"name\":\"Mniejszo\u015bciowi\",\"url\":\"https:\\\/\\\/pragmatiq.pl\\\/mniejszosciowi\\\/\",\"logo\":{\"@type\":\"ImageObject\",\"inLanguage\":\"pl-PL\",\"@id\":\"https:\\\/\\\/pragmatiq.pl\\\/mniejszosciowi\\\/#\\\/schema\\\/logo\\\/image\\\/\",\"url\":\"https:\\\/\\\/pragmatiq.pl\\\/mniejszosciowi\\\/wp-content\\\/uploads\\\/2018\\\/05\\\/cropped-logo.png\",\"contentUrl\":\"https:\\\/\\\/pragmatiq.pl\\\/mniejszosciowi\\\/wp-content\\\/uploads\\\/2018\\\/05\\\/cropped-logo.png\",\"width\":952,\"height\":250,\"caption\":\"Mniejszo\u015bciowi\"},\"image\":{\"@id\":\"https:\\\/\\\/pragmatiq.pl\\\/mniejszosciowi\\\/#\\\/schema\\\/logo\\\/image\\\/\"}}]}<\/script>\n<!-- \/ Yoast SEO plugin. -->","yoast_head_json":{"title":"Przygotowanie rozwi\u0105za\u0144 reguluj\u0105cych zasady rozej\u015bcia si\u0119 wsp\u00f3lnik\u00f3w na wypadek wyst\u0105pienia konfliktu i powstania pata decyzyjnego w ramach sp\u00f3\u0142ki | mniejszosciowi.pl","robots":{"index":"index","follow":"follow","max-snippet":"max-snippet:-1","max-image-preview":"max-image-preview:large","max-video-preview":"max-video-preview:-1"},"canonical":"https:\/\/pragmatiq.pl\/mniejszosciowi\/przygotowanie-rozwiazan-regulujacych-zasady-rozejscia-sie-wspolnikow-na-wypadek-wystapienia-konfliktu-i-powstania-pata-decyzyjnego-w-ramach-spolki\/","og_locale":"pl_PL","og_type":"article","og_title":"Przygotowanie rozwi\u0105za\u0144 reguluj\u0105cych zasady rozej\u015bcia si\u0119 wsp\u00f3lnik\u00f3w na wypadek wyst\u0105pienia konfliktu i powstania pata decyzyjnego w ramach sp\u00f3\u0142ki | mniejszosciowi.pl","og_description":"Zabezpieczenie przed sporem wsp\u00f3lnik\u00f3w Przed skutkami konfliktu wsp\u00f3lnik\u00f3w mo\u017cna si\u0119 zabezpieczy\u0107, nale\u017cy jednak o tym pomy\u015ble\u0107 ju\u017c na etapie zak\u0142adania sp\u00f3\u0142ki lub rozpoczynania okre\u015blonego projektu. Zapobieganie sporom jest rozwi\u0105zaniem du\u017co pewniejszym ni\u017c ich rozwi\u0105zywanie, gdy ju\u017c wybuchn\u0105. Do umowy sp\u00f3\u0142ki lub porozumienia wsp\u00f3lnik\u00f3w mo\u017cna wprowadzi\u0107 mechanizmy, kt\u00f3re pozwol\u0105 na zabezpieczenie pozycji wsp\u00f3lnika w sp\u00f3\u0142ce, a &hellip; Continue reading \"Przygotowanie rozwi\u0105za\u0144 reguluj\u0105cych zasady rozej\u015bcia si\u0119 wsp\u00f3lnik\u00f3w na wypadek wyst\u0105pienia konfliktu i powstania pata decyzyjnego w ramach sp\u00f3\u0142ki\"","og_url":"https:\/\/pragmatiq.pl\/mniejszosciowi\/przygotowanie-rozwiazan-regulujacych-zasady-rozejscia-sie-wspolnikow-na-wypadek-wystapienia-konfliktu-i-powstania-pata-decyzyjnego-w-ramach-spolki\/","og_site_name":"Mniejszo\u015bciowi","article_modified_time":"2022-09-27T12:18:58+00:00","og_image":[{"url":"https:\/\/pragmatiq.pl\/mniejszosciowi\/wp-content\/uploads\/2022\/09\/Pomoc-prawna-w-przeksztalceniach-spolek-prawa-handlowego_2-3-300x200.jpg","type":"","width":"","height":""}],"twitter_card":"summary_large_image","twitter_misc":{"Szacowany czas czytania":"3 minuty"},"schema":{"@context":"https:\/\/schema.org","@graph":[{"@type":"WebPage","@id":"https:\/\/pragmatiq.pl\/mniejszosciowi\/przygotowanie-rozwiazan-regulujacych-zasady-rozejscia-sie-wspolnikow-na-wypadek-wystapienia-konfliktu-i-powstania-pata-decyzyjnego-w-ramach-spolki\/","url":"https:\/\/pragmatiq.pl\/mniejszosciowi\/przygotowanie-rozwiazan-regulujacych-zasady-rozejscia-sie-wspolnikow-na-wypadek-wystapienia-konfliktu-i-powstania-pata-decyzyjnego-w-ramach-spolki\/","name":"Przygotowanie rozwi\u0105za\u0144 reguluj\u0105cych zasady rozej\u015bcia si\u0119 wsp\u00f3lnik\u00f3w na wypadek wyst\u0105pienia konfliktu i powstania pata decyzyjnego w ramach sp\u00f3\u0142ki | mniejszosciowi.pl","isPartOf":{"@id":"https:\/\/pragmatiq.pl\/mniejszosciowi\/#website"},"primaryImageOfPage":{"@id":"https:\/\/pragmatiq.pl\/mniejszosciowi\/przygotowanie-rozwiazan-regulujacych-zasady-rozejscia-sie-wspolnikow-na-wypadek-wystapienia-konfliktu-i-powstania-pata-decyzyjnego-w-ramach-spolki\/#primaryimage"},"image":{"@id":"https:\/\/pragmatiq.pl\/mniejszosciowi\/przygotowanie-rozwiazan-regulujacych-zasady-rozejscia-sie-wspolnikow-na-wypadek-wystapienia-konfliktu-i-powstania-pata-decyzyjnego-w-ramach-spolki\/#primaryimage"},"thumbnailUrl":"https:\/\/pragmatiq.pl\/mniejszosciowi\/wp-content\/uploads\/2022\/09\/Pomoc-prawna-w-przeksztalceniach-spolek-prawa-handlowego_2-3-300x200.jpg","datePublished":"2022-09-27T12:07:53+00:00","dateModified":"2022-09-27T12:18:58+00:00","breadcrumb":{"@id":"https:\/\/pragmatiq.pl\/mniejszosciowi\/przygotowanie-rozwiazan-regulujacych-zasady-rozejscia-sie-wspolnikow-na-wypadek-wystapienia-konfliktu-i-powstania-pata-decyzyjnego-w-ramach-spolki\/#breadcrumb"},"inLanguage":"pl-PL","potentialAction":[{"@type":"ReadAction","target":["https:\/\/pragmatiq.pl\/mniejszosciowi\/przygotowanie-rozwiazan-regulujacych-zasady-rozejscia-sie-wspolnikow-na-wypadek-wystapienia-konfliktu-i-powstania-pata-decyzyjnego-w-ramach-spolki\/"]}]},{"@type":"ImageObject","inLanguage":"pl-PL","@id":"https:\/\/pragmatiq.pl\/mniejszosciowi\/przygotowanie-rozwiazan-regulujacych-zasady-rozejscia-sie-wspolnikow-na-wypadek-wystapienia-konfliktu-i-powstania-pata-decyzyjnego-w-ramach-spolki\/#primaryimage","url":"https:\/\/pragmatiq.pl\/mniejszosciowi\/wp-content\/uploads\/2022\/09\/Pomoc-prawna-w-przeksztalceniach-spolek-prawa-handlowego_2-3-300x200.jpg","contentUrl":"https:\/\/pragmatiq.pl\/mniejszosciowi\/wp-content\/uploads\/2022\/09\/Pomoc-prawna-w-przeksztalceniach-spolek-prawa-handlowego_2-3-300x200.jpg"},{"@type":"BreadcrumbList","@id":"https:\/\/pragmatiq.pl\/mniejszosciowi\/przygotowanie-rozwiazan-regulujacych-zasady-rozejscia-sie-wspolnikow-na-wypadek-wystapienia-konfliktu-i-powstania-pata-decyzyjnego-w-ramach-spolki\/#breadcrumb","itemListElement":[{"@type":"ListItem","position":1,"name":"Strona g\u0142\u00f3wna","item":"https:\/\/pragmatiq.pl\/mniejszosciowi\/"},{"@type":"ListItem","position":2,"name":"Przygotowanie rozwi\u0105za\u0144 reguluj\u0105cych zasady rozej\u015bcia si\u0119 wsp\u00f3lnik\u00f3w na&nbsp;wypadek wyst\u0105pienia konfliktu i&nbsp;powstania pata decyzyjnego w&nbsp;ramach sp\u00f3\u0142ki"}]},{"@type":"WebSite","@id":"https:\/\/pragmatiq.pl\/mniejszosciowi\/#website","url":"https:\/\/pragmatiq.pl\/mniejszosciowi\/","name":"Mniejszo\u015bciowi","description":"","publisher":{"@id":"https:\/\/pragmatiq.pl\/mniejszosciowi\/#organization"},"potentialAction":[{"@type":"SearchAction","target":{"@type":"EntryPoint","urlTemplate":"https:\/\/pragmatiq.pl\/mniejszosciowi\/?s={search_term_string}"},"query-input":{"@type":"PropertyValueSpecification","valueRequired":true,"valueName":"search_term_string"}}],"inLanguage":"pl-PL"},{"@type":"Organization","@id":"https:\/\/pragmatiq.pl\/mniejszosciowi\/#organization","name":"Mniejszo\u015bciowi","url":"https:\/\/pragmatiq.pl\/mniejszosciowi\/","logo":{"@type":"ImageObject","inLanguage":"pl-PL","@id":"https:\/\/pragmatiq.pl\/mniejszosciowi\/#\/schema\/logo\/image\/","url":"https:\/\/pragmatiq.pl\/mniejszosciowi\/wp-content\/uploads\/2018\/05\/cropped-logo.png","contentUrl":"https:\/\/pragmatiq.pl\/mniejszosciowi\/wp-content\/uploads\/2018\/05\/cropped-logo.png","width":952,"height":250,"caption":"Mniejszo\u015bciowi"},"image":{"@id":"https:\/\/pragmatiq.pl\/mniejszosciowi\/#\/schema\/logo\/image\/"}}]}},"_links":{"self":[{"href":"https:\/\/pragmatiq.pl\/mniejszosciowi\/wp-json\/wp\/v2\/pages\/645","targetHints":{"allow":["GET"]}}],"collection":[{"href":"https:\/\/pragmatiq.pl\/mniejszosciowi\/wp-json\/wp\/v2\/pages"}],"about":[{"href":"https:\/\/pragmatiq.pl\/mniejszosciowi\/wp-json\/wp\/v2\/types\/page"}],"author":[{"embeddable":true,"href":"https:\/\/pragmatiq.pl\/mniejszosciowi\/wp-json\/wp\/v2\/users\/9"}],"replies":[{"embeddable":true,"href":"https:\/\/pragmatiq.pl\/mniejszosciowi\/wp-json\/wp\/v2\/comments?post=645"}],"version-history":[{"count":3,"href":"https:\/\/pragmatiq.pl\/mniejszosciowi\/wp-json\/wp\/v2\/pages\/645\/revisions"}],"predecessor-version":[{"id":656,"href":"https:\/\/pragmatiq.pl\/mniejszosciowi\/wp-json\/wp\/v2\/pages\/645\/revisions\/656"}],"wp:attachment":[{"href":"https:\/\/pragmatiq.pl\/mniejszosciowi\/wp-json\/wp\/v2\/media?parent=645"}],"curies":[{"name":"wp","href":"https:\/\/api.w.org\/{rel}","templated":true}]}}