{"id":638,"date":"2022-09-21T15:44:45","date_gmt":"2022-09-21T13:44:45","guid":{"rendered":"https:\/\/mniejszosciowi.pl\/?page_id=638"},"modified":"2022-09-29T09:01:07","modified_gmt":"2022-09-29T07:01:07","slug":"doprowadzenie-do-splaty-wspolnika-mniejszosciowego-poprzez-umorzenie-jego-udzialow-w-spolce-z-o-o","status":"publish","type":"page","link":"https:\/\/pragmatiq.pl\/mniejszosciowi\/doprowadzenie-do-splaty-wspolnika-mniejszosciowego-poprzez-umorzenie-jego-udzialow-w-spolce-z-o-o\/","title":{"rendered":"Doprowadzenie do sp\u0142aty wsp\u00f3lnika mniejszo\u015bciowego poprzez umorzenie jego udzia\u0142\u00f3w w sp\u00f3\u0142ce z o.o."},"content":{"rendered":"\n<p>Umowy sp\u00f3\u0142ek z o.o. najcz\u0119\u015bciej wprowadzaj\u0105 okre\u015blone ograniczenia w zakresie zbywania udzia\u0142\u00f3w (np. wym\u00f3g uzyskania zgody zgromadzenia wsp\u00f3lnik\u00f3w na sprzeda\u017c udzia\u0142\u00f3w). Taka sytuacja jest niekorzystna z perspektywy wsp\u00f3lnika mniejszo\u015bciowego, kt\u00f3ry wobec braku zgody na zbycie udzia\u0142\u00f3w cz\u0119sto staje si\u0119 \u201ewi\u0119\u017aniem\u201d sp\u00f3\u0142ki. R\u00f3wnie istotnym problemem wsp\u00f3lnika mniejszo\u015bciowego jest znalezienie nabywcy na niewielki pakiet udzia\u0142\u00f3w.<\/p>\n\n\n\n<div id=\"ez-toc-container\" class=\"ez-toc-v2_0_82_2 counter-hierarchy ez-toc-counter ez-toc-grey ez-toc-container-direction\">\n<nav><ul class='ez-toc-list ez-toc-list-level-1 ' ><li class='ez-toc-page-1 ez-toc-heading-level-2'><a class=\"ez-toc-link ez-toc-heading-1\" href=\"https:\/\/pragmatiq.pl\/mniejszosciowi\/doprowadzenie-do-splaty-wspolnika-mniejszosciowego-poprzez-umorzenie-jego-udzialow-w-spolce-z-o-o\/#Naruszanie_praw_wspolnika_mniejszosciowego\" >Naruszanie praw wsp\u00f3lnika mniejszo\u015bciowego<\/a><\/li><li class='ez-toc-page-1 ez-toc-heading-level-2'><a class=\"ez-toc-link ez-toc-heading-2\" href=\"https:\/\/pragmatiq.pl\/mniejszosciowi\/doprowadzenie-do-splaty-wspolnika-mniejszosciowego-poprzez-umorzenie-jego-udzialow-w-spolce-z-o-o\/#Wyjscie_ze_spolki_przez_wspolnika_mniejszosciowego\" >Wyj\u015bcie ze sp\u00f3\u0142ki przez wsp\u00f3lnika mniejszo\u015bciowego<\/a><\/li><li class='ez-toc-page-1 ez-toc-heading-level-2'><a class=\"ez-toc-link ez-toc-heading-3\" href=\"https:\/\/pragmatiq.pl\/mniejszosciowi\/doprowadzenie-do-splaty-wspolnika-mniejszosciowego-poprzez-umorzenie-jego-udzialow-w-spolce-z-o-o\/#Sprawa_ktora_zakonczylismy_z_sukcesem\" >Sprawa, kt\u00f3r\u0105 zako\u0144czyli\u015bmy z sukcesem<\/a><\/li><li class='ez-toc-page-1 ez-toc-heading-level-2'><a class=\"ez-toc-link ez-toc-heading-4\" href=\"https:\/\/pragmatiq.pl\/mniejszosciowi\/doprowadzenie-do-splaty-wspolnika-mniejszosciowego-poprzez-umorzenie-jego-udzialow-w-spolce-z-o-o\/#Skontaktuj_sie_z_nami\" >Skontaktuj si\u0119 z nami<\/a><\/li><\/ul><\/nav><\/div>\n<h2 class=\"wp-block-heading\"><span class=\"ez-toc-section\" id=\"Naruszanie_praw_wspolnika_mniejszosciowego\"><\/span>Naruszanie praw wsp\u00f3lnika mniejszo\u015bciowego<span class=\"ez-toc-section-end\"><\/span><\/h2>\n\n\n\n<p>Jeden z naszych Klient\u00f3w znalaz\u0142 si\u0119 w sytuacji, w kt\u00f3rej jego prawa jako wsp\u00f3lnika mniejszo\u015bciowego by\u0142y notorycznie naruszane. Zarz\u0105d sp\u00f3\u0142ki (w sk\u0142ad kt\u00f3rego wchodzi\u0142 wi\u0119kszo\u015bciowy wsp\u00f3lnik) blokowa\u0142 naszemu Klientowi dost\u0119p do informacji o sp\u00f3\u0142ce. Dodatkowo, zyski sp\u00f3\u0142ki nie by\u0142y wyp\u0142acane wsp\u00f3lnikom, w zwi\u0105zku z czym wsp\u00f3lnik mniejszo\u015bciowy nie mia\u0142 korzy\u015bci z uczestnictwa w sp\u00f3\u0142ce. W tym samym czasie wsp\u00f3lnik wi\u0119kszo\u015bciowy czerpa\u0142 ze sp\u00f3\u0142ki korzy\u015bci poprzez pobieranie wynagrodzenia za pe\u0142nienie funkcji w zarz\u0105dzie.<\/p>\n\n\n\n<h2 class=\"wp-block-heading\"><span class=\"ez-toc-section\" id=\"Wyjscie_ze_spolki_przez_wspolnika_mniejszosciowego\"><\/span>Wyj\u015bcie ze sp\u00f3\u0142ki przez wsp\u00f3lnika mniejszo\u015bciowego<span class=\"ez-toc-section-end\"><\/span><\/h2>\n\n\n\n<p>Opisana sytuacja spowodowa\u0142a, \u017ce nasz Klient zdecydowa\u0142 si\u0119 na opuszczenie sp\u00f3\u0142ki. Wobec posiadania mniejszo\u015bciowego pakietu udzia\u0142\u00f3w, nie m\u00f3g\u0142 on znale\u017a\u0107 nabywcy. Jedyn\u0105 mo\u017cliwo\u015bci\u0105 wycofania si\u0119 ze sp\u00f3\u0142ki by\u0142o przeprowadzenie umorzenia udzia\u0142\u00f3w, w wyniku kt\u00f3rego nasz Klient otrzyma\u0142by satysfakcjonuj\u0105ce wynagrodzenie umorzeniowe. Na takie rozwi\u0105zanie nie wyra\u017ca\u0142 jednak zgody wsp\u00f3lnik wi\u0119kszo\u015bciowy, dla kt\u00f3rego wygodne by\u0142o utrzymanie skonfliktowanego wsp\u00f3lnika w sp\u00f3\u0142ce, bez zapewniania mu z tego tytu\u0142u \u017cadnych korzy\u015bci.<\/p>\n\n\n\n<p>W obs\u0142udze prawnej wsp\u00f3lnika mniejszo\u015bciowego niezwykle istotn\u0105 kwesti\u0105 jest dobra znajomo\u015b\u0107 przys\u0142uguj\u0105cych mu praw oraz umiej\u0119tno\u015b\u0107 ich skutecznej realizacji. W opisywanej sprawie doprowadzili\u015bmy do sytuacji, w kt\u00f3rej wsp\u00f3lnik wi\u0119kszo\u015bciowy zmuszony by\u0142 do respektowania praw wsp\u00f3lnika mniejszo\u015bciowego. Konieczno\u015b\u0107 uwzgl\u0119dnienia interesu naszego Klienta by\u0142a dla wsp\u00f3lnika wi\u0119kszo\u015bciowego na tyle dotkliwa, \u017ce wyrazi\u0142 on zgod\u0119 na wyj\u015bcie naszego Klienta ze sp\u00f3\u0142ki poprzez umorzenie udzia\u0142\u00f3w za wynagrodzeniem satysfakcjonuj\u0105cym wsp\u00f3lnika mniejszo\u015bciowego.<\/p>\n\n\n\n<p>O r\u00f3\u017cnych sposobach na wyj\u015bcie wsp\u00f3lnika ze sp\u00f3\u0142ki z o.o., w tym o umorzeniu udzia\u0142\u00f3w, przeczytasz w artykule: <em><a rel=\"noreferrer noopener\" href=\"https:\/\/www.doradzamy.to\/artykuly\/wyjscie-wspolnika-ze-spolki-z-o-o\" data-type=\"URL\" data-id=\"https:\/\/www.doradzamy.to\/artykuly\/wyjscie-wspolnika-ze-spolki-z-o-o\" target=\"_blank\">Wyj\u015bcie wsp\u00f3lnika ze sp\u00f3\u0142ki z o.o.<\/a><\/em>na naszym portalu <em><a rel=\"noreferrer noopener\" href=\"https:\/\/www.doradzamy.to\/\" data-type=\"URL\" data-id=\"https:\/\/www.doradzamy.to\/\" target=\"_blank\">Doradzamy.to<\/a><\/em><\/p>\n\n\n\n<h2 class=\"wp-block-heading\"><span class=\"ez-toc-section\" id=\"Sprawa_ktora_zakonczylismy_z_sukcesem\"><\/span>Sprawa, kt\u00f3r\u0105 zako\u0144czyli\u015bmy z sukcesem<span class=\"ez-toc-section-end\"><\/span><\/h2>\n\n\n\n<ul class=\"wp-block-list\"><li>prawa naszego Klienta jako mniejszo\u015bciowego wsp\u00f3lnika by\u0142y notorycznie naruszane (m.in.&nbsp;poprzez brak wyp\u0142aty dywidendy oraz&nbsp;pozbawianie go informacji o&nbsp;sp\u00f3\u0142ce), podczas gdy&nbsp;wsp\u00f3lnik wi\u0119kszo\u015bciowy czerpa\u0142 ze&nbsp;sp\u00f3\u0142ki korzy\u015bci (np.&nbsp;w&nbsp;postaci wynagrodzenia za&nbsp;pe\u0142nienie funkcji w&nbsp;zarz\u0105dzie),<\/li><li>celem naszego Klienta by\u0142o opuszczenie sp\u00f3\u0142ki za&nbsp;sp\u0142at\u0105 odpowiadaj\u0105c\u0105 rzeczywistej warto\u015bci jego udzia\u0142\u00f3w, na&nbsp;co wsp\u00f3lnik wi\u0119kszo\u015bciowy nie&nbsp;wyra\u017ca\u0142 zgody,<\/li><li>w&nbsp;wyniku zrealizowanych dzia\u0142a\u0144, udzia\u0142y naszego Klienta zosta\u0142y umorzone za&nbsp;satysfakcjonuj\u0105c\u0105 kwot\u0119.<\/li><\/ul>\n\n\n\n<p>Je\u015bli jeste\u015b wsp\u00f3lnikiem mniejszo\u015bciowym, kt\u00f3ry nie mo\u017ce opu\u015bci\u0107 sp\u00f3\u0142ki, <strong>skontaktuj si\u0119 z nami<\/strong>. Pomo\u017cemy Ci opracowa\u0107 strategi\u0119 wyj\u015bcia ze sp\u00f3\u0142ki i przygotujemy dokumenty zabezpieczaj\u0105ce Twoje prawa.<\/p>\n\n\n\n<h2 class=\"wp-block-heading\"><span class=\"ez-toc-section\" id=\"Skontaktuj_sie_z_nami\"><\/span>Skontaktuj si\u0119 z nami<span class=\"ez-toc-section-end\"><\/span><\/h2>\n\n\n\n<div class=\"wp-block-columns is-layout-flex wp-container-core-columns-is-layout-9d6595d7 wp-block-columns-is-layout-flex\">\n<div class=\"wp-block-column is-vertically-aligned-center is-layout-flow wp-block-column-is-layout-flow\" style=\"flex-basis:33.33%\">\n<div class=\"wp-block-image is-style-rounded\"><figure class=\"aligncenter size-thumbnail\"><img loading=\"lazy\" decoding=\"async\" width=\"150\" height=\"150\" src=\"https:\/\/pragmatiq.pl\/mniejszosciowi\/wp-content\/uploads\/2021\/11\/martyna-kunke-150x150.png\" alt=\"\" class=\"wp-image-469\" srcset=\"https:\/\/pragmatiq.pl\/mniejszosciowi\/wp-content\/uploads\/2021\/11\/martyna-kunke-150x150.png 150w, https:\/\/pragmatiq.pl\/mniejszosciowi\/wp-content\/uploads\/2021\/11\/martyna-kunke-100x100.png 100w\" sizes=\"auto, (max-width: 150px) 100vw, 150px\" \/><\/figure><\/div>\n<\/div>\n\n\n\n<div class=\"wp-block-column is-layout-flow wp-block-column-is-layout-flow\" style=\"flex-basis:66.66%\">\n<h3 class=\"wp-block-heading\"><strong>Martyna Kunke<\/strong><\/h3>\n\n\n\n<p>Radca prawny<br>Specjalizacja: prawo sp\u00f3\u0142ek, spory korporacyjne<\/p>\n\n\n\n<p>Martyna zajmuje si\u0119 doradztwem w zakresie spor\u00f3w wsp\u00f3lnik\u00f3w, w ramach kt\u00f3rego przygotowuje umowy sp\u00f3\u0142ek oraz porozumienia wsp\u00f3lnik\u00f3w, a tak\u017ce prowadzi post\u0119powania s\u0105dowe z zakresu konflikt\u00f3w korporacyjnych. Do jej zada\u0144 nale\u017cy tak\u017ce reprezentowanie klient\u00f3w podczas zgromadze\u0144 wsp\u00f3lnik\u00f3w.<\/p>\n\n\n\n<p>Napisz wiadomo\u015b\u0107 mailow\u0105 na: <a href=\"mailto:mniejszosciowi@pragmatiq.pl\">mniejszosciowi@pragmatiq.pl<\/a><\/p>\n\n\n\n<p>lub zadzwo\u0144: 61 8 618 000<\/p>\n<\/div>\n<\/div>\n\n\n\n<p>Kacper Chachurski, Martyna Kunke<\/p>\n","protected":false},"excerpt":{"rendered":"<p>Umowy sp\u00f3\u0142ek z o.o. najcz\u0119\u015bciej wprowadzaj\u0105 okre\u015blone ograniczenia w zakresie zbywania udzia\u0142\u00f3w (np. wym\u00f3g uzyskania zgody zgromadzenia wsp\u00f3lnik\u00f3w na sprzeda\u017c udzia\u0142\u00f3w). Taka sytuacja jest niekorzystna z perspektywy wsp\u00f3lnika mniejszo\u015bciowego, kt\u00f3ry wobec braku zgody na zbycie udzia\u0142\u00f3w cz\u0119sto staje si\u0119 \u201ewi\u0119\u017aniem\u201d sp\u00f3\u0142ki. R\u00f3wnie istotnym problemem wsp\u00f3lnika mniejszo\u015bciowego jest znalezienie nabywcy na niewielki pakiet udzia\u0142\u00f3w. Naruszanie praw &hellip; <\/p>\n<p class=\"link-more\"><a href=\"https:\/\/pragmatiq.pl\/mniejszosciowi\/doprowadzenie-do-splaty-wspolnika-mniejszosciowego-poprzez-umorzenie-jego-udzialow-w-spolce-z-o-o\/\" class=\"more-link\">Continue reading<span class=\"screen-reader-text\"> &#8222;Doprowadzenie do sp\u0142aty wsp\u00f3lnika mniejszo\u015bciowego poprzez umorzenie jego udzia\u0142\u00f3w w sp\u00f3\u0142ce z o.o.&#8221;<\/span><\/a><\/p>\n","protected":false},"author":9,"featured_media":0,"parent":0,"menu_order":0,"comment_status":"closed","ping_status":"closed","template":"","meta":{"_acf_changed":false,"footnotes":""},"class_list":["post-638","page","type-page","status-publish","hentry"],"acf":[],"yoast_head":"<!-- This site is optimized with the Yoast SEO plugin v27.3 - https:\/\/yoast.com\/product\/yoast-seo-wordpress\/ -->\n<title>Doprowadzenie do sp\u0142aty wsp\u00f3lnika mniejszo\u015bciowego poprzez umorzenie jego udzia\u0142\u00f3w w sp\u00f3\u0142ce z o.o. | mniejszosciowi.pl<\/title>\n<meta name=\"robots\" content=\"index, follow, max-snippet:-1, max-image-preview:large, max-video-preview:-1\" \/>\n<link rel=\"canonical\" href=\"https:\/\/pragmatiq.pl\/mniejszosciowi\/doprowadzenie-do-splaty-wspolnika-mniejszosciowego-poprzez-umorzenie-jego-udzialow-w-spolce-z-o-o\/\" \/>\n<meta property=\"og:locale\" content=\"pl_PL\" \/>\n<meta property=\"og:type\" content=\"article\" \/>\n<meta property=\"og:title\" content=\"Doprowadzenie do sp\u0142aty wsp\u00f3lnika mniejszo\u015bciowego poprzez umorzenie jego udzia\u0142\u00f3w w sp\u00f3\u0142ce z o.o. | mniejszosciowi.pl\" \/>\n<meta property=\"og:description\" content=\"Umowy sp\u00f3\u0142ek z o.o. najcz\u0119\u015bciej wprowadzaj\u0105 okre\u015blone ograniczenia w zakresie zbywania udzia\u0142\u00f3w (np. wym\u00f3g uzyskania zgody zgromadzenia wsp\u00f3lnik\u00f3w na sprzeda\u017c udzia\u0142\u00f3w). Taka sytuacja jest niekorzystna z perspektywy wsp\u00f3lnika mniejszo\u015bciowego, kt\u00f3ry wobec braku zgody na zbycie udzia\u0142\u00f3w cz\u0119sto staje si\u0119 \u201ewi\u0119\u017aniem\u201d sp\u00f3\u0142ki. R\u00f3wnie istotnym problemem wsp\u00f3lnika mniejszo\u015bciowego jest znalezienie nabywcy na niewielki pakiet udzia\u0142\u00f3w. Naruszanie praw &hellip; Continue reading &quot;Doprowadzenie do sp\u0142aty wsp\u00f3lnika mniejszo\u015bciowego poprzez umorzenie jego udzia\u0142\u00f3w w sp\u00f3\u0142ce z o.o.&quot;\" \/>\n<meta property=\"og:url\" content=\"https:\/\/pragmatiq.pl\/mniejszosciowi\/doprowadzenie-do-splaty-wspolnika-mniejszosciowego-poprzez-umorzenie-jego-udzialow-w-spolce-z-o-o\/\" \/>\n<meta property=\"og:site_name\" content=\"Mniejszo\u015bciowi\" \/>\n<meta property=\"article:modified_time\" content=\"2022-09-29T07:01:07+00:00\" \/>\n<meta property=\"og:image\" content=\"https:\/\/pragmatiq.pl\/mniejszosciowi\/wp-content\/uploads\/2021\/11\/martyna-kunke-150x150.png\" \/>\n<meta name=\"twitter:card\" content=\"summary_large_image\" \/>\n<meta name=\"twitter:label1\" content=\"Szacowany czas czytania\" \/>\n\t<meta name=\"twitter:data1\" content=\"3 minuty\" \/>\n<script type=\"application\/ld+json\" class=\"yoast-schema-graph\">{\"@context\":\"https:\\\/\\\/schema.org\",\"@graph\":[{\"@type\":\"WebPage\",\"@id\":\"https:\\\/\\\/pragmatiq.pl\\\/mniejszosciowi\\\/doprowadzenie-do-splaty-wspolnika-mniejszosciowego-poprzez-umorzenie-jego-udzialow-w-spolce-z-o-o\\\/\",\"url\":\"https:\\\/\\\/pragmatiq.pl\\\/mniejszosciowi\\\/doprowadzenie-do-splaty-wspolnika-mniejszosciowego-poprzez-umorzenie-jego-udzialow-w-spolce-z-o-o\\\/\",\"name\":\"Doprowadzenie do sp\u0142aty wsp\u00f3lnika mniejszo\u015bciowego poprzez umorzenie jego udzia\u0142\u00f3w w sp\u00f3\u0142ce z o.o. | mniejszosciowi.pl\",\"isPartOf\":{\"@id\":\"https:\\\/\\\/pragmatiq.pl\\\/mniejszosciowi\\\/#website\"},\"primaryImageOfPage\":{\"@id\":\"https:\\\/\\\/pragmatiq.pl\\\/mniejszosciowi\\\/doprowadzenie-do-splaty-wspolnika-mniejszosciowego-poprzez-umorzenie-jego-udzialow-w-spolce-z-o-o\\\/#primaryimage\"},\"image\":{\"@id\":\"https:\\\/\\\/pragmatiq.pl\\\/mniejszosciowi\\\/doprowadzenie-do-splaty-wspolnika-mniejszosciowego-poprzez-umorzenie-jego-udzialow-w-spolce-z-o-o\\\/#primaryimage\"},\"thumbnailUrl\":\"https:\\\/\\\/pragmatiq.pl\\\/mniejszosciowi\\\/wp-content\\\/uploads\\\/2021\\\/11\\\/martyna-kunke-150x150.png\",\"datePublished\":\"2022-09-21T13:44:45+00:00\",\"dateModified\":\"2022-09-29T07:01:07+00:00\",\"breadcrumb\":{\"@id\":\"https:\\\/\\\/pragmatiq.pl\\\/mniejszosciowi\\\/doprowadzenie-do-splaty-wspolnika-mniejszosciowego-poprzez-umorzenie-jego-udzialow-w-spolce-z-o-o\\\/#breadcrumb\"},\"inLanguage\":\"pl-PL\",\"potentialAction\":[{\"@type\":\"ReadAction\",\"target\":[\"https:\\\/\\\/pragmatiq.pl\\\/mniejszosciowi\\\/doprowadzenie-do-splaty-wspolnika-mniejszosciowego-poprzez-umorzenie-jego-udzialow-w-spolce-z-o-o\\\/\"]}]},{\"@type\":\"ImageObject\",\"inLanguage\":\"pl-PL\",\"@id\":\"https:\\\/\\\/pragmatiq.pl\\\/mniejszosciowi\\\/doprowadzenie-do-splaty-wspolnika-mniejszosciowego-poprzez-umorzenie-jego-udzialow-w-spolce-z-o-o\\\/#primaryimage\",\"url\":\"https:\\\/\\\/pragmatiq.pl\\\/mniejszosciowi\\\/wp-content\\\/uploads\\\/2021\\\/11\\\/martyna-kunke-150x150.png\",\"contentUrl\":\"https:\\\/\\\/pragmatiq.pl\\\/mniejszosciowi\\\/wp-content\\\/uploads\\\/2021\\\/11\\\/martyna-kunke-150x150.png\"},{\"@type\":\"BreadcrumbList\",\"@id\":\"https:\\\/\\\/pragmatiq.pl\\\/mniejszosciowi\\\/doprowadzenie-do-splaty-wspolnika-mniejszosciowego-poprzez-umorzenie-jego-udzialow-w-spolce-z-o-o\\\/#breadcrumb\",\"itemListElement\":[{\"@type\":\"ListItem\",\"position\":1,\"name\":\"Strona g\u0142\u00f3wna\",\"item\":\"https:\\\/\\\/pragmatiq.pl\\\/mniejszosciowi\\\/\"},{\"@type\":\"ListItem\",\"position\":2,\"name\":\"Doprowadzenie do&nbsp;sp\u0142aty wsp\u00f3lnika mniejszo\u015bciowego poprzez umorzenie jego udzia\u0142\u00f3w w&nbsp;sp\u00f3\u0142ce z&nbsp;o.o.\"}]},{\"@type\":\"WebSite\",\"@id\":\"https:\\\/\\\/pragmatiq.pl\\\/mniejszosciowi\\\/#website\",\"url\":\"https:\\\/\\\/pragmatiq.pl\\\/mniejszosciowi\\\/\",\"name\":\"Mniejszo\u015bciowi\",\"description\":\"\",\"publisher\":{\"@id\":\"https:\\\/\\\/pragmatiq.pl\\\/mniejszosciowi\\\/#organization\"},\"potentialAction\":[{\"@type\":\"SearchAction\",\"target\":{\"@type\":\"EntryPoint\",\"urlTemplate\":\"https:\\\/\\\/pragmatiq.pl\\\/mniejszosciowi\\\/?s={search_term_string}\"},\"query-input\":{\"@type\":\"PropertyValueSpecification\",\"valueRequired\":true,\"valueName\":\"search_term_string\"}}],\"inLanguage\":\"pl-PL\"},{\"@type\":\"Organization\",\"@id\":\"https:\\\/\\\/pragmatiq.pl\\\/mniejszosciowi\\\/#organization\",\"name\":\"Mniejszo\u015bciowi\",\"url\":\"https:\\\/\\\/pragmatiq.pl\\\/mniejszosciowi\\\/\",\"logo\":{\"@type\":\"ImageObject\",\"inLanguage\":\"pl-PL\",\"@id\":\"https:\\\/\\\/pragmatiq.pl\\\/mniejszosciowi\\\/#\\\/schema\\\/logo\\\/image\\\/\",\"url\":\"https:\\\/\\\/pragmatiq.pl\\\/mniejszosciowi\\\/wp-content\\\/uploads\\\/2018\\\/05\\\/cropped-logo.png\",\"contentUrl\":\"https:\\\/\\\/pragmatiq.pl\\\/mniejszosciowi\\\/wp-content\\\/uploads\\\/2018\\\/05\\\/cropped-logo.png\",\"width\":952,\"height\":250,\"caption\":\"Mniejszo\u015bciowi\"},\"image\":{\"@id\":\"https:\\\/\\\/pragmatiq.pl\\\/mniejszosciowi\\\/#\\\/schema\\\/logo\\\/image\\\/\"}}]}<\/script>\n<!-- \/ Yoast SEO plugin. -->","yoast_head_json":{"title":"Doprowadzenie do sp\u0142aty wsp\u00f3lnika mniejszo\u015bciowego poprzez umorzenie jego udzia\u0142\u00f3w w sp\u00f3\u0142ce z o.o. | mniejszosciowi.pl","robots":{"index":"index","follow":"follow","max-snippet":"max-snippet:-1","max-image-preview":"max-image-preview:large","max-video-preview":"max-video-preview:-1"},"canonical":"https:\/\/pragmatiq.pl\/mniejszosciowi\/doprowadzenie-do-splaty-wspolnika-mniejszosciowego-poprzez-umorzenie-jego-udzialow-w-spolce-z-o-o\/","og_locale":"pl_PL","og_type":"article","og_title":"Doprowadzenie do sp\u0142aty wsp\u00f3lnika mniejszo\u015bciowego poprzez umorzenie jego udzia\u0142\u00f3w w sp\u00f3\u0142ce z o.o. | mniejszosciowi.pl","og_description":"Umowy sp\u00f3\u0142ek z o.o. najcz\u0119\u015bciej wprowadzaj\u0105 okre\u015blone ograniczenia w zakresie zbywania udzia\u0142\u00f3w (np. wym\u00f3g uzyskania zgody zgromadzenia wsp\u00f3lnik\u00f3w na sprzeda\u017c udzia\u0142\u00f3w). Taka sytuacja jest niekorzystna z perspektywy wsp\u00f3lnika mniejszo\u015bciowego, kt\u00f3ry wobec braku zgody na zbycie udzia\u0142\u00f3w cz\u0119sto staje si\u0119 \u201ewi\u0119\u017aniem\u201d sp\u00f3\u0142ki. R\u00f3wnie istotnym problemem wsp\u00f3lnika mniejszo\u015bciowego jest znalezienie nabywcy na niewielki pakiet udzia\u0142\u00f3w. Naruszanie praw &hellip; Continue reading \"Doprowadzenie do sp\u0142aty wsp\u00f3lnika mniejszo\u015bciowego poprzez umorzenie jego udzia\u0142\u00f3w w sp\u00f3\u0142ce z o.o.\"","og_url":"https:\/\/pragmatiq.pl\/mniejszosciowi\/doprowadzenie-do-splaty-wspolnika-mniejszosciowego-poprzez-umorzenie-jego-udzialow-w-spolce-z-o-o\/","og_site_name":"Mniejszo\u015bciowi","article_modified_time":"2022-09-29T07:01:07+00:00","og_image":[{"url":"https:\/\/pragmatiq.pl\/mniejszosciowi\/wp-content\/uploads\/2021\/11\/martyna-kunke-150x150.png","type":"","width":"","height":""}],"twitter_card":"summary_large_image","twitter_misc":{"Szacowany czas czytania":"3 minuty"},"schema":{"@context":"https:\/\/schema.org","@graph":[{"@type":"WebPage","@id":"https:\/\/pragmatiq.pl\/mniejszosciowi\/doprowadzenie-do-splaty-wspolnika-mniejszosciowego-poprzez-umorzenie-jego-udzialow-w-spolce-z-o-o\/","url":"https:\/\/pragmatiq.pl\/mniejszosciowi\/doprowadzenie-do-splaty-wspolnika-mniejszosciowego-poprzez-umorzenie-jego-udzialow-w-spolce-z-o-o\/","name":"Doprowadzenie do sp\u0142aty wsp\u00f3lnika mniejszo\u015bciowego poprzez umorzenie jego udzia\u0142\u00f3w w sp\u00f3\u0142ce z o.o. | mniejszosciowi.pl","isPartOf":{"@id":"https:\/\/pragmatiq.pl\/mniejszosciowi\/#website"},"primaryImageOfPage":{"@id":"https:\/\/pragmatiq.pl\/mniejszosciowi\/doprowadzenie-do-splaty-wspolnika-mniejszosciowego-poprzez-umorzenie-jego-udzialow-w-spolce-z-o-o\/#primaryimage"},"image":{"@id":"https:\/\/pragmatiq.pl\/mniejszosciowi\/doprowadzenie-do-splaty-wspolnika-mniejszosciowego-poprzez-umorzenie-jego-udzialow-w-spolce-z-o-o\/#primaryimage"},"thumbnailUrl":"https:\/\/pragmatiq.pl\/mniejszosciowi\/wp-content\/uploads\/2021\/11\/martyna-kunke-150x150.png","datePublished":"2022-09-21T13:44:45+00:00","dateModified":"2022-09-29T07:01:07+00:00","breadcrumb":{"@id":"https:\/\/pragmatiq.pl\/mniejszosciowi\/doprowadzenie-do-splaty-wspolnika-mniejszosciowego-poprzez-umorzenie-jego-udzialow-w-spolce-z-o-o\/#breadcrumb"},"inLanguage":"pl-PL","potentialAction":[{"@type":"ReadAction","target":["https:\/\/pragmatiq.pl\/mniejszosciowi\/doprowadzenie-do-splaty-wspolnika-mniejszosciowego-poprzez-umorzenie-jego-udzialow-w-spolce-z-o-o\/"]}]},{"@type":"ImageObject","inLanguage":"pl-PL","@id":"https:\/\/pragmatiq.pl\/mniejszosciowi\/doprowadzenie-do-splaty-wspolnika-mniejszosciowego-poprzez-umorzenie-jego-udzialow-w-spolce-z-o-o\/#primaryimage","url":"https:\/\/pragmatiq.pl\/mniejszosciowi\/wp-content\/uploads\/2021\/11\/martyna-kunke-150x150.png","contentUrl":"https:\/\/pragmatiq.pl\/mniejszosciowi\/wp-content\/uploads\/2021\/11\/martyna-kunke-150x150.png"},{"@type":"BreadcrumbList","@id":"https:\/\/pragmatiq.pl\/mniejszosciowi\/doprowadzenie-do-splaty-wspolnika-mniejszosciowego-poprzez-umorzenie-jego-udzialow-w-spolce-z-o-o\/#breadcrumb","itemListElement":[{"@type":"ListItem","position":1,"name":"Strona g\u0142\u00f3wna","item":"https:\/\/pragmatiq.pl\/mniejszosciowi\/"},{"@type":"ListItem","position":2,"name":"Doprowadzenie do&nbsp;sp\u0142aty wsp\u00f3lnika mniejszo\u015bciowego poprzez umorzenie jego udzia\u0142\u00f3w w&nbsp;sp\u00f3\u0142ce z&nbsp;o.o."}]},{"@type":"WebSite","@id":"https:\/\/pragmatiq.pl\/mniejszosciowi\/#website","url":"https:\/\/pragmatiq.pl\/mniejszosciowi\/","name":"Mniejszo\u015bciowi","description":"","publisher":{"@id":"https:\/\/pragmatiq.pl\/mniejszosciowi\/#organization"},"potentialAction":[{"@type":"SearchAction","target":{"@type":"EntryPoint","urlTemplate":"https:\/\/pragmatiq.pl\/mniejszosciowi\/?s={search_term_string}"},"query-input":{"@type":"PropertyValueSpecification","valueRequired":true,"valueName":"search_term_string"}}],"inLanguage":"pl-PL"},{"@type":"Organization","@id":"https:\/\/pragmatiq.pl\/mniejszosciowi\/#organization","name":"Mniejszo\u015bciowi","url":"https:\/\/pragmatiq.pl\/mniejszosciowi\/","logo":{"@type":"ImageObject","inLanguage":"pl-PL","@id":"https:\/\/pragmatiq.pl\/mniejszosciowi\/#\/schema\/logo\/image\/","url":"https:\/\/pragmatiq.pl\/mniejszosciowi\/wp-content\/uploads\/2018\/05\/cropped-logo.png","contentUrl":"https:\/\/pragmatiq.pl\/mniejszosciowi\/wp-content\/uploads\/2018\/05\/cropped-logo.png","width":952,"height":250,"caption":"Mniejszo\u015bciowi"},"image":{"@id":"https:\/\/pragmatiq.pl\/mniejszosciowi\/#\/schema\/logo\/image\/"}}]}},"_links":{"self":[{"href":"https:\/\/pragmatiq.pl\/mniejszosciowi\/wp-json\/wp\/v2\/pages\/638","targetHints":{"allow":["GET"]}}],"collection":[{"href":"https:\/\/pragmatiq.pl\/mniejszosciowi\/wp-json\/wp\/v2\/pages"}],"about":[{"href":"https:\/\/pragmatiq.pl\/mniejszosciowi\/wp-json\/wp\/v2\/types\/page"}],"author":[{"embeddable":true,"href":"https:\/\/pragmatiq.pl\/mniejszosciowi\/wp-json\/wp\/v2\/users\/9"}],"replies":[{"embeddable":true,"href":"https:\/\/pragmatiq.pl\/mniejszosciowi\/wp-json\/wp\/v2\/comments?post=638"}],"version-history":[{"count":3,"href":"https:\/\/pragmatiq.pl\/mniejszosciowi\/wp-json\/wp\/v2\/pages\/638\/revisions"}],"predecessor-version":[{"id":667,"href":"https:\/\/pragmatiq.pl\/mniejszosciowi\/wp-json\/wp\/v2\/pages\/638\/revisions\/667"}],"wp:attachment":[{"href":"https:\/\/pragmatiq.pl\/mniejszosciowi\/wp-json\/wp\/v2\/media?parent=638"}],"curies":[{"name":"wp","href":"https:\/\/api.w.org\/{rel}","templated":true}]}}