{"id":563,"date":"2022-09-12T11:30:30","date_gmt":"2022-09-12T09:30:30","guid":{"rendered":"https:\/\/mniejszosciowi.pl\/?page_id=563"},"modified":"2025-08-14T09:33:18","modified_gmt":"2025-08-14T07:33:18","slug":"skuteczne-zaskarzenie-uchwaly-o-doplatach-oraz-doprowadzenie-do-wystapienia-i-splaty-wspolnika-mniejszosciowego","status":"publish","type":"page","link":"https:\/\/pragmatiq.pl\/mniejszosciowi\/skuteczne-zaskarzenie-uchwaly-o-doplatach-oraz-doprowadzenie-do-wystapienia-i-splaty-wspolnika-mniejszosciowego\/","title":{"rendered":"Skuteczne zaskar\u017cenie uchwa\u0142y o dop\u0142atach oraz doprowadzenie do wyst\u0105pienia i sp\u0142aty wsp\u00f3lnika mniejszo\u015bciowego"},"content":{"rendered":"\n<div id=\"ez-toc-container\" class=\"ez-toc-v2_0_82_2 counter-hierarchy ez-toc-counter ez-toc-grey ez-toc-container-direction\">\n<nav><ul class='ez-toc-list ez-toc-list-level-1 ' ><li class='ez-toc-page-1 ez-toc-heading-level-2'><a class=\"ez-toc-link ez-toc-heading-1\" href=\"https:\/\/pragmatiq.pl\/mniejszosciowi\/skuteczne-zaskarzenie-uchwaly-o-doplatach-oraz-doprowadzenie-do-wystapienia-i-splaty-wspolnika-mniejszosciowego\/#Dlaczego_doplaty_sa_grozne\" >Dlaczego dop\u0142aty s\u0105 gro\u017ane?&nbsp;&nbsp;<\/a><\/li><li class='ez-toc-page-1 ez-toc-heading-level-2'><a class=\"ez-toc-link ez-toc-heading-2\" href=\"https:\/\/pragmatiq.pl\/mniejszosciowi\/skuteczne-zaskarzenie-uchwaly-o-doplatach-oraz-doprowadzenie-do-wystapienia-i-splaty-wspolnika-mniejszosciowego\/#Doplaty_jako_srodek_nacisku\" >Dop\u0142aty jako \u015brodek nacisku&nbsp;<\/a><\/li><li class='ez-toc-page-1 ez-toc-heading-level-2'><a class=\"ez-toc-link ez-toc-heading-3\" href=\"https:\/\/pragmatiq.pl\/mniejszosciowi\/skuteczne-zaskarzenie-uchwaly-o-doplatach-oraz-doprowadzenie-do-wystapienia-i-splaty-wspolnika-mniejszosciowego\/#Obrona_interesu_wspolnika_mniejszosciowego\" >Obrona interesu wsp\u00f3lnika mniejszo\u015bciowego&nbsp;<\/a><\/li><li class='ez-toc-page-1 ez-toc-heading-level-2'><a class=\"ez-toc-link ez-toc-heading-4\" href=\"https:\/\/pragmatiq.pl\/mniejszosciowi\/skuteczne-zaskarzenie-uchwaly-o-doplatach-oraz-doprowadzenie-do-wystapienia-i-splaty-wspolnika-mniejszosciowego\/#Sprawa_ktora_zakonczylismy_z_sukcesem\" >Sprawa, kt\u00f3r\u0105 zako\u0144czyli\u015bmy z sukcesem<\/a><\/li><li class='ez-toc-page-1 ez-toc-heading-level-2'><a class=\"ez-toc-link ez-toc-heading-5\" href=\"https:\/\/pragmatiq.pl\/mniejszosciowi\/skuteczne-zaskarzenie-uchwaly-o-doplatach-oraz-doprowadzenie-do-wystapienia-i-splaty-wspolnika-mniejszosciowego\/#Skontaktuj_sie_z_nami\" >Skontaktuj si\u0119 z nami<\/a><\/li><\/ul><\/nav><\/div>\n<h2 class=\"wp-block-heading\"><span class=\"ez-toc-section\" id=\"Dlaczego_doplaty_sa_grozne\"><\/span>Dlaczego dop\u0142aty s\u0105 gro\u017ane?&nbsp;&nbsp;<span class=\"ez-toc-section-end\"><\/span><\/h2>\n\n\n\n<p>Mo\u017cliwo\u015b\u0107 na\u0142o\u017cenia dop\u0142at jest jednym z istotnych zagro\u017ce\u0144 dla wsp\u00f3lnika mniejszo\u015bciowego, o czym wi\u0119cej piszemy w artykule <em><a data-type=\"URL\" data-id=\"https:\/\/pragmatiq.pl\/mniejszosciowi\/co-wspolnik-mniejszosciowy-powinien-wynegocjowac-w-umowie-spolki-z-o-o\/#Doplaty\" href=\"https:\/\/pragmatiq.pl\/mniejszosciowi\/co-wspolnik-mniejszosciowy-powinien-wynegocjowac-w-umowie-spolki-z-o-o\/#Doplaty\" target=\"_blank\" rel=\"noreferrer noopener\">Co wsp\u00f3lnik mniejszo\u015bciowy powinien wynegocjowa\u0107 w umowie sp\u00f3\u0142ki z o.o.?<\/a> <\/em>, a tak\u017ce na naszym portalu <em>spolkazoo.net<\/em> [<a href=\"https:\/\/pragmatiq.pl\/zespol\" target=\"_blank\" rel=\"noreferrer noopener\">spolkazoo.net<\/a>] w artykule <a data-type=\"URL\" data-id=\"https:\/\/spolkazoo.net\/doplaty-w-spolce-z-o-o-czy-sa-zagrozeniem-dla-wspolnika-mniejszosciowego\" href=\"https:\/\/spolkazoo.net\/doplaty-w-spolce-z-o-o-czy-sa-zagrozeniem-dla-wspolnika-mniejszosciowego\" target=\"_blank\" rel=\"noreferrer noopener\"><em>Dop\u0142aty w sp\u00f3\u0142ce z o.o. \u2013 czy s\u0105 zagro\u017ceniem dla wsp\u00f3lnika mniejszo\u015bciowego?<\/em> <\/a>.\u00a0\u00a0<\/p>\n\n\n\n<p>Zdarza si\u0119, \u017ce dop\u0142aty s\u0105 instrumentem wykorzystywanym przez wsp\u00f3lnik\u00f3w wi\u0119kszo\u015bciowych do wywarcia presji na wsp\u00f3lniku mniejszo\u015bciowym. Ich celem jest cz\u0119sto przymuszenie wsp\u00f3lnika mniejszo\u015bciowego do wyj\u015bcia ze sp\u00f3\u0142ki na nierynkowych warunkach.&nbsp;<\/p>\n\n\n\n<figure class=\"wp-block-image size-large is-resized\"><img loading=\"lazy\" decoding=\"async\" width=\"1024\" height=\"683\" src=\"https:\/\/pragmatiq.pl\/mniejszosciowi\/wp-content\/uploads\/2022\/09\/Pomoc-prawna-w-przeksztalceniach-spolek-prawa-handlowego-1024x683.jpg\" alt=\"Skuteczne zaskar\u017cenie uchwa\u0142y\" class=\"wp-image-568\" style=\"width:768px;height:512px\"\/><\/figure>\n\n\n\n<h2 class=\"wp-block-heading\"><span class=\"ez-toc-section\" id=\"Doplaty_jako_srodek_nacisku\"><\/span>Dop\u0142aty jako \u015brodek nacisku&nbsp;<span class=\"ez-toc-section-end\"><\/span><\/h2>\n\n\n\n<p>Jednym z naszych Klient\u00f3w by\u0142 wsp\u00f3lnik mniejszo\u015bciowy w sp\u00f3\u0142ce z o.o., w kt\u00f3rej drugim wsp\u00f3lnikiem by\u0142a sp\u00f3\u0142ka \u2013 du\u017cy mi\u0119dzynarodowy koncern. Celem dzia\u0142a\u0144 podejmowanych przez wsp\u00f3lnika wi\u0119kszo\u015bciowego by\u0142o wywarcie presji naszego Klienta, w celu \u201ewymuszenia\u201d jego odej\u015bcia ze sp\u00f3\u0142ki.&nbsp;&nbsp;<\/p>\n\n\n\n<p>Koncern chcia\u0142 przymusi\u0107 naszego Klienta do opuszczenia sp\u00f3\u0142ki za nierynkow\u0105 sp\u0142at\u0119, konsekwentnie podejmuj\u0105c dzia\u0142ania utrudniaj\u0105ce wzajemn\u0105 wsp\u00f3\u0142prac\u0119. Punktem kulminacyjnym tych dzia\u0142a\u0144 by\u0142o podj\u0119cie uchwa\u0142y zobowi\u0105zuj\u0105cej wsp\u00f3lnik\u00f3w do wniesienia bardzo wysokich dop\u0142at do sp\u00f3\u0142ki. Koncern dysponowa\u0142 \u015brodkami na wniesienie dop\u0142at, a dla naszego Klienta by\u0142o to znaczne obci\u0105\u017cenie.&nbsp;<\/p>\n\n\n\n<h2 class=\"wp-block-heading\"><span class=\"ez-toc-section\" id=\"Obrona_interesu_wspolnika_mniejszosciowego\"><\/span>Obrona interesu wsp\u00f3lnika mniejszo\u015bciowego&nbsp;<span class=\"ez-toc-section-end\"><\/span><\/h2>\n\n\n\n<p>Reprezentuj\u0105c naszego Klienta zaskar\u017cyli\u015bmy uchwa\u0142\u0119 o zobowi\u0105zaniu wsp\u00f3lnik\u00f3w sp\u00f3\u0142ki do wniesienia do niej dop\u0142at. Zanim zapad\u0142 wyrok w sprawie, uzyskali\u015bmy stosowne zabezpieczenie roszcze\u0144 naszego Klienta na czas procesu. Finalnie doprowadzili\u015bmy do tego, \u017ce uchwa\u0142a o na\u0142o\u017ceniu dop\u0142at zosta\u0142a uchylona.&nbsp;<\/p>\n\n\n\n<p>Gdy wi\u0119kszo\u015bciowy wsp\u00f3lnik przekona\u0142 si\u0119, \u017ce nie nale\u017cy bagatelizowa\u0107 roli wsp\u00f3lnika mniejszo\u015bciowego, postanowi\u0142 odkupi\u0107 udzia\u0142y naszego Klienta po satysfakcjonuj\u0105cej cenie. W zwi\u0105zku z tym, kompleksowo przeprowadzili\u015bmy proces wyj\u015bcia naszego Klienta ze sp\u00f3\u0142ki, zapewniaj\u0105c bie\u017c\u0105ce doradztwo, organizacj\u0119 i prowadzenie negocjacji, a tak\u017ce przygotowanie koniecznej dokumentacji.&nbsp;<\/p>\n\n\n\n<p>Je\u015bli jeste\u015b w podobnej sytuacji \u2013 skontaktuj si\u0119 z nami. Pomo\u017cemy Ci obroni\u0107 si\u0119 przed dzia\u0142aniami wsp\u00f3lnika wi\u0119kszo\u015bciowego.&nbsp;<\/p>\n\n\n\n<h2 class=\"wp-block-heading\"><span class=\"ez-toc-section\" id=\"Sprawa_ktora_zakonczylismy_z_sukcesem\"><\/span>Sprawa, kt\u00f3r\u0105 zako\u0144czyli\u015bmy z sukcesem<span class=\"ez-toc-section-end\"><\/span><\/h2>\n\n\n\n<ul class=\"wp-block-list\">\n<li>nasz Klient uczestniczy\u0142 jako wsp\u00f3lnik mniejszo\u015bciowy w&nbsp;sp\u00f3\u0142ce z&nbsp;o.o., w&nbsp;kt\u00f3rej&nbsp;drugim wsp\u00f3lnikiem by\u0142 du\u017cy mi\u0119dzynarodowy koncern,<\/li>\n\n\n\n<li>koncern prowadzi\u0142 dzia\u0142ania zmierzaj\u0105ce do&nbsp;pozbycia si\u0119 jak najni\u017cszym kosztem naszego Klienta ze&nbsp;sp\u00f3\u0142ki z&nbsp;o.o. m.in.&nbsp;poprzez podj\u0119cie uchwa\u0142y nak\u0142adaj\u0105cej na&nbsp;wsp\u00f3lnik\u00f3w obowi\u0105zek wniesienia wysokich dop\u0142at do&nbsp;sp\u00f3\u0142ki,<\/li>\n\n\n\n<li>w&nbsp;zwi\u0105zku ze&nbsp;skutecznym zaskar\u017ceniem uchwa\u0142y o&nbsp;dop\u0142atach poprzedzonym uzyskaniem zabezpieczenia dla naszego Klienta oraz&nbsp;dalszymi dzia\u0142aniami w&nbsp;sprawie, koncern zdecydowa\u0142 si\u0119 odkupi\u0107 udzia\u0142y naszego Klienta za&nbsp;satysfakcjonuj\u0105c\u0105 kwot\u0119.<\/li>\n<\/ul>\n\n\n\n<p>Je\u015bli jeste\u015b w podobnej sytuacji \u2013 <strong>skontaktuj si\u0119 z nami<\/strong>. Pomo\u017cemy Ci obroni\u0107 si\u0119 przed dzia\u0142aniami wsp\u00f3lnika wi\u0119kszo\u015bciowego.&nbsp; <\/p>\n\n\n\n<h2 class=\"wp-block-heading\"><span class=\"ez-toc-section\" id=\"Skontaktuj_sie_z_nami\"><\/span>Skontaktuj si\u0119 z nami<span class=\"ez-toc-section-end\"><\/span><\/h2>\n\n\n\n<div class=\"wp-block-columns is-layout-flex wp-container-core-columns-is-layout-9d6595d7 wp-block-columns-is-layout-flex\">\n<div class=\"wp-block-column is-vertically-aligned-center is-layout-flow wp-block-column-is-layout-flow\" style=\"flex-basis:33.33%\"><div class=\"wp-block-image is-style-rounded\">\n<figure class=\"aligncenter size-thumbnail\"><img loading=\"lazy\" decoding=\"async\" width=\"150\" height=\"150\" src=\"https:\/\/pragmatiq.pl\/mniejszosciowi\/wp-content\/uploads\/2019\/11\/man-150x150.png\" alt=\"\" class=\"wp-image-320\" srcset=\"https:\/\/pragmatiq.pl\/mniejszosciowi\/wp-content\/uploads\/2019\/11\/man-150x150.png 150w, https:\/\/pragmatiq.pl\/mniejszosciowi\/wp-content\/uploads\/2019\/11\/man-100x100.png 100w\" sizes=\"auto, (max-width: 150px) 100vw, 150px\" \/><\/figure>\n<\/div><\/div>\n\n\n\n<div class=\"wp-block-column is-layout-flow wp-block-column-is-layout-flow\" style=\"flex-basis:66.66%\">\n<h3 class=\"wp-block-heading\"><strong>Tomasz Rutkowski<\/strong><\/h3>\n\n\n\n<p>Radca prawny<br>Specjalizacja: prawo sp\u00f3\u0142ek, spory korporacyjne i prawo cywilne<\/p>\n\n\n\n<p>Tomasz zajmuje si\u0119 doradztwem przy rozwi\u0105zywaniu spor\u00f3w korporacyjnych. Reprezentuje wsp\u00f3lnik\u00f3w w negocjacjach tocz\u0105cych si\u0119 w ramach spor\u00f3w wsp\u00f3lnik\u00f3w, na zgromadzeniach wsp\u00f3lnik\u00f3w oraz w post\u0119powaniach s\u0105dowych. Doradza przy opracowywaniu strategii rozwi\u0105zywania konflikt\u00f3w korporacyjnych.<\/p>\n\n\n\n<p>Napisz wiadomo\u015b\u0107 mailow\u0105 na: <a href=\"mailto:mniejszosciowi@pragmatiq.pl\">mniejszosciowi@pragmatiq.pl<\/a><\/p>\n\n\n\n<p>lub zadzwo\u0144: 61 8 618 000<\/p>\n<\/div>\n<\/div>\n","protected":false},"excerpt":{"rendered":"<p>Dlaczego dop\u0142aty s\u0105 gro\u017ane?&nbsp;&nbsp; Mo\u017cliwo\u015b\u0107 na\u0142o\u017cenia dop\u0142at jest jednym z istotnych zagro\u017ce\u0144 dla wsp\u00f3lnika mniejszo\u015bciowego, o czym wi\u0119cej piszemy w artykule Co wsp\u00f3lnik mniejszo\u015bciowy powinien wynegocjowa\u0107 w umowie sp\u00f3\u0142ki z o.o.? , a tak\u017ce na naszym portalu spolkazoo.net [spolkazoo.net] w artykule Dop\u0142aty w sp\u00f3\u0142ce z o.o. \u2013 czy s\u0105 zagro\u017ceniem dla wsp\u00f3lnika mniejszo\u015bciowego? .\u00a0\u00a0 Zdarza &hellip; <\/p>\n<p class=\"link-more\"><a href=\"https:\/\/pragmatiq.pl\/mniejszosciowi\/skuteczne-zaskarzenie-uchwaly-o-doplatach-oraz-doprowadzenie-do-wystapienia-i-splaty-wspolnika-mniejszosciowego\/\" class=\"more-link\">Continue reading<span class=\"screen-reader-text\"> &#8222;Skuteczne zaskar\u017cenie uchwa\u0142y o dop\u0142atach oraz doprowadzenie do wyst\u0105pienia i sp\u0142aty wsp\u00f3lnika mniejszo\u015bciowego&#8221;<\/span><\/a><\/p>\n","protected":false},"author":9,"featured_media":0,"parent":0,"menu_order":0,"comment_status":"closed","ping_status":"closed","template":"","meta":{"_acf_changed":false,"footnotes":""},"class_list":["post-563","page","type-page","status-publish","hentry"],"acf":[],"yoast_head":"<!-- This site is optimized with the Yoast SEO plugin v27.3 - https:\/\/yoast.com\/product\/yoast-seo-wordpress\/ -->\n<title>Skuteczne zaskar\u017cenie uchwa\u0142y o dop\u0142atach oraz doprowadzenie do wyst\u0105pienia i sp\u0142aty wsp\u00f3lnika mniejszo\u015bciowego | mniejszosciowi.pl<\/title>\n<meta name=\"robots\" content=\"index, follow, max-snippet:-1, max-image-preview:large, max-video-preview:-1\" \/>\n<link rel=\"canonical\" href=\"https:\/\/pragmatiq.pl\/mniejszosciowi\/skuteczne-zaskarzenie-uchwaly-o-doplatach-oraz-doprowadzenie-do-wystapienia-i-splaty-wspolnika-mniejszosciowego\/\" \/>\n<meta property=\"og:locale\" content=\"pl_PL\" \/>\n<meta property=\"og:type\" content=\"article\" \/>\n<meta property=\"og:title\" content=\"Skuteczne zaskar\u017cenie uchwa\u0142y o dop\u0142atach oraz doprowadzenie do wyst\u0105pienia i sp\u0142aty wsp\u00f3lnika mniejszo\u015bciowego | mniejszosciowi.pl\" \/>\n<meta property=\"og:description\" content=\"Dlaczego dop\u0142aty s\u0105 gro\u017ane?&nbsp;&nbsp; Mo\u017cliwo\u015b\u0107 na\u0142o\u017cenia dop\u0142at jest jednym z istotnych zagro\u017ce\u0144 dla wsp\u00f3lnika mniejszo\u015bciowego, o czym wi\u0119cej piszemy w artykule Co wsp\u00f3lnik mniejszo\u015bciowy powinien wynegocjowa\u0107 w umowie sp\u00f3\u0142ki z o.o.? , a tak\u017ce na naszym portalu spolkazoo.net [spolkazoo.net] w artykule Dop\u0142aty w sp\u00f3\u0142ce z o.o. \u2013 czy s\u0105 zagro\u017ceniem dla wsp\u00f3lnika mniejszo\u015bciowego? .\u00a0\u00a0 Zdarza &hellip; Continue reading &quot;Skuteczne zaskar\u017cenie uchwa\u0142y o dop\u0142atach oraz doprowadzenie do wyst\u0105pienia i sp\u0142aty wsp\u00f3lnika mniejszo\u015bciowego&quot;\" \/>\n<meta property=\"og:url\" content=\"https:\/\/pragmatiq.pl\/mniejszosciowi\/skuteczne-zaskarzenie-uchwaly-o-doplatach-oraz-doprowadzenie-do-wystapienia-i-splaty-wspolnika-mniejszosciowego\/\" \/>\n<meta property=\"og:site_name\" content=\"Mniejszo\u015bciowi\" \/>\n<meta property=\"article:modified_time\" content=\"2025-08-14T07:33:18+00:00\" \/>\n<meta property=\"og:image\" content=\"https:\/\/pragmatiq.pl\/mniejszosciowi\/wp-content\/uploads\/2022\/09\/Pomoc-prawna-w-przeksztalceniach-spolek-prawa-handlowego-1024x683.jpg\" \/>\n<meta name=\"twitter:card\" content=\"summary_large_image\" \/>\n<meta name=\"twitter:label1\" content=\"Szacowany czas czytania\" \/>\n\t<meta name=\"twitter:data1\" content=\"3 minuty\" \/>\n<script type=\"application\/ld+json\" class=\"yoast-schema-graph\">{\"@context\":\"https:\\\/\\\/schema.org\",\"@graph\":[{\"@type\":\"WebPage\",\"@id\":\"https:\\\/\\\/pragmatiq.pl\\\/mniejszosciowi\\\/skuteczne-zaskarzenie-uchwaly-o-doplatach-oraz-doprowadzenie-do-wystapienia-i-splaty-wspolnika-mniejszosciowego\\\/\",\"url\":\"https:\\\/\\\/pragmatiq.pl\\\/mniejszosciowi\\\/skuteczne-zaskarzenie-uchwaly-o-doplatach-oraz-doprowadzenie-do-wystapienia-i-splaty-wspolnika-mniejszosciowego\\\/\",\"name\":\"Skuteczne zaskar\u017cenie uchwa\u0142y o dop\u0142atach oraz doprowadzenie do wyst\u0105pienia i sp\u0142aty wsp\u00f3lnika mniejszo\u015bciowego | mniejszosciowi.pl\",\"isPartOf\":{\"@id\":\"https:\\\/\\\/pragmatiq.pl\\\/mniejszosciowi\\\/#website\"},\"primaryImageOfPage\":{\"@id\":\"https:\\\/\\\/pragmatiq.pl\\\/mniejszosciowi\\\/skuteczne-zaskarzenie-uchwaly-o-doplatach-oraz-doprowadzenie-do-wystapienia-i-splaty-wspolnika-mniejszosciowego\\\/#primaryimage\"},\"image\":{\"@id\":\"https:\\\/\\\/pragmatiq.pl\\\/mniejszosciowi\\\/skuteczne-zaskarzenie-uchwaly-o-doplatach-oraz-doprowadzenie-do-wystapienia-i-splaty-wspolnika-mniejszosciowego\\\/#primaryimage\"},\"thumbnailUrl\":\"https:\\\/\\\/pragmatiq.pl\\\/mniejszosciowi\\\/wp-content\\\/uploads\\\/2022\\\/09\\\/Pomoc-prawna-w-przeksztalceniach-spolek-prawa-handlowego-1024x683.jpg\",\"datePublished\":\"2022-09-12T09:30:30+00:00\",\"dateModified\":\"2025-08-14T07:33:18+00:00\",\"breadcrumb\":{\"@id\":\"https:\\\/\\\/pragmatiq.pl\\\/mniejszosciowi\\\/skuteczne-zaskarzenie-uchwaly-o-doplatach-oraz-doprowadzenie-do-wystapienia-i-splaty-wspolnika-mniejszosciowego\\\/#breadcrumb\"},\"inLanguage\":\"pl-PL\",\"potentialAction\":[{\"@type\":\"ReadAction\",\"target\":[\"https:\\\/\\\/pragmatiq.pl\\\/mniejszosciowi\\\/skuteczne-zaskarzenie-uchwaly-o-doplatach-oraz-doprowadzenie-do-wystapienia-i-splaty-wspolnika-mniejszosciowego\\\/\"]}]},{\"@type\":\"ImageObject\",\"inLanguage\":\"pl-PL\",\"@id\":\"https:\\\/\\\/pragmatiq.pl\\\/mniejszosciowi\\\/skuteczne-zaskarzenie-uchwaly-o-doplatach-oraz-doprowadzenie-do-wystapienia-i-splaty-wspolnika-mniejszosciowego\\\/#primaryimage\",\"url\":\"https:\\\/\\\/pragmatiq.pl\\\/mniejszosciowi\\\/wp-content\\\/uploads\\\/2022\\\/09\\\/Pomoc-prawna-w-przeksztalceniach-spolek-prawa-handlowego-1024x683.jpg\",\"contentUrl\":\"https:\\\/\\\/pragmatiq.pl\\\/mniejszosciowi\\\/wp-content\\\/uploads\\\/2022\\\/09\\\/Pomoc-prawna-w-przeksztalceniach-spolek-prawa-handlowego-1024x683.jpg\"},{\"@type\":\"BreadcrumbList\",\"@id\":\"https:\\\/\\\/pragmatiq.pl\\\/mniejszosciowi\\\/skuteczne-zaskarzenie-uchwaly-o-doplatach-oraz-doprowadzenie-do-wystapienia-i-splaty-wspolnika-mniejszosciowego\\\/#breadcrumb\",\"itemListElement\":[{\"@type\":\"ListItem\",\"position\":1,\"name\":\"Strona g\u0142\u00f3wna\",\"item\":\"https:\\\/\\\/pragmatiq.pl\\\/mniejszosciowi\\\/\"},{\"@type\":\"ListItem\",\"position\":2,\"name\":\"Skuteczne zaskar\u017cenie uchwa\u0142y o dop\u0142atach oraz doprowadzenie do wyst\u0105pienia i sp\u0142aty wsp\u00f3lnika mniejszo\u015bciowego\"}]},{\"@type\":\"WebSite\",\"@id\":\"https:\\\/\\\/pragmatiq.pl\\\/mniejszosciowi\\\/#website\",\"url\":\"https:\\\/\\\/pragmatiq.pl\\\/mniejszosciowi\\\/\",\"name\":\"Mniejszo\u015bciowi\",\"description\":\"\",\"publisher\":{\"@id\":\"https:\\\/\\\/pragmatiq.pl\\\/mniejszosciowi\\\/#organization\"},\"potentialAction\":[{\"@type\":\"SearchAction\",\"target\":{\"@type\":\"EntryPoint\",\"urlTemplate\":\"https:\\\/\\\/pragmatiq.pl\\\/mniejszosciowi\\\/?s={search_term_string}\"},\"query-input\":{\"@type\":\"PropertyValueSpecification\",\"valueRequired\":true,\"valueName\":\"search_term_string\"}}],\"inLanguage\":\"pl-PL\"},{\"@type\":\"Organization\",\"@id\":\"https:\\\/\\\/pragmatiq.pl\\\/mniejszosciowi\\\/#organization\",\"name\":\"Mniejszo\u015bciowi\",\"url\":\"https:\\\/\\\/pragmatiq.pl\\\/mniejszosciowi\\\/\",\"logo\":{\"@type\":\"ImageObject\",\"inLanguage\":\"pl-PL\",\"@id\":\"https:\\\/\\\/pragmatiq.pl\\\/mniejszosciowi\\\/#\\\/schema\\\/logo\\\/image\\\/\",\"url\":\"https:\\\/\\\/pragmatiq.pl\\\/mniejszosciowi\\\/wp-content\\\/uploads\\\/2018\\\/05\\\/cropped-logo.png\",\"contentUrl\":\"https:\\\/\\\/pragmatiq.pl\\\/mniejszosciowi\\\/wp-content\\\/uploads\\\/2018\\\/05\\\/cropped-logo.png\",\"width\":952,\"height\":250,\"caption\":\"Mniejszo\u015bciowi\"},\"image\":{\"@id\":\"https:\\\/\\\/pragmatiq.pl\\\/mniejszosciowi\\\/#\\\/schema\\\/logo\\\/image\\\/\"}}]}<\/script>\n<!-- \/ Yoast SEO plugin. -->","yoast_head_json":{"title":"Skuteczne zaskar\u017cenie uchwa\u0142y o dop\u0142atach oraz doprowadzenie do wyst\u0105pienia i sp\u0142aty wsp\u00f3lnika mniejszo\u015bciowego | mniejszosciowi.pl","robots":{"index":"index","follow":"follow","max-snippet":"max-snippet:-1","max-image-preview":"max-image-preview:large","max-video-preview":"max-video-preview:-1"},"canonical":"https:\/\/pragmatiq.pl\/mniejszosciowi\/skuteczne-zaskarzenie-uchwaly-o-doplatach-oraz-doprowadzenie-do-wystapienia-i-splaty-wspolnika-mniejszosciowego\/","og_locale":"pl_PL","og_type":"article","og_title":"Skuteczne zaskar\u017cenie uchwa\u0142y o dop\u0142atach oraz doprowadzenie do wyst\u0105pienia i sp\u0142aty wsp\u00f3lnika mniejszo\u015bciowego | mniejszosciowi.pl","og_description":"Dlaczego dop\u0142aty s\u0105 gro\u017ane?&nbsp;&nbsp; Mo\u017cliwo\u015b\u0107 na\u0142o\u017cenia dop\u0142at jest jednym z istotnych zagro\u017ce\u0144 dla wsp\u00f3lnika mniejszo\u015bciowego, o czym wi\u0119cej piszemy w artykule Co wsp\u00f3lnik mniejszo\u015bciowy powinien wynegocjowa\u0107 w umowie sp\u00f3\u0142ki z o.o.? , a tak\u017ce na naszym portalu spolkazoo.net [spolkazoo.net] w artykule Dop\u0142aty w sp\u00f3\u0142ce z o.o. \u2013 czy s\u0105 zagro\u017ceniem dla wsp\u00f3lnika mniejszo\u015bciowego? .\u00a0\u00a0 Zdarza &hellip; Continue reading \"Skuteczne zaskar\u017cenie uchwa\u0142y o dop\u0142atach oraz doprowadzenie do wyst\u0105pienia i sp\u0142aty wsp\u00f3lnika mniejszo\u015bciowego\"","og_url":"https:\/\/pragmatiq.pl\/mniejszosciowi\/skuteczne-zaskarzenie-uchwaly-o-doplatach-oraz-doprowadzenie-do-wystapienia-i-splaty-wspolnika-mniejszosciowego\/","og_site_name":"Mniejszo\u015bciowi","article_modified_time":"2025-08-14T07:33:18+00:00","og_image":[{"url":"https:\/\/pragmatiq.pl\/mniejszosciowi\/wp-content\/uploads\/2022\/09\/Pomoc-prawna-w-przeksztalceniach-spolek-prawa-handlowego-1024x683.jpg","type":"","width":"","height":""}],"twitter_card":"summary_large_image","twitter_misc":{"Szacowany czas czytania":"3 minuty"},"schema":{"@context":"https:\/\/schema.org","@graph":[{"@type":"WebPage","@id":"https:\/\/pragmatiq.pl\/mniejszosciowi\/skuteczne-zaskarzenie-uchwaly-o-doplatach-oraz-doprowadzenie-do-wystapienia-i-splaty-wspolnika-mniejszosciowego\/","url":"https:\/\/pragmatiq.pl\/mniejszosciowi\/skuteczne-zaskarzenie-uchwaly-o-doplatach-oraz-doprowadzenie-do-wystapienia-i-splaty-wspolnika-mniejszosciowego\/","name":"Skuteczne zaskar\u017cenie uchwa\u0142y o dop\u0142atach oraz doprowadzenie do wyst\u0105pienia i sp\u0142aty wsp\u00f3lnika mniejszo\u015bciowego | mniejszosciowi.pl","isPartOf":{"@id":"https:\/\/pragmatiq.pl\/mniejszosciowi\/#website"},"primaryImageOfPage":{"@id":"https:\/\/pragmatiq.pl\/mniejszosciowi\/skuteczne-zaskarzenie-uchwaly-o-doplatach-oraz-doprowadzenie-do-wystapienia-i-splaty-wspolnika-mniejszosciowego\/#primaryimage"},"image":{"@id":"https:\/\/pragmatiq.pl\/mniejszosciowi\/skuteczne-zaskarzenie-uchwaly-o-doplatach-oraz-doprowadzenie-do-wystapienia-i-splaty-wspolnika-mniejszosciowego\/#primaryimage"},"thumbnailUrl":"https:\/\/pragmatiq.pl\/mniejszosciowi\/wp-content\/uploads\/2022\/09\/Pomoc-prawna-w-przeksztalceniach-spolek-prawa-handlowego-1024x683.jpg","datePublished":"2022-09-12T09:30:30+00:00","dateModified":"2025-08-14T07:33:18+00:00","breadcrumb":{"@id":"https:\/\/pragmatiq.pl\/mniejszosciowi\/skuteczne-zaskarzenie-uchwaly-o-doplatach-oraz-doprowadzenie-do-wystapienia-i-splaty-wspolnika-mniejszosciowego\/#breadcrumb"},"inLanguage":"pl-PL","potentialAction":[{"@type":"ReadAction","target":["https:\/\/pragmatiq.pl\/mniejszosciowi\/skuteczne-zaskarzenie-uchwaly-o-doplatach-oraz-doprowadzenie-do-wystapienia-i-splaty-wspolnika-mniejszosciowego\/"]}]},{"@type":"ImageObject","inLanguage":"pl-PL","@id":"https:\/\/pragmatiq.pl\/mniejszosciowi\/skuteczne-zaskarzenie-uchwaly-o-doplatach-oraz-doprowadzenie-do-wystapienia-i-splaty-wspolnika-mniejszosciowego\/#primaryimage","url":"https:\/\/pragmatiq.pl\/mniejszosciowi\/wp-content\/uploads\/2022\/09\/Pomoc-prawna-w-przeksztalceniach-spolek-prawa-handlowego-1024x683.jpg","contentUrl":"https:\/\/pragmatiq.pl\/mniejszosciowi\/wp-content\/uploads\/2022\/09\/Pomoc-prawna-w-przeksztalceniach-spolek-prawa-handlowego-1024x683.jpg"},{"@type":"BreadcrumbList","@id":"https:\/\/pragmatiq.pl\/mniejszosciowi\/skuteczne-zaskarzenie-uchwaly-o-doplatach-oraz-doprowadzenie-do-wystapienia-i-splaty-wspolnika-mniejszosciowego\/#breadcrumb","itemListElement":[{"@type":"ListItem","position":1,"name":"Strona g\u0142\u00f3wna","item":"https:\/\/pragmatiq.pl\/mniejszosciowi\/"},{"@type":"ListItem","position":2,"name":"Skuteczne zaskar\u017cenie uchwa\u0142y o dop\u0142atach oraz doprowadzenie do wyst\u0105pienia i sp\u0142aty wsp\u00f3lnika mniejszo\u015bciowego"}]},{"@type":"WebSite","@id":"https:\/\/pragmatiq.pl\/mniejszosciowi\/#website","url":"https:\/\/pragmatiq.pl\/mniejszosciowi\/","name":"Mniejszo\u015bciowi","description":"","publisher":{"@id":"https:\/\/pragmatiq.pl\/mniejszosciowi\/#organization"},"potentialAction":[{"@type":"SearchAction","target":{"@type":"EntryPoint","urlTemplate":"https:\/\/pragmatiq.pl\/mniejszosciowi\/?s={search_term_string}"},"query-input":{"@type":"PropertyValueSpecification","valueRequired":true,"valueName":"search_term_string"}}],"inLanguage":"pl-PL"},{"@type":"Organization","@id":"https:\/\/pragmatiq.pl\/mniejszosciowi\/#organization","name":"Mniejszo\u015bciowi","url":"https:\/\/pragmatiq.pl\/mniejszosciowi\/","logo":{"@type":"ImageObject","inLanguage":"pl-PL","@id":"https:\/\/pragmatiq.pl\/mniejszosciowi\/#\/schema\/logo\/image\/","url":"https:\/\/pragmatiq.pl\/mniejszosciowi\/wp-content\/uploads\/2018\/05\/cropped-logo.png","contentUrl":"https:\/\/pragmatiq.pl\/mniejszosciowi\/wp-content\/uploads\/2018\/05\/cropped-logo.png","width":952,"height":250,"caption":"Mniejszo\u015bciowi"},"image":{"@id":"https:\/\/pragmatiq.pl\/mniejszosciowi\/#\/schema\/logo\/image\/"}}]}},"_links":{"self":[{"href":"https:\/\/pragmatiq.pl\/mniejszosciowi\/wp-json\/wp\/v2\/pages\/563","targetHints":{"allow":["GET"]}}],"collection":[{"href":"https:\/\/pragmatiq.pl\/mniejszosciowi\/wp-json\/wp\/v2\/pages"}],"about":[{"href":"https:\/\/pragmatiq.pl\/mniejszosciowi\/wp-json\/wp\/v2\/types\/page"}],"author":[{"embeddable":true,"href":"https:\/\/pragmatiq.pl\/mniejszosciowi\/wp-json\/wp\/v2\/users\/9"}],"replies":[{"embeddable":true,"href":"https:\/\/pragmatiq.pl\/mniejszosciowi\/wp-json\/wp\/v2\/comments?post=563"}],"version-history":[{"count":8,"href":"https:\/\/pragmatiq.pl\/mniejszosciowi\/wp-json\/wp\/v2\/pages\/563\/revisions"}],"predecessor-version":[{"id":980,"href":"https:\/\/pragmatiq.pl\/mniejszosciowi\/wp-json\/wp\/v2\/pages\/563\/revisions\/980"}],"wp:attachment":[{"href":"https:\/\/pragmatiq.pl\/mniejszosciowi\/wp-json\/wp\/v2\/media?parent=563"}],"curies":[{"name":"wp","href":"https:\/\/api.w.org\/{rel}","templated":true}]}}