{"id":520,"date":"2024-11-12T14:23:48","date_gmt":"2024-11-12T13:23:48","guid":{"rendered":"https:\/\/pragmatiq.pl\/lp\/?page_id=520"},"modified":"2024-11-12T14:24:35","modified_gmt":"2024-11-12T13:24:35","slug":"pobierz-raport-wspolnikow-mniejszosciowi","status":"publish","type":"page","link":"https:\/\/pragmatiq.pl\/lp\/pobierz-raport-wspolnikow-mniejszosciowi\/","title":{"rendered":"Pobierz raport wsp\u00f3lnik\u00f3w"},"content":{"rendered":"\t\t<div data-elementor-type=\"wp-page\" data-elementor-id=\"520\" class=\"elementor elementor-520\" data-elementor-post-type=\"page\">\n\t\t\t\t<div class=\"elementor-element elementor-element-67d1f38 e-flex e-con-boxed e-con e-parent\" data-id=\"67d1f38\" data-element_type=\"container\" data-e-type=\"container\">\n\t\t\t\t\t<div class=\"e-con-inner\">\n\t\t\t\t<div class=\"elementor-element elementor-element-9e6c41a elementor-widget elementor-widget-image\" data-id=\"9e6c41a\" data-element_type=\"widget\" data-e-type=\"widget\" data-widget_type=\"image.default\">\n\t\t\t\t<div class=\"elementor-widget-container\">\n\t\t\t\t\t\t\t\t\t\t\t\t\t\t\t<img decoding=\"async\" width=\"150\" height=\"150\" src=\"https:\/\/pragmatiq.pl\/lp\/wp-content\/uploads\/2024\/09\/w-srodku-150x150.png\" class=\"attachment-thumbnail size-thumbnail wp-image-374\" alt=\"\" srcset=\"https:\/\/pragmatiq.pl\/lp\/wp-content\/uploads\/2024\/09\/w-srodku-150x150.png 150w, https:\/\/pragmatiq.pl\/lp\/wp-content\/uploads\/2024\/09\/w-srodku-300x300.png 300w, https:\/\/pragmatiq.pl\/lp\/wp-content\/uploads\/2024\/09\/w-srodku-1024x1024.png 1024w, https:\/\/pragmatiq.pl\/lp\/wp-content\/uploads\/2024\/09\/w-srodku-768x768.png 768w, https:\/\/pragmatiq.pl\/lp\/wp-content\/uploads\/2024\/09\/w-srodku-1536x1536.png 1536w, https:\/\/pragmatiq.pl\/lp\/wp-content\/uploads\/2024\/09\/w-srodku-2048x2048.png 2048w\" sizes=\"(max-width: 150px) 100vw, 150px\" \/>\t\t\t\t\t\t\t\t\t\t\t\t\t\t\t<\/div>\n\t\t\t\t<\/div>\n\t\t\t\t<div class=\"elementor-element elementor-element-46c0872 elementor-widget elementor-widget-heading\" data-id=\"46c0872\" data-element_type=\"widget\" data-e-type=\"widget\" data-widget_type=\"heading.default\">\n\t\t\t\t<div class=\"elementor-widget-container\">\n\t\t\t\t\t<h2 class=\"elementor-heading-title elementor-size-default\">Pobierz V wydanie raportu \no sporach wsp\u00f3lnik\u00f3w!<\/h2>\t\t\t\t<\/div>\n\t\t\t\t<\/div>\n\t\t\t\t\t<\/div>\n\t\t\t\t<\/div>\n\t\t<div class=\"elementor-element elementor-element-2d81164 e-flex e-con-boxed e-con e-parent\" data-id=\"2d81164\" data-element_type=\"container\" data-e-type=\"container\">\n\t\t\t\t\t<div class=\"e-con-inner\">\n\t\t\t\t<div class=\"elementor-element elementor-element-a573e48 elementor-button-align-stretch elementor-widget elementor-widget-form\" data-id=\"a573e48\" data-element_type=\"widget\" data-e-type=\"widget\" data-settings=\"{&quot;step_next_label&quot;:&quot;Nast\\u0119pny&quot;,&quot;step_previous_label&quot;:&quot;Poprzedni&quot;,&quot;button_width&quot;:&quot;100&quot;,&quot;step_type&quot;:&quot;number_text&quot;,&quot;step_icon_shape&quot;:&quot;circle&quot;}\" data-widget_type=\"form.default\">\n\t\t\t\t<div class=\"elementor-widget-container\">\n\t\t\t\t\t\t\t<form class=\"elementor-form\" method=\"post\" name=\"Nowy formularz\" aria-label=\"Nowy formularz\">\n\t\t\t<input type=\"hidden\" name=\"post_id\" value=\"520\"\/>\n\t\t\t<input type=\"hidden\" name=\"form_id\" value=\"a573e48\"\/>\n\t\t\t<input type=\"hidden\" name=\"referer_title\" value=\"Pobierz raport wsp\u00f3lnik\u00f3w - Kancelaria PragmatIQ\" \/>\n\n\t\t\t\t\t\t\t<input type=\"hidden\" name=\"queried_id\" value=\"520\"\/>\n\t\t\t\n\t\t\t<div class=\"elementor-form-fields-wrapper elementor-labels-above\">\n\t\t\t\t\t\t\t\t<div class=\"elementor-field-type-email elementor-field-group elementor-column elementor-field-group-field_198b043 elementor-col-100\">\n\t\t\t\t\t\t\t\t\t\t\t\t<label for=\"form-field-field_198b043\" class=\"elementor-field-label\">\n\t\t\t\t\t\t\t\tE-mail\t\t\t\t\t\t\t<\/label>\n\t\t\t\t\t\t\t\t\t\t\t\t\t\t<input size=\"1\" type=\"email\" name=\"form_fields[field_198b043]\" id=\"form-field-field_198b043\" class=\"elementor-field elementor-size-sm  elementor-field-textual\">\n\t\t\t\t\t\t\t\t\t\t\t<\/div>\n\t\t\t\t\t\t\t\t<div class=\"elementor-field-type-recaptcha_v3 elementor-field-group elementor-column elementor-field-group-field_392f8f4 elementor-col-100 recaptcha_v3-bottomright\">\n\t\t\t\t\t<div class=\"elementor-field\" id=\"form-field-field_392f8f4\"><div class=\"elementor-g-recaptcha\" data-sitekey=\"6LeQQG8qAAAAALGOdTsHb3qKjFQT7q6T8zGD1mK3\" data-type=\"v3\" data-action=\"Form\" data-badge=\"bottomright\" data-size=\"invisible\"><\/div><\/div>\t\t\t\t<\/div>\n\t\t\t\t\t\t\t\t<div class=\"elementor-field-group elementor-column elementor-field-type-submit elementor-col-100 e-form__buttons\">\n\t\t\t\t\t<button class=\"elementor-button elementor-size-sm\" type=\"submit\">\n\t\t\t\t\t\t<span class=\"elementor-button-content-wrapper\">\n\t\t\t\t\t\t\t\t\t\t\t\t\t\t\t\t\t\t\t\t\t\t<span class=\"elementor-button-text\">Zapisuj\u0119 si\u0119 do newslettera i pobieram raport<\/span>\n\t\t\t\t\t\t\t\t\t\t\t\t\t<\/span>\n\t\t\t\t\t<\/button>\n\t\t\t\t<\/div>\n\t\t\t<\/div>\n\t\t<\/form>\n\t\t\t\t\t\t<\/div>\n\t\t\t\t<\/div>\n\t\t\t\t<div class=\"elementor-element elementor-element-8b0c831 elementor-widget elementor-widget-text-editor\" data-id=\"8b0c831\" data-element_type=\"widget\" data-e-type=\"widget\" data-widget_type=\"text-editor.default\">\n\t\t\t\t<div class=\"elementor-widget-container\">\n\t\t\t\t\t\t\t\t\t<h1 class=\"elementor-heading-title elementor-size-default elementor-inline-editing pen\" style=\"font-family: 'Inria Serif', sans-serif; font-weight: 600; font-size: 11px;\" data-elementor-setting-key=\"title\" data-pen-placeholder=\"Pisz tutaj...\">Administratorem Twoich danych osobowych jest PragmatIQ Kancelaria Prawna Szymkowiak S.K.A. Przeczytaj <a href=\"https:\/\/mniejszosciowi.pl\/wp-content\/uploads\/2021\/12\/Polityka-prywatnosci-www.mniejszosciowi.pl_.pdf\" target=\"_blank\" rel=\"noopener\">Polityk\u0119 prywatno\u015bci<\/a> i dowiedz si\u0119 wi\u0119cej o ochronie Twoich danych.<\/h1>\t\t\t\t\t\t\t\t<\/div>\n\t\t\t\t<\/div>\n\t\t\t\t\t<\/div>\n\t\t\t\t<\/div>\n\t\t<div class=\"elementor-element elementor-element-c047c44 e-flex e-con-boxed e-con e-parent\" data-id=\"c047c44\" data-element_type=\"container\" data-e-type=\"container\">\n\t\t\t\t\t<div class=\"e-con-inner\">\n\t\t\t\t\t<\/div>\n\t\t\t\t<\/div>\n\t\t\t\t<\/div>\n\t\t","protected":false},"excerpt":{"rendered":"<p>Pobierz V wydanie raportu o sporach wsp\u00f3lnik\u00f3w! Administratorem Twoich danych osobowych jest PragmatIQ Kancelaria Prawna Szymkowiak S.K.A. Przeczytaj Polityk\u0119 prywatno\u015bci i dowiedz si\u0119 wi\u0119cej o ochronie Twoich danych.<\/p>\n","protected":false},"author":3,"featured_media":0,"parent":0,"menu_order":0,"comment_status":"closed","ping_status":"closed","template":"elementor_canvas","meta":{"footnotes":""},"class_list":["post-520","page","type-page","status-publish","hentry"],"_links":{"self":[{"href":"https:\/\/pragmatiq.pl\/lp\/wp-json\/wp\/v2\/pages\/520","targetHints":{"allow":["GET"]}}],"collection":[{"href":"https:\/\/pragmatiq.pl\/lp\/wp-json\/wp\/v2\/pages"}],"about":[{"href":"https:\/\/pragmatiq.pl\/lp\/wp-json\/wp\/v2\/types\/page"}],"author":[{"embeddable":true,"href":"https:\/\/pragmatiq.pl\/lp\/wp-json\/wp\/v2\/users\/3"}],"replies":[{"embeddable":true,"href":"https:\/\/pragmatiq.pl\/lp\/wp-json\/wp\/v2\/comments?post=520"}],"version-history":[{"count":4,"href":"https:\/\/pragmatiq.pl\/lp\/wp-json\/wp\/v2\/pages\/520\/revisions"}],"predecessor-version":[{"id":524,"href":"https:\/\/pragmatiq.pl\/lp\/wp-json\/wp\/v2\/pages\/520\/revisions\/524"}],"wp:attachment":[{"href":"https:\/\/pragmatiq.pl\/lp\/wp-json\/wp\/v2\/media?parent=520"}],"curies":[{"name":"wp","href":"https:\/\/api.w.org\/{rel}","templated":true}]}}