{"id":9,"date":"2019-03-08T19:06:08","date_gmt":"2019-03-08T18:06:08","guid":{"rendered":"http:\/\/kontrolowana.pl\/?page_id=9"},"modified":"2019-10-25T11:25:08","modified_gmt":"2019-10-25T09:25:08","slug":"oferta","status":"publish","type":"page","link":"https:\/\/pragmatiq.pl\/kontrolowana\/oferta\/","title":{"rendered":"Oferta"},"content":{"rendered":"\n<p style=\"text-align:center\" class=\"has-large-font-size\">Zapewniamy:\n<\/p>\n\n\n\n<div class=\"wp-block-columns has-4-columns align: center; is-layout-flex wp-container-core-columns-is-layout-9d6595d7 wp-block-columns-is-layout-flex\">\n<div class=\"wp-block-column is-layout-flow wp-block-column-is-layout-flow\">\n<p><\/p>\n<\/div>\n\n\n\n<div class=\"wp-block-column is-layout-flow wp-block-column-is-layout-flow\">\n<div class=\"wp-block-image margin-left:auto;margin-right:0;\"><figure class=\"aligncenter is-resized\"><img loading=\"lazy\" decoding=\"async\" src=\"https:\/\/pragmatiq.pl\/kontrolowana\/wp-content\/uploads\/2019\/10\/PMQ_akceptacja_black-1024x1024.jpg\" alt=\"Kompleksowe wsparcie w trakcie post\u0119powa\u0144 podatkowych\" class=\"wp-image-631\" width=\"256\" height=\"256\" srcset=\"https:\/\/pragmatiq.pl\/kontrolowana\/wp-content\/uploads\/2019\/10\/PMQ_akceptacja_black-1024x1024.jpg 1024w, https:\/\/pragmatiq.pl\/kontrolowana\/wp-content\/uploads\/2019\/10\/PMQ_akceptacja_black-150x150.jpg 150w, https:\/\/pragmatiq.pl\/kontrolowana\/wp-content\/uploads\/2019\/10\/PMQ_akceptacja_black-300x300.jpg 300w, https:\/\/pragmatiq.pl\/kontrolowana\/wp-content\/uploads\/2019\/10\/PMQ_akceptacja_black-768x768.jpg 768w, https:\/\/pragmatiq.pl\/kontrolowana\/wp-content\/uploads\/2019\/10\/PMQ_akceptacja_black-100x100.jpg 100w\" sizes=\"auto, (max-width: 256px) 100vw, 256px\" \/><figcaption>Kompleksowe wsparcie w trakcie post\u0119powa\u0144 podatkowych<\/figcaption><\/figure><\/div>\n<\/div>\n\n\n\n<div class=\"wp-block-column is-layout-flow wp-block-column-is-layout-flow\">\n<div class=\"wp-block-image margin-left:0;margin-right:auto;\"><figure class=\"aligncenter is-resized\"><img loading=\"lazy\" decoding=\"async\" src=\"https:\/\/pragmatiq.pl\/kontrolowana\/wp-content\/uploads\/2019\/10\/PMQ_pomysl_black-1024x1024.jpg\" alt=\"aktywn\u0105 pomoc w toku kontroli podatkowych i celno-skarbowych\" class=\"wp-image-632\" width=\"256\" height=\"256\" srcset=\"https:\/\/pragmatiq.pl\/kontrolowana\/wp-content\/uploads\/2019\/10\/PMQ_pomysl_black-1024x1024.jpg 1024w, https:\/\/pragmatiq.pl\/kontrolowana\/wp-content\/uploads\/2019\/10\/PMQ_pomysl_black-150x150.jpg 150w, https:\/\/pragmatiq.pl\/kontrolowana\/wp-content\/uploads\/2019\/10\/PMQ_pomysl_black-300x300.jpg 300w, https:\/\/pragmatiq.pl\/kontrolowana\/wp-content\/uploads\/2019\/10\/PMQ_pomysl_black-768x768.jpg 768w, https:\/\/pragmatiq.pl\/kontrolowana\/wp-content\/uploads\/2019\/10\/PMQ_pomysl_black-100x100.jpg 100w\" sizes=\"auto, (max-width: 256px) 100vw, 256px\" \/><figcaption>aktywn\u0105 pomoc w toku kontroli podatkowych i celno-skarbowych<\/figcaption><\/figure><\/div>\n<\/div>\n\n\n\n<div class=\"wp-block-column is-layout-flow wp-block-column-is-layout-flow\">\n<p><\/p>\n<\/div>\n<\/div>\n\n\n\n<div class=\"wp-block-columns has-4-columns is-layout-flex wp-container-core-columns-is-layout-9d6595d7 wp-block-columns-is-layout-flex\">\n<div class=\"wp-block-column is-layout-flow wp-block-column-is-layout-flow\">\n<p><\/p>\n<\/div>\n\n\n\n<div class=\"wp-block-column is-layout-flow wp-block-column-is-layout-flow\">\n<div class=\"wp-block-image margin-left:auto;margin-right:0;\"><figure class=\"aligncenter is-resized\"><img loading=\"lazy\" decoding=\"async\" src=\"https:\/\/pragmatiq.pl\/kontrolowana\/wp-content\/uploads\/2019\/10\/PMQ_bank_black-1024x1024.jpg\" alt=\"reprezentowanie Klienta przed s\u0105dami administracyjnymi w sprawach podatkowych\" class=\"wp-image-633\" width=\"256\" height=\"256\" srcset=\"https:\/\/pragmatiq.pl\/kontrolowana\/wp-content\/uploads\/2019\/10\/PMQ_bank_black-1024x1024.jpg 1024w, https:\/\/pragmatiq.pl\/kontrolowana\/wp-content\/uploads\/2019\/10\/PMQ_bank_black-150x150.jpg 150w, https:\/\/pragmatiq.pl\/kontrolowana\/wp-content\/uploads\/2019\/10\/PMQ_bank_black-300x300.jpg 300w, https:\/\/pragmatiq.pl\/kontrolowana\/wp-content\/uploads\/2019\/10\/PMQ_bank_black-768x768.jpg 768w, https:\/\/pragmatiq.pl\/kontrolowana\/wp-content\/uploads\/2019\/10\/PMQ_bank_black-100x100.jpg 100w\" sizes=\"auto, (max-width: 256px) 100vw, 256px\" \/><figcaption>reprezentowanie Klienta przed s\u0105dami administracyjnymi w sprawach podatkowych<\/figcaption><\/figure><\/div>\n<\/div>\n\n\n\n<div class=\"wp-block-column is-layout-flow wp-block-column-is-layout-flow\">\n<div class=\"wp-block-image\"><figure class=\"aligncenter is-resized\"><img loading=\"lazy\" decoding=\"async\" src=\"https:\/\/pragmatiq.pl\/kontrolowana\/wp-content\/uploads\/2019\/10\/PMQ_pomysl_black-1024x1024.jpg\" alt=\"doradztwo cz\u0142onkom zarz\u0105du sp\u00f3\u0142ek w zakresie ograniczenia ryzyka poniesienia odpowiedzialno\u015bci za zobowi\u0105zania podatkowe sp\u00f3\u0142ki\" class=\"wp-image-632\" width=\"256\" height=\"256\" srcset=\"https:\/\/pragmatiq.pl\/kontrolowana\/wp-content\/uploads\/2019\/10\/PMQ_pomysl_black-1024x1024.jpg 1024w, https:\/\/pragmatiq.pl\/kontrolowana\/wp-content\/uploads\/2019\/10\/PMQ_pomysl_black-150x150.jpg 150w, https:\/\/pragmatiq.pl\/kontrolowana\/wp-content\/uploads\/2019\/10\/PMQ_pomysl_black-300x300.jpg 300w, https:\/\/pragmatiq.pl\/kontrolowana\/wp-content\/uploads\/2019\/10\/PMQ_pomysl_black-768x768.jpg 768w, https:\/\/pragmatiq.pl\/kontrolowana\/wp-content\/uploads\/2019\/10\/PMQ_pomysl_black-100x100.jpg 100w\" sizes=\"auto, (max-width: 256px) 100vw, 256px\" \/><figcaption>doradztwo cz\u0142onkom zarz\u0105du sp\u00f3\u0142ek w zakresie ograniczenia ryzyka poniesienia odpowiedzialno\u015bci za zobowi\u0105zania podatkowe sp\u00f3\u0142ki<\/figcaption><\/figure><\/div>\n<\/div>\n\n\n\n<div class=\"wp-block-column is-layout-flow wp-block-column-is-layout-flow\">\n<p><\/p>\n<\/div>\n<\/div>\n\n\n\n<div class=\"wp-block-columns has-3-columns is-layout-flex wp-container-core-columns-is-layout-9d6595d7 wp-block-columns-is-layout-flex\">\n<div class=\"wp-block-column is-layout-flow wp-block-column-is-layout-flow\">\n<p><\/p>\n<\/div>\n\n\n\n<div class=\"wp-block-column is-layout-flow wp-block-column-is-layout-flow\">\n<div class=\"wp-block-image\"><figure class=\"aligncenter is-resized\"><img loading=\"lazy\" decoding=\"async\" src=\"https:\/\/pragmatiq.pl\/kontrolowana\/wp-content\/uploads\/2019\/10\/PMQ_prawnik-doradca_black-1024x1024.jpg\" alt=\"wyst\u0119powanie w charakterze obro\u0144cy w post\u0119powaniach karnych-skarbowych\" class=\"wp-image-645\" width=\"256\" height=\"256\" srcset=\"https:\/\/pragmatiq.pl\/kontrolowana\/wp-content\/uploads\/2019\/10\/PMQ_prawnik-doradca_black-1024x1024.jpg 1024w, https:\/\/pragmatiq.pl\/kontrolowana\/wp-content\/uploads\/2019\/10\/PMQ_prawnik-doradca_black-150x150.jpg 150w, https:\/\/pragmatiq.pl\/kontrolowana\/wp-content\/uploads\/2019\/10\/PMQ_prawnik-doradca_black-300x300.jpg 300w, https:\/\/pragmatiq.pl\/kontrolowana\/wp-content\/uploads\/2019\/10\/PMQ_prawnik-doradca_black-768x768.jpg 768w, https:\/\/pragmatiq.pl\/kontrolowana\/wp-content\/uploads\/2019\/10\/PMQ_prawnik-doradca_black-100x100.jpg 100w\" sizes=\"auto, (max-width: 256px) 100vw, 256px\" \/><figcaption>wyst\u0119powanie w charakterze obro\u0144cy w post\u0119powaniach karnych-skarbowych<\/figcaption><\/figure><\/div>\n<\/div>\n\n\n\n<div class=\"wp-block-column is-layout-flow wp-block-column-is-layout-flow\"><\/div>\n<\/div>\n\n\n\n<p style=\"text-align:center\" class=\"has-medium-font-size\"> Zapraszamy do&nbsp;<a href=\"https:\/\/pragmatiq.pl\/kontrolowana\/#kontakt\" target=\"_blank\" rel=\"noreferrer noopener\" aria-label=\" (otwiera si\u0119 na nowej zak\u0142adce)\">kontaktu<\/a>. <\/p>\n","protected":false},"excerpt":{"rendered":"<p>Zapewniamy: Zapraszamy do&nbsp;kontaktu.<\/p>\n","protected":false},"author":8,"featured_media":0,"parent":0,"menu_order":0,"comment_status":"closed","ping_status":"closed","template":"","meta":{"footnotes":""},"class_list":["post-9","page","type-page","status-publish","hentry"],"aioseo_notices":[],"_links":{"self":[{"href":"https:\/\/pragmatiq.pl\/kontrolowana\/wp-json\/wp\/v2\/pages\/9","targetHints":{"allow":["GET"]}}],"collection":[{"href":"https:\/\/pragmatiq.pl\/kontrolowana\/wp-json\/wp\/v2\/pages"}],"about":[{"href":"https:\/\/pragmatiq.pl\/kontrolowana\/wp-json\/wp\/v2\/types\/page"}],"author":[{"embeddable":true,"href":"https:\/\/pragmatiq.pl\/kontrolowana\/wp-json\/wp\/v2\/users\/8"}],"replies":[{"embeddable":true,"href":"https:\/\/pragmatiq.pl\/kontrolowana\/wp-json\/wp\/v2\/comments?post=9"}],"version-history":[{"count":38,"href":"https:\/\/pragmatiq.pl\/kontrolowana\/wp-json\/wp\/v2\/pages\/9\/revisions"}],"predecessor-version":[{"id":647,"href":"https:\/\/pragmatiq.pl\/kontrolowana\/wp-json\/wp\/v2\/pages\/9\/revisions\/647"}],"wp:attachment":[{"href":"https:\/\/pragmatiq.pl\/kontrolowana\/wp-json\/wp\/v2\/media?parent=9"}],"curies":[{"name":"wp","href":"https:\/\/api.w.org\/{rel}","templated":true}]}}